{"id":73331,"date":"2023-07-21T12:31:32","date_gmt":"2023-07-21T10:31:32","guid":{"rendered":"https:\/\/quitgamble.com\/sv\/?page_id=73331"},"modified":"2026-04-01T14:56:30","modified_gmt":"2026-04-01T12:56:30","slug":"stodresurser-sluta-spela","status":"publish","type":"page","link":"https:\/\/quitgamble.com\/sv\/stodresurser-sluta-spela\/","title":{"rendered":"St\u00f6dresurser Sluta Spela"},"content":{"rendered":"\n<section class=\"wp-block-group is-layout-constrained wp-block-group-is-layout-constrained\"><h1 class=\"has-text-align-center wp-block-post-title\">St\u00f6dresurser Sluta Spela<\/h1>\n\n\n<p class=\"has-text-align-center wp-block-paragraph\"><em>P\u00e5 den h\u00e4r sidan hittar du en rad utf\u00f6rliga guider, st\u00f6dverktyg och intervjuer som kan hj\u00e4lpa dig att sluta spela casino.   Om du f\u00f6rs\u00f6ker hj\u00e4lpa n\u00e5gon med spelproblem listar vi \u00e4ven en rad verktyg l\u00e4ngst ner p\u00e5 sidan. <\/em><\/p>\n<\/section>\n\n\n\n<section class=\"wp-block-group is-layout-constrained wp-block-group-is-layout-constrained\">\n<h2 class=\"wp-block-heading has-text-align-center\">Varf\u00f6r \u00e4r det s\u00e5 sv\u00e5rt att sluta spela<\/h2>\n\n\n\n<div class=\"wp-block-columns is-layout-flex wp-block-columns-is-layout-flex\">\n<div class=\"wp-block-column is-layout-flow wp-block-column-is-layout-flow\">\n<p class=\"wp-block-paragraph\"><strong>9 Steg Att Sluta Spela<\/strong><\/p>\n\n\n\n<figure class=\"wp-block-image size-full is-style-shadow\"><img loading=\"lazy\" decoding=\"async\" width=\"700\" height=\"400\" src=\"https:\/\/quitgamble.com\/sv\/wp-content\/uploads\/sites\/8\/2023\/01\/Copy-of-Untitled-12.jpg\" alt=\"Hur du slutar spela i 9 steg\" class=\"wp-image-73035\" srcset=\"https:\/\/quitgamble.com\/sv\/wp-content\/uploads\/sites\/8\/2023\/01\/Copy-of-Untitled-12.jpg 700w, https:\/\/quitgamble.com\/sv\/wp-content\/uploads\/sites\/8\/2023\/01\/Copy-of-Untitled-12-300x171.jpg 300w\" sizes=\"auto, (max-width: 700px) 100vw, 700px\" \/><\/figure>\n\n\n\n<p class=\"has-text-align-right wp-block-paragraph\"><a href=\"https:\/\/quitgamble.com\/sv\/9-steg-att-sluta-spela-eller-betta\/\" data-type=\"link\" data-id=\"https:\/\/quitgamble.com\/sv\/9-steg-att-sluta-spela-eller-betta\/\">L\u00e4s Guiden<\/a><\/p>\n<\/div>\n\n\n\n<div class=\"wp-block-column is-layout-flow wp-block-column-is-layout-flow\">\n<p class=\"wp-block-paragraph\"><strong>Varf\u00f6r \u00e4r spel s\u00e5 beroendeframkallande?<\/strong><\/p>\n\n\n\n<figure class=\"wp-block-image size-large is-style-shadow\"><img decoding=\"async\" src=\"https:\/\/quitgamble.com\/wp-content\/uploads\/2023\/07\/why-gambling-is-addictive-1024x576.jpg\" alt=\"gambling resources - why gambling is addictive\" class=\"wp-image-75409\" \/><\/figure>\n\n\n\n<p class=\"has-text-align-right wp-block-paragraph\"><a href=\"https:\/\/quitgamble.com\/why-is-gambling-addictive\/\" data-type=\"post\" data-id=\"72224\">L\u00e4s<\/a><a href=\"https:\/\/quitgamble.com\/sv\/varfor-spel-beroendeframkallande\/\" data-type=\"post\" data-id=\"72224\"> Artiklen<\/a><\/p>\n<\/div>\n\n\n\n<div class=\"wp-block-column is-layout-flow wp-block-column-is-layout-flow\">\n<p class=\"wp-block-paragraph\"><strong>Symptom p\u00e5 Spelberoende <\/strong><\/p>\n\n\n\n<figure class=\"wp-block-image size-large is-style-shadow\"><img decoding=\"async\" src=\"https:\/\/quitgamble.com\/wp-content\/uploads\/2023\/02\/53-signs-of-gambling-addiction-1024x576.jpg\" alt=\"53 symptoms of gambling addiction\" class=\"wp-image-72858\" \/><\/figure>\n\n\n\n<p class=\"has-text-align-right wp-block-paragraph\"><a href=\"https:\/\/quitgamble.com\/sv\/symptom-pa-spelberoende\/\" data-type=\"post\" data-id=\"73187\">L\u00e4s Guiden<\/a><\/p>\n<\/div>\n<\/div>\n\n\n\n<div class=\"wp-block-columns is-layout-flex wp-block-columns-is-layout-flex\">\n<div class=\"wp-block-column is-layout-flow wp-block-column-is-layout-flow\">\n<p class=\"wp-block-paragraph\"><strong>Tecken p\u00e5 Sportbetting Spelberoende <\/strong><\/p>\n\n\n\n<figure class=\"wp-block-image size-large is-style-shadow\"><img decoding=\"async\" src=\"https:\/\/quitgamble.com\/wp-content\/uploads\/2023\/02\/Sports-betting-addiction-1024x576.jpg\" alt=\"47 signs and symptoms of sports gambling addiction\" class=\"wp-image-72873\" \/><\/figure>\n\n\n\n<p class=\"has-text-align-right wp-block-paragraph\"><a href=\"https:\/\/quitgamble.com\/signs-of-sports-betting-addiction\/\" data-type=\"link\" data-id=\"https:\/\/quitgamble.com\/signs-of-sports-betting-addiction\/\">L\u00e4s Guiden (engelska)<\/a><\/p>\n<\/div>\n\n\n\n<div class=\"wp-block-column is-layout-flow wp-block-column-is-layout-flow\">\n<p class=\"wp-block-paragraph\"><strong>Happiness Testet <\/strong><\/p>\n\n\n\n<figure class=\"wp-block-image size-large is-style-shadow\"><img loading=\"lazy\" decoding=\"async\" width=\"1024\" height=\"576\" src=\"https:\/\/quitgamble.com\/wp-content\/uploads\/2022\/04\/Happiness-Test-thumbnail-1024x576.jpg\" alt=\"Happiness Test thumbnail\" class=\"wp-image-70669\" srcset=\"https:\/\/quitgamble.com\/sv\/wp-content\/uploads\/sites\/8\/2022\/04\/Happiness-Test-thumbnail-1024x576.jpg 1024w, https:\/\/quitgamble.com\/sv\/wp-content\/uploads\/sites\/8\/2022\/04\/Happiness-Test-thumbnail-300x169.jpg 300w, https:\/\/quitgamble.com\/sv\/wp-content\/uploads\/sites\/8\/2022\/04\/Happiness-Test-thumbnail-768x432.jpg 768w, https:\/\/quitgamble.com\/sv\/wp-content\/uploads\/sites\/8\/2022\/04\/Happiness-Test-thumbnail.jpg 1100w\" sizes=\"auto, (max-width: 1024px) 100vw, 1024px\" \/><\/figure>\n\n\n\n<p class=\"has-text-align-right wp-block-paragraph\"><a href=\"https:\/\/quitgamble.com\/happiness-test\/\" data-type=\"page\" data-id=\"68637\">L\u00e4s Artikeln<\/a><\/p>\n<\/div>\n\n\n\n<div class=\"wp-block-column is-layout-flow wp-block-column-is-layout-flow\">\n<p class=\"wp-block-paragraph\"><\/p>\n\n\n\n<p class=\"has-text-align-right wp-block-paragraph\"><\/p>\n<\/div>\n<\/div>\n<\/section>\n\n\n\n<section class=\"wp-block-group is-layout-constrained wp-block-group-is-layout-constrained\">\n<h2 class=\"wp-block-heading has-text-align-center\">St\u00f6dverktyg f\u00f6r att sluta spela<\/h2>\n\n\n\n<div class=\"wp-block-columns is-layout-flex wp-block-columns-is-layout-flex\">\n<div class=\"wp-block-column is-layout-flow wp-block-column-is-layout-flow\">\n<p class=\"wp-block-paragraph\"><strong>Appar f\u00f6r att sluta spela<\/strong><\/p>\n\n\n\n<figure class=\"wp-block-image size-full is-style-shadow\"><img loading=\"lazy\" decoding=\"async\" width=\"765\" height=\"432\" src=\"https:\/\/quitgamble.com\/wp-content\/uploads\/2022\/04\/Screenshot-2022-04-01-at-11.59.41.png\" alt=\"\" class=\"wp-image-69763\" srcset=\"https:\/\/quitgamble.com\/sv\/wp-content\/uploads\/sites\/8\/2022\/04\/Screenshot-2022-04-01-at-11.59.41.png 765w, https:\/\/quitgamble.com\/sv\/wp-content\/uploads\/sites\/8\/2022\/04\/Screenshot-2022-04-01-at-11.59.41-300x169.png 300w\" sizes=\"auto, (max-width: 765px) 100vw, 765px\" \/><\/figure>\n\n\n\n<p class=\"has-text-align-right wp-block-paragraph\"><a href=\"https:\/\/quitgamble.com\/sv\/spelberoende-appar\/\" data-type=\"post\" data-id=\"68531\">L\u00e4s Guiden<\/a><\/p>\n<\/div>\n\n\n\n<div class=\"wp-block-column is-layout-flow wp-block-column-is-layout-flow\">\n<p class=\"wp-block-paragraph\"><strong>Hur man sj\u00e4lvexkluderar sig<\/strong><\/p>\n\n\n\n<figure class=\"wp-block-image size-large is-style-shadow\"><img decoding=\"async\" src=\"https:\/\/quitgamble.com\/wp-content\/uploads\/2023\/07\/casino-self-exclusion-guide-1024x576.jpg\" alt=\"\" class=\"wp-image-75406\" \/><\/figure>\n\n\n\n<p class=\"has-text-align-right wp-block-paragraph\"><a href=\"https:\/\/quitgamble.com\/self-exclusion-gambling\/\" data-type=\"link\" data-id=\"https:\/\/quitgamble.com\/self-exclusion-gambling\/\">L\u00e4s Guiden (engelska)<\/a><\/p>\n<\/div>\n\n\n\n<div class=\"wp-block-column is-layout-flow wp-block-column-is-layout-flow\">\n<p class=\"wp-block-paragraph\"><strong>Sp\u00e4rra dig fr\u00e5n casinon<\/strong><\/p>\n\n\n\n<figure class=\"wp-block-image size-large is-style-shadow\"><img decoding=\"async\" src=\"https:\/\/quitgamble.com\/wp-content\/uploads\/2023\/05\/How-to-block-gambling-sites-1024x576.jpg\" alt=\"How to block gambling websites\" class=\"wp-image-74916\" \/><\/figure>\n\n\n\n<p class=\"has-text-align-right wp-block-paragraph\"><a href=\"https:\/\/quitgamble.com\/sv\/blockera-casino-sidor\/\" data-type=\"page\" data-id=\"68626\">L\u00e4s Guiden<\/a><\/p>\n<\/div>\n<\/div>\n\n\n\n<div class=\"wp-block-columns is-layout-flex wp-block-columns-is-layout-flex\">\n<div class=\"wp-block-column is-layout-flow wp-block-column-is-layout-flow\">\n<p class=\"wp-block-paragraph\"><strong><strong>Kan Gamban hj\u00e4lpa dig? <\/strong><\/strong><\/p>\n\n\n\n<figure class=\"wp-block-image size-large is-style-shadow\"><img decoding=\"async\" src=\"https:\/\/quitgamble.com\/wp-content\/uploads\/2023\/06\/a-gamban-review-1024x579.jpg\" alt=\"\" class=\"wp-image-75269\" \/><\/figure>\n\n\n\n<p class=\"has-text-align-right wp-block-paragraph\"><a href=\"https:\/\/quitgamble.com\/sv\/gamban-recension\/\" data-type=\"post\" data-id=\"67612\">L\u00e4s Recensionen<\/a><\/p>\n<\/div>\n\n\n\n<div class=\"wp-block-column is-layout-flow wp-block-column-is-layout-flow\">\n<p class=\"wp-block-paragraph\"><strong>Kan BetBlocker hj\u00e4lpa dig?<\/strong><\/p>\n\n\n\n<figure class=\"wp-block-image size-large is-style-shadow\"><img decoding=\"async\" src=\"https:\/\/quitgamble.com\/wp-content\/uploads\/2023\/07\/betblocker-review-1024x576.jpg\" alt=\"\" class=\"wp-image-75411\" \/><\/figure>\n\n\n\n<p class=\"has-text-align-right wp-block-paragraph\"><a href=\"https:\/\/quitgamble.com\/sv\/betblocker-recension\/\" data-type=\"post\" data-id=\"72501\">L\u00e4s Recensionen<\/a><\/p>\n<\/div>\n\n\n\n<div class=\"wp-block-column is-layout-flow wp-block-column-is-layout-flow\">\n<p class=\"wp-block-paragraph\"><strong>Hantera Spelskulder &#8211; Bli skuldfri<\/strong><\/p>\n\n\n\n<figure class=\"wp-block-image size-large is-style-shadow\"><img decoding=\"async\" src=\"https:\/\/quitgamble.com\/wp-content\/uploads\/2023\/07\/Gambling-Debt-guide-1024x576.jpg\" alt=\"\" class=\"wp-image-75490\" \/><\/figure>\n\n\n\n<p class=\"has-text-align-right wp-block-paragraph\"><a href=\"https:\/\/quitgamble.com\/sv\/spelskulder\/\" data-type=\"page\" data-id=\"75456\">L\u00e4s Guiden <\/a><\/p>\n<\/div>\n<\/div>\n<\/section>\n\n\n\n<section class=\"wp-block-group is-layout-constrained wp-block-group-is-layout-constrained\">\n<h2 class=\"wp-block-heading has-text-align-center\">F\u00f6rebygga spelproblem<\/h2>\n\n\n\n<div class=\"wp-block-columns is-layout-flex wp-block-columns-is-layout-flex\">\n<div class=\"wp-block-column is-layout-flow wp-block-column-is-layout-flow\">\n<p class=\"wp-block-paragraph\"><strong>Ansvarsfullt Spelande 101<\/strong><\/p>\n\n\n\n<figure class=\"wp-block-image size-full is-style-shadow\"><img decoding=\"async\" src=\"https:\/\/quitgamble.com\/wp-content\/uploads\/2023\/04\/Blue-Corporate-Business-Youtube-Thumbnail-2.jpg\" alt=\"Responsible gambling 101\" class=\"wp-image-74541\" \/><\/figure>\n\n\n\n<p class=\"has-text-align-right wp-block-paragraph\"><a href=\"https:\/\/quitgamble.com\/responsible-gambling-101-key-tips-strategies\/\" data-type=\"link\" data-id=\"https:\/\/quitgamble.com\/responsible-gambling-101-key-tips-strategies\/\">L\u00e4s Guide (engelska)<\/a><\/p>\n<\/div>\n\n\n\n<div class=\"wp-block-column is-layout-flow wp-block-column-is-layout-flow\">\n<p class=\"wp-block-paragraph\"><strong>Varf\u00f6r du inte kan vinna<\/strong><\/p>\n\n\n\n<figure class=\"wp-block-image size-large is-style-shadow\"><img loading=\"lazy\" decoding=\"async\" width=\"1024\" height=\"576\" src=\"https:\/\/quitgamble.com\/wp-content\/uploads\/2022\/05\/What-happens-when-you-win-1024x576.jpg\" alt=\"\" class=\"wp-image-71309\" srcset=\"https:\/\/quitgamble.com\/sv\/wp-content\/uploads\/sites\/8\/2022\/05\/What-happens-when-you-win-1024x576.jpg 1024w, https:\/\/quitgamble.com\/sv\/wp-content\/uploads\/sites\/8\/2022\/05\/What-happens-when-you-win-300x169.jpg 300w, https:\/\/quitgamble.com\/sv\/wp-content\/uploads\/sites\/8\/2022\/05\/What-happens-when-you-win-768x432.jpg 768w, https:\/\/quitgamble.com\/sv\/wp-content\/uploads\/sites\/8\/2022\/05\/What-happens-when-you-win.jpg 1100w\" sizes=\"auto, (max-width: 1024px) 100vw, 1024px\" \/><\/figure>\n\n\n\n<p class=\"has-text-align-right wp-block-paragraph\"><a href=\"https:\/\/quitgamble.com\/sv\/kan-du-vinna\/\" data-type=\"page\" data-id=\"69133\">L\u00e4s Guide<\/a><\/p>\n<\/div>\n\n\n\n<div class=\"wp-block-column is-layout-flow wp-block-column-is-layout-flow\">\n<p class=\"wp-block-paragraph\"><strong>S\u00e5 h\u00e4r fungerar spelindustrin<\/strong><\/p>\n\n\n\n<figure class=\"wp-block-image size-large is-style-shadow\"><img decoding=\"async\" src=\"https:\/\/quitgamble.com\/wp-content\/uploads\/2023\/07\/casino-affiliate-who-they-work-1024x576.jpg\" alt=\"how casino affiliate works\" class=\"wp-image-75405\" \/><\/figure>\n\n\n\n<p class=\"has-text-align-right wp-block-paragraph\"><a href=\"https:\/\/quitgamble.com\/how-they-trick-you\/\" data-type=\"URL\" data-id=\"https:\/\/quitgamble.com\/how-they-trick-you\/\">L\u00e4s Guide (engelska)<\/a><\/p>\n<\/div>\n<\/div>\n\n\n\n<div class=\"wp-block-columns is-layout-flex wp-block-columns-is-layout-flex\">\n<div class=\"wp-block-column is-layout-flow wp-block-column-is-layout-flow\">\n<p class=\"wp-block-paragraph\"><strong><strong>Hur fungerar Online Spel?<\/strong><\/strong><\/p>\n\n\n\n<figure class=\"wp-block-image size-full is-style-shadow\"><img decoding=\"async\" src=\"https:\/\/quitgamble.com\/wp-content\/uploads\/2023\/03\/Guide-about-online-gambling.jpg\" alt=\"support material for online gambling\" class=\"wp-image-74036\" \/><\/figure>\n\n\n\n<p class=\"has-text-align-right wp-block-paragraph\"><a href=\"https:\/\/quitgamble.com\/sv\/online-casino\/\" data-type=\"link\" data-id=\"https:\/\/quitgamble.com\/sv\/online-casino\/\">L\u00e4s Guiden<\/a><\/p>\n<\/div>\n\n\n\n<div class=\"wp-block-column is-layout-flow wp-block-column-is-layout-flow\">\n<p class=\"wp-block-paragraph\"><\/p>\n<\/div>\n\n\n\n<div class=\"wp-block-column is-layout-flow wp-block-column-is-layout-flow\">\n<p class=\"wp-block-paragraph\"><\/p>\n<\/div>\n<\/div>\n<\/section>\n\n\n\n<div class=\"wp-block-group is-layout-constrained wp-block-group-is-layout-constrained\">\n<h2 class=\"wp-block-heading has-text-align-center\">Anh\u00f6riga till Spelberoende<\/h2>\n\n\n\n<div class=\"wp-block-columns is-layout-flex wp-block-columns-is-layout-flex\">\n<div class=\"wp-block-column is-layout-flow wp-block-column-is-layout-flow\">\n<p class=\"wp-block-paragraph\"><strong>Hur hj\u00e4lper man en spelberoende?<\/strong><\/p>\n\n\n\n<figure class=\"wp-block-image size-large is-style-shadow\"><img loading=\"lazy\" decoding=\"async\" width=\"1024\" height=\"576\" src=\"https:\/\/quitgamble.com\/wp-content\/uploads\/2022\/05\/maxresdefault-1-1024x576.jpg\" alt=\"Thumbnail for how to help a gambling addict\" class=\"wp-image-71294\" srcset=\"https:\/\/quitgamble.com\/sv\/wp-content\/uploads\/sites\/8\/2022\/05\/maxresdefault-1-1024x576.jpg 1024w, https:\/\/quitgamble.com\/sv\/wp-content\/uploads\/sites\/8\/2022\/05\/maxresdefault-1-300x169.jpg 300w, https:\/\/quitgamble.com\/sv\/wp-content\/uploads\/sites\/8\/2022\/05\/maxresdefault-1-768x432.jpg 768w, https:\/\/quitgamble.com\/sv\/wp-content\/uploads\/sites\/8\/2022\/05\/maxresdefault-1.jpg 1100w\" sizes=\"auto, (max-width: 1024px) 100vw, 1024px\" \/><\/figure>\n\n\n\n<p class=\"has-text-align-right wp-block-paragraph\"><a href=\"https:\/\/quitgamble.com\/sv\/hjalpa-spelberoende\/\" data-type=\"page\" data-id=\"68616\">L\u00e4s hela guiden<\/a><\/p>\n<\/div>\n\n\n\n<div class=\"wp-block-column is-layout-flow wp-block-column-is-layout-flow\">\n<p class=\"wp-block-paragraph\"><strong>Hur du undviker Medberoende<\/strong><\/p>\n\n\n\n<figure class=\"wp-block-image size-large is-style-shadow\"><img decoding=\"async\" src=\"https:\/\/quitgamble.com\/wp-content\/uploads\/2023\/07\/how-to-avoid-co-dependence-1024x576.jpg\" alt=\"\" class=\"wp-image-75426\" \/><\/figure>\n\n\n\n<p class=\"has-text-align-right wp-block-paragraph\"><a href=\"https:\/\/quitgamble.com\/sv\/hjalpa-spelberoende\/#Medberoende\" data-type=\"page\" data-id=\"68616\">L\u00e4s guiden<\/a><\/p>\n<\/div>\n\n\n\n<div class=\"wp-block-column is-layout-flow wp-block-column-is-layout-flow\">\n<p class=\"wp-block-paragraph\"><strong>Skydda dig mot spelberoende partner<\/strong><\/p>\n\n\n\n<figure class=\"wp-block-image size-full is-style-shadow\"><img loading=\"lazy\" decoding=\"async\" width=\"700\" height=\"400\" src=\"https:\/\/quitgamble.com\/wp-content\/uploads\/2022\/08\/21-ways-to-protect-yourself-from-gambling-spouse-1.jpg\" alt=\"Guide to protect yourself from a gambling partner\" class=\"wp-image-72145\" srcset=\"https:\/\/quitgamble.com\/sv\/wp-content\/uploads\/sites\/8\/2022\/08\/21-ways-to-protect-yourself-from-gambling-spouse-1.jpg 700w, https:\/\/quitgamble.com\/sv\/wp-content\/uploads\/sites\/8\/2022\/08\/21-ways-to-protect-yourself-from-gambling-spouse-1-300x171.jpg 300w, https:\/\/quitgamble.com\/sv\/wp-content\/uploads\/sites\/8\/2022\/08\/21-ways-to-protect-yourself-from-gambling-spouse-1-600x343.jpg 600w\" sizes=\"auto, (max-width: 700px) 100vw, 700px\" \/><\/figure>\n\n\n\n<p class=\"has-text-align-right wp-block-paragraph\"><a href=\"https:\/\/quitgamble.com\/sv\/21-satt-skydda-dig-mot-spelberoende\/\" data-type=\"post\" data-id=\"72140\">L\u00e4s Guiden<\/a><\/p>\n<\/div>\n<\/div>\n\n\n\n<div class=\"wp-block-columns is-layout-flex wp-block-columns-is-layout-flex\">\n<div class=\"wp-block-column is-layout-flow wp-block-column-is-layout-flow\">\n<p class=\"wp-block-paragraph\"><strong><strong>Blogg poster f\u00f6r anh\u00f6riga<\/strong><\/strong><\/p>\n\n\n\n<figure class=\"wp-block-image size-large is-style-shadow\"><img loading=\"lazy\" decoding=\"async\" width=\"1024\" height=\"585\" src=\"https:\/\/quitgamble.com\/wp-content\/uploads\/2022\/07\/gambling-addict-affected-other-1024x585.jpg\" alt=\"\" class=\"wp-image-72040\" srcset=\"https:\/\/quitgamble.com\/sv\/wp-content\/uploads\/sites\/8\/2022\/07\/gambling-addict-affected-other-1024x585.jpg 1024w, https:\/\/quitgamble.com\/sv\/wp-content\/uploads\/sites\/8\/2022\/07\/gambling-addict-affected-other-300x171.jpg 300w, https:\/\/quitgamble.com\/sv\/wp-content\/uploads\/sites\/8\/2022\/07\/gambling-addict-affected-other-768x439.jpg 768w, https:\/\/quitgamble.com\/sv\/wp-content\/uploads\/sites\/8\/2022\/07\/gambling-addict-affected-other-600x343.jpg 600w, https:\/\/quitgamble.com\/sv\/wp-content\/uploads\/sites\/8\/2022\/07\/gambling-addict-affected-other.jpg 1050w\" sizes=\"auto, (max-width: 1024px) 100vw, 1024px\" \/><\/figure>\n\n\n\n<p class=\"has-text-align-right wp-block-paragraph\"><a href=\"https:\/\/quitgamble.com\/affected-others\/\" data-type=\"post\" data-id=\"74035\">L\u00e4s bloggposter (engelska)<\/a><\/p>\n<\/div>\n\n\n\n<div class=\"wp-block-column is-layout-flow wp-block-column-is-layout-flow\">\n<p class=\"wp-block-paragraph\"><strong>Tecken p\u00e5 Spelberoende<\/strong><\/p>\n\n\n\n<figure class=\"wp-block-image size-large is-style-shadow\"><img decoding=\"async\" src=\"https:\/\/quitgamble.com\/wp-content\/uploads\/2023\/02\/53-signs-of-gambling-addiction-1024x576.jpg\" alt=\"53 symptoms of gambling addiction\" class=\"wp-image-72858\" \/><\/figure>\n\n\n\n<p class=\"has-text-align-right wp-block-paragraph\"><a href=\"https:\/\/quitgamble.com\/sv\/symptom-pa-spelberoende\/\" data-type=\"link\" data-id=\"https:\/\/quitgamble.com\/sv\/symptom-pa-spelberoende\/\">L\u00e4s hela Guiden<\/a><\/p>\n<\/div>\n\n\n\n<div class=\"wp-block-column is-layout-flow wp-block-column-is-layout-flow\">\n<p class=\"wp-block-paragraph\"><strong>Signs of Sports betting addiction<\/strong><\/p>\n\n\n\n<figure class=\"wp-block-image size-large is-style-shadow\"><img decoding=\"async\" src=\"https:\/\/quitgamble.com\/wp-content\/uploads\/2023\/02\/Sports-betting-addiction-1024x576.jpg\" alt=\"47 signs and symptoms of sports gambling addiction\" class=\"wp-image-72873\" \/><\/figure>\n\n\n\n<p class=\"has-text-align-right wp-block-paragraph\"><a href=\"https:\/\/quitgamble.com\/signs-of-sports-betting-addiction\/\" data-type=\"post\" data-id=\"72872\">L\u00e4s hela Guiden (engelska)<\/a><\/p>\n<\/div>\n<\/div>\n<\/div>\n","protected":false},"excerpt":{"rendered":"<p>P\u00e5 den h\u00e4r sidan hittar du en rad utf\u00f6rliga guider, st\u00f6dverktyg och intervjuer som kan hj\u00e4lpa dig att sluta spela casino. Om du f\u00f6rs\u00f6ker hj\u00e4lpa n\u00e5gon med spelproblem listar vi [&hellip;]<\/p>\n","protected":false},"author":2,"featured_media":0,"parent":0,"menu_order":0,"comment_status":"closed","ping_status":"closed","template":"","meta":{"_acf_changed":false,"_crdt_document":"","inline_featured_image":false,"footnotes":""},"coauthors":[88],"class_list":["post-73331","page","type-page","status-publish","hentry"],"acf":[],"_links":{"self":[{"href":"https:\/\/quitgamble.com\/sv\/wp-json\/wp\/v2\/pages\/73331","targetHints":{"allow":["GET"]}}],"collection":[{"href":"https:\/\/quitgamble.com\/sv\/wp-json\/wp\/v2\/pages"}],"about":[{"href":"https:\/\/quitgamble.com\/sv\/wp-json\/wp\/v2\/types\/page"}],"author":[{"embeddable":true,"href":"https:\/\/quitgamble.com\/sv\/wp-json\/wp\/v2\/users\/2"}],"replies":[{"embeddable":true,"href":"https:\/\/quitgamble.com\/sv\/wp-json\/wp\/v2\/comments?post=73331"}],"version-history":[{"count":1,"href":"https:\/\/quitgamble.com\/sv\/wp-json\/wp\/v2\/pages\/73331\/revisions"}],"predecessor-version":[{"id":73752,"href":"https:\/\/quitgamble.com\/sv\/wp-json\/wp\/v2\/pages\/73331\/revisions\/73752"}],"wp:attachment":[{"href":"https:\/\/quitgamble.com\/sv\/wp-json\/wp\/v2\/media?parent=73331"}],"wp:term":[{"taxonomy":"author","embeddable":true,"href":"https:\/\/quitgamble.com\/sv\/wp-json\/wp\/v2\/coauthors?post=73331"}],"curies":[{"name":"wp","href":"https:\/\/api.w.org\/{rel}","templated":true}]}}