{"id":72706,"date":"2023-01-11T16:07:11","date_gmt":"2023-01-11T15:07:11","guid":{"rendered":"https:\/\/quitgamble.com\/sv\/?page_id=72706"},"modified":"2025-07-16T15:44:07","modified_gmt":"2025-07-16T13:44:07","slug":"spelberoende-kurvan","status":"publish","type":"page","link":"https:\/\/quitgamble.com\/sv\/spelberoende-kurvan\/","title":{"rendered":"Spelberoende Kurvan"},"content":{"rendered":"\n<section class=\"wp-block-group guide__hero is-layout-flow wp-block-group-is-layout-flow\">\n<div class=\"wp-block-columns is-layout-flex wp-block-columns-is-layout-flex\">\n<div class=\"wp-block-column is-layout-flow wp-block-column-is-layout-flow\" style=\"flex-basis:50%\">\n<div class=\"wp-block-group is-layout-flow wp-block-group-is-layout-flow\"><h1 class=\"wp-block-post-title\">Spelberoende Kurvan<\/h1>\n\n\n<p class=\"wp-block-paragraph\">Visualiserar sambandet mellan varf\u00f6r vi spelar, och vilka konsekvenser det kan f\u00e5. Ett sj\u00e4lvhj\u00e4lpsverktyg f\u00f6r spelberoende som kan hj\u00e4lpa dig att inse allvaret i din situation.<\/p>\n\n\n\n<p class=\"is-style-swoosh wp-block-paragraph\">Ingen lust att l\u00e4sa? Kolla videon ist\u00e4llet!<\/p>\n\n\n\n<div class=\"wp-block-group summary is-layout-flow wp-block-group-is-layout-flow\">\n<ul class=\"wp-block-list\">\n<li>Kan man spela ansvarsfullt?<\/li>\n\n\n\n<li>Risken i att spela f\u00f6r att vinna<\/li>\n\n\n\n<li>Vad h\u00e4nder l\u00e4ngst ut p\u00e5 kurvan?<\/li>\n<\/ul>\n<\/div>\n<\/div>\n<\/div>\n\n\n\n<div class=\"wp-block-column is-layout-flow wp-block-column-is-layout-flow\" style=\"flex-basis:50%\">\n<figure class=\"wp-block-image size-full\"><a href=\"https:\/\/vimeo.com\/1109320320\" target=\"_blank\" rel=\"noopener\"><img loading=\"lazy\" decoding=\"async\" width=\"736\" height=\"562\" src=\"https:\/\/quitgamble.com\/sv\/wp-content\/uploads\/sites\/8\/2022\/03\/Gambling-addiction-curve-1.png\" alt=\"\" class=\"wp-image-69659\" srcset=\"https:\/\/quitgamble.com\/sv\/wp-content\/uploads\/sites\/8\/2022\/03\/Gambling-addiction-curve-1.png 736w, https:\/\/quitgamble.com\/sv\/wp-content\/uploads\/sites\/8\/2022\/03\/Gambling-addiction-curve-1-300x229.png 300w\" sizes=\"auto, (max-width: 736px) 100vw, 736px\" \/><\/a><figcaption class=\"wp-element-caption\">Video 1 &#8211; Hur fungerar spelberoende kurvan?<\/figcaption><\/figure>\n<\/div>\n<\/div>\n<\/section>\n\n\n\n<div class=\"wp-block-group funnel-entry__container more-space is-layout-constrained wp-block-group-is-layout-constrained\">\n<h2 class=\"wp-block-heading has-text-align-center has-foreground-color has-text-color has-link-color wp-elements-f2c6dfdf8e0f816d9be5afbaa512f30a\">Hur kan vi Hj\u00e4lpa Dig?<\/h2>\n\n\n\n<div class=\"wp-block-columns svg-buttons is-style-no-gap ticss-04e276f6 funnel-entry is-layout-flex wp-block-columns-is-layout-flex\">\n<div class=\"wp-block-column is-layout-flow wp-block-column-is-layout-flow\" style=\"flex-basis:33.33%\"><a href=\"https:\/\/sv.quitgamble.com\/video\" aria-label=\"Stop Gambling\" title=\"Stop Gambling\" class=\"wp-block-tiptip-hyperlink-group-block\">\n<p class=\"wp-block-paragraph\">\ud83d\udd25<\/p>\n\n<div class=\"wp-block-group is-layout-constrained wp-block-group-is-layout-constrained\">\n<h3 class=\"wp-block-heading\">Jag vill sluta spela! <\/h3>\n\n\n\n<h4 class=\"wp-block-heading\">Tr\u00f6tt p\u00e5 att misslyckas, nu vill jag ha hj\u00e4lp f\u00f6r att lyckas.<\/h4>\n<\/div>\n<\/a><\/div>\n\n\n\n<div class=\"wp-block-column is-layout-flow wp-block-column-is-layout-flow\" style=\"flex-basis:33.33%\"><a href=\"https:\/\/sv.quitgamble.com\/coaching\" aria-label=\"Talk to someone\" title=\"Talk to someone\" class=\"wp-block-tiptip-hyperlink-group-block\">\n<p class=\"wp-block-paragraph\">\ud83d\udc4b<\/p>\n\n<div class=\"wp-block-group is-layout-constrained wp-block-group-is-layout-constrained\">\n<h3 class=\"wp-block-heading\">Beh\u00f6ver n\u00e5gon att prata med!<\/h3>\n\n\n\n<h4 class=\"wp-block-heading\">Vill inte g\u00f6ra det h\u00e4r ensam mer.<\/h4>\n<\/div>\n<\/a><\/div>\n\n\n\n<div class=\"wp-block-column is-layout-flow wp-block-column-is-layout-flow\" style=\"flex-basis:33.33%\"><a href=\"https:\/\/sv.quitgamble.com\/control\" aria-label=\"Responsible gambling\" title=\"Responsible gambling\" class=\"wp-block-tiptip-hyperlink-group-block\">\n<p class=\"wp-block-paragraph\">\ud83d\udca1<\/p>\n\n<div class=\"wp-block-group is-layout-grid wp-block-group-is-layout-grid\">\n<h3 class=\"wp-block-heading wp-container-content-69bc4bdf\">Jag vill ha mer kontroll<\/h3>\n\n\n\n<h4 class=\"wp-block-heading\">Vill forts\u00e4tta spela, men jag m\u00e5ste kontrollera spelandet.<\/h4>\n<\/div>\n<\/a><\/div>\n<\/div>\n<\/div>\n\n\n\n<section class=\"wp-block-group is-layout-flow wp-block-group-is-layout-flow\">\n<h2 class=\"wp-block-heading\" id=\"gambling-addiction-curve\">Kan man spela ansvarsfullt?<br><\/h2>\n\n\n\n<div class=\"wp-block-columns is-layout-flex wp-block-columns-is-layout-flex\">\n<div class=\"wp-block-column is-layout-flow wp-block-column-is-layout-flow\">\n<figure class=\"wp-block-image size-full\"><img loading=\"lazy\" decoding=\"async\" width=\"736\" height=\"562\" src=\"https:\/\/quitgamble.com\/sv\/wp-content\/uploads\/sites\/8\/2023\/01\/Spela-ansvarsfullt.png\" alt=\"\" class=\"wp-image-72844\" srcset=\"https:\/\/quitgamble.com\/sv\/wp-content\/uploads\/sites\/8\/2023\/01\/Spela-ansvarsfullt.png 736w, https:\/\/quitgamble.com\/sv\/wp-content\/uploads\/sites\/8\/2023\/01\/Spela-ansvarsfullt-300x229.png 300w\" sizes=\"auto, (max-width: 736px) 100vw, 736px\" \/><figcaption class=\"wp-element-caption\">Kan man spela ansvarsfullt?<\/figcaption><\/figure>\n<\/div>\n\n\n\n<div class=\"wp-block-column is-layout-flow wp-block-column-is-layout-flow\">\n<p class=\"wp-block-paragraph\">L\u00e5t oss fokusera p\u00e5 spelproblem och <a href=\"https:\/\/quitgamble.com\/sv\/\" data-type=\"URL\" data-id=\"https:\/\/quitgamble.com\/sv\/\">spelberoende<\/a> en stund. Finns det n\u00e5got som heter ansvarsfullt spelande? En av v\u00e5ra medlemmar sa s\u00e5 h\u00e4r: \u201d<em>F\u00f6r en person med spelproblem finns inget som heter ansvarsfullt spelande. Det \u00e4r som att ge alkohol till en alkoholist och s\u00e4g drick bara lite <\/em>grann. <em>Det fungerar inte s\u00e5.<\/em>\u201d<\/p>\n\n\n\n<p class=\"wp-block-paragraph\">Vi h\u00e5ller med! Om personen d\u00e4remot inte har spelproblem s\u00e5 kan det finnas n\u00e5got som heter ansvarsfullt spelande. Det beror helt enkelt p\u00e5 hur vi definierar \u201dspelande\u201d.<\/p>\n\n\n\n<p class=\"wp-block-paragraph\">Om definitionen fokuserar p\u00e5 underh\u00e5llning, d\u00e5 \u00e4r svaret ja. D\u00e5 kan man spela ansvarsfullt. N\u00e4r vi s\u00e4ger underh\u00e5llning syftar vi p\u00e5 att spela casino kan vara roligt och sp\u00e4nnande en stund. Man spelar helt enkelt f\u00f6r att ha lite kul.<\/p>\n\n\n\n<p class=\"wp-block-paragraph\">Om spelandet d\u00e4remot handlar om att vinna pengar s\u00e5 \u00e4r svaret nej. Enligt v\u00e5r mening kan man inte spela ansvarsfullt om man har som m\u00e5l att vinna pengar. Om du spelar f\u00f6r att vinna \u00e4r du ute p\u00e5 tunn is. \u00c4ven om du vinner s\u00e5 \u00e4r sannolikheten stor att du f\u00f6rlorar i l\u00e4ngden. Det \u00e4r s\u00e5 m\u00e5nga blir spelberoende.<\/p>\n<\/div>\n<\/div>\n\n\n\n<div class=\"wp-block-columns is-layout-flex wp-block-columns-is-layout-flex\">\n<div class=\"wp-block-column is-layout-flow wp-block-column-is-layout-flow\">\n<p class=\"wp-block-paragraph\">L\u00e5t oss f\u00f6rklara speltermerna spelproblem och spelberoende:<\/p>\n\n\n\n<ul class=\"wp-block-list\">\n<li><strong>Spelproblem<\/strong>: F\u00f6r en person med spelproblem har de negativa konsekvenserna av spel inte hunnit \u00f6verskygga de positiva roliga med spelet. Det betyder att det relativt enkelt att hantera spelproblemet och det har inte skapat n\u00e5gra st\u00f6rre problem \u00e4n. Tyv\u00e4rr betyder det \u00e4ven att personen s\u00e4llen inser eller f\u00f6rnekar att hen har spelproblem.<\/li>\n\n\n\n<li><strong>Spelberoende:<\/strong> En spelmissbrukare vet oftast att de har problem, vilket g\u00f6r det enklare att f\u00e5 dem att erk\u00e4nna problem. Tyv\u00e4rr \u00e4r beroendet s\u00e5 starkt att det \u00e4r sv\u00e5rt att ta sig ur det.<\/li>\n<\/ul>\n<\/div>\n\n\n\n<div class=\"wp-block-column is-layout-flow wp-block-column-is-layout-flow\">\n<p class=\"is-style-default wp-block-paragraph\">Spelberoende kurvan \u00e4r en visualisering av sambandet mellan varf\u00f6r vi spelar och dess konsekvenser. Kurvan har tre delar:<\/p>\n\n\n\n<ol class=\"wp-block-list\">\n<li>Spel som underh\u00e5ll.<\/li>\n\n\n\n<li>Spel f\u00f6r att vinna.<\/li>\n\n\n\n<li>Spel f\u00f6r att vinna tillbaka.<\/li>\n<\/ol>\n\n\n\n<p class=\"wp-block-paragraph\">Nedan tar vi en noggrannare titt p\u00e5 spelberoende kurvans delar. Du kommer snart se sambandet mellan problemspels beteende och att spela f\u00f6r att vinna, som d\u00e4refter f\u00f6ljs av ett samband mellan spelberoende och att vinna tillbaka. Du kan \u00e4ven anv\u00e4nda spelberoende kurvan f\u00f6r att testa om du har spelproblem genom se vad du k\u00e4nner igen. Ett alternativ som <a href=\"https:\/\/quitgamble.com\/happiness-test\/\" data-type=\"page\" data-id=\"72700\">spelberoende test<\/a> \u00e4r Happiness Testet.<\/p>\n<\/div>\n<\/div>\n<\/section>\n\n\n\n<section class=\"wp-block-group is-layout-flow wp-block-group-is-layout-flow\">\n<h2 class=\"wp-block-heading\">Spela som underh\u00e5llning<\/h2>\n\n\n\n<div class=\"wp-block-columns is-layout-flex wp-block-columns-is-layout-flex\">\n<div class=\"wp-block-column is-layout-flow wp-block-column-is-layout-flow\">\n<p class=\"wp-block-paragraph\">Vi springer i f\u00f6rv\u00e4g, l\u00e5t oss ta ett steg tillbaka och titta p\u00e5 spel som underh\u00e5llning. \u00c4ven om vi aldrig skulle rekommendera att spela, speciellt inte om du \u00e4r riskzonen f\u00f6r att utveckla ett beroende finns det mindre farliga spel.<\/p>\n\n\n\n<ul class=\"wp-block-list\">\n<li>K\u00f6pa en lott f\u00f6r att st\u00f6dja en f\u00f6rening.<\/li>\n\n\n\n<li>K\u00f6pa en skraplott n\u00e5gon g\u00e5ng.<\/li>\n\n\n\n<li>Spela n\u00e5gra sm\u00e5 satsningar p\u00e5 ett kasino p\u00e5 semestern.<\/li>\n<\/ul>\n\n\n\n<p class=\"wp-block-paragraph\"><br>Vi rekommenderar inget ovan. Samtidigt handlar livet om upplevelser och m\u00e5nga har ett bes\u00f6k i Las Vegas p\u00e5 sin \u201dplatser att bes\u00f6ka lista\u201d. *Fotnot: <em>Las Vegas \u00e4r inget att ha, mest r\u00f6kiga casinon och sunkiga hotell<\/em>. \/\/Anders<\/p>\n\n\n\n<p class=\"wp-block-paragraph\">Vissa dr\u00f6mmer om att satsa 100kr p\u00e5 R\u00f6d 14 p\u00e5 ett roulett bord i Las Vegas bara f\u00f6r att se vad som h\u00e4nder. P\u00e5 samma s\u00e4tt \u00e4r det med en skraplott eller att st\u00f6dja den lokal fotbollsklubben. Du g\u00f6r det f\u00f6r upplevelse och f\u00f6r att vara hj\u00e4lpsam. S\u00e5 l\u00e4nge det \u00e4r upplevelsen av spelandet du efters\u00f6ker s\u00e5 borde det vara okay.<\/p>\n<\/div>\n\n\n\n<div class=\"wp-block-column is-layout-flow wp-block-column-is-layout-flow\">\n<figure class=\"wp-block-image size-full\"><img loading=\"lazy\" decoding=\"async\" width=\"824\" height=\"646\" src=\"https:\/\/quitgamble.com\/sv\/wp-content\/uploads\/sites\/8\/2022\/03\/Thin-ice.png\" alt=\"\" class=\"wp-image-69660\" srcset=\"https:\/\/quitgamble.com\/sv\/wp-content\/uploads\/sites\/8\/2022\/03\/Thin-ice.png 824w, https:\/\/quitgamble.com\/sv\/wp-content\/uploads\/sites\/8\/2022\/03\/Thin-ice-300x235.png 300w, https:\/\/quitgamble.com\/sv\/wp-content\/uploads\/sites\/8\/2022\/03\/Thin-ice-768x602.png 768w\" sizes=\"auto, (max-width: 824px) 100vw, 824px\" \/><figcaption class=\"wp-element-caption\">Ute p\u00e5 tunn is? <\/figcaption><\/figure>\n\n\n\n<h3 class=\"wp-block-heading\">VIKTIGT! <\/h3>\n\n\n\n<p class=\"wp-block-paragraph\">Ett spelbeteende kan f\u00f6r\u00e4ndras snabbt om n\u00e5got h\u00e4nder i personens liv. Om du vet att n\u00e5gon spelar n\u00e4ra dig. Var extra vaksam om n\u00e5got som skapar mycket sm\u00e4rta h\u00e4nder i personens liv. D\u00e5 kan spelande som underh\u00e5llning hastigt f\u00f6rvandlas till att bli ett flyktbeteende. Typiska saker kan vara: flytt, sparken fr\u00e5n jobbet, sjukskrivning, slut p\u00e5 f\u00f6rh\u00e5llande, fysiska skador och d\u00f6dsfall.<\/p>\n<\/div>\n<\/div>\n<\/section>\n\n\n\n<section class=\"wp-block-group is-layout-flow wp-block-group-is-layout-flow\">\n<h2 class=\"wp-block-heading\">Att spela f\u00f6r att vinna<\/h2>\n\n\n\n<div class=\"wp-block-columns is-layout-flex wp-block-columns-is-layout-flex\">\n<div class=\"wp-block-column is-layout-flow wp-block-column-is-layout-flow\">\n<p class=\"wp-block-paragraph\">Naturligtvis skulle du aldrig k\u00f6pa en skraplott om du visste att du inte kunde vinna. En person som k\u00f6per en skraplott g\u00f6r det oftast f\u00f6r en minuts sp\u00e4nning och m\u00f6jligheten att kanske, kanske vinna n\u00e5got.<\/p>\n\n\n\n<p class=\"wp-block-paragraph\">En person som spelar f\u00f6r att vinna skulle troligtvis k\u00f6pa flera lotter. Hen kanske k\u00f6per 10 lotter. (Trots att vinst\u00e5terb\u00e4ringen s\u00e4llan \u00e4r \u00f6ver 50%. Det st\u00e5r s\u00e5 p\u00e5 baksidan av lotten, minus \u201ds\u00e4llan\u201d d\u00e5. Skraplotter \u00e4r ett matematiskt sj\u00e4lvmord.) Rekommendera starkt artikeln \u201d<em><a href=\"https:\/\/quitgamble.com\/sv\/kan-du-vinna\/\" data-type=\"page\" data-id=\"69133\">Kan du vinna?<\/a><\/em>\u201d D\u00e4r ber\u00e4knar vi n\u00e4mligen chansen att vinna p\u00e5 Triss.<\/p>\n\n\n\n<figure class=\"wp-block-image size-full\"><img loading=\"lazy\" decoding=\"async\" width=\"700\" height=\"494\" src=\"https:\/\/quitgamble.com\/sv\/wp-content\/uploads\/sites\/8\/2022\/03\/How-about-Gamble-To-Win-Money.png\" alt=\"\" class=\"wp-image-68940\" srcset=\"https:\/\/quitgamble.com\/sv\/wp-content\/uploads\/sites\/8\/2022\/03\/How-about-Gamble-To-Win-Money.png 700w, https:\/\/quitgamble.com\/sv\/wp-content\/uploads\/sites\/8\/2022\/03\/How-about-Gamble-To-Win-Money-300x212.png 300w\" sizes=\"auto, (max-width: 700px) 100vw, 700px\" \/><figcaption class=\"wp-element-caption\">Spela f\u00f6r att vinna?<\/figcaption><\/figure>\n<\/div>\n\n\n\n<div class=\"wp-block-column is-layout-flow wp-block-column-is-layout-flow\">\n<h3 class=\"wp-block-heading\">Spel som fokuserar p\u00e5 att vinna pengar:<\/h3>\n\n\n\n<ul class=\"wp-block-list\">\n<li>Alla spel p\u00e5 ett online casino.<\/li>\n\n\n\n<li>Sportsbetting s\u00e5 fort du spelar p\u00e5 fler matcher \u00e4n du hinner titta p\u00e5.<\/li>\n\n\n\n<li>Poker<\/li>\n\n\n\n<li>Bordsspel d\u00e4r casinot \u00e4r \u201dhuset\u201d<\/li>\n\n\n\n<li>Alla spelautomater<\/li>\n<\/ul>\n\n\n\n<h3 class=\"wp-block-heading\">N\u00e4r personen fokuserar p\u00e5 att spela f\u00f6r att vinna h\u00e4nder n\u00e5got av f\u00f6ljande.<\/h3>\n\n\n\n<ul class=\"wp-block-list\">\n<li>Insatserna och antalet spel \u00f6kar<\/li>\n\n\n\n<li>Spelandet tar mer tid.<\/li>\n\n\n\n<li>Det finns ett tydligt motiv att vinna<\/li>\n\n\n\n<li>Suget efter att spela \u00f6kar<\/li>\n\n\n\n<li>Man t\u00e4nker p\u00e5 att spela \u00e4ven n\u00e4r man inte spelar<\/li>\n<\/ul>\n\n\n\n<p class=\"wp-block-paragraph\">When you gamble to win, you play with fire, especially if you are in the at-risk zone of becoming an addict. Does it ring a bell? Has the curve started to slope downwards for you? If you&#8217;re out on thin ice, you better be prepared to get wet.<\/p>\n<\/div>\n<\/div>\n\n\n\n<h3 class=\"wp-block-heading\">Var befinner du dig p\u00e5 spelberoende kurvan?<\/h3>\n\n\n\n<div class=\"wp-block-columns is-layout-flex wp-block-columns-is-layout-flex\">\n<div class=\"wp-block-column is-layout-flow wp-block-column-is-layout-flow\">\n<figure class=\"wp-block-image size-large\"><img loading=\"lazy\" decoding=\"async\" width=\"858\" height=\"540\" src=\"https:\/\/quitgamble.com\/sv\/wp-content\/uploads\/sites\/8\/2022\/05\/chart-1.svg\" alt=\"\" class=\"wp-image-71132\"\/><figcaption class=\"wp-element-caption\">Spelbereonde kurvan p\u00e5 engelska<\/figcaption><\/figure>\n<\/div>\n\n\n\n<div class=\"wp-block-column is-layout-flow wp-block-column-is-layout-flow\">\n<p class=\"wp-block-paragraph\">Vi anser att allt casinospel handlar om att vinna pengar. Det \u00e4r ofta chansen att vinna som spelreklam trycker p\u00e5. (Sedan spelregleringen i Sverige har det blivit lite b\u00e4ttre.)<\/p>\n\n\n\n<p class=\"wp-block-paragraph\">Visst, spelautomater kan vara underh\u00e5llande, men risken \u00e4r stor att allt g\u00e5r \u00e5t skogen. Risken \u00f6kar exponentiellt om personen vinner stort tidigt. H\u00e4r kan du l\u00e4sa mer om vad Vad h\u00e4nder n\u00e4r du vinner.<\/p>\n\n\n\n<p class=\"wp-block-paragraph\">P\u00e5 samma s\u00e4tt fungerar det med sportsbetting. Om du b\u00f6rjar spela p\u00e5 flera matcher och h\u00f6jer insatserna riskerar du att hamna i en snabbt eskalerande spiral som g\u00f6r att du tappar kontrollen.<\/p>\n\n\n\n<p class=\"wp-block-paragraph\"><\/p>\n<\/div>\n<\/div>\n\n\n\n<p class=\"wp-block-paragraph\">\u00c4ven framg\u00e5ngsrika professionella pokerspelare och sportsbettare kan ha spelproblem. (Vi k\u00e4nner personligen flera stycken.) Skillnaden mellan dem och 95% av alla spelare \u00e4r att de vinner. Men bara f\u00f6r att det vinner g\u00f6r det dem inte immuna mot problem relaterade till f\u00f6r mycket spelande.&nbsp;<\/p>\n\n\n\n<p class=\"wp-block-paragraph\">N\u00e4r insatserna \u00f6kar kan du snabbt f\u00f6rlora kontrollen. En storvinst kan f\u00e5 katastrofala konsekvenser och \u00e4ndra ett spelbeteende. Pl\u00f6tsligt ger l\u00e5ga insatser och sm\u00e5vinster inte samma kick. Insatserna \u00f6kar f\u00f6r att ge samma sp\u00e4nning och personen r\u00f6r sig allt l\u00e4ngre ut p\u00e5 spelberoende kurvan.<\/p>\n\n\n\n<p class=\"wp-block-paragraph\">Personen spelar allt oftare och l\u00e4ngre. Spelsuget \u00f6kar och det blir allt sv\u00e5rare att fokusera p\u00e5 annat \u00e4n hur man ska spela n\u00e4sta g\u00e5ng. Aktiviteter som tidigare var roliga eller n\u00f6dv\u00e4ndiga som jobb, skola, att tr\u00e4ffa v\u00e4nner etc. f\u00f6rsakas f\u00f6r chansen att spela mera.<\/p>\n\n\n\n<p class=\"wp-block-paragraph\">De flesta s\u00e4ger att det \u00e5r att bli utveckla spelberoende. Men baserat p\u00e5 flyktteori kan det g\u00e5 mycket snabbare. Hur snabbt en person utvecklar spelproblem handlar inte om hur mycket pengar personen har utan hur mycket sm\u00e4rta personen b\u00e4r p\u00e5. L\u00e4s g\u00e4rna v\u00e5r artikel \u201d<em><a href=\"https:\/\/quitgamble.com\/can-you-become-a-gambling-addict-in-a-day\/\" data-type=\"URL\">Kan man bli spelberoende p\u00e5 24 timmar?<\/a><\/em>\u201d<\/p>\n<\/section>\n\n\n\n<section class=\"wp-block-group is-layout-flow wp-block-group-is-layout-flow\">\n<h2 class=\"wp-block-heading\">Spela f\u00f6r att vinna tillbaka<\/h2>\n\n\n\n<div class=\"wp-block-columns is-layout-flex wp-block-columns-is-layout-flex\">\n<div class=\"wp-block-column is-style-right-border is-layout-flow wp-block-column-is-layout-flow\">\n<p class=\"wp-block-paragraph\">N\u00e4r spelandet forts\u00e4tter trappas upp blir spelberoende kurvan brantare. Kraschen som v\u00e4ntar \u00e4r allt annat \u00e4n behaglig. Vi vill inte skr\u00e4mma dig, men du beh\u00f6ver \u00e4nd\u00e5 veta vad som h\u00e4nder om en person forts\u00e4tter spela. Vi har skapat QuitGamble.com f\u00f6r att ge dig st\u00f6d och r\u00e5d i din situation.&nbsp;<\/p>\n\n\n\n<figure class=\"wp-block-image size-full\"><img loading=\"lazy\" decoding=\"async\" width=\"677\" height=\"857\" src=\"https:\/\/quitgamble.com\/sv\/wp-content\/uploads\/sites\/8\/2022\/03\/Gamble-To-Win-Back.png\" alt=\"\" class=\"wp-image-68941\" srcset=\"https:\/\/quitgamble.com\/sv\/wp-content\/uploads\/sites\/8\/2022\/03\/Gamble-To-Win-Back.png 677w, https:\/\/quitgamble.com\/sv\/wp-content\/uploads\/sites\/8\/2022\/03\/Gamble-To-Win-Back-237x300.png 237w\" sizes=\"auto, (max-width: 677px) 100vw, 677px\" \/><figcaption class=\"wp-element-caption\">Spela f\u00f6r att vinna tillbaka<\/figcaption><\/figure>\n<\/div>\n\n\n\n<div class=\"wp-block-column is-layout-flow wp-block-column-is-layout-flow\">\n<p class=\"wp-block-paragraph\"><strong>Om person inte slutar spela riskeras:&nbsp;<\/strong><\/p>\n\n\n\n<ul class=\"wp-block-list\">\n<li>Personlig konkurs<\/li>\n\n\n\n<li>Skilsm\u00e4ssa<\/li>\n\n\n\n<li>F\u00e4ngelse<\/li>\n\n\n\n<li>Sj\u00e4lvmord<\/li>\n<\/ul>\n\n\n\n<p class=\"wp-block-paragraph\">\u00c4ven om det ser m\u00f6rkt ut just nu, s\u00e5 finns det s\u00e4tt att ta sig ur spelmissbruk. <strong>Du \u00e4r inte ensam!<\/strong> 100 000-tals m\u00e4nniskor bara i Sverige har n\u00e5gon form av spelproblem. Vi v\u00e5r community finns det \u00f6ver 1400 personer med samma m\u00e5ls\u00e4ttning som du: Att sluta spela.<\/p>\n\n\n\n<p class=\"wp-block-paragraph\">N\u00e4r \u00e4r n\u00e5gra k\u00e4nnetecken p\u00e5 beteendet l\u00e4ngst ut p\u00e5 spelberoende kurvan:<\/p>\n\n\n\n<ul class=\"wp-block-list\">\n<li>Personen l\u00e5ter spelandet kontrollera hens liv<\/li>\n\n\n\n<li>Personen ljuger f\u00f6r m\u00e4nniskor omkring sig<\/li>\n\n\n\n<li>Personen l\u00e5nar pengar fr\u00e5n v\u00e4nner, familj och i v\u00e4rsta fall l\u00e5nehajar<\/li>\n\n\n\n<li>Personen tycker inte spelandet \u00e4r roligt l\u00e4ngre<\/li>\n\n\n\n<li>Personen \u00e4r desperat och f\u00f6rs\u00f6ker vinna tillbaka sina f\u00f6rluster<\/li>\n\n\n\n<li>Personen letar st\u00e4ndigt efter nya pengar att spela med<\/li>\n\n\n\n<li>Personen s\u00f6ker en utv\u00e4g och m\u00e5nga \u00f6verv\u00e4ger tyv\u00e4rr sj\u00e4lvmord.<\/li>\n<\/ul>\n\n\n\n<p class=\"has-large-font-size wp-block-paragraph\"><strong>K\u00e4nns det bekant?<\/strong><\/p>\n<\/div>\n<\/div>\n\n\n\n<div class=\"wp-block-columns is-layout-flex wp-block-columns-is-layout-flex\">\n<div class=\"wp-block-column is-layout-flow wp-block-column-is-layout-flow\">\n<p class=\"wp-block-paragraph\">Det \u00e4r dags att g\u00f6ra n\u00e5got \u00e5t det. Det finns hj\u00e4lp att f\u00e5! Vi har skapat den h\u00e4r plattformen f\u00f6r att hj\u00e4lpa dig s\u00e5 mycket vi kan.<\/p>\n\n\n\n<p class=\"wp-block-paragraph\">Vi tror sm\u00e4rta \u00e4r orsaken till beroende. Det \u00e4r flykten fr\u00e5n sm\u00e4rta vi blir beroende av. Vi b\u00f6rjade alla spela f\u00f6r att det var roligt, men f\u00f6r en person som har mycket sm\u00e4rta l\u00e4r sig hj\u00e4rnan att spelet \u00e4r ett effektivt verktyg att distrahera oss fr\u00e5n sm\u00e4rta. F\u00f6r en s\u00e5dan person kan det g\u00e5 snabbt att g\u00e5 fr\u00e5n att spela f\u00f6r det \u00e4r kul till att sv\u00e5rt missbruk.<\/p>\n\n\n\n<p class=\"wp-block-paragraph\"><\/p>\n<\/div>\n\n\n\n<div class=\"wp-block-column is-layout-flow wp-block-column-is-layout-flow\">\n<h3 class=\"wp-block-heading\">Vill du sluta spela &#8211; Action Plan<\/h3>\n\n\n\n<ol style=\"list-style-type:1\" class=\"wp-block-list\">\n<li><a href=\"https:\/\/quitgamble.com\/happiness-test\/\" target=\"_blank\" data-type=\"URL\" data-id=\"https:\/\/quitgamble.com\/happiness-test\/\" rel=\"noreferrer noopener\">G\u00f6r Happiness Testet<\/a><\/li>\n\n\n\n<li>Ta v\u00e5r videokurs<\/li>\n\n\n\n<li>\u00d6ppna upp till en anh\u00f6rig. L\u00e4s g\u00e4rna guiden \u201d<a href=\"https:\/\/quitgamble.com\/sv\/hjalpa-spelberoende\/\" data-type=\"page\" data-id=\"68616\">Hur hj\u00e4lper man en spelberoende?<\/a>\u201d<\/li>\n\n\n\n<li>Identifiera de underliggande faktorerna till spelberoendet<\/li>\n\n\n\n<li>G\u00e5 igenom de olika kurserna<\/li>\n\n\n\n<li>Hj\u00e4lp dig sj\u00e4lv genom att hj\u00e4lpa andra<\/li>\n<\/ol>\n<\/div>\n<\/div>\n<\/section>\n\n\n\n<div class=\"wp-block-group funnel-entry__container more-space is-layout-constrained wp-block-group-is-layout-constrained\">\n<h2 class=\"wp-block-heading has-text-align-center has-foreground-color has-text-color has-link-color wp-elements-f2c6dfdf8e0f816d9be5afbaa512f30a\">Hur kan vi Hj\u00e4lpa Dig?<\/h2>\n\n\n\n<div class=\"wp-block-columns svg-buttons is-style-no-gap ticss-04e276f6 funnel-entry is-layout-flex wp-block-columns-is-layout-flex\">\n<div class=\"wp-block-column is-layout-flow wp-block-column-is-layout-flow\" style=\"flex-basis:33.33%\"><a href=\"https:\/\/sv.quitgamble.com\/video\" aria-label=\"Stop Gambling\" title=\"Stop Gambling\" class=\"wp-block-tiptip-hyperlink-group-block\">\n<p class=\"wp-block-paragraph\">\ud83d\udd25<\/p>\n\n<div class=\"wp-block-group is-layout-constrained wp-block-group-is-layout-constrained\">\n<h3 class=\"wp-block-heading\">Jag vill sluta spela! <\/h3>\n\n\n\n<h4 class=\"wp-block-heading\">Tr\u00f6tt p\u00e5 att misslyckas, nu vill jag ha hj\u00e4lp f\u00f6r att lyckas.<\/h4>\n<\/div>\n<\/a><\/div>\n\n\n\n<div class=\"wp-block-column is-layout-flow wp-block-column-is-layout-flow\" style=\"flex-basis:33.33%\"><a href=\"https:\/\/sv.quitgamble.com\/coaching\" aria-label=\"Talk to someone\" title=\"Talk to someone\" class=\"wp-block-tiptip-hyperlink-group-block\">\n<p class=\"wp-block-paragraph\">\ud83d\udc4b<\/p>\n\n<div class=\"wp-block-group is-layout-constrained wp-block-group-is-layout-constrained\">\n<h3 class=\"wp-block-heading\">Beh\u00f6ver n\u00e5gon att prata med!<\/h3>\n\n\n\n<h4 class=\"wp-block-heading\">Vill inte g\u00f6ra det h\u00e4r ensam mer.<\/h4>\n<\/div>\n<\/a><\/div>\n\n\n\n<div class=\"wp-block-column is-layout-flow wp-block-column-is-layout-flow\" style=\"flex-basis:33.33%\"><a href=\"https:\/\/sv.quitgamble.com\/control\" aria-label=\"Responsible gambling\" title=\"Responsible gambling\" class=\"wp-block-tiptip-hyperlink-group-block\">\n<p class=\"wp-block-paragraph\">\ud83d\udca1<\/p>\n\n<div class=\"wp-block-group is-layout-grid wp-block-group-is-layout-grid\">\n<h3 class=\"wp-block-heading wp-container-content-69bc4bdf\">Jag vill ha mer kontroll<\/h3>\n\n\n\n<h4 class=\"wp-block-heading\">Vill forts\u00e4tta spela, men jag m\u00e5ste kontrollera spelandet.<\/h4>\n<\/div>\n<\/a><\/div>\n<\/div>\n<\/div>\n","protected":false},"excerpt":{"rendered":"<p>Visualiserar sambandet mellan varf\u00f6r vi spelar, och vilka konsekvenser det kan f\u00e5. Ett sj\u00e4lvhj\u00e4lpsverktyg f\u00f6r spelberoende som kan hj\u00e4lpa dig att inse allvaret i din situation. Ingen lust att l\u00e4sa? [&hellip;]<\/p>\n","protected":false},"author":2,"featured_media":69659,"parent":0,"menu_order":0,"comment_status":"open","ping_status":"closed","template":"","meta":{"_acf_changed":false,"_crdt_document":"","inline_featured_image":false,"footnotes":""},"coauthors":[79],"class_list":["post-72706","page","type-page","status-publish","has-post-thumbnail","hentry"],"acf":[],"_links":{"self":[{"href":"https:\/\/quitgamble.com\/sv\/wp-json\/wp\/v2\/pages\/72706","targetHints":{"allow":["GET"]}}],"collection":[{"href":"https:\/\/quitgamble.com\/sv\/wp-json\/wp\/v2\/pages"}],"about":[{"href":"https:\/\/quitgamble.com\/sv\/wp-json\/wp\/v2\/types\/page"}],"author":[{"embeddable":true,"href":"https:\/\/quitgamble.com\/sv\/wp-json\/wp\/v2\/users\/2"}],"replies":[{"embeddable":true,"href":"https:\/\/quitgamble.com\/sv\/wp-json\/wp\/v2\/comments?post=72706"}],"version-history":[{"count":3,"href":"https:\/\/quitgamble.com\/sv\/wp-json\/wp\/v2\/pages\/72706\/revisions"}],"predecessor-version":[{"id":73697,"href":"https:\/\/quitgamble.com\/sv\/wp-json\/wp\/v2\/pages\/72706\/revisions\/73697"}],"wp:featuredmedia":[{"embeddable":true,"href":"https:\/\/quitgamble.com\/sv\/wp-json\/wp\/v2\/media\/69659"}],"wp:attachment":[{"href":"https:\/\/quitgamble.com\/sv\/wp-json\/wp\/v2\/media?parent=72706"}],"wp:term":[{"taxonomy":"author","embeddable":true,"href":"https:\/\/quitgamble.com\/sv\/wp-json\/wp\/v2\/coauthors?post=72706"}],"curies":[{"name":"wp","href":"https:\/\/api.w.org\/{rel}","templated":true}]}}