{"id":68637,"date":"2022-11-24T15:15:19","date_gmt":"2022-11-24T14:15:19","guid":{"rendered":"https:\/\/quitgamble.com\/sv\/?page_id=68637"},"modified":"2025-07-15T14:41:50","modified_gmt":"2025-07-15T12:41:50","slug":"happiness-testet","status":"publish","type":"page","link":"https:\/\/quitgamble.com\/sv\/happiness-testet\/","title":{"rendered":"Happiness Testet"},"content":{"rendered":"\n<section class=\"wp-block-group is-layout-flow wp-block-group-is-layout-flow\">\n<section class=\"wp-block-group guide__hero is-layout-flow wp-block-group-is-layout-flow\">\n<div class=\"wp-block-columns is-layout-flex wp-block-columns-is-layout-flex\">\n<div class=\"wp-block-column is-layout-flow wp-block-column-is-layout-flow\" style=\"flex-basis:50%\">\n<div class=\"wp-block-group is-layout-flow wp-block-group-is-layout-flow\"><h1 class=\"wp-block-post-title\">Happiness Testet<\/h1>\n\n\n<p class=\"wp-block-paragraph\">Happiness Testet kommer inte s\u00e4ga om du har spelproblem eller inte. Testet fokuserar p\u00e5 att hj\u00e4lpa dig f\u00f6rst\u00e5 vad som orsakar sm\u00e4rta i ditt liv, och d\u00e4rmed varf\u00f6r det \u00e4r s\u00e5 sv\u00e5rt att sluta spela. Vi ser Happiness Testet som f\u00f6rsta steget f\u00f6r att hj\u00e4lpa dig bli spelfri.<\/p>\n\n\n\n<p class=\"is-style-swoosh wp-block-paragraph\">Orkar du inte l\u00e4sa? Kolla in videon ist\u00e4llet! <\/p>\n\n\n\n<div class=\"wp-block-group summary is-layout-flow wp-block-group-is-layout-flow\">\n<ul class=\"wp-block-list\">\n<li>Hj\u00e4lpa dig f\u00f6rst\u00e5 vad spelandet g\u00f6r f\u00f6r dig.<\/li>\n\n\n\n<li>Hj\u00e4lpa dig f\u00f6rst\u00e5 vad som skapar sm\u00e4rta i ditt liv.<\/li>\n\n\n\n<li>Ge dig en plan f\u00f6r hur du ska bli spelfri.<\/li>\n<\/ul>\n<\/div>\n<\/div>\n<\/div>\n\n\n\n<div class=\"wp-block-column is-layout-flow wp-block-column-is-layout-flow\" style=\"flex-basis:50%\">\n<figure class=\"wp-block-image size-full\"><a href=\"https:\/\/vimeo.com\/1109320292\" target=\"_blank\" rel=\"noopener\"><img loading=\"lazy\" decoding=\"async\" width=\"736\" height=\"562\" src=\"https:\/\/quitgamble.com\/sv\/wp-content\/uploads\/sites\/8\/2022\/03\/Happiness-Test.png\" alt=\"Take the Happiness Test or watch the video\" class=\"wp-image-69656\" srcset=\"https:\/\/quitgamble.com\/sv\/wp-content\/uploads\/sites\/8\/2022\/03\/Happiness-Test.png 736w, https:\/\/quitgamble.com\/sv\/wp-content\/uploads\/sites\/8\/2022\/03\/Happiness-Test-300x229.png 300w\" sizes=\"auto, (max-width: 736px) 100vw, 736px\" \/><\/a><figcaption class=\"wp-element-caption\"><strong>Video <\/strong>1 &#8211; Hur testet fungerar<\/figcaption><\/figure>\n<\/div>\n<\/div>\n<\/section>\n\n\n\n<div class=\"wp-block-group funnel-entry__container more-space is-layout-constrained wp-block-group-is-layout-constrained\">\n<h2 class=\"wp-block-heading has-text-align-center has-foreground-color has-text-color has-link-color wp-elements-f2c6dfdf8e0f816d9be5afbaa512f30a\">Hur kan vi Hj\u00e4lpa Dig?<\/h2>\n\n\n\n<div class=\"wp-block-columns svg-buttons is-style-no-gap ticss-04e276f6 funnel-entry is-layout-flex wp-block-columns-is-layout-flex\">\n<div class=\"wp-block-column is-layout-flow wp-block-column-is-layout-flow\" style=\"flex-basis:33.33%\"><a href=\"https:\/\/sv.quitgamble.com\/video\" aria-label=\"Stop Gambling\" title=\"Stop Gambling\" class=\"wp-block-tiptip-hyperlink-group-block\">\n<p class=\"wp-block-paragraph\">\ud83d\udd25<\/p>\n\n<div class=\"wp-block-group is-layout-constrained wp-block-group-is-layout-constrained\">\n<h3 class=\"wp-block-heading\">Jag vill sluta spela! <\/h3>\n\n\n\n<h4 class=\"wp-block-heading\">Tr\u00f6tt p\u00e5 att misslyckas, nu vill jag ha hj\u00e4lp f\u00f6r att lyckas.<\/h4>\n<\/div>\n<\/a><\/div>\n\n\n\n<div class=\"wp-block-column is-layout-flow wp-block-column-is-layout-flow\" style=\"flex-basis:33.33%\"><a href=\"https:\/\/sv.quitgamble.com\/coaching\" aria-label=\"Talk to someone\" title=\"Talk to someone\" class=\"wp-block-tiptip-hyperlink-group-block\">\n<p class=\"wp-block-paragraph\">\ud83d\udc4b<\/p>\n\n<div class=\"wp-block-group is-layout-constrained wp-block-group-is-layout-constrained\">\n<h3 class=\"wp-block-heading\">Beh\u00f6ver n\u00e5gon att prata med!<\/h3>\n\n\n\n<h4 class=\"wp-block-heading\">Vill inte g\u00f6ra det h\u00e4r ensam mer.<\/h4>\n<\/div>\n<\/a><\/div>\n\n\n\n<div class=\"wp-block-column is-layout-flow wp-block-column-is-layout-flow\" style=\"flex-basis:33.33%\"><a href=\"https:\/\/sv.quitgamble.com\/control\" aria-label=\"Responsible gambling\" title=\"Responsible gambling\" class=\"wp-block-tiptip-hyperlink-group-block\">\n<p class=\"wp-block-paragraph\">\ud83d\udca1<\/p>\n\n<div class=\"wp-block-group is-layout-grid wp-block-group-is-layout-grid\">\n<h3 class=\"wp-block-heading wp-container-content-69bc4bdf\">Jag vill ha mer kontroll<\/h3>\n\n\n\n<h4 class=\"wp-block-heading\">Vill forts\u00e4tta spela, men jag m\u00e5ste kontrollera spelandet.<\/h4>\n<\/div>\n<\/a><\/div>\n<\/div>\n<\/div>\n\n\n\n<section class=\"wp-block-group is-layout-flow wp-block-group-is-layout-flow\">\n<div class=\"wp-block-columns is-layout-flex wp-block-columns-is-layout-flex\">\n<div class=\"wp-block-column is-layout-flow wp-block-column-is-layout-flow\" style=\"flex-basis:50%\">\n<figure class=\"wp-block-image size-full\"><img loading=\"lazy\" decoding=\"async\" width=\"736\" height=\"562\" src=\"https:\/\/quitgamble.com\/sv\/wp-content\/uploads\/sites\/8\/2023\/01\/Happiness-test-bild-2-forstaelse.png\" alt=\"\" class=\"wp-image-72824\" srcset=\"https:\/\/quitgamble.com\/sv\/wp-content\/uploads\/sites\/8\/2023\/01\/Happiness-test-bild-2-forstaelse.png 736w, https:\/\/quitgamble.com\/sv\/wp-content\/uploads\/sites\/8\/2023\/01\/Happiness-test-bild-2-forstaelse-300x229.png 300w\" sizes=\"auto, (max-width: 736px) 100vw, 736px\" \/><\/figure>\n<\/div>\n\n\n\n<div class=\"wp-block-column is-layout-flow wp-block-column-is-layout-flow\" style=\"flex-basis:50%\">\n<p class=\"wp-block-paragraph\">P\u00e5 QuitGamble.com g\u00f6r vi inget vanligt spelberoende test. V\u00e5rt test svarar inte p\u00e5 fr\u00e5gan: \u201dhar jag spelproblem?\u201d&nbsp; Resultatet av ett spelproblem test vet du s\u00e4kert redan. Ist\u00e4llet g\u00f6r vi n\u00e5got helt annat. Vi hj\u00e4lper dig att identifiera \u201ddin bur\u201d och inspirerar dig att fundera p\u00e5 varf\u00f6r du blev beroende av att spela. Vi tror inte att spelandet \u00e4r det riktiga problem. Spelandet \u00e4r bara ett symptom.<\/p>\n\n\n\n<p class=\"wp-block-paragraph\">F\u00f6r att hj\u00e4lpa dig har vi utvecklat ett unikt test. Vi kallar det Happiness Testet. Genom att unders\u00f6ka hur v\u00e4l dina livsbehov \u00e4r m\u00f6tta kan vi b\u00e4ttre f\u00f6rst\u00e5 hur stor risken \u00e4r att du utvecklar ett spelproblem.<\/p>\n<\/div>\n<\/div>\n\n\n\n<h3 class=\"wp-block-heading\">Maslow\u2019s Behovs Trappa<\/h3>\n\n\n\n<p class=\"wp-block-paragraph\">V\u00e5r motivation \u00e4r starkt f\u00f6rknippad med v\u00e5ra behov. Om du simmar och pl\u00f6tsligt befinner dig under vatten kommer du strunta i respekt fr\u00e5n andra. Allt du t\u00e4nker p\u00e5 \u00e4r ditt behov av luft.<\/p>\n\n\n\n<p class=\"wp-block-paragraph\">Enligt Maslows behovstrappa har alla m\u00e4nniskor 5 behovsniv\u00e5er. De finns individuella variationer, men de flesta f\u00f6ljer modellen:<\/p>\n\n\n\n<div class=\"wp-block-columns is-style-no-gap is-layout-flex wp-block-columns-is-layout-flex\">\n<div class=\"wp-block-column is-layout-flow wp-block-column-is-layout-flow\">\n<figure class=\"wp-block-image size-full\"><img loading=\"lazy\" decoding=\"async\" width=\"718\" height=\"450\" src=\"https:\/\/quitgamble.com\/sv\/wp-content\/uploads\/sites\/8\/2022\/05\/maslow-hierarchy1-1.png\" alt=\"\" class=\"wp-image-71068\" srcset=\"https:\/\/quitgamble.com\/sv\/wp-content\/uploads\/sites\/8\/2022\/05\/maslow-hierarchy1-1.png 718w, https:\/\/quitgamble.com\/sv\/wp-content\/uploads\/sites\/8\/2022\/05\/maslow-hierarchy1-1-300x188.png 300w\" sizes=\"auto, (max-width: 718px) 100vw, 718px\" \/><figcaption class=\"wp-element-caption\">Maslow&#8217;s behovstrappa<\/figcaption><\/figure>\n<\/div>\n\n\n\n<div class=\"wp-block-column is-layout-flow wp-block-column-is-layout-flow\">\n<figure class=\"wp-block-image size-full\"><img loading=\"lazy\" decoding=\"async\" width=\"719\" height=\"450\" src=\"https:\/\/quitgamble.com\/sv\/wp-content\/uploads\/sites\/8\/2022\/05\/maslow-hierarchy2-2.png\" alt=\"\" class=\"wp-image-71070\" srcset=\"https:\/\/quitgamble.com\/sv\/wp-content\/uploads\/sites\/8\/2022\/05\/maslow-hierarchy2-2.png 719w, https:\/\/quitgamble.com\/sv\/wp-content\/uploads\/sites\/8\/2022\/05\/maslow-hierarchy2-2-300x188.png 300w\" sizes=\"auto, (max-width: 719px) 100vw, 719px\" \/><\/figure>\n<\/div>\n<\/div>\n\n\n\n<p class=\"wp-block-paragraph\">Det \u00e4r l\u00e4tt att h\u00e5lla med om att v\u00e5ra fysiska behov p\u00e5 niv\u00e5 1 \u00e4r livsviktiga. Utan luft, vatten, mat och s\u00f6mn kommer vi inte \u00f6verleva l\u00e4nge. P\u00e5 samma s\u00e4tt \u00e4r det viktigare att ha fred och s\u00e4kerhet omkring sig \u00e4n att uppfylla v\u00e5ra sociala behov.<\/p>\n\n\n\n<p class=\"wp-block-paragraph\">F\u00f6r en familj som flyr kriget i Syrien eller Ukraina \u00e4r \u00f6verlevnad det viktigast behovet. I flyktens \u00f6gonblick \u00e4r det viktigare att finna en plats att \u00f6verleva p\u00e5 \u00e4n att k\u00e4nna samh\u00f6righet med m\u00e4nniskorna omkring sig.<\/p>\n\n\n\n<p class=\"wp-block-paragraph\">Det f\u00f6r f\u00f6rst tredje niv\u00e5n \u00e4r inte livsavg\u00f6rande. Men v\u00e5ra sociala behov \u00e4r djupt rotade f\u00f6r m\u00e4nniskans \u00f6verlevnad. Att tillh\u00f6ra en grupp var livsviktigt n\u00e4r vi levde p\u00e5 savannen f\u00f6r 50 000 \u00e5r sedan. Att bli l\u00e4mnad utanf\u00f6r betydde en s\u00e4ker d\u00f6d. Det \u00e4r \u00e4ven v\u00e5r f\u00f6rm\u00e5ga att samarbeta som gjort m\u00e4nniskan \u00f6verl\u00e4gsen alla andra djur.<\/p>\n\n\n\n<p class=\"wp-block-paragraph\">F\u00f6r f\u00f6rsta g\u00e5ngen i v\u00e5r historia kan m\u00e4nniskor leva ensamma. Det betyder dock inte att vi m\u00e5r bra av det. Vi k\u00e4nner oss ensamma n\u00e4r vi inte har andra m\u00e4nniskor omkring oss (ensamhet = sm\u00e4rta). Just ensamhet \u00e4r n\u00e5got vi fokuserar p\u00e5 h\u00e4r p\u00e5 QuitGamble.com.<\/p>\n\n\n\n<p class=\"wp-block-paragraph\">Har du h\u00f6rt talas om inre och yttre motivation? Om du spelar piano varje dag f\u00f6r att du \u00e4lskar att spela piano har du inre motivation f\u00f6r att bli b\u00e4ttre och att spela. Om du \u00e4r konsertpianist kanske du fortfarande \u00e4lskar att spela piano, men du har en yttre motivation som driver dig att bli b\u00e4ttre.<\/p>\n\n\n\n<p class=\"wp-block-paragraph\">F\u00f6renklat, inre motivation \u00e4r saker du g\u00f6r f\u00f6r dig sj\u00e4lv. Yttre motivation \u00e4r drivet du har att g\u00f6ra saker f\u00f6r att andra m\u00e4nniskor ska tycka om dig. Att tj\u00e4na pengar \u00e4r oftast drivet av yttre motivation. Samma sak \u00e4r respekt, status och makt. Flertalet studier visar dock att vi s\u00e4llan bli lyckligare av saker som har med yttre motivation att g\u00f6ra.<\/p>\n\n\n\n<p class=\"wp-block-paragraph\">Undantag, n\u00e4r vi g\u00f6r saker f\u00f6r andra, utan att f\u00f6rv\u00e4nta oss n\u00e5got tillbaka f\u00f6r vi det f\u00f6r tycker om att g\u00f6ra det. (inre motivation). Det k\u00e4nns bra och vi k\u00e4nner oss lyckliga. (Det beror \u00e4ven p\u00e5 att hj\u00e4rnan bel\u00f6nar oss med lyckohormonet Oxytocin.<\/p>\n\n\n\n<p class=\"wp-block-paragraph\"><\/p>\n\n\n\n<div class=\"wp-block-columns is-layout-flex wp-block-columns-is-layout-flex\">\n<div class=\"wp-block-column is-layout-flow wp-block-column-is-layout-flow\">\n<p class=\"wp-block-paragraph\"><strong>Varf\u00f6r ber\u00e4ttar vi allt det? Visst \u00e4r det intressant, men vad \u00e4r po\u00e4ngen?<\/strong><\/p>\n\n\n\n<p class=\"wp-block-paragraph\">Happiness Testet bygger p\u00e5 en koppling mellan hur v\u00e4l dina behov \u00e4r m\u00f6tta och din lyckoniv\u00e5. T ex, om dina sociala behov \u00e4r uppfylld k\u00e4nner du dig glad och lycklig. N\u00e4r dina sociala behov inte \u00e4r uppfyllda k\u00e4nner du dig ensam (sm\u00e4rtsamt).<\/p>\n\n\n\n<figure class=\"wp-block-image size-full\"><img loading=\"lazy\" decoding=\"async\" width=\"480\" height=\"313\" src=\"https:\/\/quitgamble.com\/sv\/wp-content\/uploads\/sites\/8\/2023\/01\/Beroende-utgangspunkt.png\" alt=\"\" class=\"wp-image-72823\" srcset=\"https:\/\/quitgamble.com\/sv\/wp-content\/uploads\/sites\/8\/2023\/01\/Beroende-utgangspunkt.png 480w, https:\/\/quitgamble.com\/sv\/wp-content\/uploads\/sites\/8\/2023\/01\/Beroende-utgangspunkt-300x196.png 300w\" sizes=\"auto, (max-width: 480px) 100vw, 480px\" \/><\/figure>\n<\/div>\n\n\n\n<div class=\"wp-block-column is-layout-flow wp-block-column-is-layout-flow\">\n<p class=\"wp-block-paragraph\">Vi tror sm\u00e4rta \u00e4r orsaken till beroende. F\u00f6rsta steget att bli spelfri \u00e4r d\u00e4rf\u00f6r att f\u00f6rst\u00e5 vad som orsakar sm\u00e4rta i ditt liv. Det \u00e4r just det Happiness testet syftar till. Hj\u00e4lpa dig f\u00f6rst\u00e5 var sm\u00e4rtan kommer ifr\u00e5n.<\/p>\n\n\n\n<p class=\"wp-block-paragraph\">N\u00e4r du vet det, kan du fokusera p\u00e5 ditt arbete p\u00e5 att \u201dr\u00e4tta till\u201d den delen av ditt liv. Om du t ex spelar f\u00f6r att du k\u00e4nner dig ensam och du st\u00e4lla dig fr\u00e5gan: Skulle jag spela lika mycket om jag inte k\u00e4nde mig ensam. Vi har st\u00e4llt den fr\u00e5gan till 100-tals medlemmar och svaret \u00e4r entydigt: \u201dJag skulle spela mindre om jag inte k\u00e4nde mig s\u00e5 ensam.\u201d<\/p>\n\n\n\n<p class=\"wp-block-paragraph\">Att identifiera vad som orsakar sm\u00e4rta \u00e4r ett s\u00e4tt att f\u00f6rst\u00e5 hur \u201ddin bur\u201d ser ut enligt Ratpark experimenten. Du kan l\u00e4sa mer om dem h\u00e4r. V\u00e5rt fokus p\u00e5 <em>QuitGamble.com<\/em> \u00e4r att hj\u00e4lpa dig f\u00f6rst\u00e5 vad som orsaker sm\u00e4rta, och sedan hj\u00e4lpa dig att bli av med den. I v\u00e5r 12 veckors videokurs f\u00e5r du tillg\u00e5ng till<\/p>\n<\/div>\n<\/div>\n\n\n\n<div class=\"wp-block-columns is-layout-flex wp-block-columns-is-layout-flex\">\n<div class=\"wp-block-column is-layout-flow wp-block-column-is-layout-flow\">\n<ol class=\"wp-block-list\">\n<li>En individuell plan f\u00f6r hur du kan sluta spela.<\/li>\n\n\n\n<li>12 moduler f\u00f6r olika delar av ditt liv (stress, ensamhet, m\u00e5l, kommunikation, uttr\u00e5kigad, f\u00f6r\u00e4ndringsplan.<\/li>\n\n\n\n<li>Du kan arbeta med olika videokurser p\u00e5 dina egna villkor.<\/li>\n\n\n\n<li>Du f\u00e5r tillg\u00e5ng till en rad guider och motiverande email.<\/li>\n<\/ol>\n\n\n\n<p class=\"has-text-align-center has-medium-font-size wp-block-paragraph\">Vi vill utmana dig, att utmana dig sj\u00e4lv! Och, vi \u00e4r h\u00e4r f\u00f6r att st\u00f6dja dig p\u00e5 din resa till att bli spelfri.<\/p>\n<\/div>\n\n\n\n<div class=\"wp-block-column is-layout-flow wp-block-column-is-layout-flow\">\n<figure class=\"wp-block-image size-large\"><img loading=\"lazy\" decoding=\"async\" width=\"1024\" height=\"837\" src=\"https:\/\/quitgamble.com\/sv\/wp-content\/uploads\/sites\/8\/2022\/04\/Template042-1024x837.png\" alt=\"QuitGamble community  images\" class=\"wp-image-70731\" srcset=\"https:\/\/quitgamble.com\/sv\/wp-content\/uploads\/sites\/8\/2022\/04\/Template042-1024x837.png 1024w, https:\/\/quitgamble.com\/sv\/wp-content\/uploads\/sites\/8\/2022\/04\/Template042-300x245.png 300w, https:\/\/quitgamble.com\/sv\/wp-content\/uploads\/sites\/8\/2022\/04\/Template042-768x628.png 768w, https:\/\/quitgamble.com\/sv\/wp-content\/uploads\/sites\/8\/2022\/04\/Template042.png 1100w\" sizes=\"auto, (max-width: 1024px) 100vw, 1024px\" \/><figcaption class=\"wp-element-caption\">QuitGamble &#8211; Bilder fr\u00e5n communityn<\/figcaption><\/figure>\n<\/div>\n<\/div>\n\n\n\n<div class=\"wp-block-group funnel-entry__container more-space is-layout-constrained wp-block-group-is-layout-constrained\">\n<h2 class=\"wp-block-heading has-text-align-center has-foreground-color has-text-color has-link-color wp-elements-f2c6dfdf8e0f816d9be5afbaa512f30a\">Hur kan vi Hj\u00e4lpa Dig?<\/h2>\n\n\n\n<div class=\"wp-block-columns svg-buttons is-style-no-gap ticss-04e276f6 funnel-entry is-layout-flex wp-block-columns-is-layout-flex\">\n<div class=\"wp-block-column is-layout-flow wp-block-column-is-layout-flow\" style=\"flex-basis:33.33%\"><a href=\"https:\/\/sv.quitgamble.com\/video\" aria-label=\"Stop Gambling\" title=\"Stop Gambling\" class=\"wp-block-tiptip-hyperlink-group-block\">\n<p class=\"wp-block-paragraph\">\ud83d\udd25<\/p>\n\n<div class=\"wp-block-group is-layout-constrained wp-block-group-is-layout-constrained\">\n<h3 class=\"wp-block-heading\">Jag vill sluta spela! <\/h3>\n\n\n\n<h4 class=\"wp-block-heading\">Tr\u00f6tt p\u00e5 att misslyckas, nu vill jag ha hj\u00e4lp f\u00f6r att lyckas.<\/h4>\n<\/div>\n<\/a><\/div>\n\n\n\n<div class=\"wp-block-column is-layout-flow wp-block-column-is-layout-flow\" style=\"flex-basis:33.33%\"><a href=\"https:\/\/sv.quitgamble.com\/coaching\" aria-label=\"Talk to someone\" title=\"Talk to someone\" class=\"wp-block-tiptip-hyperlink-group-block\">\n<p class=\"wp-block-paragraph\">\ud83d\udc4b<\/p>\n\n<div class=\"wp-block-group is-layout-constrained wp-block-group-is-layout-constrained\">\n<h3 class=\"wp-block-heading\">Beh\u00f6ver n\u00e5gon att prata med!<\/h3>\n\n\n\n<h4 class=\"wp-block-heading\">Vill inte g\u00f6ra det h\u00e4r ensam mer.<\/h4>\n<\/div>\n<\/a><\/div>\n\n\n\n<div class=\"wp-block-column is-layout-flow wp-block-column-is-layout-flow\" style=\"flex-basis:33.33%\"><a href=\"https:\/\/sv.quitgamble.com\/control\" aria-label=\"Responsible gambling\" title=\"Responsible gambling\" class=\"wp-block-tiptip-hyperlink-group-block\">\n<p class=\"wp-block-paragraph\">\ud83d\udca1<\/p>\n\n<div class=\"wp-block-group is-layout-grid wp-block-group-is-layout-grid\">\n<h3 class=\"wp-block-heading wp-container-content-69bc4bdf\">Jag vill ha mer kontroll<\/h3>\n\n\n\n<h4 class=\"wp-block-heading\">Vill forts\u00e4tta spela, men jag m\u00e5ste kontrollera spelandet.<\/h4>\n<\/div>\n<\/a><\/div>\n<\/div>\n<\/div>\n<\/section>\n\n\n\n<section class=\"wp-block-group is-layout-flow wp-block-group-is-layout-flow\">\t<div id=\"respond\" class=\"comment-respond wp-block-post-comments-form\">\n\t\t<h3 id=\"reply-title\" class=\"comment-reply-title\">L\u00e4mna ett svar <small><a rel=\"nofollow\" id=\"cancel-comment-reply-link\" href=\"\/sv\/wp-json\/wp\/v2\/pages\/68637#respond\" style=\"display:none;\">Avbryt svar<\/a><\/small><\/h3><p class=\"must-log-in\">Du m\u00e5ste vara <a href=\"https:\/\/quitgamble.com\/sv\/wp-login.php?redirect_to=https%3A%2F%2Fquitgamble.com%2Fsv%2Fhappiness-testet%2F\">inloggad<\/a> f\u00f6r att publicera en kommentar.<\/p>\t<\/div><!-- #respond -->\n\t<\/section>\n<\/section>\n\n\n\n<p class=\"wp-block-paragraph\"><\/p>\n","protected":false},"excerpt":{"rendered":"<p>Happiness Testet kommer inte s\u00e4ga om du har spelproblem eller inte. Testet fokuserar p\u00e5 att hj\u00e4lpa dig f\u00f6rst\u00e5 vad som orsakar sm\u00e4rta i ditt liv, och d\u00e4rmed varf\u00f6r det \u00e4r [&hellip;]<\/p>\n","protected":false},"author":2,"featured_media":69650,"parent":0,"menu_order":0,"comment_status":"open","ping_status":"closed","template":"","meta":{"_acf_changed":false,"_crdt_document":"","inline_featured_image":false,"footnotes":""},"coauthors":[79],"class_list":["post-68637","page","type-page","status-publish","has-post-thumbnail","hentry"],"acf":[],"_links":{"self":[{"href":"https:\/\/quitgamble.com\/sv\/wp-json\/wp\/v2\/pages\/68637","targetHints":{"allow":["GET"]}}],"collection":[{"href":"https:\/\/quitgamble.com\/sv\/wp-json\/wp\/v2\/pages"}],"about":[{"href":"https:\/\/quitgamble.com\/sv\/wp-json\/wp\/v2\/types\/page"}],"author":[{"embeddable":true,"href":"https:\/\/quitgamble.com\/sv\/wp-json\/wp\/v2\/users\/2"}],"replies":[{"embeddable":true,"href":"https:\/\/quitgamble.com\/sv\/wp-json\/wp\/v2\/comments?post=68637"}],"version-history":[{"count":1,"href":"https:\/\/quitgamble.com\/sv\/wp-json\/wp\/v2\/pages\/68637\/revisions"}],"predecessor-version":[{"id":73687,"href":"https:\/\/quitgamble.com\/sv\/wp-json\/wp\/v2\/pages\/68637\/revisions\/73687"}],"wp:featuredmedia":[{"embeddable":true,"href":"https:\/\/quitgamble.com\/sv\/wp-json\/wp\/v2\/media\/69650"}],"wp:attachment":[{"href":"https:\/\/quitgamble.com\/sv\/wp-json\/wp\/v2\/media?parent=68637"}],"wp:term":[{"taxonomy":"author","embeddable":true,"href":"https:\/\/quitgamble.com\/sv\/wp-json\/wp\/v2\/coauthors?post=68637"}],"curies":[{"name":"wp","href":"https:\/\/api.w.org\/{rel}","templated":true}]}}