{"id":68626,"date":"2022-02-28T09:03:09","date_gmt":"2022-02-28T09:03:09","guid":{"rendered":"https:\/\/quitgamble.com\/sv\/?page_id=68626"},"modified":"2026-04-01T15:22:16","modified_gmt":"2026-04-01T13:22:16","slug":"blockera-casino-sidor","status":"publish","type":"page","link":"https:\/\/quitgamble.com\/sv\/blockera-casino-sidor\/","title":{"rendered":"Blockera Casino Sidor \u2013 Flera enkla s\u00e4tt!"},"content":{"rendered":"<section class=\"wp-block-group guide__hero is-layout-flow wp-block-group-is-layout-flow\">\n<div class=\"wp-block-columns guide__hero is-layout-flex wp-block-columns-is-layout-flex\">\n<div class=\"wp-block-column is-layout-flow wp-block-column-is-layout-flow\" style=\"flex-basis:50%\">\n<div class=\"wp-block-group is-layout-flow wp-block-group-is-layout-flow\"><h1 class=\"wp-block-post-title\">Blockera Casino Sidor &ndash; Flera enkla s&auml;tt!<\/h1>\n\n\n<p class=\"wp-block-paragraph\">Om du vill <a href=\"https:\/\/quitgamble.com\/sv\/9-steg-att-sluta-spela-eller-betta\/\" data-type=\"post\" data-id=\"72758\">sluta spela casino <\/a>eller beh&ouml;ver hj&auml;lp att sluta sportsbetta, rekommenderar vi att du blockerar casino sidor fr&aring;n din mobil och dator.<\/p>\n\n\n\n<p class=\"wp-block-paragraph\">Den h&auml;r guiden handlar om att blockera spelsidor genom sj&auml;lvexkludering som Spelpaus, blockeringsappar, &ndash; och vad du g&ouml;r om en spelsida inte t&auml;cks av Spelpaus.<\/p>\n\n\n\n<div class=\"wp-block-group summary is-layout-flow wp-block-group-is-layout-flow\">\n<h3 class=\"wp-block-heading\">Sammanfattning:<\/h3>\n\n\n\n<ul class=\"wp-block-list\">\n<li>Vad inneb&auml;r det att blocka casino sidor?<\/li>\n\n\n\n<li>Hur hj&auml;lper det dig att sluta spela?<\/li>\n\n\n\n<li>H&auml;r &auml;r dina alternativ!<\/li>\n<\/ul>\n<\/div>\n<\/div>\n<\/div>\n\n\n\n<div class=\"wp-block-column is-layout-flow wp-block-column-is-layout-flow\" style=\"flex-basis:70%\">\n<figure class=\"wp-block-image size-full is-resized\"><img loading=\"lazy\" decoding=\"async\" width=\"925\" height=\"652\" src=\"https:\/\/quitgamble.com\/sv\/wp-content\/uploads\/sites\/8\/2022\/07\/top-image-self-exclusion.png\" alt=\"F&ouml;rdelar med att blockera casino sidor\" class=\"wp-image-72018\" style=\"width:550px;height:388px\" srcset=\"https:\/\/quitgamble.com\/sv\/wp-content\/uploads\/sites\/8\/2022\/07\/top-image-self-exclusion.png 925w, https:\/\/quitgamble.com\/sv\/wp-content\/uploads\/sites\/8\/2022\/07\/top-image-self-exclusion-300x211.png 300w, https:\/\/quitgamble.com\/sv\/wp-content\/uploads\/sites\/8\/2022\/07\/top-image-self-exclusion-768x541.png 768w, https:\/\/quitgamble.com\/sv\/wp-content\/uploads\/sites\/8\/2022\/07\/top-image-self-exclusion-600x423.png 600w\" sizes=\"auto, (max-width: 925px) 100vw, 925px\"><\/figure>\n\n\n\n<div class=\"wp-block-group funnel-entry__container more-space is-layout-constrained wp-block-group-is-layout-constrained\">\n<h2 class=\"wp-block-heading has-text-align-center has-foreground-color has-text-color has-link-color wp-elements-f2c6dfdf8e0f816d9be5afbaa512f30a\">Hur kan vi Hj&auml;lpa Dig?<\/h2>\n\n\n\n<div class=\"wp-block-columns svg-buttons is-style-no-gap ticss-04e276f6 funnel-entry is-layout-flex wp-block-columns-is-layout-flex\">\n<div class=\"wp-block-column is-layout-flow wp-block-column-is-layout-flow\" style=\"flex-basis:33.33%\"><a href=\"https:\/\/sv.quitgamble.com\/video\" aria-label=\"Stop Gambling\" title=\"Stop Gambling\" class=\"wp-block-tiptip-hyperlink-group-block\">\n<p class=\"wp-block-paragraph\">&#128293;<\/p>\n\n<div class=\"wp-block-group is-layout-constrained wp-block-group-is-layout-constrained\">\n<h3 class=\"wp-block-heading\">Jag vill sluta spela! <\/h3>\n\n\n\n<h4 class=\"wp-block-heading\">Tr&ouml;tt p&aring; att misslyckas, nu vill jag ha hj&auml;lp f&ouml;r att lyckas.<\/h4>\n<\/div>\n<\/a><\/div>\n\n\n\n<div class=\"wp-block-column is-layout-flow wp-block-column-is-layout-flow\" style=\"flex-basis:33.33%\"><a href=\"https:\/\/sv.quitgamble.com\/coaching\" aria-label=\"Talk to someone\" title=\"Talk to someone\" class=\"wp-block-tiptip-hyperlink-group-block\">\n<p class=\"wp-block-paragraph\">&#128075;<\/p>\n\n<div class=\"wp-block-group is-layout-constrained wp-block-group-is-layout-constrained\">\n<h3 class=\"wp-block-heading\">Beh&ouml;ver n&aring;gon att prata med!<\/h3>\n\n\n\n<h4 class=\"wp-block-heading\">Vill inte g&ouml;ra det h&auml;r ensam mer.<\/h4>\n<\/div>\n<\/a><\/div>\n\n\n\n<div class=\"wp-block-column is-layout-flow wp-block-column-is-layout-flow\" style=\"flex-basis:33.33%\"><a href=\"https:\/\/sv.quitgamble.com\/control\" aria-label=\"Responsible gambling\" title=\"Responsible gambling\" class=\"wp-block-tiptip-hyperlink-group-block\">\n<p class=\"wp-block-paragraph\">&#128161;<\/p>\n\n<div class=\"wp-block-group is-layout-grid wp-block-group-is-layout-grid\">\n<h3 class=\"wp-block-heading wp-container-content-69bc4bdf\">Jag vill ha mer kontroll<\/h3>\n\n\n\n<h4 class=\"wp-block-heading\">Vill forts&auml;tta spela, men jag m&aring;ste kontrollera spelandet.<\/h4>\n<\/div>\n<\/a><\/div>\n<\/div>\n<\/div>\n<\/div>\n<\/div>\n<\/section><section class=\"wp-block-group is-layout-flow wp-block-group-is-layout-flow\">\n<h2 class=\"wp-block-heading has-text-align-center\" id=\"Introduction\">Tre s&auml;tt att blockera casino sidor<\/h2>\n\n\n\n<p class=\"has-text-align-center wp-block-paragraph\">P&aring; <em>QuitGamble.com<\/em> vill vi hj&auml;lpa dig att sluta spela. Ett viktigt verktyg &auml;r att begr&auml;nsa tillg&aring;ngen till spelm&ouml;jligheter. Att sp&auml;rra casinon &auml;r inte l&ouml;sningen p&aring; ett spelproblem. Men det g&ouml;r tr&ouml;skeln lite h&ouml;gre n&auml;r spelsuget hugger till. Sj&auml;lvexkludering &ndash; att blockera spelsidor &auml;r en bra b&ouml;rjan. H&auml;r &auml;r tre s&auml;tt du kan blockera svenska casinon.<\/p>\n\n\n\n<figure class=\"wp-block-image aligncenter size-large\"><img loading=\"lazy\" decoding=\"async\" width=\"1024\" height=\"534\" src=\"https:\/\/quitgamble.com\/sv\/wp-content\/uploads\/sites\/8\/2022\/07\/self-exclusion-main-image-1024x534.png\" alt=\"3 s&auml;tt att blockera casinosidor\" class=\"wp-image-72020\" srcset=\"https:\/\/quitgamble.com\/sv\/wp-content\/uploads\/sites\/8\/2022\/07\/self-exclusion-main-image-1024x534.png 1024w, https:\/\/quitgamble.com\/sv\/wp-content\/uploads\/sites\/8\/2022\/07\/self-exclusion-main-image-300x157.png 300w, https:\/\/quitgamble.com\/sv\/wp-content\/uploads\/sites\/8\/2022\/07\/self-exclusion-main-image-768x401.png 768w, https:\/\/quitgamble.com\/sv\/wp-content\/uploads\/sites\/8\/2022\/07\/self-exclusion-main-image-600x313.png 600w, https:\/\/quitgamble.com\/sv\/wp-content\/uploads\/sites\/8\/2022\/07\/self-exclusion-main-image.png 1100w\" sizes=\"auto, (max-width: 1024px) 100vw, 1024px\"><figcaption class=\"wp-element-caption\">F&aring; hj&auml;lpa att sluta spela<\/figcaption><\/figure>\n\n\n\n<div class=\"wp-block-columns columns__alternative is-layout-flex wp-block-columns-is-layout-flex\">\n<div class=\"wp-block-column is-style-wider is-layout-flow wp-block-column-is-layout-flow\">\n<ol class=\"wp-block-list\">\n<li>Anm&auml;l dig till <a href=\"https:\/\/spelpaus.se\" target=\"_blank\" data-type=\"URL\" data-id=\"https:\/\/spelpaus.se\" rel=\"noreferrer noopener\">Spelpaus.se<\/a> (Mer om vad spelpaus t&auml;cker l&auml;ngre ner.)<\/li>\n\n\n\n<li>Ladda ner en app som kan blockera casino sidor<\/li>\n\n\n\n<li>Sp&auml;rra ditt spelkonto &ndash; Skicka ett mail till kundtj&auml;nst.<\/li>\n<\/ol>\n\n\n\n<div class=\"wp-block-buttons is-layout-flex wp-block-buttons-is-layout-flex\">\n<div class=\"wp-block-button\"><a class=\"wp-block-button__link wp-element-button\" href=\"https:\/\/quitgamble.com\/register\/\">BLI MEDLEM P&Aring; QUITGAMBLE<\/a><\/div>\n<\/div>\n<\/div>\n\n\n\n<div class=\"wp-block-column is-layout-flow wp-block-column-is-layout-flow\" style=\"flex-basis:35%\">\n<p class=\"wp-block-paragraph\">L&aring;t oss titta n&auml;rmare p&aring; de olika alternativen och hur de hj&auml;lper dig att h&aring;lla dig borta fr&aring;n att spela.<\/p>\n<\/div>\n<\/div>\n<\/section><section class=\"wp-block-group is-layout-flow wp-block-group-is-layout-flow\">\n<div class=\"wp-block-columns is-style-default is-layout-flex wp-block-columns-is-layout-flex\">\n<div class=\"wp-block-column is-layout-flow wp-block-column-is-layout-flow\">\n<h2 class=\"wp-block-heading\">F&ouml;rdelar med att blockera casino sidor<\/h2>\n\n\n\n<p class=\"wp-block-paragraph\">Vi tror att spelande &auml;r ett s&auml;tt att distrahera sig sj&auml;lv fr&aring;n n&aring;got obehagligt. V&aring;r hj&auml;rna &auml;r otrolig, men har sina brister. N&auml;r en <a href=\"https:\/\/quitgamble.com\/sv\/\" data-type=\"URL\" data-id=\"https:\/\/quitgamble.com\/sv\/\">spelberoende<\/a> hj&auml;rna upplever n&aring;gon form av sm&auml;rta kommer den automatiskt skapa ett spelsug. Triggers kan vara stress, ensamhet, oro, l&aring;ngtr&aring;kighet, eller bara en k&auml;nsla man vill undvika. Har du d&aring; blockerat alla spelsidor p&aring; n&auml;tet blir det sv&aring;rare att spela. H&auml;r &auml;r n&aring;gra f&ouml;rdelar:<\/p>\n\n\n\n<ul class=\"wp-block-list\">\n<li>Du kan inte spela p&aring; ett casino du blockerat.<\/li>\n\n\n\n<li>Blocka casinon s&aring; f&aring;r de inte skicka n&aring;gon reklam till dig.<\/li>\n\n\n\n<li>Du &auml;r ett steg n&auml;rmare att sluta spela.<\/li>\n\n\n\n<li>Det hj&auml;lper dig slappna av, f&ouml;r att du vet att du inte kan spela.<\/li>\n\n\n\n<li>Du kan inte &aring;ngra en casino sp&auml;rr f&ouml;rr&auml;n tidsbegr&auml;nsningen g&aring;tt ut.<\/li>\n<\/ul>\n\n\n\n<p class=\"wp-block-paragraph\">Som en anv&auml;ndare av Gamstop (Englands Spelpaus) beskriv det: &rdquo;<em>N&auml;tet var min svaghet. Jag anm&auml;lde mig till Gamstop f&ouml;r n&auml;stan 4 &aring;r sedan och det stoppade allt f&ouml;r mig. Om jag kunde anm&auml;la mig p&aring; livstid skulle jag g&ouml;ra det<\/em>.<\/p>\n<\/div>\n\n\n\n<div class=\"wp-block-column is-layout-flow wp-block-column-is-layout-flow\">\n<figure class=\"wp-block-image size-full\"><img loading=\"lazy\" decoding=\"async\" width=\"677\" height=\"858\" src=\"https:\/\/quitgamble.com\/sv\/wp-content\/uploads\/sites\/8\/2022\/07\/Self-exclusion-advantages.png\" alt=\"F&ouml;rdelarna med att minska din chans att spela casino\" class=\"wp-image-72022\" srcset=\"https:\/\/quitgamble.com\/sv\/wp-content\/uploads\/sites\/8\/2022\/07\/Self-exclusion-advantages.png 677w, https:\/\/quitgamble.com\/sv\/wp-content\/uploads\/sites\/8\/2022\/07\/Self-exclusion-advantages-237x300.png 237w, https:\/\/quitgamble.com\/sv\/wp-content\/uploads\/sites\/8\/2022\/07\/Self-exclusion-advantages-600x760.png 600w\" sizes=\"auto, (max-width: 677px) 100vw, 677px\"><figcaption class=\"wp-element-caption\">En hj&auml;lpande hand! <\/figcaption><\/figure>\n<\/div>\n<\/div>\n<\/section><section class=\"wp-block-group is-layout-flow wp-block-group-is-layout-flow\">\n<h2 class=\"wp-block-heading\">Vad &auml;r Spelpaus?<\/h2>\n\n\n\n<div class=\"wp-block-columns is-layout-flex wp-block-columns-is-layout-flex\">\n<div class=\"wp-block-column is-layout-flow wp-block-column-is-layout-flow\">\n<p class=\"wp-block-paragraph\">En av f&ouml;rdelarna med den svenska spelregleringen &auml;r inf&ouml;randet av ett nationellt spelexkluderingsprogram. Programmet heter Spelpaus och &auml;r ett s&auml;tt att blockera spelsidor gratis. Sverige har en unik f&ouml;rdel j&auml;mf&ouml;rt med andra l&auml;nder eftersom spelpaus kan inte bara kan sp&auml;rra casino sidor p&aring; n&auml;tet utan m&aring;nga fler spelm&ouml;jligheter &auml;n t ex Storbritanniens motsvarighet GamStop. Spelpaus kan:<\/p>\n\n\n\n<ul class=\"wp-block-list\">\n<li>Sp&auml;rra alla onlinecasinon med svensk spellicens<\/li>\n\n\n\n<li>Stoppa bes&ouml;k p&aring; Casino Cosmopol.<\/li>\n\n\n\n<li>Stoppa spel p&aring; automater i barer och restauranger<\/li>\n\n\n\n<li>Stoppa spel p&aring; alla travbanor<\/li>\n\n\n\n<li>Stoppa spel i spelbutiker<\/li>\n<\/ul>\n\n\n\n<p class=\"wp-block-paragraph\">En annan stor f&ouml;rdel med spelpaus, &auml;r att spelbolagen inte f&aring;r skicka direktreklam till dig. M&aring;nga tycker att det &auml;r s&aring; bra att de anm&auml;ler sig till Spelpaus bara av detta sk&auml;l. Reklam i TV och radio kommer man tyv&auml;rr inte undan. S&aring; det &auml;r viktigt att spelpaus kombineras med n&aring;got som hj&auml;lper dig att f&ouml;rst&aring; och hantera ditt spelsug, t ex <em>QuitGamble.com<\/em>.<\/p>\n<\/div>\n\n\n\n<div class=\"wp-block-column is-layout-flow wp-block-column-is-layout-flow\">\n<figure class=\"wp-block-embed is-type-video is-provider-youtube wp-block-embed-youtube wp-embed-aspect-16-9 wp-has-aspect-ratio\"><div class=\"wp-block-embed__wrapper\">\nhttps:\/\/www.youtube.com\/watch?v=LHjbyqBuGQU\n<\/div><figcaption class=\"wp-element-caption\">Introduktionsvideo till Spelpaus<\/figcaption><\/figure>\n<\/div>\n<\/div>\n\n\n\n<h2 class=\"wp-block-heading\">Blockera casino sidor p&aring; n&auml;tet<\/h2>\n\n\n\n<p class=\"wp-block-paragraph\">Casinospel har aldrig varit s&aring; tillg&auml;ngligt som det &auml;r idag. F&ouml;rr i tiden beh&ouml;vde svenskar &aring;ka utomlands eller pallra sig iv&auml;g till n&aring;got av fyra landbaserade casinon i Sverige. Men idag &auml;r allt annorlunda. Det &auml;r bara att &ouml;ppna mobilen. Om du spelar p&aring; n&auml;tet, s&aring; rekommenderar vi att du f&ouml;rst anm&auml;ler dig till Spelpaus och d&auml;refter laddar ner en app som blockerar alla andra spelsidor.<\/p>\n\n\n\n<p class=\"wp-block-paragraph\">Spelpaus t&auml;cker som sagt alla svenska casinon. F&ouml;r att &auml;ven sp&auml;rra utl&auml;ndska spelsidor beh&ouml;ver du anv&auml;nda mobilappar som<\/p>\n\n\n\n<ul class=\"wp-block-list\">\n<li>Gamban &nbsp;<\/li>\n\n\n\n<li>BetBlocker<\/li>\n\n\n\n<li>GamBlock<\/li>\n<\/ul>\n\n\n\n<p class=\"wp-block-paragraph\">Om du vill veta mer om <a href=\"https:\/\/quitgamble.com\/sv\/gamban-recension\/\" data-type=\"post\" data-id=\"67612\">Gamban<\/a> kan du l&auml;sa v&aring;r recension. Vill du veta &auml;nnu mer kan du &auml;ven l&auml;sa den vi skrivit f&ouml;r <a href=\"https:\/\/quitgamble.com\/sv\/betblocker-recension\/\" data-type=\"post\" data-id=\"72501\">BetBlocker<\/a>. Du kan anv&auml;nda dessa appar\/program p&aring; mobilen, datorn och surfplattan.<\/p>\n\n\n\n<p class=\"wp-block-paragraph\">Det finns &auml;ven ett annat alternativ att blockera casinon p&aring; n&auml;tet. Om du har n&aring;gra spelkonton, g&aring; in och aktivt sp&auml;rra casino sidor dig sj&auml;lv. Skriv till kundtj&auml;nst att du har spelproblem eller &auml;r spelberoende, d&aring; m&aring;ste de sp&auml;rra dina spelkonton. Ibland r&auml;cker det med ett mail till kundtj&auml;nst. I andra fall m&aring;ste du logga in p&aring; ditt konto. Under fliken &rdquo;Ansvarsfulltspelande&rdquo; hittar du oftast alternativet att sp&auml;rra casino konto. V&auml;lj det l&auml;ngsta tidsalternativet!<\/p>\n\n\n\n<h2 class=\"wp-block-heading\">Sp&auml;rra casino i mobilen<\/h2>\n\n\n\n<p class=\"wp-block-paragraph\">Det b&auml;sta s&auml;ttet att sp&auml;rra casino i mobilen &auml;r Spelpaus. Ut&ouml;ver det, rekommenderar vi samma sak som f&ouml;r den som spelar online &ndash; att man installerar <a href=\"https:\/\/quitgamble.com\/sv\/gamban-recension\/\" data-type=\"post\" data-id=\"67612\">Gamban<\/a> eller <a href=\"https:\/\/quitgamble.com\/sv\/betblocker-recension\/\" data-type=\"post\" data-id=\"72501\">Betblocker<\/a>. Om du f&ouml;rs&ouml;ker g&aring; in p&aring; en spelsida med Gamban installerat, kommer du bara f&aring; ett felmeddelande &rdquo;<em>Sorry, Gamban has blocked this page<\/em>&rdquo;. B&aring;de Gamban och Betblocker hindrar dig fr&aring;n att installera casino appar p&aring; din telefon, oavsett om du anv&auml;nder Android eller iPhone. Gamban blockerar &auml;ven spel med crypto, skins och fantasy sport.<\/p>\n\n\n\n<h2 class=\"wp-block-heading\">Att blockera casino &auml;r inte l&ouml;sningen<\/h2>\n\n\n\n<p class=\"wp-block-paragraph\">Genom att g&ouml;ra det sv&aring;rare att spela f&aring;r du extra st&ouml;d n&auml;r spelsuget sl&aring;r till. Men ensamt &auml;r det s&auml;llan som sj&auml;lvexkludering fungerar f&ouml;r att hj&auml;lpa dig sluta spela. Om spelsuget finns kvar, &auml;r du troligtvis envis nog att &auml;nd&aring; hitta ett s&auml;tt att spela.<br>D&auml;rf&ouml;r &auml;r det viktigt att du kombinerar blockeringen av spelsidor med ett verktyg som hj&auml;lper dig att arbeta med dig sj&auml;lv. Om det &auml;r sj&auml;lvhj&auml;lpsm&ouml;ten, eller en online plattform som QuitGamble.com, &auml;r helt upp till dig. V&auml;lj n&aring;got som fungerar f&ouml;r dig! <\/p>\n\n\n\n<p class=\"wp-block-paragraph\"><strong>Du &auml;r v&auml;lkommen att bli en del av QuitGamble<\/strong>. Om du &auml;r nyfiken, ta en titt p&aring; introduktionsvideon f&ouml;r alla nya medlemmar.<\/p>\n\n\n<div class=\"wp-block-columns is-layout-flex wp-block-columns-is-layout-flex\">\n<div class=\"wp-block-column is-layout-flow wp-block-column-is-layout-flow\" style=\"flex-basis:25%\"><\/div>\n\n\n<div class=\"wp-block-column is-layout-flow wp-block-column-is-layout-flow\" style=\"flex-basis:50%\"><figure class=\"wp-block-embed is-type-video is-provider-vimeo wp-block-embed-vimeo wp-embed-aspect-16-9 wp-has-aspect-ratio\"><div class=\"wp-block-embed__wrapper\">\n<iframe loading=\"lazy\" src=\"https:\/\/player.vimeo.com\/video\/1109619524?dnt=1&amp;app_id=122963\" width=\"500\" height=\"281\" frameborder=\"0\" allow=\"autoplay; fullscreen; picture-in-picture; clipboard-write; encrypted-media; web-share\" referrerpolicy=\"strict-origin-when-cross-origin\" sandbox=\"allow-scripts allow-same-origin allow-presentation\"><\/iframe>\n\n<\/div><figcaption class=\"wp-element-caption\">V&aring;gar du anta en utmaning? Test v&aring;r v&auml;lkomstutmaning f&ouml;r nya medlemmar som vill sluta spela casino.<\/figcaption><\/figure>\n<\/div>\n\n\n\n<div class=\"wp-block-column is-layout-flow wp-block-column-is-layout-flow\" style=\"flex-basis:25%\"><\/div>\n<\/div>\n\n\n\n<p class=\"wp-block-paragraph\">Det viktigaste &auml;r att du arbetar med dig sj&auml;lv, f&ouml;r l&ouml;sningen p&aring; beroende &auml;r s&auml;llan att bara f&ouml;rs&ouml;ka h&aring;lla sig borta. F&ouml;rr eller senare kommer suget bli f&ouml;r stort. Men, n&auml;r du b&aring;de arbetar med de <strong>underliggande faktorerna till spelberoendet<\/strong> och f&aring;r st&ouml;d av n&aring;got som bannar spelsidor, &auml;r du b&auml;ttre rustad &auml;n n&aring;gonsin f&ouml;rr.<\/p>\n\n\n\n<p class=\"wp-block-paragraph\">Sj&auml;lvexkludering fr&aring;n spelsidor &auml;r en <strong>enkel b&ouml;rjan<\/strong>! <strong>En viktig seger<\/strong> p&aring; v&auml;gen mot det stora slaget om att<strong> ta tillbaka kontrollen &ouml;ver ditt liv<\/strong>.<\/p>\n\n\n\n<p class=\"wp-block-paragraph\">Lycka till!<\/p>\n<\/section><section class=\"wp-block-group is-layout-flow wp-block-group-is-layout-flow\"><\/section>\n","protected":false},"excerpt":{"rendered":"<p>Om du vill sluta spela casino eller beh\u00f6ver hj\u00e4lp att sluta sportsbetta, rekommenderar vi att du blockerar casino sidor fr\u00e5n din mobil och dator. Den h\u00e4r guiden handlar om att [&hellip;]<\/p>\n","protected":false},"author":2,"featured_media":72018,"parent":0,"menu_order":0,"comment_status":"closed","ping_status":"closed","template":"","meta":{"_acf_changed":false,"_crdt_document":"","inline_featured_image":false,"footnotes":""},"coauthors":[79,89],"class_list":["post-68626","page","type-page","status-publish","has-post-thumbnail","hentry"],"acf":[],"_links":{"self":[{"href":"https:\/\/quitgamble.com\/sv\/wp-json\/wp\/v2\/pages\/68626","targetHints":{"allow":["GET"]}}],"collection":[{"href":"https:\/\/quitgamble.com\/sv\/wp-json\/wp\/v2\/pages"}],"about":[{"href":"https:\/\/quitgamble.com\/sv\/wp-json\/wp\/v2\/types\/page"}],"author":[{"embeddable":true,"href":"https:\/\/quitgamble.com\/sv\/wp-json\/wp\/v2\/users\/2"}],"replies":[{"embeddable":true,"href":"https:\/\/quitgamble.com\/sv\/wp-json\/wp\/v2\/comments?post=68626"}],"version-history":[{"count":4,"href":"https:\/\/quitgamble.com\/sv\/wp-json\/wp\/v2\/pages\/68626\/revisions"}],"predecessor-version":[{"id":73748,"href":"https:\/\/quitgamble.com\/sv\/wp-json\/wp\/v2\/pages\/68626\/revisions\/73748"}],"wp:featuredmedia":[{"embeddable":true,"href":"https:\/\/quitgamble.com\/sv\/wp-json\/wp\/v2\/media\/72018"}],"wp:attachment":[{"href":"https:\/\/quitgamble.com\/sv\/wp-json\/wp\/v2\/media?parent=68626"}],"wp:term":[{"taxonomy":"author","embeddable":true,"href":"https:\/\/quitgamble.com\/sv\/wp-json\/wp\/v2\/coauthors?post=68626"}],"curies":[{"name":"wp","href":"https:\/\/api.w.org\/{rel}","templated":true}]}}