{"id":68622,"date":"2022-02-28T09:02:19","date_gmt":"2022-02-28T09:02:19","guid":{"rendered":"https:\/\/quitgamble.com\/sv\/?page_id=68622"},"modified":"2026-04-01T14:48:59","modified_gmt":"2026-04-01T12:48:59","slug":"medlemskap","status":"publish","type":"page","link":"https:\/\/quitgamble.com\/sv\/medlemskap\/","title":{"rendered":"Bli medlem i Communityn"},"content":{"rendered":"\n<section class=\"wp-block-group is-layout-flow wp-block-group-is-layout-flow\">\n<div class=\"wp-block-columns is-layout-flex wp-block-columns-is-layout-flex\">\n<div class=\"wp-block-column is-layout-flow wp-block-column-is-layout-flow\" style=\"flex-basis:50%\">\n<div class=\"wp-block-group is-layout-flow wp-block-group-is-layout-flow\"><h1 class=\"wp-block-post-title\">Bli medlem i Communityn<\/h1>\n\n\n<p class=\"wp-block-paragraph\"><strong>Vi har \u00f6ver 9000 medlemmar, och antalet v\u00e4xer varje dag. V\u00e4lkommen till v\u00e5rt community p\u00e5 QuitGamble.com. Som medlem f\u00e5r du exklusiv tillg\u00e5ng till en rad unika verktyg f\u00f6r att hj\u00e4lpa dig sluta spela.<\/strong><\/p>\n\n\n\n<div class=\"wp-block-group summary is-layout-flow wp-block-group-is-layout-flow\">\n<ul class=\"wp-block-list\">\n<li>Borde du bli medlem?<\/li>\n\n\n\n<li>Unika funktioner p\u00e5 QuitGamble.com<\/li>\n\n\n\n<li>Hur kommer du ig\u00e5ng?<\/li>\n<\/ul>\n<\/div>\n<\/div>\n<\/div>\n\n\n\n<div class=\"wp-block-column is-layout-flow wp-block-column-is-layout-flow\" style=\"flex-basis:65%\">\n<figure class=\"wp-block-image size-full\"><a href=\"https:\/\/www.youtube.com\/watch?v=0UcIYElZBVo&amp;t=7s\" target=\"_blank\" rel=\"noopener\"><img loading=\"lazy\" decoding=\"async\" width=\"900\" height=\"635\" src=\"https:\/\/quitgamble.com\/sv\/wp-content\/uploads\/sites\/8\/2022\/04\/Quit-gamble-community.png\" alt=\"Du \u00e4r inte ensam med ditt spelberoende. V\u00e4lkommen till v\u00e5r st\u00f6dgrupp med massor av verktyg f\u00f6r att hj\u00e4lpa dig sluta spela. \" class=\"wp-image-70457\" srcset=\"https:\/\/quitgamble.com\/sv\/wp-content\/uploads\/sites\/8\/2022\/04\/Quit-gamble-community.png 900w, https:\/\/quitgamble.com\/sv\/wp-content\/uploads\/sites\/8\/2022\/04\/Quit-gamble-community-300x212.png 300w, https:\/\/quitgamble.com\/sv\/wp-content\/uploads\/sites\/8\/2022\/04\/Quit-gamble-community-768x542.png 768w\" sizes=\"auto, (max-width: 900px) 100vw, 900px\" \/><\/a><\/figure>\n<\/div>\n<\/div>\n<\/section>\n\n\n\n<div class=\"wp-block-group funnel-entry__container more-space is-layout-constrained wp-block-group-is-layout-constrained\">\n<h2 class=\"wp-block-heading has-text-align-center has-foreground-color has-text-color has-link-color wp-elements-f2c6dfdf8e0f816d9be5afbaa512f30a\">Hur kan vi Hj\u00e4lpa Dig?<\/h2>\n\n\n\n<div class=\"wp-block-columns svg-buttons is-style-no-gap ticss-04e276f6 funnel-entry is-layout-flex wp-block-columns-is-layout-flex\">\n<div class=\"wp-block-column is-layout-flow wp-block-column-is-layout-flow\" style=\"flex-basis:33.33%\"><a href=\"https:\/\/sv.quitgamble.com\/video\" aria-label=\"Stop Gambling\" title=\"Stop Gambling\" class=\"wp-block-tiptip-hyperlink-group-block\">\n<p class=\"wp-block-paragraph\">\ud83d\udd25<\/p>\n\n<div class=\"wp-block-group is-layout-constrained wp-block-group-is-layout-constrained\">\n<h3 class=\"wp-block-heading\">Jag vill sluta spela! <\/h3>\n\n\n\n<h4 class=\"wp-block-heading\">Tr\u00f6tt p\u00e5 att misslyckas, nu vill jag ha hj\u00e4lp f\u00f6r att lyckas.<\/h4>\n<\/div>\n<\/a><\/div>\n\n\n\n<div class=\"wp-block-column is-layout-flow wp-block-column-is-layout-flow\" style=\"flex-basis:33.33%\"><a href=\"https:\/\/sv.quitgamble.com\/coaching\" aria-label=\"Talk to someone\" title=\"Talk to someone\" class=\"wp-block-tiptip-hyperlink-group-block\">\n<p class=\"wp-block-paragraph\">\ud83d\udc4b<\/p>\n\n<div class=\"wp-block-group is-layout-constrained wp-block-group-is-layout-constrained\">\n<h3 class=\"wp-block-heading\">Beh\u00f6ver n\u00e5gon att prata med!<\/h3>\n\n\n\n<h4 class=\"wp-block-heading\">Vill inte g\u00f6ra det h\u00e4r ensam mer.<\/h4>\n<\/div>\n<\/a><\/div>\n\n\n\n<div class=\"wp-block-column is-layout-flow wp-block-column-is-layout-flow\" style=\"flex-basis:33.33%\"><a href=\"https:\/\/sv.quitgamble.com\/control\" aria-label=\"Responsible gambling\" title=\"Responsible gambling\" class=\"wp-block-tiptip-hyperlink-group-block\">\n<p class=\"wp-block-paragraph\">\ud83d\udca1<\/p>\n\n<div class=\"wp-block-group is-layout-grid wp-block-group-is-layout-grid\">\n<h3 class=\"wp-block-heading wp-container-content-69bc4bdf\">Jag vill ha mer kontroll<\/h3>\n\n\n\n<h4 class=\"wp-block-heading\">Vill forts\u00e4tta spela, men jag m\u00e5ste kontrollera spelandet.<\/h4>\n<\/div>\n<\/a><\/div>\n<\/div>\n<\/div>\n\n\n\n<section class=\"wp-block-group is-layout-flow wp-block-group-is-layout-flow\">\n<div class=\"wp-block-columns is-layout-flex wp-block-columns-is-layout-flex\">\n<div class=\"wp-block-column is-layout-flow wp-block-column-is-layout-flow\">\n<h2 class=\"wp-block-heading\">Om du tror&#8230;<\/h2>\n\n\n\n<p class=\"is-style-right-border wp-block-paragraph\"><strong>Vi tror att sm\u00e4rta \u00e4r roten till beroende. Att spela \u00e4r bara ett s\u00e4tt att undvika sm\u00e4rta. Den stunden n\u00e4r vi k\u00e4nner oss fria, d\u00e5 vi kanske inte k\u00e4nner n\u00e5gonting, \u00e4r det som vi blir beroende av. Kan du relatera till det?<\/strong><\/p>\n\n\n\n<figure class=\"wp-block-image size-full\"><img loading=\"lazy\" decoding=\"async\" width=\"615\" height=\"434\" src=\"https:\/\/quitgamble.com\/sv\/wp-content\/uploads\/sites\/8\/2022\/03\/if-you-believe.png\" alt=\"Sj\u00e4lvhj\u00e4lpskurs f\u00f6r att sluta spela\" class=\"wp-image-69166\" srcset=\"https:\/\/quitgamble.com\/sv\/wp-content\/uploads\/sites\/8\/2022\/03\/if-you-believe.png 615w, https:\/\/quitgamble.com\/sv\/wp-content\/uploads\/sites\/8\/2022\/03\/if-you-believe-300x212.png 300w\" sizes=\"auto, (max-width: 615px) 100vw, 615px\" \/><\/figure>\n<\/div>\n\n\n\n<div class=\"wp-block-column is-layout-flow wp-block-column-is-layout-flow\">\n<p class=\"wp-block-paragraph\">Tror du att du skulle spela mindre, om du k\u00e4nde dig mindre ensam, uttr\u00e5kad eller orolig? <a href=\"https:\/\/quitgamble.com\/happiness-test\/\" data-type=\"page\" data-id=\"72700\">Vad tror du driver ditt spelberoende?<\/a> Kanske \u00e4r det stress, d\u00e5lig sj\u00e4lvk\u00e4nsla eller att saker k\u00e4nns meningsl\u00f6sa. P\u00e5 QuitGamble.com vill vi hj\u00e4lpa dig att identifiera vad som orsakar din sm\u00e4rta och hj\u00e4lpa dig minska eller eliminera den.<\/p>\n\n\n\n<p class=\"wp-block-paragraph\">Om du delar v\u00e5r syn p\u00e5 sm\u00e4rta och beroende, d\u00e5 \u00e4r QuitGamble.com det b\u00e4sta sj\u00e4lvhj\u00e4lpsverktyget f\u00f6r dig att \u00e5terta kontrollen \u00f6ver ditt liv.<\/p>\n\n\n\n<p class=\"wp-block-paragraph\">Har du gjort Happiness Testet \u00e4n? Om inte, hittar du en l\u00e4nk nedan. Om du redan gjort det, kan du ans\u00f6ka om gratis medlemskap h\u00e4r nedan.<\/p>\n<\/div>\n<\/div>\n<\/section>\n\n\n\n<section class=\"wp-block-group is-layout-flow wp-block-group-is-layout-flow\">\n<h2 class=\"wp-block-heading\">Vad du kan f\u00f6rv\u00e4nta dig\u2026<\/h2>\n\n\n\n<p class=\"has-text-align-center wp-block-paragraph\"><strong>Vi har utvecklat QuitGamble.com f\u00f6r att hj\u00e4lpa dig sluta spela. Du kan anv\u00e4nda plattformen och mobilappen <em>Quit Gamble 24\/7<\/em>, hemma i soffan. Plocka upp mobilen, ladda ner appen och bli medlem i online communityn.<\/strong><\/p>\n\n\n\n<figure class=\"wp-block-image aligncenter size-large\"><img loading=\"lazy\" decoding=\"async\" width=\"1024\" height=\"549\" src=\"https:\/\/quitgamble.com\/sv\/wp-content\/uploads\/sites\/8\/2022\/03\/what-can-you-expect-1024x549.png\" alt=\"Kurser f\u00f6r spelmissbrukare - Bli av med ditt spelberoende\" class=\"wp-image-69167\" srcset=\"https:\/\/quitgamble.com\/sv\/wp-content\/uploads\/sites\/8\/2022\/03\/what-can-you-expect-1024x549.png 1024w, https:\/\/quitgamble.com\/sv\/wp-content\/uploads\/sites\/8\/2022\/03\/what-can-you-expect-300x161.png 300w, https:\/\/quitgamble.com\/sv\/wp-content\/uploads\/sites\/8\/2022\/03\/what-can-you-expect-768x412.png 768w, https:\/\/quitgamble.com\/sv\/wp-content\/uploads\/sites\/8\/2022\/03\/what-can-you-expect.png 1100w\" sizes=\"auto, (max-width: 1024px) 100vw, 1024px\" \/><\/figure>\n\n\n\n<div class=\"wp-block-columns columns__alternative is-layout-flex wp-block-columns-is-layout-flex\">\n<div class=\"wp-block-column is-layout-flow wp-block-column-is-layout-flow\">\n<p class=\"has-text-align-center wp-block-paragraph\"><em><a href=\"https:\/\/quitgamble.com\/sv\/\" target=\"_blank\" data-type=\"URL\" data-id=\"https:\/\/quitgamble.com\/sv\/\" rel=\"noreferrer noopener\">QuitGamble.com<\/a><\/em> \u00e4r ett alternativ till st\u00f6dm\u00f6ten och dyra bes\u00f6k hos psykologen. Hos oss kan du vara helt anonym och du beh\u00f6ver inte medge att du har spelproblem f\u00f6r n\u00e5gon f\u00f6r att bli v\u00e4lkommen in.<\/p>\n\n\n\n<p class=\"is-style-swoosh wp-block-paragraph\"><strong>H\u00e4r \u00e4r n\u00e5gra av v\u00e5ra funktioner:<\/strong><\/p>\n<\/div>\n\n\n\n<div class=\"wp-block-column is-layout-flow wp-block-column-is-layout-flow\">\n<ul class=\"wp-block-list\">\n<li>120+ Animerade Videos<\/li>\n\n\n\n<li>Videokurser<\/li>\n\n\n\n<li>Mobilappen Quit Gamble<\/li>\n\n\n\n<li>Socialtn\u00e4tverk med +5000 Medlemmar<\/li>\n<\/ul>\n<\/div>\n\n\n\n<div class=\"wp-block-column is-layout-flow wp-block-column-is-layout-flow\">\n<ul class=\"wp-block-list\">\n<li>En rad Unika guider<\/li>\n\n\n\n<li>Guides<\/li>\n\n\n\n<li>Emails och P\u00e5minnelser<\/li>\n<\/ul>\n<\/div>\n<\/div>\n\n\n\n<div class=\"wp-block-group funnel-entry__container more-space is-layout-constrained wp-block-group-is-layout-constrained\">\n<h2 class=\"wp-block-heading has-text-align-center has-foreground-color has-text-color has-link-color wp-elements-f2c6dfdf8e0f816d9be5afbaa512f30a\">Hur kan vi Hj\u00e4lpa Dig?<\/h2>\n\n\n\n<div class=\"wp-block-columns svg-buttons is-style-no-gap ticss-04e276f6 funnel-entry is-layout-flex wp-block-columns-is-layout-flex\">\n<div class=\"wp-block-column is-layout-flow wp-block-column-is-layout-flow\" style=\"flex-basis:33.33%\"><a href=\"https:\/\/sv.quitgamble.com\/video\" aria-label=\"Stop Gambling\" title=\"Stop Gambling\" class=\"wp-block-tiptip-hyperlink-group-block\">\n<p class=\"wp-block-paragraph\">\ud83d\udd25<\/p>\n\n<div class=\"wp-block-group is-layout-constrained wp-block-group-is-layout-constrained\">\n<h3 class=\"wp-block-heading\">Jag vill sluta spela! <\/h3>\n\n\n\n<h4 class=\"wp-block-heading\">Tr\u00f6tt p\u00e5 att misslyckas, nu vill jag ha hj\u00e4lp f\u00f6r att lyckas.<\/h4>\n<\/div>\n<\/a><\/div>\n\n\n\n<div class=\"wp-block-column is-layout-flow wp-block-column-is-layout-flow\" style=\"flex-basis:33.33%\"><a href=\"https:\/\/sv.quitgamble.com\/coaching\" aria-label=\"Talk to someone\" title=\"Talk to someone\" class=\"wp-block-tiptip-hyperlink-group-block\">\n<p class=\"wp-block-paragraph\">\ud83d\udc4b<\/p>\n\n<div class=\"wp-block-group is-layout-constrained wp-block-group-is-layout-constrained\">\n<h3 class=\"wp-block-heading\">Beh\u00f6ver n\u00e5gon att prata med!<\/h3>\n\n\n\n<h4 class=\"wp-block-heading\">Vill inte g\u00f6ra det h\u00e4r ensam mer.<\/h4>\n<\/div>\n<\/a><\/div>\n\n\n\n<div class=\"wp-block-column is-layout-flow wp-block-column-is-layout-flow\" style=\"flex-basis:33.33%\"><a href=\"https:\/\/sv.quitgamble.com\/control\" aria-label=\"Responsible gambling\" title=\"Responsible gambling\" class=\"wp-block-tiptip-hyperlink-group-block\">\n<p class=\"wp-block-paragraph\">\ud83d\udca1<\/p>\n\n<div class=\"wp-block-group is-layout-grid wp-block-group-is-layout-grid\">\n<h3 class=\"wp-block-heading wp-container-content-69bc4bdf\">Jag vill ha mer kontroll<\/h3>\n\n\n\n<h4 class=\"wp-block-heading\">Vill forts\u00e4tta spela, men jag m\u00e5ste kontrollera spelandet.<\/h4>\n<\/div>\n<\/a><\/div>\n<\/div>\n<\/div>\n<\/section>\n\n\n\n<section class=\"wp-block-group is-layout-flow wp-block-group-is-layout-flow\">\n<h2 class=\"wp-block-heading\">S\u00e5 h\u00e4r kommer du ig\u00e5ng!<\/h2>\n\n\n\n<figure class=\"wp-block-image aligncenter size-large\"><img loading=\"lazy\" decoding=\"async\" width=\"1024\" height=\"515\" src=\"https:\/\/quitgamble.com\/sv\/wp-content\/uploads\/sites\/8\/2022\/03\/lets-get-started-1024x515.png\" alt=\"S\u00e5 h\u00e4r kommer du ig\u00e5ng p\u00e5 QuitGamble.com\" class=\"wp-image-69168\" srcset=\"https:\/\/quitgamble.com\/sv\/wp-content\/uploads\/sites\/8\/2022\/03\/lets-get-started-1024x515.png 1024w, https:\/\/quitgamble.com\/sv\/wp-content\/uploads\/sites\/8\/2022\/03\/lets-get-started-300x151.png 300w, https:\/\/quitgamble.com\/sv\/wp-content\/uploads\/sites\/8\/2022\/03\/lets-get-started-768x386.png 768w, https:\/\/quitgamble.com\/sv\/wp-content\/uploads\/sites\/8\/2022\/03\/lets-get-started.png 1100w\" sizes=\"auto, (max-width: 1024px) 100vw, 1024px\" \/><\/figure>\n\n\n\n<div class=\"wp-block-columns columns__alternative is-layout-flex wp-block-columns-is-layout-flex\">\n<div class=\"wp-block-column is-layout-flow wp-block-column-is-layout-flow\">\n<p class=\"wp-block-paragraph\">Det \u00e4r inte enkelt att sluta spela. Det \u00e4r en l\u00e5ng resa, men om du arbetar med dig sj\u00e4lv kommer det inte bara bli l\u00e4ttare att sluta spela. Du kommer \u00e4ven bli en lyckligare person.<\/p>\n\n\n\n<p class=\"wp-block-paragraph\"><em>\u201cThe definition of insanity is doing the same thing over and over again but expecting different results.\u201d<\/em> \/\/ Albert Einstein<\/p>\n\n\n\n<p class=\"wp-block-paragraph\">Om du tidigare misslyckats att bli spelfri, s\u00e5 kan det vara dags att prova n\u00e5got nytt. Skapa den f\u00f6r\u00e4ndring du beh\u00f6ver f\u00f6r att lyckas. Med verktygen och v\u00e5r medlemsgrupp kommer vi g\u00f6ra allt f\u00f6r att bli det b\u00e4sta st\u00f6det f\u00f6r dig.<\/p>\n\n\n\n<p class=\"has-text-align-center wp-block-paragraph\"><strong>S\u00e5 h\u00e4r b\u00f6rjar du!<\/strong><\/p>\n\n\n\n<figure class=\"wp-block-image alignright size-full hide-mobile\"><img loading=\"lazy\" decoding=\"async\" width=\"263\" height=\"118\" src=\"https:\/\/quitgamble.com\/sv\/wp-content\/uploads\/sites\/8\/2022\/03\/arrow-right-top.png\" alt=\"\" class=\"wp-image-69114\"\/><\/figure>\n<\/div>\n\n\n\n<div class=\"wp-block-column is-layout-flow wp-block-column-is-layout-flow\">\n<ol class=\"wp-block-list\">\n<li>G\u00f6r Happiness Testet<\/li>\n\n\n\n<li>Bli medlem och s\u00e4g Hej i communityn<\/li>\n\n\n\n<li>Fr\u00e5ga dig sj\u00e4lv vad spelandet g\u00f6r f\u00f6r dig.<\/li>\n\n\n\n<li>L\u00e4s om andras erfarenheter och kanske dela dina<\/li>\n\n\n\n<li>B\u00f6rja arbeta med din f\u00f6r\u00e4ndringsplan. (Change Plan)<\/li>\n<\/ol>\n<\/div>\n<\/div>\n\n\n\n<div class=\"wp-block-group funnel-entry__container more-space is-layout-constrained wp-block-group-is-layout-constrained\">\n<h2 class=\"wp-block-heading has-text-align-center has-foreground-color has-text-color has-link-color wp-elements-f2c6dfdf8e0f816d9be5afbaa512f30a\">Hur kan vi Hj\u00e4lpa Dig?<\/h2>\n\n\n\n<div class=\"wp-block-columns svg-buttons is-style-no-gap ticss-04e276f6 funnel-entry is-layout-flex wp-block-columns-is-layout-flex\">\n<div class=\"wp-block-column is-layout-flow wp-block-column-is-layout-flow\" style=\"flex-basis:33.33%\"><a href=\"https:\/\/sv.quitgamble.com\/video\" aria-label=\"Stop Gambling\" title=\"Stop Gambling\" class=\"wp-block-tiptip-hyperlink-group-block\">\n<p class=\"wp-block-paragraph\">\ud83d\udd25<\/p>\n\n<div class=\"wp-block-group is-layout-constrained wp-block-group-is-layout-constrained\">\n<h3 class=\"wp-block-heading\">Jag vill sluta spela! <\/h3>\n\n\n\n<h4 class=\"wp-block-heading\">Tr\u00f6tt p\u00e5 att misslyckas, nu vill jag ha hj\u00e4lp f\u00f6r att lyckas.<\/h4>\n<\/div>\n<\/a><\/div>\n\n\n\n<div class=\"wp-block-column is-layout-flow wp-block-column-is-layout-flow\" style=\"flex-basis:33.33%\"><a href=\"https:\/\/sv.quitgamble.com\/coaching\" aria-label=\"Talk to someone\" title=\"Talk to someone\" class=\"wp-block-tiptip-hyperlink-group-block\">\n<p class=\"wp-block-paragraph\">\ud83d\udc4b<\/p>\n\n<div class=\"wp-block-group is-layout-constrained wp-block-group-is-layout-constrained\">\n<h3 class=\"wp-block-heading\">Beh\u00f6ver n\u00e5gon att prata med!<\/h3>\n\n\n\n<h4 class=\"wp-block-heading\">Vill inte g\u00f6ra det h\u00e4r ensam mer.<\/h4>\n<\/div>\n<\/a><\/div>\n\n\n\n<div class=\"wp-block-column is-layout-flow wp-block-column-is-layout-flow\" style=\"flex-basis:33.33%\"><a href=\"https:\/\/sv.quitgamble.com\/control\" aria-label=\"Responsible gambling\" title=\"Responsible gambling\" class=\"wp-block-tiptip-hyperlink-group-block\">\n<p class=\"wp-block-paragraph\">\ud83d\udca1<\/p>\n\n<div class=\"wp-block-group is-layout-grid wp-block-group-is-layout-grid\">\n<h3 class=\"wp-block-heading wp-container-content-69bc4bdf\">Jag vill ha mer kontroll<\/h3>\n\n\n\n<h4 class=\"wp-block-heading\">Vill forts\u00e4tta spela, men jag m\u00e5ste kontrollera spelandet.<\/h4>\n<\/div>\n<\/a><\/div>\n<\/div>\n<\/div>\n<\/section>\n\n\n\n<section class=\"wp-block-group is-layout-flow wp-block-group-is-layout-flow\">\n<h2 class=\"wp-block-heading\">Kontakta Oss<\/h2>\n\n\n<\/section>\n","protected":false},"excerpt":{"rendered":"<p>Vi har \u00f6ver 9000 medlemmar, och antalet v\u00e4xer varje dag. V\u00e4lkommen till v\u00e5rt community p\u00e5 QuitGamble.com. Som medlem f\u00e5r du exklusiv tillg\u00e5ng till en rad unika verktyg f\u00f6r att hj\u00e4lpa [&hellip;]<\/p>\n","protected":false},"author":2,"featured_media":0,"parent":0,"menu_order":0,"comment_status":"closed","ping_status":"closed","template":"","meta":{"_acf_changed":false,"_crdt_document":"","inline_featured_image":false,"footnotes":""},"coauthors":[80],"class_list":["post-68622","page","type-page","status-publish","hentry"],"acf":[],"_links":{"self":[{"href":"https:\/\/quitgamble.com\/sv\/wp-json\/wp\/v2\/pages\/68622","targetHints":{"allow":["GET"]}}],"collection":[{"href":"https:\/\/quitgamble.com\/sv\/wp-json\/wp\/v2\/pages"}],"about":[{"href":"https:\/\/quitgamble.com\/sv\/wp-json\/wp\/v2\/types\/page"}],"author":[{"embeddable":true,"href":"https:\/\/quitgamble.com\/sv\/wp-json\/wp\/v2\/users\/2"}],"replies":[{"embeddable":true,"href":"https:\/\/quitgamble.com\/sv\/wp-json\/wp\/v2\/comments?post=68622"}],"version-history":[{"count":2,"href":"https:\/\/quitgamble.com\/sv\/wp-json\/wp\/v2\/pages\/68622\/revisions"}],"predecessor-version":[{"id":73692,"href":"https:\/\/quitgamble.com\/sv\/wp-json\/wp\/v2\/pages\/68622\/revisions\/73692"}],"wp:attachment":[{"href":"https:\/\/quitgamble.com\/sv\/wp-json\/wp\/v2\/media?parent=68622"}],"wp:term":[{"taxonomy":"author","embeddable":true,"href":"https:\/\/quitgamble.com\/sv\/wp-json\/wp\/v2\/coauthors?post=68622"}],"curies":[{"name":"wp","href":"https:\/\/api.w.org\/{rel}","templated":true}]}}