{"id":69113,"date":"2022-03-24T17:02:15","date_gmt":"2022-03-24T17:02:15","guid":{"rendered":"https:\/\/quitgamble.com\/fr\/?page_id=69113"},"modified":"2026-04-01T14:50:34","modified_gmt":"2026-04-01T12:50:34","slug":"a-propos-de-nous","status":"publish","type":"page","link":"https:\/\/quitgamble.com\/fr\/a-propos-de-nous\/","title":{"rendered":"\u00c0 Propos de Nous"},"content":{"rendered":"\n<section class=\"wp-block-group guide__hero is-layout-flow wp-block-group-is-layout-flow\">\n<div class=\"wp-block-columns is-layout-flex wp-block-columns-is-layout-flex\">\n<div class=\"wp-block-column is-layout-flow wp-block-column-is-layout-flow\" style=\"flex-basis:50%\">\n<div class=\"wp-block-group is-layout-flow wp-block-group-is-layout-flow\"><h1 class=\"wp-block-post-title\">\u00c0 Propos de Nous<\/h1>\n\n\n<p class=\"wp-block-paragraph\"><em>Qui se cache derri\u00e8re QG ? Qu&rsquo;est-ce qui motive le d\u00e9veloppement de QG ? \u00c0 quoi ressemble l&rsquo;avenir ? Envie de collaborer ? Sur cette page, vous trouverez tout ce que vous devez savoir sur nous. Voici nos principaux d\u00e9fis :<\/em><\/p>\n\n\n\n<div class=\"wp-block-group is-layout-flow wp-block-group-is-layout-flow\">\n<ul class=\"wp-block-list\">\n<li>Cr\u00e9er un outil efficace pour aider les gens \u00e0 se lib\u00e9rer<\/li>\n\n\n\n<li>Rendre le processus amusant et engageant<\/li>\n\n\n\n<li>+80% des joueurs probl\u00e9matiques ne cherchent pas d&rsquo;aide. Comment les atteindre ?<\/li>\n<\/ul>\n<\/div>\n<\/div>\n<\/div>\n\n\n\n<div class=\"wp-block-column is-layout-flow wp-block-column-is-layout-flow\" style=\"flex-basis:50%\">\n<figure class=\"wp-block-image size-full\"><img loading=\"lazy\" decoding=\"async\" width=\"933\" height=\"654\" src=\"https:\/\/quitgamble.com\/fr\/wp-content\/uploads\/sites\/12\/2022\/03\/about-us-main.png\" alt=\"\" class=\"wp-image-69199\" srcset=\"https:\/\/quitgamble.com\/fr\/wp-content\/uploads\/sites\/12\/2022\/03\/about-us-main.png 933w, https:\/\/quitgamble.com\/fr\/wp-content\/uploads\/sites\/12\/2022\/03\/about-us-main-300x210.png 300w, https:\/\/quitgamble.com\/fr\/wp-content\/uploads\/sites\/12\/2022\/03\/about-us-main-768x538.png 768w\" sizes=\"auto, (max-width: 933px) 100vw, 933px\" \/><\/figure>\n<\/div>\n<\/div>\n\n\n\n<div class=\"wp-block-columns is-layout-flex wp-block-columns-is-layout-flex\">\n<div class=\"wp-block-column is-layout-flow wp-block-column-is-layout-flow\">\n<figure class=\"wp-block-image size-full\"><img loading=\"lazy\" decoding=\"async\" width=\"770\" height=\"346\" src=\"https:\/\/quitgamble.com\/fr\/wp-content\/uploads\/sites\/12\/2022\/04\/Quitgamble-MISSION.png\" alt=\"QuitGamble Mission:  We\u2019re challenging the status quo of addiction through an open mind and by embracing technology to make the process of stop gambling fun, engaging and about something more than just quitting. \" class=\"wp-image-70971\" srcset=\"https:\/\/quitgamble.com\/fr\/wp-content\/uploads\/sites\/12\/2022\/04\/Quitgamble-MISSION.png 770w, https:\/\/quitgamble.com\/fr\/wp-content\/uploads\/sites\/12\/2022\/04\/Quitgamble-MISSION-300x135.png 300w, https:\/\/quitgamble.com\/fr\/wp-content\/uploads\/sites\/12\/2022\/04\/Quitgamble-MISSION-768x345.png 768w\" sizes=\"auto, (max-width: 770px) 100vw, 770px\" \/><\/figure>\n<\/div>\n\n\n\n<div class=\"wp-block-column is-layout-flow wp-block-column-is-layout-flow\">\n<figure class=\"wp-block-image size-full\"><img loading=\"lazy\" decoding=\"async\" width=\"770\" height=\"346\" src=\"https:\/\/quitgamble.com\/fr\/wp-content\/uploads\/sites\/12\/2022\/04\/Quitgamble-VISION.png\" alt=\"QuitGamble Vision:  Through QG, we want to help people break free from gambling addiction by helping them reduce pain, and become happier. We aim to be the go-to platform people choose if they want to stop gambling. \" class=\"wp-image-70972\" srcset=\"https:\/\/quitgamble.com\/fr\/wp-content\/uploads\/sites\/12\/2022\/04\/Quitgamble-VISION.png 770w, https:\/\/quitgamble.com\/fr\/wp-content\/uploads\/sites\/12\/2022\/04\/Quitgamble-VISION-300x135.png 300w, https:\/\/quitgamble.com\/fr\/wp-content\/uploads\/sites\/12\/2022\/04\/Quitgamble-VISION-768x345.png 768w\" sizes=\"auto, (max-width: 770px) 100vw, 770px\" \/><\/figure>\n<\/div>\n<\/div>\n\n\n\n<div class=\"wp-block-group funnel-entry__container more-space is-layout-constrained wp-block-group-is-layout-constrained\">\n<h2 class=\"wp-block-heading has-text-align-center has-foreground-color has-text-color has-link-color wp-elements-ad5edebcc2e570e3bf3e015d48ec7538\">Comment pouvons-nous vous aider ?<\/h2>\n\n\n\n<div class=\"wp-block-columns svg-buttons is-style-no-gap ticss-04e276f6 funnel-entry is-layout-flex wp-block-columns-is-layout-flex\">\n<div class=\"wp-block-column is-layout-flow wp-block-column-is-layout-flow\" style=\"flex-basis:33.33%\"><a href=\"https:\/\/fr.quitgamble.com\/video\"  aria-label=\"Stop Gambling\" title=\"Stop Gambling\" class=\"wp-block-tiptip-hyperlink-group-block\" >\n<p class=\"wp-block-paragraph\">\ud83d\udd25<\/p>\n\n<div class=\"wp-block-group is-layout-constrained wp-block-group-is-layout-constrained\">\n<h3 class=\"wp-block-heading\">Je veux arr\u00eater de jouer<\/h3>\n\n\n\n<h4 class=\"wp-block-heading\">J\u2019en ai marre de rechuter \u2013 j\u2019ai besoin d\u2019aide !<\/h4>\n<\/div>\n<\/a><\/div>\n\n\n\n<div class=\"wp-block-column is-layout-flow wp-block-column-is-layout-flow\" style=\"flex-basis:33.33%\"><a href=\"https:\/\/fr.quitgamble.com\/coaching\"  aria-label=\"Talk to someone\" title=\"Talk to someone\" class=\"wp-block-tiptip-hyperlink-group-block\" >\n<p class=\"wp-block-paragraph\">\ud83d\udc4b<\/p>\n\n<div class=\"wp-block-group is-layout-constrained wp-block-group-is-layout-constrained\">\n<h3 class=\"wp-block-heading\">Besoin de parler \u00e0 quelqu\u2019un<\/h3>\n\n\n\n<h4 class=\"wp-block-heading\">Je ne veux pas faire \u00e7a tout seul.<\/h4>\n<\/div>\n<\/a><\/div>\n\n\n\n<div class=\"wp-block-column is-layout-flow wp-block-column-is-layout-flow\" style=\"flex-basis:33.33%\"><a href=\"https:\/\/fr.quitgamble.com\/control\"  aria-label=\"Responsible gambling\" title=\"Responsible gambling\" class=\"wp-block-tiptip-hyperlink-group-block\" >\n<p class=\"wp-block-paragraph\">\ud83d\udca1<\/p>\n\n<div class=\"wp-block-group is-layout-grid wp-block-group-is-layout-grid\">\n<h3 class=\"wp-block-heading\">Je veux plus de contr\u00f4le<\/h3>\n\n\n\n<h4 class=\"wp-block-heading wp-container-content-69bc4bdf\">Je veux jouer, mais je dois me contr\u00f4ler.<\/h4>\n<\/div>\n<\/a><\/div>\n<\/div>\n<\/div>\n\n\n\n<div class=\"wp-block-columns is-layout-flex wp-block-columns-is-layout-flex\">\n<div class=\"wp-block-column is-layout-flow wp-block-column-is-layout-flow\">\n<h2 class=\"wp-block-heading\">Je Ne Suis Pas&#8230;<\/h2>\n\n\n\n<ul class=\"wp-block-list\">\n<li>Je ne suis pas m\u00e9decin, ni titulaire d&rsquo;un doctorat en psychologie. J&rsquo;ai des dipl\u00f4mes en ing\u00e9nierie et en \u00e9conomie.<\/li>\n\n\n\n<li>Je ne viens pas d&rsquo;une famille bris\u00e9e. J&rsquo;ai eu une enfance fantastique avec des parents incroyables.<\/li>\n\n\n\n<li>Je ne suis pas un ancien accro du jeu, et je n&rsquo;ai pas travaill\u00e9 avec des accros pendant les 20 derni\u00e8res ann\u00e9es. D&rsquo;accord, mon p\u00e8re m&rsquo;a initi\u00e9 aux jeux de cartes et \u00e0 la roulette \u00e0 l&rsquo;\u00e2ge de 5 ans, et j&rsquo;ai probablement trop jou\u00e9 au poker en ligne dans la vingtaine. Mais je n&rsquo;ai jamais consid\u00e9r\u00e9 cela comme un probl\u00e8me.<\/li>\n\n\n\n<li>Je ne suis pas financ\u00e9 par des dons d&rsquo;une organisation caritative r\u00e9put\u00e9e comme Gamble Aware. QG est financ\u00e9 par l&rsquo;argent des jeux. J&rsquo;ai travaill\u00e9 dans l&rsquo;industrie du jeu pendant 7 ans. Mon entreprise comparait les casinos en ligne. Nous avons encore quelques sites, m\u00eame si nous ne travaillons plus avec eux. La principale raison pour laquelle nous conservons ces sites est de vendre des backlinks dessus. C&rsquo;est ainsi que nous finan\u00e7ons le d\u00e9veloppement de QuitGamble.<\/li>\n\n\n\n<li>Je ne suis pas religieux. Je crois que \u00ab\u00a0la puissance sup\u00e9rieure\u00a0\u00bb vient de nous-m\u00eames.<\/li>\n\n\n\n<li>Je ne suis pas la meilleure\/la plus gentille personne au monde. Je me mets en col\u00e8re, je crie, et j&rsquo;utilise certains mots bien trop souvent.<\/li>\n\n\n\n<li>Je ne suis affili\u00e9 ni \u00e0 Gambler Anonymous ni aux 12 \u00e9tapes.<\/li>\n<\/ul>\n<\/div>\n\n\n\n<div class=\"wp-block-column is-layout-flow wp-block-column-is-layout-flow\">\n<h2 class=\"wp-block-heading\">Mais Je Crois&#8230;<\/h2>\n\n\n\n<ul class=\"wp-block-list\">\n<li>Je crois que le jeu a une raison d&rsquo;\u00eatre pour nous. La cl\u00e9 d&rsquo;une r\u00e9cup\u00e9ration r\u00e9ussie est de comprendre ce que c&rsquo;est.<\/li>\n\n\n\n<li>Je crois que la douleur est la cause de la d\u00e9pendance. C&rsquo;est l&rsquo;\u00e9vasion de la douleur \u00e0 laquelle nous devenons accros, pas les moyens que nous utilisons pour fuir. Pouvez-vous vous y identifier ?<\/li>\n\n\n\n<li>Je crois qu&rsquo;une personne heureuse ressent moins de douleur ; donc elle\/il a moins besoin de fuir par le jeu, l&rsquo;alcool ou la prise de drogues.<\/li>\n\n\n\n<li>Je crois qu&rsquo;il y a une place pour une alternative aux r\u00e9unions de soutien et aux sessions co\u00fbteuses avec un psychologue.<\/li>\n\n\n\n<li>Je crois que nous devons faire du processus d&rsquo;arr\u00eat du jeu quelque chose de plus que \u00ab\u00a0simplement arr\u00eater\u00a0\u00bb.<\/li>\n\n\n\n<li>Je crois que nous avons quelque chose d&rsquo;unique \u00e0 offrir.<\/li>\n<\/ul>\n\n\n\n<div class=\"wp-block-columns is-layout-flex wp-block-columns-is-layout-flex\">\n<div class=\"wp-block-column is-layout-flow wp-block-column-is-layout-flow\">\n<p class=\"is-style-swoosh wp-block-paragraph\">Anders Bergman<br>Fondateur de <strong>QuitGamble.com<\/strong><\/p>\n\n\n\n<figure class=\"wp-block-image alignright size-full hide-mobile\"><img loading=\"lazy\" decoding=\"async\" width=\"263\" height=\"118\" src=\"https:\/\/quitgamble.com\/fr\/wp-content\/uploads\/sites\/12\/2022\/03\/arrow-right-top.png\" alt=\"\" class=\"wp-image-69114\"\/><\/figure>\n<\/div>\n\n\n\n<div class=\"wp-block-column is-layout-flow wp-block-column-is-layout-flow\">\n<figure class=\"wp-block-image size-full\"><img loading=\"lazy\" decoding=\"async\" width=\"300\" height=\"376\" src=\"https:\/\/quitgamble.com\/fr\/wp-content\/uploads\/sites\/12\/2022\/04\/Anders-for-about-us.png\" alt=\"\" class=\"wp-image-70663\" srcset=\"https:\/\/quitgamble.com\/fr\/wp-content\/uploads\/sites\/12\/2022\/04\/Anders-for-about-us.png 300w, https:\/\/quitgamble.com\/fr\/wp-content\/uploads\/sites\/12\/2022\/04\/Anders-for-about-us-239x300.png 239w\" sizes=\"auto, (max-width: 300px) 100vw, 300px\" \/><\/figure>\n<\/div>\n<\/div>\n<\/div>\n<\/div>\n<\/section>\n\n\n\n<section class=\"wp-block-group gallery__horizonal is-style-wide-section is-layout-flow wp-block-group-is-layout-flow\">\n<h2 class=\"wp-block-heading\">Dans les M\u00e9dias.<\/h2>\n\n\n\n<div class=\"wp-block-group gallery__horizontal is-layout-flow wp-block-group-is-layout-flow\">\n<figure class=\"wp-block-gallery has-nested-images columns-3 wp-block-gallery-1 is-layout-flex wp-block-gallery-is-layout-flex\">\n<figure class=\"wp-block-image size-full\"><img loading=\"lazy\" decoding=\"async\" width=\"221\" height=\"45\" data-id=\"69238\" src=\"https:\/\/quitgamble.com\/fr\/wp-content\/uploads\/sites\/12\/2022\/03\/sigma-logo.png\" alt=\"\" class=\"wp-image-69238\"\/><\/figure>\n\n\n\n<figure class=\"wp-block-image size-full\"><img loading=\"lazy\" decoding=\"async\" width=\"190\" height=\"30\" data-id=\"70584\" src=\"https:\/\/quitgamble.com\/fr\/wp-content\/uploads\/sites\/12\/2022\/04\/sbc_logo.png\" alt=\"\" class=\"wp-image-70584\"\/><\/figure>\n<\/figure>\n\n\n\n<div class=\"wp-block-group gallery__horizontal__control is-layout-flow wp-block-group-is-layout-flow\">\n<div class=\"wp-block-buttons is-layout-flex wp-block-buttons-is-layout-flex\">\n<div class=\"wp-block-button is-style-outline gallery__horizontal__prev is-style-outline--2\"><a class=\"wp-block-button__link wp-element-button\">&lt;<\/a><\/div>\n\n\n\n<div class=\"wp-block-button is-style-outline gallery__horizontal__next is-style-outline--3\"><a class=\"wp-block-button__link wp-element-button\">&gt;<\/a><\/div>\n<\/div>\n\n\n\n<p class=\"is-style-default gallery__slider__show-all wp-block-paragraph\">See all<\/p>\n<\/div>\n<\/div>\n\n\n\n<div class=\"wp-block-columns is-style-narrow-columns is-layout-flex wp-block-columns-is-layout-flex\" style=\"padding-top:0px;padding-right:0px;padding-bottom:0px;padding-left:0px\">\n<div class=\"wp-block-column is-layout-flow wp-block-column-is-layout-flow\">\n<h3 class=\"wp-block-heading\">Vous souhaitez \u00e9crire sur nous ?<\/h3>\n\n\n\n<ul class=\"wp-block-list\">\n<li>Une approche diff\u00e9rente pour aider les joueurs probl\u00e9matiques<\/li>\n\n\n\n<li>Le Test du Bonheur<\/li>\n\n\n\n<li>Que cherchons-nous \u00e0 faire ?<\/li>\n\n\n\n<li>Comment percevons-nous le jeu responsable ?<\/li>\n\n\n\n<li>Qu&rsquo;est-ce que QuitGamble.com ?<\/li>\n<\/ul>\n<\/div>\n\n\n\n<div class=\"wp-block-column is-layout-flow wp-block-column-is-layout-flow\">\n<h3 class=\"wp-block-heading\">Vous voulez critiquer ?<\/h3>\n\n\n\n<ul class=\"wp-block-list\">\n<li>Relisez la section \u00ab\u00a0Je ne suis pas\u00a0\u00bb.<\/li>\n\n\n\n<li>Vous avez toujours des sites de comparaison de casinos.<\/li>\n\n\n\n<li>Vous n&rsquo;avez aucune preuve scientifique de votre m\u00e9thode.<\/li>\n\n\n\n<li>Nous ne qualifions pas la d\u00e9pendance de maladie.<\/li>\n<\/ul>\n<\/div>\n<\/div>\n<\/section>\n\n\n\n<section class=\"wp-block-group is-style-wide-section is-layout-flow wp-block-group-is-layout-flow\">\n<div class=\"wp-block-columns no-gap is-style-stack-medium is-layout-flex wp-block-columns-is-layout-flex\">\n<div class=\"wp-block-column is-layout-flow wp-block-column-is-layout-flow\" style=\"flex-basis:32%\">\n<h2 class=\"wp-block-heading has-text-align-center\">Collaborations<\/h2>\n\n\n\n<figure class=\"wp-block-image size-full hide-mobile\"><img loading=\"lazy\" decoding=\"async\" width=\"188\" height=\"208\" src=\"https:\/\/quitgamble.com\/fr\/wp-content\/uploads\/sites\/12\/2022\/03\/arrow-right-down.png\" alt=\"\" class=\"wp-image-69119\"\/><\/figure>\n<\/div>\n\n\n\n<div class=\"wp-block-column is-layout-flow wp-block-column-is-layout-flow\" style=\"flex-basis:66.66%\">\n<div class=\"wp-block-group gallery__slider is-layout-flow wp-block-group-is-layout-flow\">\n<figure class=\"wp-block-gallery has-nested-images columns-3 wp-block-gallery-4 is-layout-flex wp-block-gallery-is-layout-flex\">\n<figure class=\"wp-block-image size-large\"><img decoding=\"async\" data-id=\"72300\" src=\"https:\/\/quitgamble.com\/fr\/wp-content\/uploads\/sites\/12\/2022\/10\/gamcare-logo.svg\" alt=\"\" class=\"wp-image-72300\"\/><\/figure>\n\n\n\n<figure class=\"wp-block-image size-large\"><img loading=\"lazy\" decoding=\"async\" width=\"156\" height=\"16\" data-id=\"72298\" src=\"https:\/\/quitgamble.com\/fr\/wp-content\/uploads\/sites\/12\/2022\/10\/begambleaware-logo.svg\" alt=\"\" class=\"wp-image-72298\"\/><\/figure>\n\n\n\n<figure class=\"wp-block-image size-full\"><img loading=\"lazy\" decoding=\"async\" width=\"214\" height=\"56\" data-id=\"69216\" src=\"https:\/\/quitgamble.com\/fr\/wp-content\/uploads\/sites\/12\/2022\/03\/revansh-logo.png\" alt=\"\" class=\"wp-image-69216\"\/><\/figure>\n\n\n\n<figure class=\"wp-block-image size-full\"><img loading=\"lazy\" decoding=\"async\" width=\"113\" height=\"94\" data-id=\"69217\" src=\"https:\/\/quitgamble.com\/fr\/wp-content\/uploads\/sites\/12\/2022\/03\/gamban-logo.png\" alt=\"\" class=\"wp-image-69217\"\/><\/figure>\n\n\n\n<figure class=\"wp-block-image size-full\"><img loading=\"lazy\" decoding=\"async\" width=\"221\" height=\"45\" data-id=\"69238\" src=\"https:\/\/quitgamble.com\/fr\/wp-content\/uploads\/sites\/12\/2022\/03\/sigma-logo.png\" alt=\"\" class=\"wp-image-69238\"\/><\/figure>\n<\/figure>\n\n\n\n<div class=\"wp-block-group gallery__slider__control is-layout-flow wp-block-group-is-layout-flow\">\n<div class=\"wp-block-buttons is-layout-flex wp-block-buttons-is-layout-flex\">\n<div class=\"wp-block-button is-style-outline gallery__slider__prev is-style-outline--5\"><a class=\"wp-block-button__link wp-element-button\">&lt;<\/a><\/div>\n\n\n\n<div class=\"wp-block-button is-style-outline gallery__slider__next is-style-outline--6\"><a class=\"wp-block-button__link wp-element-button\">&gt;<\/a><\/div>\n<\/div>\n\n\n\n<p class=\"is-style-default gallery__slider__show-all wp-block-paragraph\">See all<\/p>\n<\/div>\n<\/div>\n\n\n\n<h3 class=\"wp-block-heading\">Points \u00e0 discuter :<\/h3>\n\n\n\n<div class=\"wp-block-columns is-layout-flex wp-block-columns-is-layout-flex\">\n<div class=\"wp-block-column is-layout-flow wp-block-column-is-layout-flow\">\n<ul class=\"wp-block-list\">\n<li>Le jeu responsable ne concerne pas l&rsquo;argent<\/li>\n\n\n\n<li>20-30% des joueurs de casino ont des probl\u00e8mes de jeu<\/li>\n\n\n\n<li>Comment transformer une rechute de jeu en quelque chose de positif ?<\/li>\n\n\n\n<li>Comment atteignons-nous les 80% qui ne cherchent pas d&rsquo;aide ?<\/li>\n<\/ul>\n<\/div>\n\n\n\n<div class=\"wp-block-column is-layout-flow wp-block-column-is-layout-flow\">\n<ul class=\"wp-block-list\">\n<li>La d\u00e9pendance est-elle une maladie ?<\/li>\n\n\n\n<li>Pour et contre avec les r\u00e9gulations<\/li>\n\n\n\n<li>Pourquoi devrions-nous prot\u00e9ger les casinos ?<\/li>\n\n\n\n<li>Quelles qualit\u00e9s un joueur d\u00e9pendant poss\u00e8de-t-il, et comment peuvent-elles \u00eatre utilis\u00e9es de mani\u00e8re positive plut\u00f4t que nuisible ?<\/li>\n<\/ul>\n<\/div>\n<\/div>\n<\/div>\n<\/div>\n\n\n\n<p class=\"is-style-swoosh wp-block-paragraph\">Construisons Ensemble<strong> Un Monde Meilleur<\/strong><\/p>\n<\/section>\n\n\n\n<section class=\"wp-block-group is-layout-flow wp-block-group-is-layout-flow\">\n<h2 class=\"wp-block-heading\">Quelle Est Votre Exp\u00e9rience ?<\/h2>\n\n\n\n<div class=\"wp-block-columns is-style-reverse-mobile-order is-layout-flex wp-block-columns-is-layout-flex\">\n<div class=\"wp-block-column is-layout-flow wp-block-column-is-layout-flow\">\n<figure class=\"wp-block-image size-full\"><img loading=\"lazy\" decoding=\"async\" width=\"736\" height=\"562\" src=\"https:\/\/quitgamble.com\/fr\/wp-content\/uploads\/sites\/12\/2022\/03\/what-is-your-background.png\" alt=\"\" class=\"wp-image-69120\" srcset=\"https:\/\/quitgamble.com\/fr\/wp-content\/uploads\/sites\/12\/2022\/03\/what-is-your-background.png 736w, https:\/\/quitgamble.com\/fr\/wp-content\/uploads\/sites\/12\/2022\/03\/what-is-your-background-300x229.png 300w\" sizes=\"auto, (max-width: 736px) 100vw, 736px\" \/><\/figure>\n<\/div>\n\n\n\n<div class=\"wp-block-column is-layout-flow wp-block-column-is-layout-flow\">\n<p class=\"wp-block-paragraph\">\u00c0 l&rsquo;universit\u00e9, j&rsquo;ai \u00e9tudi\u00e9 le g\u00e9nie civil et l&rsquo;\u00e9conomie. En parall\u00e8le, j&rsquo;ai \u00e9tudi\u00e9 la psychologie et le d\u00e9veloppement personnel. J&rsquo;avais 4-5 ans quand j&rsquo;ai commenc\u00e9 \u00e0 jouer aux cartes et \u00e0 la roulette \u00e0 la maison. Nous ne jouions pas avec de l&rsquo;argent, c&rsquo;\u00e9tait plut\u00f4t une mani\u00e8re pour nous d&rsquo;apprendre les math\u00e9matiques.<\/p>\n\n\n\n<p class=\"wp-block-paragraph\">Dans la vingtaine, j&rsquo;ai beaucoup jou\u00e9 au poker en ligne. J&rsquo;ai essay\u00e9 de devenir professionnel, mais je n&rsquo;avais ni les comp\u00e9tences ni le temp\u00e9rament. J&rsquo;ai probablement trop jou\u00e9, mais je ne consid\u00e9rais pas mon jeu comme un probl\u00e8me car je ne perdais pas.<\/p>\n\n\n\n<p class=\"wp-block-paragraph\">En 2013, j&rsquo;ai commenc\u00e9 \u00e0 travailler dans l&rsquo;industrie du jeu. Ma soci\u00e9t\u00e9 \u00e9tait sp\u00e9cialis\u00e9e dans la comparaison des casinos en ligne. Au fil des ans, nous avons accumul\u00e9 des connaissances en mati\u00e8re de jeux en ligne, de d\u00e9veloppement web, de programmation, de marketing, de SEO, de travail \u00e0 distance, etc.<\/p>\n<\/div>\n<\/div>\n\n\n\n<p class=\"wp-block-paragraph\">Mon int\u00e9r\u00eat pour le d\u00e9veloppement personnel et la psychologie a continu\u00e9 de cro\u00eetre, et quand je suis tomb\u00e9 en d\u00e9pression en 2018, nous avons chang\u00e9 l&rsquo;orientation de la soci\u00e9t\u00e9. Tout notre focus a \u00e9t\u00e9 mis sur le d\u00e9veloppement d&rsquo;une plateforme pour aider les gens \u00e0 se lib\u00e9rer de leur addiction.<\/p>\n\n\n\n<p class=\"wp-block-paragraph\">Pour \u00eatre honn\u00eate, remettre en question le statu quo de la d\u00e9pendance et trouver des moyens d&rsquo;aider les gens \u00e0 s&rsquo;en lib\u00e9rer correspond beaucoup plus \u00e0 ma personnalit\u00e9 que de comparer des casinos.<\/p>\n<\/section>\n\n\n\n<section class=\"wp-block-group is-style-wide-section is-layout-flow wp-block-group-is-layout-flow\">\n<h2 class=\"wp-block-heading\">Comment QuitGamble.Com Est-il Financ\u00e9 ?<\/h2>\n\n\n\n<div class=\"wp-block-columns is-layout-flex wp-block-columns-is-layout-flex\">\n<div class=\"wp-block-column is-layout-flow wp-block-column-is-layout-flow\">\n<p class=\"wp-block-paragraph\">Nous essayons de minimiser nos co\u00fbts au maximum. Actuellement, nous sommes 2 personnes \u00e0 travailler \u00e0 plein temps sur la plateforme. Le d\u00e9veloppement de QG est financ\u00e9 par mes \u00e9conomies et quelques revenus de nos anciens sites affili\u00e9s.<\/p>\n\n\n\n<p class=\"wp-block-paragraph\">Notre principal revenu provient de la vente de backlinks. Nous avons \u00e9galement quelques revenus provenant d&rsquo;anciens utilisateurs. Nous ne travaillons plus activement avec ces sites, mais ils nous aident \u00e0 rester \u00e0 flot.<\/p>\n\n\n\n<p class=\"wp-block-paragraph\">Certains pourraient penser que nous sommes hypocrites, essayant \u00e0 la fois d&rsquo;aider les personnes ayant des probl\u00e8mes de jeu tout en g\u00e9n\u00e9rant de l&rsquo;argent de l&rsquo;industrie du jeu. Je peux comprendre cette critique. Si j&rsquo;avais un gros salaire, si je conduisais une voiture de luxe et si je vivais dans un manoir, je me critiquerais probablement aussi. La v\u00e9rit\u00e9 est que nous investissons tout l&rsquo;argent dans QG, et si j&rsquo;avais plus d&rsquo;argent, je le d\u00e9penserais \u00e9galement dans le d\u00e9veloppement. \u00c0 noter, presque toutes les organisations travaillant sur les probl\u00e8mes de jeu sont directement ou indirectement financ\u00e9es par l&rsquo;argent de l&rsquo;industrie du jeu.<\/p>\n<\/div>\n\n\n\n<div class=\"wp-block-column is-layout-flow wp-block-column-is-layout-flow\">\n<figure class=\"wp-block-image size-full\"><img loading=\"lazy\" decoding=\"async\" width=\"835\" height=\"648\" src=\"https:\/\/quitgamble.com\/fr\/wp-content\/uploads\/sites\/12\/2022\/03\/how-is-qg-funded.png\" alt=\"\" class=\"wp-image-69121\" srcset=\"https:\/\/quitgamble.com\/fr\/wp-content\/uploads\/sites\/12\/2022\/03\/how-is-qg-funded.png 835w, https:\/\/quitgamble.com\/fr\/wp-content\/uploads\/sites\/12\/2022\/03\/how-is-qg-funded-300x233.png 300w, https:\/\/quitgamble.com\/fr\/wp-content\/uploads\/sites\/12\/2022\/03\/how-is-qg-funded-768x596.png 768w\" sizes=\"auto, (max-width: 835px) 100vw, 835px\" \/><\/figure>\n<\/div>\n<\/div>\n\n\n\n<figure class=\"wp-block-image size-large is-style-full-width\"><img loading=\"lazy\" decoding=\"async\" width=\"1024\" height=\"261\" src=\"https:\/\/quitgamble.com\/fr\/wp-content\/uploads\/sites\/12\/2022\/04\/be-gamble-aware-quote-1-1024x261.png\" alt=\"\" class=\"wp-image-69903\" srcset=\"https:\/\/quitgamble.com\/fr\/wp-content\/uploads\/sites\/12\/2022\/04\/be-gamble-aware-quote-1-1024x261.png 1024w, https:\/\/quitgamble.com\/fr\/wp-content\/uploads\/sites\/12\/2022\/04\/be-gamble-aware-quote-1-300x76.png 300w, https:\/\/quitgamble.com\/fr\/wp-content\/uploads\/sites\/12\/2022\/04\/be-gamble-aware-quote-1-768x195.png 768w, https:\/\/quitgamble.com\/fr\/wp-content\/uploads\/sites\/12\/2022\/04\/be-gamble-aware-quote-1.png 1430w\" sizes=\"auto, (max-width: 1024px) 100vw, 1024px\" \/><\/figure>\n\n\n\n<p class=\"has-text-align-center wp-block-paragraph\">Chaque organisation d\u00e9pend de l&rsquo;argent d&rsquo;une mani\u00e8re ou d&rsquo;une autre ; la seule diff\u00e9rence est que nous avons des revenus propres.<\/p>\n<\/section>\n\n\n\n<section class=\"wp-block-group is-layout-flow wp-block-group-is-layout-flow\">\n<h2 class=\"wp-block-heading\">Quelles sont les recherches \u00e0 l&rsquo;origine de QuitGamble.com ?<\/h2>\n\n\n\n<p class=\"wp-block-paragraph\">QuitGamble.com se fonde sur la th\u00e9orie de l&rsquo;\u00e9vasion, et nous utilisons une version de la th\u00e9rapie cognitivo-comportementale dans nos cours vid\u00e9o. Nous pensons que la douleur est la cause de l&rsquo;addiction et que le jeu est un moyen d&rsquo;\u00e9chapper \u00e0 cette douleur. Vous trouverez un article complet sur les <a href=\"https:\/\/quitgamble.com\/research-behind-quitgamble\/\" data-type=\"link\" data-id=\"https:\/\/quitgamble.com\/research-behind-quitgamble\/\">recherches \u00e0 l&rsquo;origine de QuitGamble.com ici<\/a>.<\/p>\n<\/section>\n\n\n\n<section class=\"wp-block-group is-layout-flow wp-block-group-is-layout-flow\">\n<h2 class=\"wp-block-heading\">Prenez Contact<\/h2>\n\n\n<\/section>\n","protected":false},"excerpt":{"rendered":"<p>Qui se cache derri\u00e8re QG ? Qu&rsquo;est-ce qui motive le d\u00e9veloppement de QG ? \u00c0 quoi ressemble l&rsquo;avenir ? Envie de collaborer ? Sur cette page, vous trouverez tout ce [&hellip;]<\/p>\n","protected":false},"author":2,"featured_media":0,"parent":0,"menu_order":0,"comment_status":"closed","ping_status":"closed","template":"","meta":{"_acf_changed":false,"_crdt_document":"","inline_featured_image":false,"footnotes":""},"coauthors":[79],"class_list":["post-69113","page","type-page","status-publish","hentry"],"acf":[],"_links":{"self":[{"href":"https:\/\/quitgamble.com\/fr\/wp-json\/wp\/v2\/pages\/69113","targetHints":{"allow":["GET"]}}],"collection":[{"href":"https:\/\/quitgamble.com\/fr\/wp-json\/wp\/v2\/pages"}],"about":[{"href":"https:\/\/quitgamble.com\/fr\/wp-json\/wp\/v2\/types\/page"}],"author":[{"embeddable":true,"href":"https:\/\/quitgamble.com\/fr\/wp-json\/wp\/v2\/users\/2"}],"replies":[{"embeddable":true,"href":"https:\/\/quitgamble.com\/fr\/wp-json\/wp\/v2\/comments?post=69113"}],"version-history":[{"count":1,"href":"https:\/\/quitgamble.com\/fr\/wp-json\/wp\/v2\/pages\/69113\/revisions"}],"predecessor-version":[{"id":76552,"href":"https:\/\/quitgamble.com\/fr\/wp-json\/wp\/v2\/pages\/69113\/revisions\/76552"}],"wp:attachment":[{"href":"https:\/\/quitgamble.com\/fr\/wp-json\/wp\/v2\/media?parent=69113"}],"wp:term":[{"taxonomy":"author","embeddable":true,"href":"https:\/\/quitgamble.com\/fr\/wp-json\/wp\/v2\/coauthors?post=69113"}],"curies":[{"name":"wp","href":"https:\/\/api.w.org\/{rel}","templated":true}]}}