{"id":68622,"date":"2022-02-28T09:02:19","date_gmt":"2022-02-28T09:02:19","guid":{"rendered":"https:\/\/quitgamble.com\/fr\/?page_id=68622"},"modified":"2026-04-01T14:49:19","modified_gmt":"2026-04-01T12:49:19","slug":"rejoignez-la-communaute","status":"publish","type":"page","link":"https:\/\/quitgamble.com\/fr\/rejoignez-la-communaute\/","title":{"rendered":"Rejoignez La Communaut\u00e9"},"content":{"rendered":"\n<section class=\"wp-block-group is-layout-flow wp-block-group-is-layout-flow\">\n<div class=\"wp-block-columns is-layout-flex wp-block-columns-is-layout-flex\">\n<div class=\"wp-block-column is-layout-flow wp-block-column-is-layout-flow\" style=\"flex-basis:50%\">\n<div class=\"wp-block-group is-layout-flow wp-block-group-is-layout-flow\"><h1 class=\"wp-block-post-title\">Rejoignez La Communaut\u00e9<\/h1>\n\n\n<p class=\"wp-block-paragraph\"><strong>Bienvenue dans la communaut\u00e9 QuitGamble.com. En tant que membre, vous b\u00e9n\u00e9ficiez d&rsquo;un acc\u00e8s exclusif \u00e0 plusieurs outils puissants qui peuvent vous aider \u00e0 arr\u00eater de jouer.<\/strong><\/p>\n\n\n\n<div class=\"wp-block-group summary is-layout-flow wp-block-group-is-layout-flow\">\n<ul class=\"wp-block-list\">\n<li>Devriez-vous devenir membre ?<\/li>\n\n\n\n<li>Les caract\u00e9ristiques uniques de QuitGamble.com<\/li>\n\n\n\n<li>Commen\u00e7ons !<\/li>\n<\/ul>\n<\/div>\n<\/div>\n<\/div>\n\n\n\n<div class=\"wp-block-column is-layout-flow wp-block-column-is-layout-flow\" style=\"flex-basis:65%\">\n<figure class=\"wp-block-image size-full\"><a href=\"https:\/\/www.youtube.com\/watch?v=0UcIYElZBVo&amp;t=7s\" target=\"_blank\" rel=\"noopener\"><img loading=\"lazy\" decoding=\"async\" width=\"900\" height=\"635\" src=\"https:\/\/quitgamble.com\/fr\/wp-content\/uploads\/sites\/12\/2022\/04\/Quit-gamble-community.png\" alt=\"\" class=\"wp-image-70457\" srcset=\"https:\/\/quitgamble.com\/fr\/wp-content\/uploads\/sites\/12\/2022\/04\/Quit-gamble-community.png 900w, https:\/\/quitgamble.com\/fr\/wp-content\/uploads\/sites\/12\/2022\/04\/Quit-gamble-community-300x212.png 300w, https:\/\/quitgamble.com\/fr\/wp-content\/uploads\/sites\/12\/2022\/04\/Quit-gamble-community-768x542.png 768w\" sizes=\"auto, (max-width: 900px) 100vw, 900px\" \/><\/a><\/figure>\n<\/div>\n<\/div>\n<\/section>\n\n\n\n<div class=\"wp-block-group funnel-entry__container more-space is-layout-constrained wp-block-group-is-layout-constrained\">\n<h2 class=\"wp-block-heading has-text-align-center has-foreground-color has-text-color has-link-color wp-elements-ad5edebcc2e570e3bf3e015d48ec7538\">Comment pouvons-nous vous aider ?<\/h2>\n\n\n\n<div class=\"wp-block-columns svg-buttons is-style-no-gap ticss-04e276f6 funnel-entry is-layout-flex wp-block-columns-is-layout-flex\">\n<div class=\"wp-block-column is-layout-flow wp-block-column-is-layout-flow\" style=\"flex-basis:33.33%\"><a href=\"https:\/\/fr.quitgamble.com\/video\" aria-label=\"Stop Gambling\" title=\"Stop Gambling\" class=\"wp-block-tiptip-hyperlink-group-block\">\n<p class=\"wp-block-paragraph\">\ud83d\udd25<\/p>\n\n<div class=\"wp-block-group is-layout-constrained wp-block-group-is-layout-constrained\">\n<h3 class=\"wp-block-heading\">Je veux arr\u00eater de jouer<\/h3>\n\n\n\n<h4 class=\"wp-block-heading\">J\u2019en ai marre de rechuter \u2013 j\u2019ai besoin d\u2019aide !<\/h4>\n<\/div>\n<\/a><\/div>\n\n\n\n<div class=\"wp-block-column is-layout-flow wp-block-column-is-layout-flow\" style=\"flex-basis:33.33%\"><a href=\"https:\/\/fr.quitgamble.com\/coaching\" aria-label=\"Talk to someone\" title=\"Talk to someone\" class=\"wp-block-tiptip-hyperlink-group-block\">\n<p class=\"wp-block-paragraph\">\ud83d\udc4b<\/p>\n\n<div class=\"wp-block-group is-layout-constrained wp-block-group-is-layout-constrained\">\n<h3 class=\"wp-block-heading\">Besoin de parler \u00e0 quelqu\u2019un<\/h3>\n\n\n\n<h4 class=\"wp-block-heading\">Je ne veux pas faire \u00e7a tout seul.<\/h4>\n<\/div>\n<\/a><\/div>\n\n\n\n<div class=\"wp-block-column is-layout-flow wp-block-column-is-layout-flow\" style=\"flex-basis:33.33%\"><a href=\"https:\/\/fr.quitgamble.com\/control\" aria-label=\"Responsible gambling\" title=\"Responsible gambling\" class=\"wp-block-tiptip-hyperlink-group-block\">\n<p class=\"wp-block-paragraph\">\ud83d\udca1<\/p>\n\n<div class=\"wp-block-group is-layout-grid wp-block-group-is-layout-grid\">\n<h3 class=\"wp-block-heading\">Je veux plus de contr\u00f4le<\/h3>\n\n\n\n<h4 class=\"wp-block-heading wp-container-content-69bc4bdf\">Je veux jouer, mais je dois me contr\u00f4ler.<\/h4>\n<\/div>\n<\/a><\/div>\n<\/div>\n<\/div>\n\n\n\n<section class=\"wp-block-group is-layout-flow wp-block-group-is-layout-flow\">\n<div class=\"wp-block-columns is-layout-flex wp-block-columns-is-layout-flex\">\n<div class=\"wp-block-column is-layout-flow wp-block-column-is-layout-flow\">\n<h2 class=\"wp-block-heading\">Si Vous Croyez\u2026<\/h2>\n\n\n\n<p class=\"wp-block-paragraph\"><strong><em>Nous croyons que la douleur est la cause de la d\u00e9pendance. Jouer est juste un moyen d&rsquo;\u00e9chapper \u00e0 cette douleur. C&rsquo;est cette \u00e9chappatoire de la douleur \u00e0 laquelle nous devenons accros. Pouvez-vous vous identifier \u00e0 cela ?<\/em><\/strong><\/p>\n\n\n\n<figure class=\"wp-block-image size-full\"><img loading=\"lazy\" decoding=\"async\" width=\"615\" height=\"434\" src=\"https:\/\/quitgamble.com\/fr\/wp-content\/uploads\/sites\/12\/2022\/03\/if-you-believe.png\" alt=\"\" class=\"wp-image-69166\" srcset=\"https:\/\/quitgamble.com\/fr\/wp-content\/uploads\/sites\/12\/2022\/03\/if-you-believe.png 615w, https:\/\/quitgamble.com\/fr\/wp-content\/uploads\/sites\/12\/2022\/03\/if-you-believe-300x212.png 300w\" sizes=\"auto, (max-width: 615px) 100vw, 615px\" \/><\/figure>\n<\/div>\n\n\n\n<div class=\"wp-block-column is-layout-flow wp-block-column-is-layout-flow\">\n<p class=\"wp-block-paragraph\">Pensez-vous que vous joueriez moins si vous ne vous sentiez pas seul ? Si vous ne vous ennuyiez pas ? Joueriez-vous moins si vous aviez une meilleure estime de vous ou si vous vous sentiez moins anxieux ? Sur QuitGamble.com, nous vous aiderons \u00e0 combattre la douleur de diverses mani\u00e8res. <strong>Si vous croyez ce que nous croyons, alors QuitGamble.com est l&rsquo;outil qu&rsquo;il vous faut.<\/strong><\/p>\n\n\n\n<p class=\"wp-block-paragraph\">Avez-vous d\u00e9j\u00e0 pass\u00e9 le Test du Bonheur ? Sinon, faisons-le maintenant. Sinon, demandez un acc\u00e8s gratuit ou continuez \u00e0 lire.<\/p>\n\n\n\n<div class=\"wp-block-buttons is-layout-flex wp-block-buttons-is-layout-flex\">\n<div class=\"wp-block-button\"><a class=\"wp-block-button__link has-green-background-color has-background wp-element-button\" href=\"https:\/\/quitgamble.com\/happiness-test\/\" target=\"_blank\" rel=\"noreferrer noopener\">Happiness test<\/a><\/div>\n\n\n\n<div class=\"wp-block-button\"><a class=\"wp-block-button__link wp-element-button\" href=\"https:\/\/quitgamble.com\/register\/\">Request Access<\/a><\/div>\n<\/div>\n<\/div>\n<\/div>\n<\/section>\n\n\n\n<section class=\"wp-block-group is-layout-flow wp-block-group-is-layout-flow\">\n<h2 class=\"wp-block-heading\">\u00c0 Quoi Vous Attendre\u2026<\/h2>\n\n\n\n<p class=\"has-text-align-center wp-block-paragraph\"><strong><strong><em>Nous avons d\u00e9velopp\u00e9 QuitGamble.com pour vous aider \u00e0 arr\u00eater de jouer. Un acc\u00e8s 24\/7, depuis le confort de votre maison. D\u00e9crochez le t\u00e9l\u00e9phone ou utilisez votre ordinateur pour vous connecter \u00e0 la communaut\u00e9 en ligne.<\/em><\/strong><\/strong><\/p>\n\n\n\n<figure class=\"wp-block-image aligncenter size-large\"><img loading=\"lazy\" decoding=\"async\" width=\"1024\" height=\"549\" src=\"https:\/\/quitgamble.com\/fr\/wp-content\/uploads\/sites\/12\/2022\/03\/what-can-you-expect-1024x549.png\" alt=\"\" class=\"wp-image-69167\" srcset=\"https:\/\/quitgamble.com\/fr\/wp-content\/uploads\/sites\/12\/2022\/03\/what-can-you-expect-1024x549.png 1024w, https:\/\/quitgamble.com\/fr\/wp-content\/uploads\/sites\/12\/2022\/03\/what-can-you-expect-300x161.png 300w, https:\/\/quitgamble.com\/fr\/wp-content\/uploads\/sites\/12\/2022\/03\/what-can-you-expect-768x412.png 768w, https:\/\/quitgamble.com\/fr\/wp-content\/uploads\/sites\/12\/2022\/03\/what-can-you-expect.png 1100w\" sizes=\"auto, (max-width: 1024px) 100vw, 1024px\" \/><\/figure>\n\n\n\n<div class=\"wp-block-columns columns__alternative is-layout-flex wp-block-columns-is-layout-flex\">\n<div class=\"wp-block-column is-layout-flow wp-block-column-is-layout-flow\">\n<p class=\"has-text-align-center wp-block-paragraph\">QuitGamble.com est une alternative aux r\u00e9unions de soutien endormies ou aux visites co\u00fbteuses chez le psychologue. Vous pouvez rester totalement anonyme et vous n&rsquo;avez pas besoin d&rsquo;admettre avoir des probl\u00e8mes de jeu.<\/p>\n\n\n\n<p class=\"is-style-swoosh wp-block-paragraph\"><strong><strong>D\u00e9couvrez nos fonctionnalit\u00e9s :<\/strong><\/strong><\/p>\n<\/div>\n\n\n\n<div class=\"wp-block-column is-layout-flow wp-block-column-is-layout-flow\">\n<ul class=\"wp-block-list\">\n<li>Vid\u00e9os anim\u00e9es<\/li>\n\n\n\n<li>Cours vid\u00e9o<\/li>\n\n\n\n<li>Applications mobiles<\/li>\n\n\n\n<li>Communaut\u00e9 sociale<\/li>\n<\/ul>\n<\/div>\n\n\n\n<div class=\"wp-block-column is-layout-flow wp-block-column-is-layout-flow\">\n<ul class=\"wp-block-list\">\n<li>Groupes de soutien\/forums<\/li>\n\n\n\n<li>Le Test du Bonheur<\/li>\n\n\n\n<li>Guides<\/li>\n\n\n\n<li>Emails<\/li>\n<\/ul>\n<\/div>\n<\/div>\n\n\n\n<div class=\"wp-block-buttons is-layout-flex wp-block-buttons-is-layout-flex\">\n<div class=\"wp-block-button aligncenter\"><a class=\"wp-block-button__link wp-element-button\" href=\"https:\/\/quitgamble.com\/register\/\">SIGN UP TODAY<\/a><\/div>\n<\/div>\n<\/section>\n\n\n\n<section class=\"wp-block-group is-layout-flow wp-block-group-is-layout-flow\">\n<h2 class=\"wp-block-heading\">Commen\u00e7ons !<\/h2>\n\n\n\n<figure class=\"wp-block-image aligncenter size-large\"><img loading=\"lazy\" decoding=\"async\" width=\"1024\" height=\"515\" src=\"https:\/\/quitgamble.com\/fr\/wp-content\/uploads\/sites\/12\/2022\/03\/lets-get-started-1024x515.png\" alt=\"\" class=\"wp-image-69168\" srcset=\"https:\/\/quitgamble.com\/fr\/wp-content\/uploads\/sites\/12\/2022\/03\/lets-get-started-1024x515.png 1024w, https:\/\/quitgamble.com\/fr\/wp-content\/uploads\/sites\/12\/2022\/03\/lets-get-started-300x151.png 300w, https:\/\/quitgamble.com\/fr\/wp-content\/uploads\/sites\/12\/2022\/03\/lets-get-started-768x386.png 768w, https:\/\/quitgamble.com\/fr\/wp-content\/uploads\/sites\/12\/2022\/03\/lets-get-started.png 1100w\" sizes=\"auto, (max-width: 1024px) 100vw, 1024px\" \/><\/figure>\n\n\n\n<div class=\"wp-block-columns columns__alternative is-layout-flex wp-block-columns-is-layout-flex\">\n<div class=\"wp-block-column is-layout-flow wp-block-column-is-layout-flow\">\n<p class=\"wp-block-paragraph\">Il n&rsquo;est pas facile d&rsquo;arr\u00eater de jouer. C&rsquo;est un long parcours, mais si vous travaillez sur vous-m\u00eame, vous augmenterez vos chances d&rsquo;arr\u00eater de jouer. Vous deviendrez \u00e9galement une personne plus heureuse.<\/p>\n\n\n\n<p class=\"wp-block-paragraph\">\u00ab\u00a0<em>La d\u00e9finition de la folie, c&rsquo;est de faire la m\u00eame chose encore et encore et de s&rsquo;attendre \u00e0 des r\u00e9sultats diff\u00e9rents<\/em>.\u00a0\u00bb \/\/ Albert Einstein<\/p>\n\n\n\n<p class=\"wp-block-paragraph\">Cr\u00e9ons le changement dont vous avez besoin pour arr\u00eater de jouer. Les outils et les cours sur QuitGamble.com vous aideront dans cette d\u00e9marche. Voici comment vous pouvez commencer !<\/p>\n\n\n\n<figure class=\"wp-block-image alignright size-full hide-mobile\"><img loading=\"lazy\" decoding=\"async\" width=\"263\" height=\"118\" src=\"https:\/\/quitgamble.com\/fr\/wp-content\/uploads\/sites\/12\/2022\/03\/arrow-right-top.png\" alt=\"\" class=\"wp-image-69114\"\/><\/figure>\n<\/div>\n\n\n\n<div class=\"wp-block-column is-layout-flow wp-block-column-is-layout-flow\">\n<ol class=\"wp-block-list\">\n<li>Passez le Test du Bonheur<\/li>\n\n\n\n<li>Rejoignez la Communaut\u00e9<\/li>\n\n\n\n<li>Demandez-vous \u00ab\u00a0<strong>Qu&rsquo;est-ce que le jeu fait pour vous ?<\/strong>\u00ab\u00a0<\/li>\n\n\n\n<li>Lisez les t\u00e9moignages des autres et partagez votre histoire<\/li>\n\n\n\n<li>Commencez \u00e0 travailler sur votre Plan de Changement.<\/li>\n\n\n\n<li><\/li>\n<\/ol>\n<\/div>\n<\/div>\n\n\n\n<div class=\"wp-block-buttons is-layout-flex wp-block-buttons-is-layout-flex\">\n<div class=\"wp-block-button aligncenter\"><a class=\"wp-block-button__link wp-element-button\" href=\"https:\/\/quitgamble.com\/register\/\">BECOME MEMBER<\/a><\/div>\n<\/div>\n<\/section>\n\n\n\n<section class=\"wp-block-group is-layout-flow wp-block-group-is-layout-flow\">\n<h2 class=\"wp-block-heading\">Prenez Contact<\/h2>\n\n\n<\/section>\n","protected":false},"excerpt":{"rendered":"<p>Bienvenue dans la communaut\u00e9 QuitGamble.com. En tant que membre, vous b\u00e9n\u00e9ficiez d&rsquo;un acc\u00e8s exclusif \u00e0 plusieurs outils puissants qui peuvent vous aider \u00e0 arr\u00eater de jouer. Si Vous Croyez\u2026 Nous [&hellip;]<\/p>\n","protected":false},"author":2,"featured_media":0,"parent":0,"menu_order":0,"comment_status":"closed","ping_status":"closed","template":"","meta":{"_acf_changed":false,"_crdt_document":"","inline_featured_image":false,"footnotes":""},"coauthors":[100],"class_list":["post-68622","page","type-page","status-publish","hentry"],"acf":[],"_links":{"self":[{"href":"https:\/\/quitgamble.com\/fr\/wp-json\/wp\/v2\/pages\/68622","targetHints":{"allow":["GET"]}}],"collection":[{"href":"https:\/\/quitgamble.com\/fr\/wp-json\/wp\/v2\/pages"}],"about":[{"href":"https:\/\/quitgamble.com\/fr\/wp-json\/wp\/v2\/types\/page"}],"author":[{"embeddable":true,"href":"https:\/\/quitgamble.com\/fr\/wp-json\/wp\/v2\/users\/2"}],"replies":[{"embeddable":true,"href":"https:\/\/quitgamble.com\/fr\/wp-json\/wp\/v2\/comments?post=68622"}],"version-history":[{"count":1,"href":"https:\/\/quitgamble.com\/fr\/wp-json\/wp\/v2\/pages\/68622\/revisions"}],"predecessor-version":[{"id":76557,"href":"https:\/\/quitgamble.com\/fr\/wp-json\/wp\/v2\/pages\/68622\/revisions\/76557"}],"wp:attachment":[{"href":"https:\/\/quitgamble.com\/fr\/wp-json\/wp\/v2\/media?parent=68622"}],"wp:term":[{"taxonomy":"author","embeddable":true,"href":"https:\/\/quitgamble.com\/fr\/wp-json\/wp\/v2\/coauthors?post=68622"}],"curies":[{"name":"wp","href":"https:\/\/api.w.org\/{rel}","templated":true}]}}