{"id":75090,"date":"2023-06-13T14:36:52","date_gmt":"2023-06-13T12:36:52","guid":{"rendered":"https:\/\/quitgamble.com\/es\/?page_id=75090"},"modified":"2025-07-15T15:10:03","modified_gmt":"2025-07-15T13:10:03","slug":"la-curva-de-la-adiccion-al-juego","status":"publish","type":"page","link":"https:\/\/quitgamble.com\/es\/la-curva-de-la-adiccion-al-juego\/","title":{"rendered":"La Curva de la Adicci\u00f3n al Juego"},"content":{"rendered":"\n<section class=\"wp-block-group guide__hero is-layout-flow wp-block-group-is-layout-flow\">\n<div class=\"wp-block-columns is-layout-flex wp-block-columns-is-layout-flex\">\n<div class=\"wp-block-column is-layout-flow wp-block-column-is-layout-flow\" style=\"flex-basis:50%\">\n<div class=\"wp-block-group is-layout-flow wp-block-group-is-layout-flow\"><h1 class=\"wp-block-post-title\">La Curva de la Adicci\u00f3n al Juego<\/h1>\n\n\n<p class=\"wp-block-paragraph\"><em>Una visualizaci\u00f3n de la conexi\u00f3n del por qu\u00e9 jugamos y qu\u00e9 consecuencias podr\u00eda tener. La curva de la adicci\u00f3n al juego es una herramienta de autoayuda para los adictos al juego que puede ayudarles a ver la gravedad de su situaci\u00f3n.<\/em><\/p>\n\n\n\n<p class=\"is-style-swoosh wp-block-paragraph\"><strong>\u00bfNo quieres leer? \u00a1Mira el video en su lugar!<\/strong><\/p>\n\n\n\n<div class=\"wp-block-group summary is-layout-flow wp-block-group-is-layout-flow\">\n<ul class=\"wp-block-list\">\n<li>\u00bfPuedes apostar de manera responsable?<\/li>\n\n\n\n<li>El riesgo de apostar para ganar<\/li>\n\n\n\n<li>\u00bfQu\u00e9 sucede al final de la curva?<\/li>\n<\/ul>\n<\/div>\n<\/div>\n<\/div>\n\n\n\n<div class=\"wp-block-column is-layout-flow wp-block-column-is-layout-flow\" style=\"flex-basis:50%\">\n<figure class=\"wp-block-image size-full\"><a href=\"https:\/\/vimeo.com\/1109321663\" target=\"_blank\" rel=\"noopener\"><img loading=\"lazy\" decoding=\"async\" width=\"736\" height=\"562\" src=\"https:\/\/quitgamble.com\/sv\/wp-content\/uploads\/sites\/8\/2022\/03\/Gambling-addiction-curve-1.png\" alt=\"\" class=\"wp-image-69659\" srcset=\"https:\/\/quitgamble.com\/es\/wp-content\/uploads\/sites\/10\/2022\/03\/Gambling-addiction-curve-1.png 736w, https:\/\/quitgamble.com\/es\/wp-content\/uploads\/sites\/10\/2022\/03\/Gambling-addiction-curve-1-300x229.png 300w\" sizes=\"auto, (max-width: 736px) 100vw, 736px\" \/><\/a><\/figure>\n<\/div>\n<\/div>\n<\/section>\n\n\n\n<div class=\"wp-block-group funnel-entry__container more-space is-layout-constrained wp-block-group-is-layout-constrained\">\n<h2 class=\"wp-block-heading has-text-align-center has-foreground-color has-text-color has-link-color wp-elements-e664a3eea634be306747763ce6e011ae\">\u00bfC\u00f3mo podemos ayudarte?<\/h2>\n\n\n\n<div class=\"wp-block-columns svg-buttons is-style-no-gap ticss-04e276f6 funnel-entry is-layout-flex wp-block-columns-is-layout-flex\">\n<div class=\"wp-block-column is-layout-flow wp-block-column-is-layout-flow\" style=\"flex-basis:33.33%\"><a href=\"https:\/\/es.quitgamble.com\/video\" aria-label=\"Stop Gambling\" title=\"Stop Gambling\" class=\"wp-block-tiptip-hyperlink-group-block\">\n<p class=\"wp-block-paragraph\">\ud83d\udd25<\/p>\n\n<div class=\"wp-block-group is-layout-constrained wp-block-group-is-layout-constrained\">\n<h3 class=\"wp-block-heading\">Quiero dejar de jugar<\/h3>\n\n\n\n<h4 class=\"wp-block-heading\">Estoy cansado de recaer \u2013 \u00a1necesito ayuda!<\/h4>\n<\/div>\n<\/a><\/div>\n\n\n\n<div class=\"wp-block-column is-layout-flow wp-block-column-is-layout-flow\" style=\"flex-basis:33.33%\"><a href=\"https:\/\/es.quitgamble.com\/coaching\" aria-label=\"Talk to someone\" title=\"Talk to someone\" class=\"wp-block-tiptip-hyperlink-group-block\">\n<p class=\"wp-block-paragraph\">\ud83d\udc4b<\/p>\n\n<div class=\"wp-block-group is-layout-constrained wp-block-group-is-layout-constrained\">\n<h3 class=\"wp-block-heading\">Necesito hablar con alguien<\/h3>\n\n\n\n<h4 class=\"wp-block-heading\">No quiero pasar por esto solo.<\/h4>\n<\/div>\n<\/a><\/div>\n\n\n\n<div class=\"wp-block-column is-layout-flow wp-block-column-is-layout-flow\" style=\"flex-basis:33.33%\"><a href=\"https:\/\/es.quitgamble.com\/control\" aria-label=\"Responsible gambling\" title=\"Responsible gambling\" class=\"wp-block-tiptip-hyperlink-group-block\">\n<p class=\"wp-block-paragraph\">?\ufe0f<\/p>\n\n<div class=\"wp-block-group is-layout-grid wp-block-group-is-layout-grid\">\n<h3 class=\"wp-block-heading wp-container-content-69bc4bdf\">Quiero tener m\u00e1s control<\/h3>\n\n\n\n<h4 class=\"wp-block-heading\">Quiero jugar, pero necesito controlarme.<\/h4>\n<\/div>\n<\/a><\/div>\n<\/div>\n<\/div>\n\n\n\n<section class=\"wp-block-group is-layout-flow wp-block-group-is-layout-flow\">\n<h2 class=\"wp-block-heading\" id=\"gambling-addiction-curve\">\u00bfPuedes apostar de manera responsable?<\/h2>\n\n\n\n<div class=\"wp-block-columns is-layout-flex wp-block-columns-is-layout-flex\">\n<div class=\"wp-block-column is-layout-flow wp-block-column-is-layout-flow\">\n<figure class=\"wp-block-image size-full\"><img decoding=\"async\" src=\"https:\/\/quitgamble.com\/sv\/wp-content\/uploads\/sites\/8\/2023\/01\/Spela-ansvarsfullt.png\" alt=\"\" class=\"wp-image-72844\"\/><\/figure>\n<\/div>\n\n\n\n<div class=\"wp-block-column is-layout-flow wp-block-column-is-layout-flow\">\n<p class=\"wp-block-paragraph\">Enfoqu\u00e9monos en los <a href=\"https:\/\/quitgamble.com\/es\/\">problemas de juego<\/a> y la adicci\u00f3n al juego. \u00bfExiste tal cosa como el juego responsable? Nuestra opini\u00f3n es que depende de tu definici\u00f3n de la palabra \u00abjugar\u00bb.<\/p>\n\n\n\n<p class=\"wp-block-paragraph\"><strong>Si la definici\u00f3n de juego se centra principalmente en el entretenimiento, entonces la respuesta es S\u00cd. Entonces puedes jugar de manera responsable. Cuando decimos \u00abentretenimiento\u00bb, nos referimos a jugar por diversi\u00f3n o por la emoci\u00f3n de vez en cuando.<\/strong><\/p>\n\n\n\n<p class=\"wp-block-paragraph\">Si la definici\u00f3n de juego se centra en ganar dinero, la respuesta es NO. Entonces, en nuestra opini\u00f3n, no puedes jugar de manera responsable. Si juegas para ganar, te est\u00e1s lanzando de cabeza en la parte m\u00e1s profunda, esperando lo mejor. Y no, el hecho de que est\u00e9s ganando no cambia este hecho.<\/p>\n<\/div>\n<\/div>\n\n\n\n<div class=\"wp-block-columns is-layout-flex wp-block-columns-is-layout-flex\">\n<div class=\"wp-block-column is-layout-flow wp-block-column-is-layout-flow\">\n<p class=\"wp-block-paragraph\">Intentemos entender mejor los t\u00e9rminos problema de juego y adicci\u00f3n al juego:<\/p>\n\n\n\n<ul class=\"wp-block-list\">\n<li><strong>Problema de Juego<\/strong>: La consecuencia negativa del juego no eclipsa las partes divertidas para un jugador con problemas. Esto significa que es bastante f\u00e1cil manejar el problema del juego, ya que no est\u00e1 causando problemas importantes. Desafortunadamente, esto tambi\u00e9n significa que la persona podr\u00eda no ver el juego como un problema a\u00fan.<\/li>\n\n\n\n<li><strong>Adicci\u00f3n al Juego<\/strong>: Un jugador compulsivo a menudo sabe que tiene un problema, lo que facilita su reconocimiento y, por tanto, su b\u00fasqueda de ayuda. Desafortunadamente, en este punto, la adicci\u00f3n a menudo se ha vuelto tan fuerte que es dif\u00edcil liberarse de ella.<\/li>\n<\/ul>\n<\/div>\n\n\n\n<div class=\"wp-block-column is-layout-flow wp-block-column-is-layout-flow\">\n<p class=\"wp-block-paragraph\">La curva de la <a href=\"https:\/\/quitgamble.com\/es\/la-adiccion\/\" data-type=\"page\" data-id=\"75084\">adicci\u00f3n<\/a> al juego que se ve arriba est\u00e1 dividida en tres partes.<\/p>\n\n\n\n<ol style=\"list-style-type:1\" class=\"wp-block-list\">\n<li>Jugar por Entretenimiento<\/li>\n\n\n\n<li>Jugar para ganar dinero<\/li>\n\n\n\n<li>Jugar para recuperar el dinero.<\/li>\n<\/ol>\n\n\n\n<p class=\"wp-block-paragraph\">Vamos a echar un vistazo a cada una de estas partes. Pronto ver\u00e1s la conexi\u00f3n entre el comportamiento problem\u00e1tico del juego y jugar para ganar dinero, seguido de la adicci\u00f3n al juego y el intento de recuperar el dinero.<\/p>\n<\/div>\n<\/div>\n<\/section>\n\n\n\n<section class=\"wp-block-group is-layout-flow wp-block-group-is-layout-flow\">\n<h2 class=\"wp-block-heading\">Jugando Por Entretenimiento<\/h2>\n\n\n\n<div class=\"wp-block-columns is-layout-flex wp-block-columns-is-layout-flex\">\n<div class=\"wp-block-column is-layout-flow wp-block-column-is-layout-flow\">\n<p class=\"wp-block-paragraph\">Nos estamos adelantando, as\u00ed que volvamos a jugar por entretenimiento. Aunque aconsejamos contra todo tipo de juego, especialmente si est\u00e1s en riesgo de adicci\u00f3n, hay algunos juegos menos da\u00f1inos.<\/p>\n\n\n\n<ul class=\"wp-block-list\">\n<li>Rifas que apoyan a una organizaci\u00f3n ben\u00e9fica o una buena causa.<\/li>\n\n\n\n<li>Un boleto de rasca y gana ocasional.<\/li>\n\n\n\n<li>Jugar con apuestas peque\u00f1as mientras visitas un casino en vacaciones.<\/li>\n<\/ul>\n\n\n\n<p class=\"wp-block-paragraph\">No recomendamos ninguna de las anteriores. Al mismo tiempo, la vida se trata de experiencias, y visitar Las Vegas est\u00e1 en muchas listas de cosas por hacer.<\/p>\n\n\n\n<p class=\"wp-block-paragraph\">Puedes so\u00f1ar con apostar $100 al n\u00famero 13 en la mesa de ruleta en Las Vegas solo para ver qu\u00e9 pasa. Y si te encuentras en Las Vegas, \u00bfpor qu\u00e9 no hacer realidad ese sue\u00f1o? De manera similar, apoyar al club deportivo local o a otra buena causa comprando un boleto de rasca y gana no se trata de ganar dinero. Lo haces por la experiencia y como un gesto amable.<\/p>\n\n\n\n<p class=\"wp-block-paragraph\">Siempre y cuando la experiencia sea lo que buscas, deber\u00edas estar bien.<\/p>\n<\/div>\n\n\n\n<div class=\"wp-block-column is-layout-flow wp-block-column-is-layout-flow\">\n<figure class=\"wp-block-image size-full is-resized\"><img loading=\"lazy\" decoding=\"async\" width=\"824\" height=\"646\" src=\"https:\/\/quitgamble.com\/sv\/wp-content\/uploads\/sites\/8\/2022\/03\/Thin-ice.png\" alt=\"\" class=\"wp-image-69660\" style=\"width:533px;height:417px\" srcset=\"https:\/\/quitgamble.com\/es\/wp-content\/uploads\/sites\/10\/2022\/03\/Thin-ice.png 824w, https:\/\/quitgamble.com\/es\/wp-content\/uploads\/sites\/10\/2022\/03\/Thin-ice-300x235.png 300w, https:\/\/quitgamble.com\/es\/wp-content\/uploads\/sites\/10\/2022\/03\/Thin-ice-768x602.png 768w\" sizes=\"auto, (max-width: 824px) 100vw, 824px\" \/><\/figure>\n\n\n\n<h3 class=\"wp-block-heading\">\u00a1Importante!! <\/h3>\n\n\n\n<p class=\"wp-block-paragraph\">El comportamiento de juego de alguien puede cambiar r\u00e1pidamente si algo dr\u00e1stico sucede en la vida de la persona. Si conoces a un jugador, s\u00e9 especialmente atento si algo que le cause mucho dolor sucede. Entonces, jugar por entretenimiento puede cambiar r\u00e1pidamente a jugar para escapar. T\u00edpicamente, cosas que pueden suceder son: una mudanza, ser despedido, baja por enfermedad, una ruptura, lesi\u00f3n f\u00edsica o p\u00e9rdida.<\/p>\n<\/div>\n<\/div>\n<\/section>\n\n\n\n<section class=\"wp-block-group is-layout-flow wp-block-group-is-layout-flow\">\n<h2 class=\"wp-block-heading\">Apostando Para Ganar Dinero<\/h2>\n\n\n\n<div class=\"wp-block-columns is-layout-flex wp-block-columns-is-layout-flex\">\n<div class=\"wp-block-column is-layout-flow wp-block-column-is-layout-flow\">\n<p class=\"wp-block-paragraph\">Naturalmente, nunca comprar\u00edas un boleto de rasca y gana si supieras que no tienes la oportunidad de ganar algo. Una persona que compra boletos de rasca y gana por diversi\u00f3n los compra por un minuto de emoci\u00f3n y la posibilidad de que, tal vez, puedan ganar algo.<\/p>\n\n\n\n<p class=\"wp-block-paragraph\">Una persona que apuesta para ganar probablemente comprar\u00e1 m\u00e1s de un boleto. Es m\u00e1s probable que compre diez. (Aunque el retorno al jugador suele ser inferior al 50%. Lo dice en la parte trasera del boleto. En otras palabras, es un suicidio matem\u00e1tico y l\u00f3gicamente no tiene sentido.)<\/p>\n\n\n\n<figure class=\"wp-block-image size-full\"><img loading=\"lazy\" decoding=\"async\" width=\"700\" height=\"494\" src=\"https:\/\/quitgamble.com\/sv\/wp-content\/uploads\/sites\/8\/2022\/03\/How-about-Gamble-To-Win-Money.png\" alt=\"\" class=\"wp-image-68940\" srcset=\"https:\/\/quitgamble.com\/es\/wp-content\/uploads\/sites\/10\/2022\/03\/How-about-Gamble-To-Win-Money.png 700w, https:\/\/quitgamble.com\/es\/wp-content\/uploads\/sites\/10\/2022\/03\/How-about-Gamble-To-Win-Money-300x212.png 300w\" sizes=\"auto, (max-width: 700px) 100vw, 700px\" \/><figcaption class=\"wp-element-caption\"><strong>\u00bfD\u00f3nde te ves en la curva?<\/strong><\/figcaption><\/figure>\n<\/div>\n\n\n\n<div class=\"wp-block-column is-layout-flow wp-block-column-is-layout-flow\">\n<p class=\"wp-block-paragraph\"><strong>Juegos centrados en ganar dinero:<\/strong><\/p>\n\n\n\n<ul class=\"wp-block-list\">\n<li>Todos los juegos en casinos online.<\/li>\n\n\n\n<li>Apuestas deportivas: cuando apuestas en m\u00e1s juegos de los que ves.<\/li>\n\n\n\n<li>P\u00f3ker: tanto el p\u00f3ker de casino como el p\u00f3ker entre pares.<\/li>\n\n\n\n<li>Todos los juegos de mesa y otros juegos bancados por la casa.<\/li>\n\n\n\n<li>Todas las m\u00e1quinas tragamonedas<\/li>\n<\/ul>\n\n\n\n<p class=\"wp-block-paragraph\"><strong>Cuando una persona juega para ganar, a menudo sucede lo siguiente:<\/strong><\/p>\n\n\n\n<ul class=\"wp-block-list\">\n<li>Las cantidades y las apuestas aumentan<\/li>\n\n\n\n<li>El juego consume m\u00e1s tiempo<\/li>\n\n\n\n<li>Hay un claro motivo para ganar<\/li>\n\n\n\n<li>El deseo de jugar crece<\/li>\n\n\n\n<li>Piensan en el juego incluso cuando no est\u00e1n jugando.<\/li>\n<\/ul>\n\n\n\n<p class=\"wp-block-paragraph\">Cuando juegas para ganar, juegas con fuego, especialmente si est\u00e1s en la zona de riesgo de convertirte en un adicto. \u00bfTe suena? \u00bfHa comenzado la curva a descender para ti? Si est\u00e1s en terreno peligroso, m\u00e1s vale que est\u00e9s preparado para mojarte.<\/p>\n<\/div>\n<\/div>\n\n\n\n<h3 class=\"wp-block-heading\">\u00bfD\u00f3nde te ves en la curva?<\/h3>\n\n\n\n<div class=\"wp-block-columns is-layout-flex wp-block-columns-is-layout-flex\">\n<div class=\"wp-block-column is-layout-flow wp-block-column-is-layout-flow\">\n<figure class=\"wp-block-image size-large\"><img loading=\"lazy\" decoding=\"async\" width=\"858\" height=\"540\" src=\"https:\/\/quitgamble.com\/sv\/wp-content\/uploads\/sites\/8\/2022\/05\/chart-1.svg\" alt=\"\" class=\"wp-image-71132\"\/><\/figure>\n<\/div>\n\n\n\n<div class=\"wp-block-column is-layout-flow wp-block-column-is-layout-flow\">\n<p class=\"wp-block-paragraph\">Suponemos que todos los juegos de casino se tratan de ganar dinero. Todos los comerciales de apuestas enfatizan tus posibilidades de ganar; nunca te dicen que deposites dinero solo para divertirte. Siempre se trata de que tienes la oportunidad de ganar mucho dinero&#8230;<\/p>\n\n\n\n<p class=\"wp-block-paragraph\">Claro, las m\u00e1quinas tragamonedas pueden ser entretenidas, pero el riesgo de que todo se vaya al traste es significativo, especialmente si ganas al principio. (Lee m\u00e1s sobre <a href=\"https:\/\/quitgamble.com\/es\/puedes-ganar\/\" data-type=\"page\" data-id=\"69133\">qu\u00e9 sucede cuando ganas aqu\u00ed.<\/a>)<\/p>\n\n\n\n<p class=\"wp-block-paragraph\">Lo mismo puede suceder con las apuestas deportivas. Si empiezas a apostar en muchos juegos o aumentas las apuestas por juego, r\u00e1pidamente corres el riesgo de perder el control.<\/p>\n\n\n\n<p class=\"wp-block-paragraph\">De igual manera, todos los que juegan al p\u00f3ker saben que es un juego de ganar o perder dinero. El p\u00f3ker no funciona sin apuestas monetarias.<\/p>\n\n\n\n<p class=\"wp-block-paragraph\"><\/p>\n<\/div>\n<\/div>\n\n\n\n<p class=\"wp-block-paragraph\">Incluso los jugadores profesionales de p\u00f3ker y apostadores deportivos exitosos pueden tener problemas de juego. Lo que los diferencia del 95% de los dem\u00e1s jugadores es que ellos ganan. Sin embargo, solo porque est\u00e9n adelante no significa que no tengan problemas relacionados con jugar demasiado.<\/p>\n\n\n\n<p class=\"wp-block-paragraph\">Cuando las apuestas aumentan, las cosas pueden salirse de control r\u00e1pidamente. Un gran triunfo puede tener consecuencias catastr\u00f3ficas y cambiar el comportamiento de juego. De repente, las peque\u00f1as victorias ya no dan la misma sensaci\u00f3n positiva. La persona se desplaza m\u00e1s hacia el extremo de la Curva de la Adicci\u00f3n a medida que las apuestas aumentan para mantener la emoci\u00f3n.<\/p>\n\n\n\n<p class=\"wp-block-paragraph\">La persona pasa m\u00e1s tiempo jugando. El anhelo de jugar aumenta y concentrarse en otras cosas, excepto en el pr\u00f3ximo juego, se vuelve dif\u00edcil. Actividades que una vez fueron agradables o necesarias, como el trabajo, la escuela, etc., se dejan de lado para liberar m\u00e1s horas para jugar. A menudo nos preguntan cu\u00e1n r\u00e1pido puede desarrollarse una adicci\u00f3n al juego. La mayor\u00eda de las personas dicen que toma a\u00f1os, pero, bas\u00e1ndonos en la teor\u00eda de escape y en lo que has le\u00eddo arriba, la respuesta es que las personas pueden desarrollar problemas de juego muy r\u00e1pido si cargan mucho dolor. Si quieres saber m\u00e1s, te recomendamos el siguiente <a href=\"https:\/\/quitgamble.com\/can-you-become-a-gambling-addict-in-a-day\/\" data-type=\"URL\" data-id=\"https:\/\/quitgamble.com\/can-you-become-a-gambling-addict-in-a-day\/\">art\u00edculo<\/a>.<\/p>\n<\/section>\n\n\n\n<section class=\"wp-block-group is-layout-flow wp-block-group-is-layout-flow\">\n<h2 class=\"wp-block-heading\">Apostar para Recuperar<\/h2>\n\n\n\n<div class=\"wp-block-columns is-layout-flex wp-block-columns-is-layout-flex\">\n<div class=\"wp-block-column is-style-right-border is-layout-flow wp-block-column-is-layout-flow\">\n<p class=\"wp-block-paragraph\">El juego contin\u00faa escalando y la Curva de la Adicci\u00f3n se hace m\u00e1s pronunciada. El choque que se avecina es todo menos agradable. No queremos asustarte, pero necesitamos decirte lo que te espera si contin\u00faas jugando. QuitGamble.com est\u00e1 creado para darte esperanza y orientaci\u00f3n en tu situaci\u00f3n.<\/p>\n\n\n\n<figure class=\"wp-block-image size-full\"><img loading=\"lazy\" decoding=\"async\" width=\"677\" height=\"857\" src=\"https:\/\/quitgamble.com\/sv\/wp-content\/uploads\/sites\/8\/2022\/03\/Gamble-To-Win-Back.png\" alt=\"\" class=\"wp-image-68941\" srcset=\"https:\/\/quitgamble.com\/es\/wp-content\/uploads\/sites\/10\/2022\/03\/Gamble-To-Win-Back.png 677w, https:\/\/quitgamble.com\/es\/wp-content\/uploads\/sites\/10\/2022\/03\/Gamble-To-Win-Back-237x300.png 237w\" sizes=\"auto, (max-width: 677px) 100vw, 677px\" \/><\/figure>\n<\/div>\n\n\n\n<div class=\"wp-block-column is-layout-flow wp-block-column-is-layout-flow\">\n<p class=\"wp-block-paragraph\"><strong>Si la persona no deja de jugar, se corre el riesgo de<\/strong>:<\/p>\n\n\n\n<ul class=\"wp-block-list\">\n<li>Bancarrota personal<\/li>\n\n\n\n<li>Divorcio<\/li>\n\n\n\n<li>C\u00e1rcel<\/li>\n\n\n\n<li>Suicidio<\/li>\n<\/ul>\n\n\n\n<p class=\"wp-block-paragraph\">\u00a1Incluso, si las cosas pueden parecer oscuras en este momento, hay formas de salir! No est\u00e1s solo. Hay cientos de miles de personas en la misma situaci\u00f3n que t\u00fa. \u00a1Haremos todo lo que podamos para ayudarte!<\/p>\n\n\n\n<p class=\"wp-block-paragraph\">Aqu\u00ed hay algunas caracter\u00edsticas del comportamiento en el punto m\u00e1s lejano de la curva:<\/p>\n\n\n\n<ul class=\"wp-block-list\">\n<li>La persona permite que el juego controle su vida<\/li>\n\n\n\n<li>La persona miente a las personas a su alrededor<\/li>\n\n\n\n<li>La persona pide dinero prestado a amigos, familiares y posiblemente incluso a personas poco confiables como los usureros.<\/li>\n\n\n\n<li>A la persona ya no le gusta jugar.<\/li>\n\n\n\n<li>La persona est\u00e1 desesperada por recuperar las p\u00e9rdidas anteriores.<\/li>\n\n\n\n<li>La persona busca nuevo dinero para continuar jugando.<\/li>\n\n\n\n<li>La persona busca una salida: el pensamiento del suicidio es com\u00fan.<\/li>\n<\/ul>\n\n\n\n<p class=\"is-style-swoosh has-large-font-size wp-block-paragraph\"><strong><strong>\u00bfTe suena familiar?<\/strong><\/strong><\/p>\n\n\n\n<p class=\"wp-block-paragraph\">Es hora de hacer algo al respecto. Es hora de buscar ayuda. \u00a1El momento de actuar es ahora! \u00a1Este sitio web fue creado para ti!<\/p>\n<\/div>\n<\/div>\n\n\n\n<div class=\"wp-block-group is-layout-constrained wp-block-group-is-layout-constrained\">\n<div style=\"height:54px\" aria-hidden=\"true\" class=\"wp-block-spacer\"><\/div>\n\n\n\n<h2 class=\"wp-block-heading has-text-align-center\">Plan de Acci\u00f3n \u00a1Toma la Pr\u00f3xima Salida!<\/h2>\n\n\n\n<p class=\"wp-block-paragraph\">Si todav\u00eda est\u00e1s con nosotros, ahora sabes que el juego en s\u00ed mismo no es una adicci\u00f3n. A lo que est\u00e1s adicto es huir de la realidad. Por lo tanto, una gran parte del trabajo durante los pr\u00f3ximos meses ser\u00e1 reducir tu necesidad de huir.<\/p>\n\n\n\n<p class=\"wp-block-paragraph\">La \u201cCurva de la Adicci\u00f3n\u201d estaba destinada a alertarte. Es hora de darte cuenta de la importancia de la acci\u00f3n. <strong>Si a\u00fan no has hecho la Prueba de Felicidad, \u00a1hazlo ahora!<\/strong> Ese es el primer paso para identificar tu jaula.<\/p>\n<\/div>\n\n\n\n<div class=\"wp-block-columns is-layout-flex wp-block-columns-is-layout-flex\">\n<div class=\"wp-block-column is-layout-flow wp-block-column-is-layout-flow\">\n<p class=\"wp-block-paragraph\">No importa d\u00f3nde te encuentres en la curva hoy. Toma la pr\u00f3xima salida, \u00a1y obt\u00e9n ayuda aqu\u00ed! Como miembro de QuitGamble.com, obtienes acceso a herramientas poderosas ajustadas a tus necesidades actuales. Adem\u00e1s, nuestra comunidad en l\u00ednea est\u00e1 burbujeando con informaci\u00f3n, inspiraci\u00f3n y aliento. <strong>\u00a1Esperamos verte all\u00ed!<\/strong><\/p>\n\n\n\n<p class=\"wp-block-paragraph\">QuitGamble.com est\u00e1 disponible las 24 horas del d\u00eda. Ser activo en QuitGamble.com es la mejor forma para dejar de jugar. \u00a1As\u00ed que comienza tu viaje hacia una vida libre de juegos de azar ahora mismo! Descarga nuestra aplicaci\u00f3n y podr\u00e1s bloquear de forma instant\u00e1nea y efectiva todos los sitios de apuestas en tu m\u00f3vil y computadora.<\/p>\n<\/div>\n\n\n\n<div class=\"wp-block-column is-layout-flow wp-block-column-is-layout-flow\">\n<h3 class=\"wp-block-heading\">Tu Lista de Tareas<\/h3>\n\n\n\n<ol style=\"list-style-type:1\" class=\"wp-block-list\">\n<li>Realiza la Prueba de Felicidad.<\/li>\n\n\n\n<li>\u00danete a nuestra comunidad (chat y foro).<\/li>\n\n\n\n<li>Comparte tu historia con otros <a href=\"https:\/\/quitgamble.com\/es\/unete-a-la-comunidad\/\" data-type=\"page\" data-id=\"68622\">miembros de nuestra comunidad<\/a>.<\/li>\n\n\n\n<li>Obt\u00e9n tu plan de desarrollo personalizado para comenzar tu viaje.<\/li>\n\n\n\n<li>Abre tu coraz\u00f3n a tu familia; te proporcionaremos herramientas \u00fatiles. Si necesitas ayuda, lee la gu\u00eda sobre <a href=\"https:\/\/quitgamble.com\/es\/como-ayudar-a-un-adicto-al-juego\/\" data-type=\"page\" data-id=\"68616\">c\u00f3mo ayudar a un adicto al juego.<\/a><\/li>\n\n\n\n<li>\u00danete a un grupo local de adictos al juego y complementa QuitGamble.com con reuniones f\u00edsicas.<\/li>\n\n\n\n<li>Ay\u00fadate a ti mismo ayudando a otros. \u00a1Convi\u00e9rtete en un miembro activo!<\/li>\n<\/ol>\n<\/div>\n<\/div>\n\n\n\n<div class=\"wp-block-buttons is-layout-flex wp-block-buttons-is-layout-flex\">\n<div class=\"wp-block-button\"><a class=\"wp-block-button__link wp-element-button\" href=\"https:\/\/quitgamble.com\/register\/\" target=\"_blank\" rel=\"noreferrer noopener\">SOLICITAR ACCESO<\/a><\/div>\n\n\n\n<div class=\"wp-block-button\"><a class=\"wp-block-button__link has-green-background-color has-background wp-element-button\" href=\"https:\/\/quitgamble.com\/happiness-test\/\" target=\"_blank\" rel=\"noreferrer noopener\">PRUEBA DE LA FELICIDAD<\/a><\/div>\n<\/div>\n<\/section>\n","protected":false},"excerpt":{"rendered":"<p>Una visualizaci\u00f3n de la conexi\u00f3n del por qu\u00e9 jugamos y qu\u00e9 consecuencias podr\u00eda tener. La curva de la adicci\u00f3n al juego es una herramienta de autoayuda para los adictos al [&hellip;]<\/p>\n","protected":false},"author":2,"featured_media":0,"parent":0,"menu_order":0,"comment_status":"closed","ping_status":"closed","template":"","meta":{"_acf_changed":false,"_crdt_document":"","inline_featured_image":false,"_themeisle_gutenberg_block_has_review":false,"footnotes":""},"coauthors":[79],"class_list":["post-75090","page","type-page","status-publish","hentry"],"acf":[],"_links":{"self":[{"href":"https:\/\/quitgamble.com\/es\/wp-json\/wp\/v2\/pages\/75090","targetHints":{"allow":["GET"]}}],"collection":[{"href":"https:\/\/quitgamble.com\/es\/wp-json\/wp\/v2\/pages"}],"about":[{"href":"https:\/\/quitgamble.com\/es\/wp-json\/wp\/v2\/types\/page"}],"author":[{"embeddable":true,"href":"https:\/\/quitgamble.com\/es\/wp-json\/wp\/v2\/users\/2"}],"replies":[{"embeddable":true,"href":"https:\/\/quitgamble.com\/es\/wp-json\/wp\/v2\/comments?post=75090"}],"version-history":[{"count":1,"href":"https:\/\/quitgamble.com\/es\/wp-json\/wp\/v2\/pages\/75090\/revisions"}],"predecessor-version":[{"id":75702,"href":"https:\/\/quitgamble.com\/es\/wp-json\/wp\/v2\/pages\/75090\/revisions\/75702"}],"wp:attachment":[{"href":"https:\/\/quitgamble.com\/es\/wp-json\/wp\/v2\/media?parent=75090"}],"wp:term":[{"taxonomy":"author","embeddable":true,"href":"https:\/\/quitgamble.com\/es\/wp-json\/wp\/v2\/coauthors?post=75090"}],"curies":[{"name":"wp","href":"https:\/\/api.w.org\/{rel}","templated":true}]}}