{"id":72791,"date":"2023-01-23T13:49:40","date_gmt":"2023-01-23T12:49:40","guid":{"rendered":"https:\/\/quitgamble.com\/?page_id=72791"},"modified":"2026-03-31T23:58:27","modified_gmt":"2026-03-31T21:58:27","slug":"sitemap","status":"publish","type":"page","link":"https:\/\/quitgamble.com\/es\/sitemap\/","title":{"rendered":"Mapa de sitio"},"content":{"rendered":"\n<section class=\"wp-block-group is-layout-constrained wp-block-group-is-layout-constrained\"><h2 class=\"wp-block-post-title\">Mapa de sitio<\/h2>\n\n<div class=\"rank-math-html-sitemap\"><div class=\"rank-math-html-sitemap__section rank-math-html-sitemap__section--post-type rank-math-html-sitemap__section--post\"><h2 class=\"rank-math-html-sitemap__title\">Entradas<\/h2><ul class=\"rank-math-html-sitemap__list\"><li class=\"rank-math-html-sitemap__item\"><a href=\"https:\/\/quitgamble.com\/es\/jugando-para-ganar-a-lo-grande\/\" class=\"rank-math-html-sitemap__link\">\u00bfApuestas para ganar a lo grande? | Adicci\u00f3n al Juego<\/a> <span class=\"rank-math-html-sitemap__date\">(junio 12, 2023)<\/span><\/li><li class=\"rank-math-html-sitemap__item\"><a href=\"https:\/\/quitgamble.com\/es\/que-pasa-cuando-apuestas\/\" class=\"rank-math-html-sitemap__link\">\u00bfQu\u00e9 Sucede Cuando Apuestas? | La Clave para Dejar de Jugar<\/a> <span class=\"rank-math-html-sitemap__date\">(junio 12, 2023)<\/span><\/li><li class=\"rank-math-html-sitemap__item\"><a href=\"https:\/\/quitgamble.com\/es\/101-razones-para-no-dejar-de-jugar\/\" class=\"rank-math-html-sitemap__link\">101 razones para NO dejar de jugar<\/a> <span class=\"rank-math-html-sitemap__date\">(febrero 22, 2025)<\/span><\/li><li class=\"rank-math-html-sitemap__item\"><a href=\"https:\/\/quitgamble.com\/es\/como-sex-impulsa-la-adiccion-al-juego\/\" class=\"rank-math-html-sitemap__link\">C\u00f3mo sex Impulsa la Adicci\u00f3n al Juego<\/a> <span class=\"rank-math-html-sitemap__date\">(junio 18, 2024)<\/span><\/li><li class=\"rank-math-html-sitemap__item\"><a href=\"https:\/\/quitgamble.com\/es\/mejores-pruebas-de-adiccion-al-juego\/\" class=\"rank-math-html-sitemap__link\">Mejores Pruebas de Adicci\u00f3n al Juego 2025<\/a> <span class=\"rank-math-html-sitemap__date\">(julio 15, 2025)<\/span><\/li><li class=\"rank-math-html-sitemap__item\"><a href=\"https:\/\/quitgamble.com\/es\/el-cambio-radical-que-necesitas\/\" class=\"rank-math-html-sitemap__link\">Serotonina - \u00bfEl Cambio Radical Que Necesitas?<\/a> <span class=\"rank-math-html-sitemap__date\">(marzo 31, 2026)<\/span><\/li><li class=\"rank-math-html-sitemap__item\"><a href=\"https:\/\/quitgamble.com\/es\/adiccion-al-juego-placer-vs-felicidad\/\" class=\"rank-math-html-sitemap__link\">Adicci\u00f3n al Juego \u2013 Placer Vs Felicidad<\/a> <span class=\"rank-math-html-sitemap__date\">(julio 16, 2024)<\/span><\/li><li class=\"rank-math-html-sitemap__item\"><a href=\"https:\/\/quitgamble.com\/es\/rehabilitacion-para-el-juego\/\" class=\"rank-math-html-sitemap__link\">\u00bfQu\u00e9 sucede en la rehabilitaci\u00f3n para el juego?<\/a> <span class=\"rank-math-html-sitemap__date\">(julio 26, 2022)<\/span><\/li><li class=\"rank-math-html-sitemap__item\"><a href=\"https:\/\/quitgamble.com\/es\/una-revision-de-gamban\/\" class=\"rank-math-html-sitemap__link\">\u00bfGamban ayuda a dejar de apostar? | Rese\u00f1a de Gamban<\/a> <span class=\"rank-math-html-sitemap__date\">(junio 13, 2023)<\/span><\/li><li class=\"rank-math-html-sitemap__item\"><a href=\"https:\/\/quitgamble.com\/es\/juego-responsable-101\/\" class=\"rank-math-html-sitemap__link\">Juego Responsable 101 | Consejos Clave; Estrategias 2023<\/a> <span class=\"rank-math-html-sitemap__date\">(abril 7, 2023)<\/span><\/li><li class=\"rank-math-html-sitemap__item\"><a href=\"https:\/\/quitgamble.com\/es\/cuales-son-los-9-tipos-de-jugadores\/\" class=\"rank-math-html-sitemap__link\">\u00bfCu\u00e1les son los 9 Tipos de Jugadores? | Gu\u00eda Completa<\/a> <span class=\"rank-math-html-sitemap__date\">(junio 12, 2023)<\/span><\/li><li class=\"rank-math-html-sitemap__item\"><a href=\"https:\/\/quitgamble.com\/es\/anonimos-de-jugadores-en-linea\/\" class=\"rank-math-html-sitemap__link\">An\u00f3nimos de Jugadores en L\u00ednea | Reuni\u00f3n de Zoom de JA<\/a> <span class=\"rank-math-html-sitemap__date\">(marzo 31, 2026)<\/span><\/li><li class=\"rank-math-html-sitemap__item\"><a href=\"https:\/\/quitgamble.com\/es\/las-20-preguntas-de-jugadores-anonimos\/\" class=\"rank-math-html-sitemap__link\">Prop\u00f3sito de las 20 Preguntas de Jugadores An\u00f3nimos<\/a> <span class=\"rank-math-html-sitemap__date\">(julio 30, 2024)<\/span><\/li><li class=\"rank-math-html-sitemap__item\"><a href=\"https:\/\/quitgamble.com\/es\/reuniones-de-jugadores-anonimos\/\" class=\"rank-math-html-sitemap__link\">\u00bfQu\u00e9 sucede en las reuniones de JA? | \u00bfPuede JA ayudarte?<\/a> <span class=\"rank-math-html-sitemap__date\">(junio 12, 2023)<\/span><\/li><li class=\"rank-math-html-sitemap__item\"><a href=\"https:\/\/quitgamble.com\/es\/los-12-pasos-de-jugadores-anonimos\/\" class=\"rank-math-html-sitemap__link\">Los 12 Pasos de Jugadores An\u00f3nimos | \u00a1Lo que necesitas saber!<\/a> <span class=\"rank-math-html-sitemap__date\">(junio 12, 2023)<\/span><\/li><li class=\"rank-math-html-sitemap__item\"><a href=\"https:\/\/quitgamble.com\/es\/el-trastorno-del-juego-en-el-dsm-5\/\" class=\"rank-math-html-sitemap__link\">El Trastorno del Juego en el DSM-5<\/a> <span class=\"rank-math-html-sitemap__date\">(agosto 6, 2024)<\/span><\/li><li class=\"rank-math-html-sitemap__item\"><a href=\"https:\/\/quitgamble.com\/es\/47-senales-de-adiccion-a-las-apuestas-deportivas\/\" class=\"rank-math-html-sitemap__link\">47 Se\u00f1ales de Adicci\u00f3n a las Apuestas Deportivas<\/a> <span class=\"rank-math-html-sitemap__date\">(febrero 17, 2023)<\/span><\/li><li class=\"rank-math-html-sitemap__item\"><a href=\"https:\/\/quitgamble.com\/es\/53-sintomas-inesperados-de-la-adiccion-al-juego\/\" class=\"rank-math-html-sitemap__link\">53 S\u00edntomas Inesperados de Adicci\u00f3n al Juego<\/a> <span class=\"rank-math-html-sitemap__date\">(febrero 12, 2023)<\/span><\/li><li class=\"rank-math-html-sitemap__item\"><a href=\"https:\/\/quitgamble.com\/es\/conversaciones-con-mi-cerebro-compulsivo-por-el-juego\/\" class=\"rank-math-html-sitemap__link\">Conversaciones Con Mi Cerebro Compulsivo Por El Juego<\/a> <span class=\"rank-math-html-sitemap__date\">(junio 25, 2024)<\/span><\/li><li class=\"rank-math-html-sitemap__item\"><a href=\"https:\/\/quitgamble.com\/es\/betblocker-resena\/\" class=\"rank-math-html-sitemap__link\">\u00bfBetBlocker ayuda a dejar apostar? | Rese\u00f1a de BetBlocker<\/a> <span class=\"rank-math-html-sitemap__date\">(junio 12, 2023)<\/span><\/li><li class=\"rank-math-html-sitemap__item\"><a href=\"https:\/\/quitgamble.com\/es\/por-que-es-adictivo-el-juego\/\" class=\"rank-math-html-sitemap__link\">\u00bfPor Qu\u00e9 Es Adictivo el Juego? | Explicaci\u00f3n y Qu\u00e9<\/a> <span class=\"rank-math-html-sitemap__date\">(junio 12, 2023)<\/span><\/li><li class=\"rank-math-html-sitemap__item\"><a href=\"https:\/\/quitgamble.com\/es\/21-formas-de-protegerte-de-un-conyuge-con-problemas-de-juego\/\" class=\"rank-math-html-sitemap__link\">21 maneras de protegerte de un c\u00f3nyuge que apuesta<\/a> <span class=\"rank-math-html-sitemap__date\">(junio 12, 2023)<\/span><\/li><li class=\"rank-math-html-sitemap__item\"><a href=\"https:\/\/quitgamble.com\/es\/la-mejor-aplicacion-para-dejar-de-jugar\/\" class=\"rank-math-html-sitemap__link\">La Mejor Aplicaci\u00f3n para Dejar de Jugar 2023<\/a> <span class=\"rank-math-html-sitemap__date\">(enero 14, 2022)<\/span><\/li><li class=\"rank-math-html-sitemap__item\"><a href=\"https:\/\/quitgamble.com\/es\/por-que-la-gente-juega\/\" class=\"rank-math-html-sitemap__link\">Por qu\u00e9 la gente apuesta?<\/a> <span class=\"rank-math-html-sitemap__date\">(junio 13, 2023)<\/span><\/li><li class=\"rank-math-html-sitemap__item\"><a href=\"https:\/\/quitgamble.com\/es\/alternativa-a-jugadores-anonimos\/\" class=\"rank-math-html-sitemap__link\">Alternativa a Jugadores An\u00f3nimos<\/a> <span class=\"rank-math-html-sitemap__date\">(junio 11, 2024)<\/span><\/li><li class=\"rank-math-html-sitemap__item\"><a href=\"https:\/\/quitgamble.com\/es\/como-ayudar-a-un-adicto-que-no-entiende-su-problema\/\" class=\"rank-math-html-sitemap__link\">C\u00f3mo Ayudar a un Adicto que No Entiende Su Problema<\/a> <span class=\"rank-math-html-sitemap__date\">(julio 2, 2024)<\/span><\/li><li class=\"rank-math-html-sitemap__item\"><a href=\"https:\/\/quitgamble.com\/es\/jugadores-anonimos\/\" class=\"rank-math-html-sitemap__link\">\u00bfQu\u00e9 es Jugadores An\u00f3nimos? | Gu\u00eda Completa<\/a> <span class=\"rank-math-html-sitemap__date\">(junio 12, 2023)<\/span><\/li><li class=\"rank-math-html-sitemap__item\"><a href=\"https:\/\/quitgamble.com\/es\/como-funciona-el-juego-en-linea\/\" class=\"rank-math-html-sitemap__link\">\u00bfC\u00f3mo Funciona el Juego en L\u00ednea?<\/a> <span class=\"rank-math-html-sitemap__date\">(junio 12, 2023)<\/span><\/li><li class=\"rank-math-html-sitemap__item\"><a href=\"https:\/\/quitgamble.com\/es\/historia-de-la-adiccion-al-juego-de-jade\/\" class=\"rank-math-html-sitemap__link\">Historia de la Adicci\u00f3n al Juego de Jade<\/a> <span class=\"rank-math-html-sitemap__date\">(julio 23, 2024)<\/span><\/li><li class=\"rank-math-html-sitemap__item\"><a href=\"https:\/\/quitgamble.com\/es\/un-viaje-de-37-anos-con-la-adiccion-al-juego\/\" class=\"rank-math-html-sitemap__link\">Un Viaje de 37 A\u00f1os con la Adicci\u00f3n al Juego | Entrevista<\/a> <span class=\"rank-math-html-sitemap__date\">(junio 12, 2023)<\/span><\/li><li class=\"rank-math-html-sitemap__item\"><a href=\"https:\/\/quitgamble.com\/es\/la-batalla-de-tiffany-contra-el-juego-compulsivo\/\" class=\"rank-math-html-sitemap__link\">Tiffany lucha vs Juego Compulsivo | Resumen Entrevista<\/a> <span class=\"rank-math-html-sitemap__date\">(junio 12, 2023)<\/span><\/li><li class=\"rank-math-html-sitemap__item\"><a href=\"https:\/\/quitgamble.com\/es\/como-aplicar-a-autoempatia-ao-padel\/\" class=\"rank-math-html-sitemap__link\">Como Aplicar a Autoempatia ao Padel | QuitGamble.com 2026<\/a> <span class=\"rank-math-html-sitemap__date\">(abril 8, 2025)<\/span><\/li><\/ul><\/div><div class=\"rank-math-html-sitemap__section rank-math-html-sitemap__section--post-type rank-math-html-sitemap__section--page\"><h2 class=\"rank-math-html-sitemap__title\">P\u00e1ginas<\/h2><ul class=\"rank-math-html-sitemap__list\"><li class=\"rank-math-html-sitemap__item\"><a href=\"https:\/\/quitgamble.com\/es\/guia-de-deuda-de-juego\/\" class=\"rank-math-html-sitemap__link\">Gu\u00eda de deuda de juego | Lib\u00e9rese de sus deudas hoy<\/a> <span class=\"rank-math-html-sitemap__date\">(junio 4, 2024)<\/span><\/li><li class=\"rank-math-html-sitemap__item\"><a href=\"https:\/\/quitgamble.com\/es\/estadisticas-de-adiccion-al-juego\/\" class=\"rank-math-html-sitemap__link\">Estad\u00edsticas de Adicci\u00f3n al Juego 2024<\/a> <span class=\"rank-math-html-sitemap__date\">(febrero 2, 2024)<\/span><\/li><li class=\"rank-math-html-sitemap__item\"><a href=\"https:\/\/quitgamble.com\/es\/bloquea-sitios-de-apuestas\/\" class=\"rank-math-html-sitemap__link\">Bloquea Sitios de Apuestas | Ayuda Para Que Dejes de Apostar<\/a> <span class=\"rank-math-html-sitemap__date\">(mayo 19, 2023)<\/span><\/li><li class=\"rank-math-html-sitemap__item\"><a href=\"https:\/\/quitgamble.com\/es\/recursos-para-dejar-de-jugar\/\" class=\"rank-math-html-sitemap__link\">Recursos para Dejar de Jugar<\/a> <span class=\"rank-math-html-sitemap__date\">(febrero 15, 2024)<\/span><\/li><li class=\"rank-math-html-sitemap__item\"><a href=\"https:\/\/quitgamble.com\/es\/puedes-ganar\/\" class=\"rank-math-html-sitemap__link\">Chance Matem\u00e1tico de Ganar en Slots | VERDAD CRUDA<\/a> <span class=\"rank-math-html-sitemap__date\">(febrero 28, 2023)<\/span><\/li><li class=\"rank-math-html-sitemap__item\"><a href=\"https:\/\/quitgamble.com\/es\/acerca-de-nosotros\/\" class=\"rank-math-html-sitemap__link\">Sobre Nosotro | QuitGamble.com<\/a> <span class=\"rank-math-html-sitemap__date\">(marzo 24, 2022)<\/span><\/li><li class=\"rank-math-html-sitemap__item\"><a href=\"https:\/\/quitgamble.com\/es\/la-adiccion\/\" class=\"rank-math-html-sitemap__link\">Desaf\u00eda la Adicci\u00f3n - \u00bfQu\u00e9 significar\u00eda para ti?<\/a> <span class=\"rank-math-html-sitemap__date\">(junio 13, 2023)<\/span><\/li><li class=\"rank-math-html-sitemap__item\"><a href=\"https:\/\/quitgamble.com\/es\/autoexclusion-del-juego\/\" class=\"rank-math-html-sitemap__link\">Autoexclusi\u00f3n del Juego - Aqu\u00ed est\u00e1n tus alternativas<\/a> <span class=\"rank-math-html-sitemap__date\">(abril 19, 2023)<\/span><\/li><li class=\"rank-math-html-sitemap__item\"><a href=\"https:\/\/quitgamble.com\/es\/unete-a-la-comunidad\/\" class=\"rank-math-html-sitemap__link\">C\u00f3mo Convertirse en Miembro en QuitGamble.com<\/a> <span class=\"rank-math-html-sitemap__date\">(febrero 28, 2022)<\/span><\/li><li class=\"rank-math-html-sitemap__item\"><a href=\"https:\/\/quitgamble.com\/es\/recaida-en-el-juego\/\" class=\"rank-math-html-sitemap__link\">Reca\u00edda en el Juego<\/a> <span class=\"rank-math-html-sitemap__date\">(junio 13, 2023)<\/span><\/li><li class=\"rank-math-html-sitemap__item\"><a href=\"https:\/\/quitgamble.com\/es\/como-ayudar-a-un-adicto-al-juego\/\" class=\"rank-math-html-sitemap__link\">C\u00f3mo Ayudar a un Lud\u00f3pata | 7 Formas de Evitar Co-Adicci\u00f3n<\/a> <span class=\"rank-math-html-sitemap__date\">(noviembre 24, 2022)<\/span><\/li><li class=\"rank-math-html-sitemap__item\"><a href=\"https:\/\/quitgamble.com\/es\/blog\/\" class=\"rank-math-html-sitemap__link\"> Blog | QuitGamble.com 2026<\/a> <span class=\"rank-math-html-sitemap__date\">(febrero 22, 2022)<\/span><\/li><li class=\"rank-math-html-sitemap__item\"><a href=\"https:\/\/quitgamble.com\/es\/prueba-de-la-felicidad\/\" class=\"rank-math-html-sitemap__link\">Mejor Test Adicci\u00f3n al Juego 2023 - Test de la Felicidad<\/a> <span class=\"rank-math-html-sitemap__date\">(junio 13, 2023)<\/span><\/li><li class=\"rank-math-html-sitemap__item\"><a href=\"https:\/\/quitgamble.com\/es\/9-pasos-para-dejar-de-apostar\/\" class=\"rank-math-html-sitemap__link\">9 Pasos Para Dejar de Apostar | Gu\u00eda en Video<\/a> <span class=\"rank-math-html-sitemap__date\">(junio 4, 2024)<\/span><\/li><li class=\"rank-math-html-sitemap__item\"><a href=\"https:\/\/quitgamble.com\/es\/\" class=\"rank-math-html-sitemap__link\">C\u00f3mo dejar la adicci\u00f3n al juego | QuitGamble.com<\/a> <span class=\"rank-math-html-sitemap__date\">(abril 9, 2025)<\/span><\/li><li class=\"rank-math-html-sitemap__item\"><a href=\"https:\/\/quitgamble.com\/es\/sitemap\/\" class=\"rank-math-html-sitemap__link\">Mapa de sitio | QuitGamble.com 2026<\/a> <span class=\"rank-math-html-sitemap__date\">(enero 23, 2023)<\/span><\/li><li class=\"rank-math-html-sitemap__item\"><a href=\"https:\/\/quitgamble.com\/es\/terms-and-conditions\/\" class=\"rank-math-html-sitemap__link\">T\u00e9rminos y Condiciones | QuitGamble.com 2023<\/a> <span class=\"rank-math-html-sitemap__date\">(marzo 24, 2022)<\/span><\/li><li class=\"rank-math-html-sitemap__item\"><a href=\"https:\/\/quitgamble.com\/es\/privacy-policy\/\" class=\"rank-math-html-sitemap__link\">Pol\u00edtica de Privacidad | QuitGamble.com 2023<\/a> <span class=\"rank-math-html-sitemap__date\">(febrero 2, 2022)<\/span><\/li><li class=\"rank-math-html-sitemap__item\"><a href=\"https:\/\/quitgamble.com\/es\/la-curva-de-la-adiccion-al-juego\/\" class=\"rank-math-html-sitemap__link\">La Curva de la Adicci\u00f3n al Juego | QuitGamble.com 2026<\/a> <span class=\"rank-math-html-sitemap__date\">(junio 13, 2023)<\/span><\/li><\/ul><\/div><\/div>\n<\/section>\n","protected":false},"excerpt":{"rendered":"","protected":false},"author":2,"featured_media":0,"parent":0,"menu_order":0,"comment_status":"closed","ping_status":"closed","template":"","meta":{"_acf_changed":false,"_crdt_document":"","inline_featured_image":false,"_themeisle_gutenberg_block_has_review":false,"footnotes":""},"coauthors":[79],"class_list":["post-72791","page","type-page","status-publish","hentry"],"acf":[],"_links":{"self":[{"href":"https:\/\/quitgamble.com\/es\/wp-json\/wp\/v2\/pages\/72791","targetHints":{"allow":["GET"]}}],"collection":[{"href":"https:\/\/quitgamble.com\/es\/wp-json\/wp\/v2\/pages"}],"about":[{"href":"https:\/\/quitgamble.com\/es\/wp-json\/wp\/v2\/types\/page"}],"author":[{"embeddable":true,"href":"https:\/\/quitgamble.com\/es\/wp-json\/wp\/v2\/users\/2"}],"replies":[{"embeddable":true,"href":"https:\/\/quitgamble.com\/es\/wp-json\/wp\/v2\/comments?post=72791"}],"version-history":[{"count":1,"href":"https:\/\/quitgamble.com\/es\/wp-json\/wp\/v2\/pages\/72791\/revisions"}],"predecessor-version":[{"id":75771,"href":"https:\/\/quitgamble.com\/es\/wp-json\/wp\/v2\/pages\/72791\/revisions\/75771"}],"wp:attachment":[{"href":"https:\/\/quitgamble.com\/es\/wp-json\/wp\/v2\/media?parent=72791"}],"wp:term":[{"taxonomy":"author","embeddable":true,"href":"https:\/\/quitgamble.com\/es\/wp-json\/wp\/v2\/coauthors?post=72791"}],"curies":[{"name":"wp","href":"https:\/\/api.w.org\/{rel}","templated":true}]}}