{"id":69113,"date":"2022-03-24T17:02:15","date_gmt":"2022-03-24T17:02:15","guid":{"rendered":"https:\/\/quitgamble.com\/?page_id=69113"},"modified":"2026-04-01T14:50:09","modified_gmt":"2026-04-01T12:50:09","slug":"acerca-de-nosotros","status":"publish","type":"page","link":"https:\/\/quitgamble.com\/es\/acerca-de-nosotros\/","title":{"rendered":"Acerca de nosotros"},"content":{"rendered":"\n<section class=\"wp-block-group guide__hero is-layout-flow wp-block-group-is-layout-flow\">\n<div class=\"wp-block-columns is-layout-flex wp-block-columns-is-layout-flex\">\n<div class=\"wp-block-column is-layout-flow wp-block-column-is-layout-flow\" style=\"flex-basis:50%\">\n<div class=\"wp-block-group is-layout-flow wp-block-group-is-layout-flow\"><h1 class=\"wp-block-post-title\">Acerca de nosotros<\/h1>\n\n\n<p class=\"wp-block-paragraph\"><em>\u00bfQui\u00e9n est\u00e1 detr\u00e1s de QG? \u00bfQu\u00e9 impulsa el desarrollo de QG? \u00bfC\u00f3mo se ve el futuro? \u00bfQuieres colaborar? En esta p\u00e1gina, encontrar\u00e1s todo lo que necesitas saber sobre nosotros. Aqu\u00ed est\u00e1n nuestros principales desaf\u00edos:<\/em><\/p>\n\n\n\n<div class=\"wp-block-group is-layout-flow wp-block-group-is-layout-flow\">\n<ul class=\"wp-block-list\">\n<li>Crear una herramienta efectiva para ayudar a las personas a liberarse.<\/li>\n\n\n\n<li>Hacer el proceso divertido y atractivo.<\/li>\n\n\n\n<li>M\u00e1s del 80% de los jugadores con problemas no buscan ayuda. \u00bfC\u00f3mo se puede llegar a ellos?<\/li>\n<\/ul>\n<\/div>\n<\/div>\n<\/div>\n\n\n\n<div class=\"wp-block-column is-layout-flow wp-block-column-is-layout-flow\" style=\"flex-basis:50%\">\n<figure class=\"wp-block-image size-full\"><img loading=\"lazy\" decoding=\"async\" width=\"933\" height=\"654\" src=\"https:\/\/quitgamble.com\/wp-content\/uploads\/2022\/03\/about-us-main.png\" alt=\"\" class=\"wp-image-69199\" srcset=\"https:\/\/quitgamble.com\/es\/wp-content\/uploads\/sites\/10\/2022\/03\/about-us-main.png 933w, https:\/\/quitgamble.com\/es\/wp-content\/uploads\/sites\/10\/2022\/03\/about-us-main-300x210.png 300w, https:\/\/quitgamble.com\/es\/wp-content\/uploads\/sites\/10\/2022\/03\/about-us-main-768x538.png 768w\" sizes=\"auto, (max-width: 933px) 100vw, 933px\" \/><\/figure>\n<\/div>\n<\/div>\n\n\n\n<div class=\"wp-block-columns is-layout-flex wp-block-columns-is-layout-flex\">\n<div class=\"wp-block-column is-layout-flow wp-block-column-is-layout-flow\">\n<figure class=\"wp-block-image size-full\"><img loading=\"lazy\" decoding=\"async\" width=\"770\" height=\"346\" src=\"https:\/\/quitgamble.com\/wp-content\/uploads\/2022\/04\/Quitgamble-MISSION.png\" alt=\"QuitGamble Mission:  We\u2019re challenging the status quo of addiction through an open mind and by embracing technology to make the process of stop gambling fun, engaging and about something more than just quitting. \" class=\"wp-image-70971\" srcset=\"https:\/\/quitgamble.com\/es\/wp-content\/uploads\/sites\/10\/2022\/04\/Quitgamble-MISSION.png 770w, https:\/\/quitgamble.com\/es\/wp-content\/uploads\/sites\/10\/2022\/04\/Quitgamble-MISSION-300x135.png 300w, https:\/\/quitgamble.com\/es\/wp-content\/uploads\/sites\/10\/2022\/04\/Quitgamble-MISSION-768x345.png 768w\" sizes=\"auto, (max-width: 770px) 100vw, 770px\" \/><\/figure>\n<\/div>\n\n\n\n<div class=\"wp-block-column is-layout-flow wp-block-column-is-layout-flow\">\n<figure class=\"wp-block-image size-full\"><img loading=\"lazy\" decoding=\"async\" width=\"770\" height=\"346\" src=\"https:\/\/quitgamble.com\/wp-content\/uploads\/2022\/04\/Quitgamble-VISION.png\" alt=\"QuitGamble Vision:  Through QG, we want to help people break free from gambling addiction by helping them reduce pain, and become happier. We aim to be the go-to platform people choose if they want to stop gambling. \" class=\"wp-image-70972\" srcset=\"https:\/\/quitgamble.com\/es\/wp-content\/uploads\/sites\/10\/2022\/04\/Quitgamble-VISION.png 770w, https:\/\/quitgamble.com\/es\/wp-content\/uploads\/sites\/10\/2022\/04\/Quitgamble-VISION-300x135.png 300w, https:\/\/quitgamble.com\/es\/wp-content\/uploads\/sites\/10\/2022\/04\/Quitgamble-VISION-768x345.png 768w\" sizes=\"auto, (max-width: 770px) 100vw, 770px\" \/><\/figure>\n<\/div>\n<\/div>\n\n\n\n<div class=\"wp-block-group funnel-entry__container more-space is-layout-constrained wp-block-group-is-layout-constrained\">\n<h2 class=\"wp-block-heading has-text-align-center has-foreground-color has-text-color has-link-color wp-elements-e664a3eea634be306747763ce6e011ae\">\u00bfC\u00f3mo podemos ayudarte?<\/h2>\n\n\n\n<div class=\"wp-block-columns svg-buttons is-style-no-gap ticss-04e276f6 funnel-entry is-layout-flex wp-block-columns-is-layout-flex\">\n<div class=\"wp-block-column is-layout-flow wp-block-column-is-layout-flow\" style=\"flex-basis:33.33%\"><a href=\"https:\/\/es.quitgamble.com\/video\"  aria-label=\"Stop Gambling\" title=\"Stop Gambling\" class=\"wp-block-tiptip-hyperlink-group-block\" >\n<p class=\"wp-block-paragraph\">\ud83d\udd25<\/p>\n\n<div class=\"wp-block-group is-layout-constrained wp-block-group-is-layout-constrained\">\n<h3 class=\"wp-block-heading\">Quiero dejar de jugar<\/h3>\n\n\n\n<h4 class=\"wp-block-heading\">Estoy cansado de recaer \u2013 \u00a1necesito ayuda!<\/h4>\n<\/div>\n<\/a><\/div>\n\n\n\n<div class=\"wp-block-column is-layout-flow wp-block-column-is-layout-flow\" style=\"flex-basis:33.33%\"><a href=\"https:\/\/es.quitgamble.com\/coaching\"  aria-label=\"Talk to someone\" title=\"Talk to someone\" class=\"wp-block-tiptip-hyperlink-group-block\" >\n<p class=\"wp-block-paragraph\">\ud83d\udc4b<\/p>\n\n<div class=\"wp-block-group is-layout-constrained wp-block-group-is-layout-constrained\">\n<h3 class=\"wp-block-heading\">Necesito hablar con alguien<\/h3>\n\n\n\n<h4 class=\"wp-block-heading\">No quiero pasar por esto solo.<\/h4>\n<\/div>\n<\/a><\/div>\n\n\n\n<div class=\"wp-block-column is-layout-flow wp-block-column-is-layout-flow\" style=\"flex-basis:33.33%\"><a href=\"https:\/\/es.quitgamble.com\/control\"  aria-label=\"Responsible gambling\" title=\"Responsible gambling\" class=\"wp-block-tiptip-hyperlink-group-block\" >\n<p class=\"wp-block-paragraph\">?\ufe0f<\/p>\n\n<div class=\"wp-block-group is-layout-grid wp-block-group-is-layout-grid\">\n<h3 class=\"wp-block-heading wp-container-content-69bc4bdf\">Quiero tener m\u00e1s control<\/h3>\n\n\n\n<h4 class=\"wp-block-heading\">Quiero jugar, pero necesito controlarme.<\/h4>\n<\/div>\n<\/a><\/div>\n<\/div>\n<\/div>\n\n\n\n<div class=\"wp-block-columns is-layout-flex wp-block-columns-is-layout-flex\">\n<div class=\"wp-block-column is-layout-flow wp-block-column-is-layout-flow\">\n<h2 class=\"wp-block-heading\">Yo no&#8230;<\/h2>\n\n\n\n<ul class=\"wp-block-list\">\n<li>No soy m\u00e9dico, ni tengo un doctorado en psicolog\u00eda. Tengo t\u00edtulos en ingenier\u00eda y econom\u00eda.<\/li>\n\n\n\n<li>No provengo de un hogar roto. Tuve una infancia fant\u00e1stica con padres incre\u00edbles.<\/li>\n\n\n\n<li>No soy un exadicto al juego y no he trabajado con adictos durante los \u00faltimos 20 a\u00f1os. Bueno, mi padre me introdujo a los juegos de cartas y la ruleta a los 5 a\u00f1os, y probablemente jugu\u00e9 demasiado al p\u00f3ker en l\u00ednea en mis 20s. Pero nunca lo vi como un problema.<\/li>\n\n\n\n<li>No estoy financiado por donaciones de una organizaci\u00f3n ben\u00e9fica de renombre como Gamble Aware. QG est\u00e1 financiado con dinero del juego. He trabajado en la industria del juego durante 7 a\u00f1os. Mi compa\u00f1\u00eda comparaba casinos en l\u00ednea. Todav\u00eda nos quedan algunos sitios, aunque ya no trabajamos con ellos. La principal raz\u00f3n por la que mantenemos los sitios es para vender enlaces de retroceso en ellos. As\u00ed es como financiamos el desarrollo de QuitGamble.<\/li>\n\n\n\n<li>No soy religioso. Creo que \u00abel poder superior\u00bb proviene de nosotros mismos.<\/li>\n\n\n\n<li>No soy la mejor persona\/m\u00e1s amable del mundo. Me enfado, grito y uso ciertas palabras con demasiada frecuencia.<\/li>\n\n\n\n<li>No estoy afiliado a Gambler Anonymous ni a los 12 pasos.<\/li>\n\n\n\n<li>No soy hablante nativo de espa\u00f1ol, as\u00ed que si\u00e9ntete libre de corregir o criticar mi espa\u00f1ol.<\/li>\n<\/ul>\n<\/div>\n\n\n\n<div class=\"wp-block-column is-layout-flow wp-block-column-is-layout-flow\">\n<h2 class=\"wp-block-heading\">Pero yo s\u00ed&#8230;<\/h2>\n\n\n\n<ul class=\"wp-block-list\">\n<li>Creo que el juego hace algo por nosotros. La clave para una recuperaci\u00f3n exitosa es entender qu\u00e9 es eso.<\/li>\n\n\n\n<li>Creo que el dolor es la causa de la adicci\u00f3n. A lo que nos enganchamos es a la huida del dolor, no al medio que usamos para escapar. \u00bfPuedes relacionarte con eso?<\/li>\n\n\n\n<li>Creo que una persona feliz experimenta menos dolor; por lo tanto, tiene menos necesidad de escapar a trav\u00e9s del juego, la bebida o las drogas.<\/li>\n\n\n\n<li>Creo que hay espacio para una alternativa a las reuniones de apoyo y las costosas sesiones con un psic\u00f3logo.<\/li>\n\n\n\n<li>Creo que necesitamos hacer que el proceso de dejar de jugar sea m\u00e1s que \u00absimplemente dejarlo\u00bb.<\/li>\n\n\n\n<li>Creo que tenemos algo \u00fanico que ofrecer.<\/li>\n\n\n\n<li>Anders Bergman, Fundador de QuitGamble.com<\/li>\n\n\n\n<li><\/li>\n<\/ul>\n\n\n\n<div class=\"wp-block-columns is-layout-flex wp-block-columns-is-layout-flex\">\n<div class=\"wp-block-column is-layout-flow wp-block-column-is-layout-flow\">\n<p class=\"is-style-swoosh wp-block-paragraph\">Anders Bergman<br>Fundador de <strong>QuitGamble.com<\/strong><\/p>\n\n\n\n<figure class=\"wp-block-image alignright size-full hide-mobile\"><img loading=\"lazy\" decoding=\"async\" width=\"263\" height=\"118\" src=\"https:\/\/quitgamble.com\/wp-content\/uploads\/2022\/03\/arrow-right-top.png\" alt=\"\" class=\"wp-image-69114\"\/><\/figure>\n<\/div>\n\n\n\n<div class=\"wp-block-column is-layout-flow wp-block-column-is-layout-flow\">\n<figure class=\"wp-block-image size-full\"><img loading=\"lazy\" decoding=\"async\" width=\"300\" height=\"376\" src=\"https:\/\/quitgamble.com\/wp-content\/uploads\/2022\/04\/Anders-for-about-us.png\" alt=\"\" class=\"wp-image-70663\" srcset=\"https:\/\/quitgamble.com\/es\/wp-content\/uploads\/sites\/10\/2022\/04\/Anders-for-about-us.png 300w, https:\/\/quitgamble.com\/es\/wp-content\/uploads\/sites\/10\/2022\/04\/Anders-for-about-us-239x300.png 239w\" sizes=\"auto, (max-width: 300px) 100vw, 300px\" \/><\/figure>\n<\/div>\n<\/div>\n<\/div>\n<\/div>\n<\/section>\n\n\n\n<section class=\"wp-block-group gallery__horizonal is-style-wide-section is-layout-flow wp-block-group-is-layout-flow\">\n<h2 class=\"wp-block-heading\">En los medios<\/h2>\n\n\n\n<div class=\"wp-block-group gallery__horizontal is-layout-flow wp-block-group-is-layout-flow\">\n<figure class=\"wp-block-gallery has-nested-images columns-3 wp-block-gallery-1 is-layout-flex wp-block-gallery-is-layout-flex\">\n<figure class=\"wp-block-image size-full\"><img loading=\"lazy\" decoding=\"async\" width=\"221\" height=\"45\" data-id=\"69238\" src=\"https:\/\/quitgamble.com\/wp-content\/uploads\/2022\/03\/sigma-logo.png\" alt=\"\" class=\"wp-image-69238\"\/><\/figure>\n\n\n\n<figure class=\"wp-block-image size-full\"><img loading=\"lazy\" decoding=\"async\" width=\"190\" height=\"30\" data-id=\"70584\" src=\"https:\/\/quitgamble.com\/wp-content\/uploads\/2022\/04\/sbc_logo.png\" alt=\"\" class=\"wp-image-70584\"\/><\/figure>\n<\/figure>\n\n\n\n<div class=\"wp-block-group gallery__horizontal__control is-layout-flow wp-block-group-is-layout-flow\">\n<div class=\"wp-block-buttons is-layout-flex wp-block-buttons-is-layout-flex\">\n<div class=\"wp-block-button is-style-outline gallery__horizontal__prev is-style-outline--2\"><a class=\"wp-block-button__link wp-element-button\">&lt;<\/a><\/div>\n\n\n\n<div class=\"wp-block-button is-style-outline gallery__horizontal__next is-style-outline--3\"><a class=\"wp-block-button__link wp-element-button\">&gt;<\/a><\/div>\n<\/div>\n\n\n\n<p class=\"is-style-default gallery__slider__show-all wp-block-paragraph\">See all<\/p>\n<\/div>\n<\/div>\n\n\n\n<div class=\"wp-block-columns is-style-narrow-columns is-layout-flex wp-block-columns-is-layout-flex\" style=\"padding-top:0px;padding-right:0px;padding-bottom:0px;padding-left:0px\">\n<div class=\"wp-block-column is-layout-flow wp-block-column-is-layout-flow\">\n<h3 class=\"wp-block-heading\">\u00bfQuieres escribir sobre nosotros?<\/h3>\n\n\n\n<ul class=\"wp-block-list\">\n<li>Un enfoque diferente para ayudar a los jugadores con problemas.<\/li>\n\n\n\n<li>La prueba de la felicidad.<\/li>\n\n\n\n<li>\u00bfQu\u00e9 estamos tratando de hacer?<\/li>\n\n\n\n<li>C\u00f3mo vemos el juego responsable.<\/li>\n\n\n\n<li>\u00bfQu\u00e9 es QuitGamble.com?<\/li>\n<\/ul>\n<\/div>\n\n\n\n<div class=\"wp-block-column is-layout-flow wp-block-column-is-layout-flow\">\n<h3 class=\"wp-block-heading\">\u00bfQuieres criticar?<\/h3>\n\n\n\n<ul class=\"wp-block-list\">\n<li>Vuelve a leer \u00abNo soy\u00bb.<\/li>\n\n\n\n<li>Todav\u00eda tienes sitios de comparaci\u00f3n de casinos.<\/li>\n\n\n\n<li>No tienes pruebas cient\u00edficas de tu m\u00e9todo.<\/li>\n\n\n\n<li>No llamamos enfermedad a la adicci\u00f3n.<\/li>\n<\/ul>\n<\/div>\n<\/div>\n<\/section>\n\n\n\n<section class=\"wp-block-group is-style-wide-section is-layout-flow wp-block-group-is-layout-flow\">\n<div class=\"wp-block-columns no-gap is-style-stack-medium is-layout-flex wp-block-columns-is-layout-flex\">\n<div class=\"wp-block-column is-layout-flow wp-block-column-is-layout-flow\" style=\"flex-basis:32%\">\n<h2 class=\"wp-block-heading has-text-align-center\">Colaboraciones<\/h2>\n\n\n\n<figure class=\"wp-block-image size-full hide-mobile\"><img loading=\"lazy\" decoding=\"async\" width=\"188\" height=\"208\" src=\"https:\/\/quitgamble.com\/wp-content\/uploads\/2022\/03\/arrow-right-down.png\" alt=\"\" class=\"wp-image-69119\"\/><\/figure>\n<\/div>\n\n\n\n<div class=\"wp-block-column is-layout-flow wp-block-column-is-layout-flow\" style=\"flex-basis:66.66%\">\n<div class=\"wp-block-group gallery__slider is-layout-flow wp-block-group-is-layout-flow\">\n<figure class=\"wp-block-gallery has-nested-images columns-3 wp-block-gallery-4 is-layout-flex wp-block-gallery-is-layout-flex\">\n<figure class=\"wp-block-image size-large\"><img decoding=\"async\" data-id=\"72300\" src=\"https:\/\/quitgamble.com\/wp-content\/uploads\/2022\/10\/gamcare-logo.svg\" alt=\"\" class=\"wp-image-72300\"\/><\/figure>\n\n\n\n<figure class=\"wp-block-image size-large\"><img loading=\"lazy\" decoding=\"async\" width=\"156\" height=\"16\" data-id=\"72298\" src=\"https:\/\/quitgamble.com\/wp-content\/uploads\/2022\/10\/begambleaware-logo.svg\" alt=\"\" class=\"wp-image-72298\"\/><\/figure>\n\n\n\n<figure class=\"wp-block-image size-full\"><img loading=\"lazy\" decoding=\"async\" width=\"214\" height=\"56\" data-id=\"69216\" src=\"https:\/\/quitgamble.com\/wp-content\/uploads\/2022\/03\/revansh-logo.png\" alt=\"\" class=\"wp-image-69216\"\/><\/figure>\n\n\n\n<figure class=\"wp-block-image size-full\"><img loading=\"lazy\" decoding=\"async\" width=\"113\" height=\"94\" data-id=\"69217\" src=\"https:\/\/quitgamble.com\/wp-content\/uploads\/2022\/03\/gamban-logo.png\" alt=\"\" class=\"wp-image-69217\"\/><\/figure>\n\n\n\n<figure class=\"wp-block-image size-full\"><img loading=\"lazy\" decoding=\"async\" width=\"221\" height=\"45\" data-id=\"69238\" src=\"https:\/\/quitgamble.com\/wp-content\/uploads\/2022\/03\/sigma-logo.png\" alt=\"\" class=\"wp-image-69238\"\/><\/figure>\n<\/figure>\n\n\n\n<div class=\"wp-block-group gallery__slider__control is-layout-flow wp-block-group-is-layout-flow\">\n<div class=\"wp-block-buttons is-layout-flex wp-block-buttons-is-layout-flex\">\n<div class=\"wp-block-button is-style-outline gallery__slider__prev is-style-outline--5\"><a class=\"wp-block-button__link wp-element-button\">&lt;<\/a><\/div>\n\n\n\n<div class=\"wp-block-button is-style-outline gallery__slider__next is-style-outline--6\"><a class=\"wp-block-button__link wp-element-button\">&gt;<\/a><\/div>\n<\/div>\n\n\n\n<p class=\"is-style-default gallery__slider__show-all wp-block-paragraph\">See all<\/p>\n<\/div>\n<\/div>\n\n\n\n<h3 class=\"wp-block-heading\"><strong>Cosas a discutir:<\/strong><\/h3>\n\n\n\n<div class=\"wp-block-columns is-layout-flex wp-block-columns-is-layout-flex\">\n<div class=\"wp-block-column is-layout-flow wp-block-column-is-layout-flow\">\n<ul class=\"wp-block-list\">\n<li>El juego responsable no es cuesti\u00f3n de dinero.<\/li>\n\n\n\n<li>El 20-30% de los jugadores de casino tienen problemas de juego.<\/li>\n\n\n\n<li>\u00bfC\u00f3mo convertir una <a href=\"https:\/\/quitgamble.com\/es\/recaida-en-el-juego\/\" data-type=\"page\" data-id=\"68618\">reca\u00edda en el juego<\/a> en algo positivo?<\/li>\n\n\n\n<li>\u00bfC\u00f3mo llegamos al 80% que no bus<\/li>\n<\/ul>\n<\/div>\n\n\n\n<div class=\"wp-block-column is-layout-flow wp-block-column-is-layout-flow\">\n<ul class=\"wp-block-list\">\n<li>\u00bfEs la adicci\u00f3n una enfermedad?<\/li>\n\n\n\n<li>Pros y contras con las regulaciones.<\/li>\n\n\n\n<li>\u00bfPor qu\u00e9 deber\u00edamos proteger a los casinos?<\/li>\n\n\n\n<li>\u00bfQu\u00e9 cualidades tiene un adicto al juego y c\u00f3mo pueden usarse para algo positivo en lugar de da\u00f1ino? <\/li>\n<\/ul>\n<\/div>\n<\/div>\n<\/div>\n<\/div>\n\n\n\n<p class=\"is-style-swoosh wp-block-paragraph\"><strong>Hagamos del mundo un lugar mejor juntos.<\/strong><\/p>\n<\/section>\n\n\n\n<section class=\"wp-block-group is-layout-flow wp-block-group-is-layout-flow\">\n<h2 class=\"wp-block-heading\">\u00bfCu\u00e1l es tu formaci\u00f3n?<\/h2>\n\n\n\n<div class=\"wp-block-columns is-style-reverse-mobile-order is-layout-flex wp-block-columns-is-layout-flex\">\n<div class=\"wp-block-column is-layout-flow wp-block-column-is-layout-flow\">\n<figure class=\"wp-block-image size-full\"><img loading=\"lazy\" decoding=\"async\" width=\"736\" height=\"562\" src=\"https:\/\/quitgamble.com\/wp-content\/uploads\/2022\/03\/what-is-your-background.png\" alt=\"\" class=\"wp-image-69120\" srcset=\"https:\/\/quitgamble.com\/es\/wp-content\/uploads\/sites\/10\/2022\/03\/what-is-your-background.png 736w, https:\/\/quitgamble.com\/es\/wp-content\/uploads\/sites\/10\/2022\/03\/what-is-your-background-300x229.png 300w\" sizes=\"auto, (max-width: 736px) 100vw, 736px\" \/><\/figure>\n<\/div>\n\n\n\n<div class=\"wp-block-column is-layout-flow wp-block-column-is-layout-flow\">\n<p class=\"wp-block-paragraph\">En la universidad, estudi\u00e9 ingenier\u00eda civil y econom\u00eda. Por otro lado, estudi\u00e9 psicolog\u00eda y desarrollo personal. Ten\u00eda 4-5 a\u00f1os cuando empec\u00e9 a jugar a las cartas y a la ruleta en casa. Aunque no jug\u00e1bamos con dinero, era una forma de aprender matem\u00e1ticas para nosotros.<\/p>\n\n\n\n<p class=\"wp-block-paragraph\">En mis 20 a\u00f1os, jugu\u00e9 mucho al p\u00f3ker en l\u00ednea. Intent\u00e9 convertirme en profesional, pero no ten\u00eda ni las habilidades ni el temperamento. Probablemente jugu\u00e9 demasiado, pero no ve\u00eda mi juego como un problema ya que no perd\u00eda.<\/p>\n\n\n\n<p class=\"wp-block-paragraph\">En 2013, empec\u00e9 a trabajar en la industria del juego. Mi empresa se especializaba en comparar casinos en l\u00ednea. A lo largo de los a\u00f1os, hemos acumulado conocimientos en juego en l\u00ednea, desarrollo web, programaci\u00f3n, marketing, SEO, trabajo remoto, etc.<\/p>\n<\/div>\n<\/div>\n\n\n\n<p class=\"wp-block-paragraph\">Mi inter\u00e9s en el desarrollo personal y la psicolog\u00eda continu\u00f3 creciendo, y cuando ca\u00ed en depresi\u00f3n en 2018, cambiamos la orientaci\u00f3n de la empresa. Todo el enfoque ha estado en desarrollar una plataforma para ayudar a las personas a liberarse de la adicci\u00f3n.<\/p>\n\n\n\n<p class=\"wp-block-paragraph\">Para ser honesto, desafiar el status quo de la adicci\u00f3n y encontrar formas de ayudar a las personas a liberarse encaja mucho m\u00e1s con mi personalidad que comparar casinos.<\/p>\n<\/section>\n\n\n\n<section class=\"wp-block-group is-style-wide-section is-layout-flow wp-block-group-is-layout-flow\">\n<h2 class=\"wp-block-heading\">\u00bfC\u00f3mo se financia QuitGamble.Com?<\/h2>\n\n\n\n<div class=\"wp-block-columns is-layout-flex wp-block-columns-is-layout-flex\">\n<div class=\"wp-block-column is-layout-flow wp-block-column-is-layout-flow\">\n<p class=\"wp-block-paragraph\">Estamos intentando mantener nuestros costos al m\u00ednimo. Actualmente, somos 2 personas trabajando a tiempo completo en la plataforma. El desarrollo de QG se financia con mis ahorros y algunos ingresos de nuestros antiguos sitios afiliados.<\/p>\n\n\n\n<p class=\"wp-block-paragraph\">Nuestros principales ingresos provienen de la venta de enlaces de retroceso. Tambi\u00e9n tenemos algunos ingresos de usuarios antiguos. Ya no trabajamos activamente con estos sitios, pero nos ayudan a mantenernos a flote.<\/p>\n\n\n\n<p class=\"wp-block-paragraph\">Algunos pueden pensar que somos hip\u00f3critas, intentando ayudar a las personas con problemas de juego mientras al mismo tiempo generamos dinero de la industria del juego. Puedo entender esa cr\u00edtica. Si tuviera un gran salario, condujera un auto ostentoso y viviera en una mansi\u00f3n, probablemente tambi\u00e9n me criticar\u00eda. La verdad es que invertimos todo el dinero en QG, y si tuviera m\u00e1s dinero, tambi\u00e9n lo gastar\u00eda en el desarrollo.<\/p>\n\n\n\n<p class=\"wp-block-paragraph\">Como nota al margen, casi todas las organizaciones que trabajan con problemas de juego se financian directa o indirectamente con dinero de la industria del juego.<\/p>\n<\/div>\n\n\n\n<div class=\"wp-block-column is-layout-flow wp-block-column-is-layout-flow\">\n<figure class=\"wp-block-image size-full\"><img loading=\"lazy\" decoding=\"async\" width=\"835\" height=\"648\" src=\"https:\/\/quitgamble.com\/wp-content\/uploads\/2022\/03\/how-is-qg-funded.png\" alt=\"\" class=\"wp-image-69121\" srcset=\"https:\/\/quitgamble.com\/es\/wp-content\/uploads\/sites\/10\/2022\/03\/how-is-qg-funded.png 835w, https:\/\/quitgamble.com\/es\/wp-content\/uploads\/sites\/10\/2022\/03\/how-is-qg-funded-300x233.png 300w, https:\/\/quitgamble.com\/es\/wp-content\/uploads\/sites\/10\/2022\/03\/how-is-qg-funded-768x596.png 768w\" sizes=\"auto, (max-width: 835px) 100vw, 835px\" \/><\/figure>\n<\/div>\n<\/div>\n\n\n\n<figure class=\"wp-block-image size-large is-style-full-width\"><img loading=\"lazy\" decoding=\"async\" width=\"1024\" height=\"261\" src=\"https:\/\/quitgamble.com\/wp-content\/uploads\/2022\/04\/be-gamble-aware-quote-1-1024x261.png\" alt=\"\" class=\"wp-image-69903\" srcset=\"https:\/\/quitgamble.com\/es\/wp-content\/uploads\/sites\/10\/2022\/04\/be-gamble-aware-quote-1-1024x261.png 1024w, https:\/\/quitgamble.com\/es\/wp-content\/uploads\/sites\/10\/2022\/04\/be-gamble-aware-quote-1-300x76.png 300w, https:\/\/quitgamble.com\/es\/wp-content\/uploads\/sites\/10\/2022\/04\/be-gamble-aware-quote-1-768x195.png 768w, https:\/\/quitgamble.com\/es\/wp-content\/uploads\/sites\/10\/2022\/04\/be-gamble-aware-quote-1.png 1430w\" sizes=\"auto, (max-width: 1024px) 100vw, 1024px\" \/><\/figure>\n\n\n\n<p class=\"has-text-align-center wp-block-paragraph\">Toda organizaci\u00f3n depende del dinero de una forma u otra; la \u00fanica diferencia es que nosotros tenemos algunos ingresos propios.<\/p>\n<\/section>\n\n\n\n<section class=\"wp-block-group is-layout-flow wp-block-group-is-layout-flow\">\n<h2 class=\"wp-block-heading\">Ponte en contacto<\/h2>\n\n\n<\/section>\n","protected":false},"excerpt":{"rendered":"<p>\u00bfQui\u00e9n est\u00e1 detr\u00e1s de QG? \u00bfQu\u00e9 impulsa el desarrollo de QG? \u00bfC\u00f3mo se ve el futuro? \u00bfQuieres colaborar? En esta p\u00e1gina, encontrar\u00e1s todo lo que necesitas saber sobre nosotros. Aqu\u00ed [&hellip;]<\/p>\n","protected":false},"author":2,"featured_media":0,"parent":0,"menu_order":0,"comment_status":"closed","ping_status":"closed","template":"","meta":{"_acf_changed":false,"_crdt_document":"","inline_featured_image":false,"_themeisle_gutenberg_block_has_review":false,"footnotes":""},"coauthors":[79],"class_list":["post-69113","page","type-page","status-publish","hentry"],"acf":[],"_links":{"self":[{"href":"https:\/\/quitgamble.com\/es\/wp-json\/wp\/v2\/pages\/69113","targetHints":{"allow":["GET"]}}],"collection":[{"href":"https:\/\/quitgamble.com\/es\/wp-json\/wp\/v2\/pages"}],"about":[{"href":"https:\/\/quitgamble.com\/es\/wp-json\/wp\/v2\/types\/page"}],"author":[{"embeddable":true,"href":"https:\/\/quitgamble.com\/es\/wp-json\/wp\/v2\/users\/2"}],"replies":[{"embeddable":true,"href":"https:\/\/quitgamble.com\/es\/wp-json\/wp\/v2\/comments?post=69113"}],"version-history":[{"count":1,"href":"https:\/\/quitgamble.com\/es\/wp-json\/wp\/v2\/pages\/69113\/revisions"}],"predecessor-version":[{"id":75699,"href":"https:\/\/quitgamble.com\/es\/wp-json\/wp\/v2\/pages\/69113\/revisions\/75699"}],"wp:attachment":[{"href":"https:\/\/quitgamble.com\/es\/wp-json\/wp\/v2\/media?parent=69113"}],"wp:term":[{"taxonomy":"author","embeddable":true,"href":"https:\/\/quitgamble.com\/es\/wp-json\/wp\/v2\/coauthors?post=69113"}],"curies":[{"name":"wp","href":"https:\/\/api.w.org\/{rel}","templated":true}]}}