{"id":68626,"date":"2023-04-19T12:47:39","date_gmt":"2023-04-19T10:47:39","guid":{"rendered":"https:\/\/quitgamble.com\/?page_id=68626"},"modified":"2026-04-01T14:49:25","modified_gmt":"2026-04-01T12:49:25","slug":"autoexclusion-del-juego","status":"publish","type":"page","link":"https:\/\/quitgamble.com\/es\/autoexclusion-del-juego\/","title":{"rendered":"Autoexclusi\u00f3n del Juego"},"content":{"rendered":"\n<section class=\"wp-block-group guide__hero is-layout-flow wp-block-group-is-layout-flow\">\n<div class=\"wp-block-columns guide__hero is-layout-flex wp-block-columns-is-layout-flex\">\n<div class=\"wp-block-column is-layout-flow wp-block-column-is-layout-flow\" style=\"flex-basis:50%\">\n<div class=\"wp-block-group is-layout-flow wp-block-group-is-layout-flow\"><h1 class=\"wp-block-post-title\">Autoexclusi\u00f3n del Juego<\/h1>\n\n\n<p class=\"wp-block-paragraph\"><em>Si quieres dejar de jugar, te recomendamos que te proh\u00edbas a ti mismo entrar a los casinos. Este art\u00edculo discute el software de bloqueo de casinos, c\u00f3mo funciona la autoexclusi\u00f3n del juego y cu\u00e1les son tus opciones.<\/em><\/p>\n\n\n\n<div class=\"wp-block-group summary is-layout-flow wp-block-group-is-layout-flow\">\n<h3 class=\"wp-block-heading\" id=\"summary\">Resumen:<\/h3>\n\n\n\n<ul class=\"wp-block-list\">\n<li>Queremos mostrar c\u00f3mo autoexcluirte<\/li>\n\n\n\n<li>C\u00f3mo te ayuda a dejar de jugar<\/li>\n\n\n\n<li>Mostrar qu\u00e9 alternativas tienes<\/li>\n<\/ul>\n<\/div>\n<\/div>\n<\/div>\n\n\n\n<div class=\"wp-block-column is-layout-flow wp-block-column-is-layout-flow\" style=\"flex-basis:70%\">\n<figure class=\"wp-block-image size-full\"><img loading=\"lazy\" decoding=\"async\" width=\"925\" height=\"652\" src=\"https:\/\/quitgamble.com\/wp-content\/uploads\/2022\/07\/top-image-self-exclusion.png\" alt=\"\" class=\"wp-image-72018\" srcset=\"https:\/\/quitgamble.com\/es\/wp-content\/uploads\/sites\/10\/2022\/07\/top-image-self-exclusion.png 925w, https:\/\/quitgamble.com\/es\/wp-content\/uploads\/sites\/10\/2022\/07\/top-image-self-exclusion-300x211.png 300w, https:\/\/quitgamble.com\/es\/wp-content\/uploads\/sites\/10\/2022\/07\/top-image-self-exclusion-768x541.png 768w, https:\/\/quitgamble.com\/es\/wp-content\/uploads\/sites\/10\/2022\/07\/top-image-self-exclusion-600x423.png 600w\" sizes=\"auto, (max-width: 925px) 100vw, 925px\" \/><\/figure>\n<\/div>\n<\/div>\n<\/section>\n\n\n\n<section class=\"wp-block-group is-layout-flow wp-block-group-is-layout-flow\">\n<h2 class=\"wp-block-heading\">Prohibi\u00e9ndote a ti mismo el acceso al Casino<\/h2>\n\n\n\n<p class=\"has-text-align-center wp-block-paragraph\">En QuitGamble.com, queremos ayudarte a dejar de jugar. Una herramienta que te recomendamos explorar es limitar el acceso a tantas oportunidades de juego como sea posible. No es la soluci\u00f3n a un problema de juego. Pero autoexcluirte de los casinos har\u00e1 que sea m\u00e1s dif\u00edcil encontrar lugares para jugar. Hay 3 formas en las que puedes bloquear el juego:<\/p>\n\n\n\n<figure class=\"wp-block-image aligncenter size-large\"><img loading=\"lazy\" decoding=\"async\" width=\"1024\" height=\"534\" src=\"https:\/\/quitgamble.com\/wp-content\/uploads\/2022\/07\/self-exclusion-main-image-1024x534.png\" alt=\"\" class=\"wp-image-72020\" srcset=\"https:\/\/quitgamble.com\/es\/wp-content\/uploads\/sites\/10\/2022\/07\/self-exclusion-main-image-1024x534.png 1024w, https:\/\/quitgamble.com\/es\/wp-content\/uploads\/sites\/10\/2022\/07\/self-exclusion-main-image-300x157.png 300w, https:\/\/quitgamble.com\/es\/wp-content\/uploads\/sites\/10\/2022\/07\/self-exclusion-main-image-768x401.png 768w, https:\/\/quitgamble.com\/es\/wp-content\/uploads\/sites\/10\/2022\/07\/self-exclusion-main-image-600x313.png 600w, https:\/\/quitgamble.com\/es\/wp-content\/uploads\/sites\/10\/2022\/07\/self-exclusion-main-image.png 1100w\" sizes=\"auto, (max-width: 1024px) 100vw, 1024px\" \/><\/figure>\n\n\n\n<div class=\"wp-block-columns columns__alternative is-layout-flex wp-block-columns-is-layout-flex\">\n<div class=\"wp-block-column is-style-wider is-layout-flow wp-block-column-is-layout-flow\">\n<ol class=\"wp-block-list\">\n<li>Inscr\u00edbete en un programa nacional\/estatal de bloqueo de juego.<\/li>\n\n\n\n<li>Descarga un software de bloqueo de casinos en l\u00ednea.<\/li>\n\n\n\n<li>Visita el lugar\/sitio web y completa un formulario de autoexclusi\u00f3n por ti mismo.<\/li>\n<\/ol>\n\n\n\n<div class=\"wp-block-buttons is-layout-flex wp-block-buttons-is-layout-flex\">\n<div class=\"wp-block-button\"><a class=\"wp-block-button__link wp-element-button\" href=\"https:\/\/quitgamble.com\/register\/\">\u00daNETE A LA COMUNIDAD<\/a><\/div>\n<\/div>\n<\/div>\n\n\n\n<div class=\"wp-block-column is-layout-flow wp-block-column-is-layout-flow\" style=\"flex-basis:35%\">\n<p class=\"wp-block-paragraph\">En esta gu\u00eda, te mostraremos c\u00f3mo bloquear el juego en diferentes pa\u00edses y te daremos otros consejos que pueden ayudarte a mantenerte alejado del juego.<\/p>\n<\/div>\n<\/div>\n<\/section>\n\n\n\n<section class=\"wp-block-group is-layout-flow wp-block-group-is-layout-flow\">\n<div class=\"wp-block-columns is-style-default is-layout-flex wp-block-columns-is-layout-flex\">\n<div class=\"wp-block-column is-layout-flow wp-block-column-is-layout-flow\">\n<h2 class=\"wp-block-heading\">Ventajas de la Autoexclusi\u00f3n en el Juego<\/h2>\n\n\n\n<p class=\"wp-block-paragraph\">Creemos que utilizamos el juego como una forma de escapar. Nuestros cerebros son incre\u00edbles, pero tienen sus fallos. Un cerebro adicto al juego sentir\u00e1 el impulso de jugar cada vez que sienta alg\u00fan tipo de dolor. Puede ser estr\u00e9s, soledad, ansiedad o cualquier otro sentimiento que no queramos experimentar.<\/p>\n\n\n\n<ul class=\"wp-block-list\">\n<li>No puedes jugar en un lugar del que te has autoexcluido.<\/li>\n\n\n\n<li>El lugar\/casino no debe enviarte ninguna publicidad.<\/li>\n\n\n\n<li>Es un paso hacia la liberaci\u00f3n del juego. Un logro del que puedes estar orgulloso.<\/li>\n\n\n\n<li>Te ayuda a relajarte.<\/li>\n\n\n\n<li>No puedes \u00abdeshacer\u00bb una autoexclusi\u00f3n del juego hasta que expire el per\u00edodo.<\/li>\n<\/ul>\n\n\n\n<p class=\"wp-block-paragraph\">O, como dijo un usuario de Gamstop: \u00abEn l\u00ednea era mi debilidad, me inscrib\u00ed en Gamstop hace casi 4 a\u00f1os, y me detuvo en seco. Si pudiera inscribirme de por vida, lo har\u00eda\u201d.<\/p>\n<\/div>\n\n\n\n<div class=\"wp-block-column is-layout-flow wp-block-column-is-layout-flow\">\n<figure class=\"wp-block-image size-full\"><img loading=\"lazy\" decoding=\"async\" width=\"677\" height=\"858\" src=\"https:\/\/quitgamble.com\/wp-content\/uploads\/2022\/07\/Self-exclusion-advantages.png\" alt=\"\" class=\"wp-image-72022\" srcset=\"https:\/\/quitgamble.com\/es\/wp-content\/uploads\/sites\/10\/2022\/07\/Self-exclusion-advantages.png 677w, https:\/\/quitgamble.com\/es\/wp-content\/uploads\/sites\/10\/2022\/07\/Self-exclusion-advantages-237x300.png 237w, https:\/\/quitgamble.com\/es\/wp-content\/uploads\/sites\/10\/2022\/07\/Self-exclusion-advantages-600x760.png 600w\" sizes=\"auto, (max-width: 677px) 100vw, 677px\" \/><\/figure>\n<\/div>\n<\/div>\n<\/section>\n\n\n\n<section class=\"wp-block-group is-layout-flow wp-block-group-is-layout-flow\">\n<h2 class=\"wp-block-heading\">C\u00f3mo funciona la Autoexclusi\u00f3n en el Juego Online<\/h2>\n\n\n\n<p class=\"wp-block-paragraph\">Nunca ha sido m\u00e1s accesible el juego. En el pasado, ten\u00edamos que ir a un lugar de juego. Hoy, todo lo que necesitamos hacer es desbloquear la pantalla de nuestros tel\u00e9fonos. Si juegas en l\u00ednea, una autoexclusi\u00f3n en el juego online podr\u00eda respaldar tus esfuerzos para dejar de jugar.<\/p>\n\n\n\n<p class=\"wp-block-paragraph\">Dependiendo de d\u00f3nde vivas, tienes diferentes opciones para prohibir el juego en internet. En mercados regulados como Suecia, Reino Unido, Alemania, Pa\u00edses Bajos, Dinamarca y algunos estados de EE. UU., puedes inscribirte en un programa nacional que bloquea los sitios de juego que siguen esa jurisdicci\u00f3n. Ejemplos: Comisi\u00f3n de Juego del Reino Unido, Comisi\u00f3n de Juego de los Pa\u00edses Bajos, Autoridad de Juego de Suecia y Comisi\u00f3n de Control de Casinos de Nueva Jersey.<\/p>\n\n\n\n<p class=\"wp-block-paragraph\">Inscribirte en cualquiera de estos programas te dar\u00e1 autom\u00e1ticamente una prohibici\u00f3n de juego online por un per\u00edodo espec\u00edfico. Tus cuentas de casino ser\u00e1n bloqueadas y no ser\u00e1 imposible que vuelvas a abrir una nueva cuenta en ning\u00fan casino con licencia en ese pa\u00eds.<\/p>\n\n\n\n<p class=\"wp-block-paragraph\">Para saber si puedes hacer una autoexclusi\u00f3n del juego online en tu pa\u00eds\/estado. Utiliza uno de los siguientes t\u00e9rminos de b\u00fasqueda en Google:<\/p>\n\n\n\n<ul class=\"wp-block-list\">\n<li>Autoexclusi\u00f3n del juego online (tu ubicaci\u00f3n)<\/li>\n\n\n\n<li>Comisi\u00f3n de juego de tu ubicaci\u00f3n (consejo de control de casinos)<\/li>\n<\/ul>\n\n\n\n<p class=\"wp-block-paragraph\">Desafortunadamente, solo unos pocos pa\u00edses ofrecen esquemas de autoexclusi\u00f3n para el juego. Una alternativa es instalar una <a href=\"https:\/\/quitgamble.com\/es\/la-mejor-aplicacion-para-dejar-de-jugar\/\" data-type=\"post\" data-id=\"68531\">aplicaci\u00f3n de bloqueo de casinos online<\/a>. Estas aplicaciones se especializan en bloquear sitios y aplicaciones de juego. Aqu\u00ed te presentamos tres populares software de bloqueo de casinos.<\/p>\n\n\n\n<ul class=\"wp-block-list\">\n<li><a href=\"https:\/\/quitgamble.com\/es\/una-revision-de-gamban\/\" data-type=\"post\" data-id=\"67612\">Gamban<\/a><\/li>\n\n\n\n<li>Gamblock<\/li>\n\n\n\n<li>Betblocker<\/li>\n<\/ul>\n\n\n\n<p class=\"wp-block-paragraph\">\u00bfCurioso acerca de Gamban? Puedes leer m\u00e1s en nuestra revisi\u00f3n de Gamban y las rese\u00f1as de Betblocker.<\/p>\n<\/section>\n\n\n\n<section class=\"wp-block-group is-layout-flow wp-block-group-is-layout-flow\">\n<div class=\"wp-block-columns is-layout-flex wp-block-columns-is-layout-flex\">\n<div class=\"wp-block-column is-layout-flow wp-block-column-is-layout-flow\">\n<h3 class=\"wp-block-heading\">Bloquear el juego en iPhone<\/h3>\n\n\n\n<p class=\"wp-block-paragraph\">Los mejores bloqueadores de juego para iPhone en el mercado son Gamblock, Gamban y Betblocker. Las aplicaciones est\u00e1n lejos de ser perfectas, pero dificultan el juego en sitios web que no est\u00e1n cubiertos por Gamstop. Si intentas acceder a un sitio web relacionado con el juego mientras utilizas Gamban, recibir\u00e1s un mensaje de error: \u00ab\u00a1Lo siento! Gamban ha bloqueado esta p\u00e1gina\u201d.<\/p>\n\n\n\n<p class=\"wp-block-paragraph\">El software de bloqueo tambi\u00e9n te impide utilizar aplicaciones de juego. Algunos incluso bloquean otros tipos de juego como criptomonedas, pieles y apuestas deportivas de fantas\u00eda.<\/p>\n<\/div>\n\n\n\n<div class=\"wp-block-column is-layout-flow wp-block-column-is-layout-flow\">\n<h3 class=\"wp-block-heading\">Bloquear el juego en Android<\/h3>\n\n\n\n<p class=\"wp-block-paragraph\">Si eres un afortunado usuario de Android, existen opciones similares para bloquear sitios de juego en m\u00f3viles Android al igual que en iOS. Si escribes c\u00f3mo bloquear sitios de juego en Android en Google Play, encontrar\u00e1s Gamban y Betblocker. Para instalar Gamblock, necesitas hacerlo a trav\u00e9s de su sitio web.<\/p>\n\n\n\n<p class=\"wp-block-paragraph\">Si quieres saber m\u00e1s sobre las aplicaciones para la adicci\u00f3n al juego, puedes leer nuestro art\u00edculo sobre las mejores aplicaciones para <a href=\"https:\/\/quitgamble.com\/es\/9-pasos-para-dejar-de-apostar\/\" data-type=\"post\" data-id=\"72908\">dejar de jugar<\/a> en 2023.<\/p>\n<\/div>\n<\/div>\n<\/section>\n","protected":false},"excerpt":{"rendered":"<p>Si quieres dejar de jugar, te recomendamos que te proh\u00edbas a ti mismo entrar a los casinos. Este art\u00edculo discute el software de bloqueo de casinos, c\u00f3mo funciona la autoexclusi\u00f3n [&hellip;]<\/p>\n","protected":false},"author":2,"featured_media":0,"parent":0,"menu_order":0,"comment_status":"closed","ping_status":"closed","template":"","meta":{"_acf_changed":false,"_crdt_document":"","inline_featured_image":false,"_themeisle_gutenberg_block_has_review":false,"footnotes":""},"coauthors":[79,104],"class_list":["post-68626","page","type-page","status-publish","hentry"],"acf":[],"_links":{"self":[{"href":"https:\/\/quitgamble.com\/es\/wp-json\/wp\/v2\/pages\/68626","targetHints":{"allow":["GET"]}}],"collection":[{"href":"https:\/\/quitgamble.com\/es\/wp-json\/wp\/v2\/pages"}],"about":[{"href":"https:\/\/quitgamble.com\/es\/wp-json\/wp\/v2\/types\/page"}],"author":[{"embeddable":true,"href":"https:\/\/quitgamble.com\/es\/wp-json\/wp\/v2\/users\/2"}],"replies":[{"embeddable":true,"href":"https:\/\/quitgamble.com\/es\/wp-json\/wp\/v2\/comments?post=68626"}],"version-history":[{"count":1,"href":"https:\/\/quitgamble.com\/es\/wp-json\/wp\/v2\/pages\/68626\/revisions"}],"predecessor-version":[{"id":75768,"href":"https:\/\/quitgamble.com\/es\/wp-json\/wp\/v2\/pages\/68626\/revisions\/75768"}],"wp:attachment":[{"href":"https:\/\/quitgamble.com\/es\/wp-json\/wp\/v2\/media?parent=68626"}],"wp:term":[{"taxonomy":"author","embeddable":true,"href":"https:\/\/quitgamble.com\/es\/wp-json\/wp\/v2\/coauthors?post=68626"}],"curies":[{"name":"wp","href":"https:\/\/api.w.org\/{rel}","templated":true}]}}