{"id":68622,"date":"2022-02-28T09:02:19","date_gmt":"2022-02-28T09:02:19","guid":{"rendered":"https:\/\/quitgamble.com\/?page_id=68622"},"modified":"2026-04-01T14:48:58","modified_gmt":"2026-04-01T12:48:58","slug":"unete-a-la-comunidad","status":"publish","type":"page","link":"https:\/\/quitgamble.com\/es\/unete-a-la-comunidad\/","title":{"rendered":"\u00danete a la Comunidad"},"content":{"rendered":"\n<section class=\"wp-block-group is-layout-flow wp-block-group-is-layout-flow\">\n<div class=\"wp-block-columns is-layout-flex wp-block-columns-is-layout-flex\">\n<div class=\"wp-block-column is-layout-flow wp-block-column-is-layout-flow\" style=\"flex-basis:50%\">\n<div class=\"wp-block-group is-layout-flow wp-block-group-is-layout-flow\"><h1 class=\"wp-block-post-title\">\u00danete a la Comunidad<\/h1>\n\n\n<p class=\"wp-block-paragraph\"><strong><em>Bienvenido a la comunidad de QuitGamble.com. Como miembro, obtienes acceso exclusivo a varias herramientas poderosas que pueden ayudarte a dejar de apostar.<\/em><\/strong><\/p>\n\n\n\n<div class=\"wp-block-group summary is-layout-flow wp-block-group-is-layout-flow\">\n<ul class=\"wp-block-list\">\n<li>\u00bfDeber\u00edas hacerte miembro?<\/li>\n\n\n\n<li>Caracter\u00edsticas \u00fanicas de QuitGamble.com<\/li>\n\n\n\n<li>\u00a1Empecemos!<\/li>\n<\/ul>\n<\/div>\n<\/div>\n<\/div>\n\n\n\n<div class=\"wp-block-column is-layout-flow wp-block-column-is-layout-flow\" style=\"flex-basis:65%\">\n<figure class=\"wp-block-image size-full\"><a href=\"https:\/\/www.youtube.com\/watch?v=0UcIYElZBVo&amp;t=7s\" target=\"_blank\" rel=\"noopener\"><img loading=\"lazy\" decoding=\"async\" width=\"900\" height=\"635\" src=\"https:\/\/quitgamble.com\/wp-content\/uploads\/2022\/04\/Quit-gamble-community.png\" alt=\"\" class=\"wp-image-70457\" srcset=\"https:\/\/quitgamble.com\/es\/wp-content\/uploads\/sites\/10\/2022\/04\/Quit-gamble-community.png 900w, https:\/\/quitgamble.com\/es\/wp-content\/uploads\/sites\/10\/2022\/04\/Quit-gamble-community-300x212.png 300w, https:\/\/quitgamble.com\/es\/wp-content\/uploads\/sites\/10\/2022\/04\/Quit-gamble-community-768x542.png 768w\" sizes=\"auto, (max-width: 900px) 100vw, 900px\" \/><\/a><\/figure>\n<\/div>\n<\/div>\n<\/section>\n\n\n\n<div class=\"wp-block-group funnel-entry__container more-space is-layout-constrained wp-block-group-is-layout-constrained\">\n<h2 class=\"wp-block-heading has-text-align-center has-foreground-color has-text-color has-link-color wp-elements-e664a3eea634be306747763ce6e011ae\">\u00bfC\u00f3mo podemos ayudarte?<\/h2>\n\n\n\n<div class=\"wp-block-columns svg-buttons is-style-no-gap ticss-04e276f6 funnel-entry is-layout-flex wp-block-columns-is-layout-flex\">\n<div class=\"wp-block-column is-layout-flow wp-block-column-is-layout-flow\" style=\"flex-basis:33.33%\"><a href=\"https:\/\/es.quitgamble.com\/video\" aria-label=\"Stop Gambling\" title=\"Stop Gambling\" class=\"wp-block-tiptip-hyperlink-group-block\">\n<p class=\"wp-block-paragraph\">\ud83d\udd25<\/p>\n\n<div class=\"wp-block-group is-layout-constrained wp-block-group-is-layout-constrained\">\n<h3 class=\"wp-block-heading\">Quiero dejar de jugar<\/h3>\n\n\n\n<h4 class=\"wp-block-heading\">Estoy cansado de recaer \u2013 \u00a1necesito ayuda!<\/h4>\n<\/div>\n<\/a><\/div>\n\n\n\n<div class=\"wp-block-column is-layout-flow wp-block-column-is-layout-flow\" style=\"flex-basis:33.33%\"><a href=\"https:\/\/es.quitgamble.com\/coaching\" aria-label=\"Talk to someone\" title=\"Talk to someone\" class=\"wp-block-tiptip-hyperlink-group-block\">\n<p class=\"wp-block-paragraph\">\ud83d\udc4b<\/p>\n\n<div class=\"wp-block-group is-layout-constrained wp-block-group-is-layout-constrained\">\n<h3 class=\"wp-block-heading\">Necesito hablar con alguien<\/h3>\n\n\n\n<h4 class=\"wp-block-heading\">No quiero pasar por esto solo.<\/h4>\n<\/div>\n<\/a><\/div>\n\n\n\n<div class=\"wp-block-column is-layout-flow wp-block-column-is-layout-flow\" style=\"flex-basis:33.33%\"><a href=\"https:\/\/es.quitgamble.com\/control\" aria-label=\"Responsible gambling\" title=\"Responsible gambling\" class=\"wp-block-tiptip-hyperlink-group-block\">\n<p class=\"wp-block-paragraph\">?\ufe0f<\/p>\n\n<div class=\"wp-block-group is-layout-grid wp-block-group-is-layout-grid\">\n<h3 class=\"wp-block-heading wp-container-content-69bc4bdf\">Quiero tener m\u00e1s control<\/h3>\n\n\n\n<h4 class=\"wp-block-heading\">Quiero jugar, pero necesito controlarme.<\/h4>\n<\/div>\n<\/a><\/div>\n<\/div>\n<\/div>\n\n\n\n<section class=\"wp-block-group is-layout-flow wp-block-group-is-layout-flow\">\n<div class=\"wp-block-columns is-layout-flex wp-block-columns-is-layout-flex\">\n<div class=\"wp-block-column is-layout-flow wp-block-column-is-layout-flow\">\n<h2 class=\"wp-block-heading\">Si Crees\u2026<\/h2>\n\n\n\n<p class=\"wp-block-paragraph\"><strong>Nosotros creemos que el dolor es la causa de la adicci\u00f3n. Apostar es simplemente una forma de escapar del dolor. Es el escape del dolor a lo que nos volvemos adictos. \u00bfPuedes identificarte con eso?<\/strong><\/p>\n\n\n\n<figure class=\"wp-block-image size-full\"><img loading=\"lazy\" decoding=\"async\" width=\"615\" height=\"434\" src=\"https:\/\/quitgamble.com\/wp-content\/uploads\/2022\/03\/if-you-believe.png\" alt=\"\" class=\"wp-image-69166\" srcset=\"https:\/\/quitgamble.com\/es\/wp-content\/uploads\/sites\/10\/2022\/03\/if-you-believe.png 615w, https:\/\/quitgamble.com\/es\/wp-content\/uploads\/sites\/10\/2022\/03\/if-you-believe-300x212.png 300w\" sizes=\"auto, (max-width: 615px) 100vw, 615px\" \/><\/figure>\n<\/div>\n\n\n\n<div class=\"wp-block-column is-layout-flow wp-block-column-is-layout-flow\">\n<p class=\"wp-block-paragraph\">\u00bfCrees que apostar\u00edas menos si no te sintieras solo? \u00bfSi no te aburrieras? \u00bfApostar\u00edas menos si tuvieras mejor autoestima o te sintieras menos ansioso? En QuitGamble.com, te ayudaremos a combatir el dolor de diversas formas. <strong>Si crees en lo que creemos, entonces QuitGamble.com es la herramienta correcta para ti.<\/strong><\/p>\n\n\n\n<p class=\"wp-block-paragraph\">\u00bfYa hiciste la Prueba de la Felicidad? Si no, hag\u00e1mosla ahora. De lo contrario, solicita acceso gratuito o sigue leyendo.<\/p>\n\n\n\n<div class=\"wp-block-buttons is-layout-flex wp-block-buttons-is-layout-flex\">\n<div class=\"wp-block-button\"><a class=\"wp-block-button__link has-green-background-color has-background wp-element-button\" href=\"https:\/\/quitgamble.com\/happiness-test\/\" target=\"_blank\" rel=\"noreferrer noopener\">PRUEBA DE LA FELICIDAD<\/a><\/div>\n\n\n\n<div class=\"wp-block-button\"><a class=\"wp-block-button__link wp-element-button\" href=\"https:\/\/quitgamble.com\/register\/\">SOLICITAR ACCESO<\/a><\/div>\n<\/div>\n<\/div>\n<\/div>\n<\/section>\n\n\n\n<section class=\"wp-block-group is-layout-flow wp-block-group-is-layout-flow\">\n<h2 class=\"wp-block-heading\">Lo que puedes esperar\u2026<\/h2>\n\n\n\n<p class=\"has-text-align-center wp-block-paragraph\"><strong>Hemos desarrollado QuitGamble.com para ayudarte a dejar de apostar. Acceso 24\/7, en la comodidad de tu hogar. Coge el tel\u00e9fono o usa tu ordenador para iniciar sesi\u00f3n en la comunidad en l\u00ednea.<\/strong><\/p>\n\n\n\n<figure class=\"wp-block-image aligncenter size-large\"><img loading=\"lazy\" decoding=\"async\" width=\"1024\" height=\"549\" src=\"https:\/\/quitgamble.com\/wp-content\/uploads\/2022\/03\/what-can-you-expect-1024x549.png\" alt=\"\" class=\"wp-image-69167\" srcset=\"https:\/\/quitgamble.com\/es\/wp-content\/uploads\/sites\/10\/2022\/03\/what-can-you-expect-1024x549.png 1024w, https:\/\/quitgamble.com\/es\/wp-content\/uploads\/sites\/10\/2022\/03\/what-can-you-expect-300x161.png 300w, https:\/\/quitgamble.com\/es\/wp-content\/uploads\/sites\/10\/2022\/03\/what-can-you-expect-768x412.png 768w, https:\/\/quitgamble.com\/es\/wp-content\/uploads\/sites\/10\/2022\/03\/what-can-you-expect.png 1100w\" sizes=\"auto, (max-width: 1024px) 100vw, 1024px\" \/><\/figure>\n\n\n\n<div class=\"wp-block-columns columns__alternative is-layout-flex wp-block-columns-is-layout-flex\">\n<div class=\"wp-block-column is-layout-flow wp-block-column-is-layout-flow\">\n<p class=\"has-text-align-center wp-block-paragraph\">QuitGamble.com es una alternativa a las sopor\u00edferas reuniones de apoyo o las costosas visitas al psic\u00f3logo. Puedes ser completamente an\u00f3nimo y no necesitas admitir ning\u00fan problema de juego.<\/p>\n\n\n\n<p class=\"has-text-align-center is-style-swoosh wp-block-paragraph\"><strong>Echa un vistazo a nuestras caracter\u00edsticas:<\/strong><\/p>\n<\/div>\n\n\n\n<div class=\"wp-block-column is-layout-flow wp-block-column-is-layout-flow\">\n<ul class=\"wp-block-list\">\n<li>Videos animados<\/li>\n\n\n\n<li>Cursos en video<\/li>\n\n\n\n<li>Aplicaciones m\u00f3viles<\/li>\n\n\n\n<li>Comunidad social<\/li>\n<\/ul>\n<\/div>\n\n\n\n<div class=\"wp-block-column is-layout-flow wp-block-column-is-layout-flow\">\n<ul class=\"wp-block-list\">\n<li>Grupos de apoyo\/foros<\/li>\n\n\n\n<li>La Prueba de la Felicidad<\/li>\n\n\n\n<li>Gu\u00edas<\/li>\n\n\n\n<li>Correos electr\u00f3nicos<\/li>\n<\/ul>\n<\/div>\n<\/div>\n\n\n\n<div class=\"wp-block-buttons is-layout-flex wp-block-buttons-is-layout-flex\">\n<div class=\"wp-block-button aligncenter\"><a class=\"wp-block-button__link wp-element-button\" href=\"https:\/\/quitgamble.com\/register\/\">REG\u00cdSTRATE HOY<\/a><\/div>\n<\/div>\n<\/section>\n\n\n\n<section class=\"wp-block-group is-layout-flow wp-block-group-is-layout-flow\">\n<h2 class=\"wp-block-heading\">\u00a1Empecemos!<\/h2>\n\n\n\n<figure class=\"wp-block-image aligncenter size-large\"><img loading=\"lazy\" decoding=\"async\" width=\"1024\" height=\"515\" src=\"https:\/\/quitgamble.com\/wp-content\/uploads\/2022\/03\/lets-get-started-1024x515.png\" alt=\"\" class=\"wp-image-69168\" srcset=\"https:\/\/quitgamble.com\/es\/wp-content\/uploads\/sites\/10\/2022\/03\/lets-get-started-1024x515.png 1024w, https:\/\/quitgamble.com\/es\/wp-content\/uploads\/sites\/10\/2022\/03\/lets-get-started-300x151.png 300w, https:\/\/quitgamble.com\/es\/wp-content\/uploads\/sites\/10\/2022\/03\/lets-get-started-768x386.png 768w, https:\/\/quitgamble.com\/es\/wp-content\/uploads\/sites\/10\/2022\/03\/lets-get-started.png 1100w\" sizes=\"auto, (max-width: 1024px) 100vw, 1024px\" \/><\/figure>\n\n\n\n<div class=\"wp-block-columns columns__alternative is-layout-flex wp-block-columns-is-layout-flex\">\n<div class=\"wp-block-column is-layout-flow wp-block-column-is-layout-flow\">\n<p class=\"wp-block-paragraph\">No es f\u00e1cil dejar de apostar. Es un largo camino, pero si trabajas en ti mismo, no solo aumentar\u00e1s tus posibilidades de dejar de apostar. Tambi\u00e9n te convertir\u00e1s en una persona m\u00e1s feliz.<\/p>\n\n\n\n<p class=\"wp-block-paragraph\"><em>\u00abLa definici\u00f3n de locura es hacer lo mismo una y otra vez pero esperar resultados diferentes\u00bb.<\/em><\/p>\n\n\n\n<p class=\"wp-block-paragraph\">&nbsp;\/\/ Albert Einstein<\/p>\n\n\n\n<p class=\"wp-block-paragraph\">Creemos el cambio que necesitas para dejar de apostar. Las herramientas y el curso en QuitGamble.com te ayudar\u00e1n a hacerlo. <strong>\u00a1Aqu\u00ed te decimos c\u00f3mo puedes empezar!<\/strong><\/p>\n\n\n\n<figure class=\"wp-block-image alignright size-full hide-mobile\"><img loading=\"lazy\" decoding=\"async\" width=\"263\" height=\"118\" src=\"https:\/\/quitgamble.com\/wp-content\/uploads\/2022\/03\/arrow-right-top.png\" alt=\"\" class=\"wp-image-69114\"\/><\/figure>\n<\/div>\n\n\n\n<div class=\"wp-block-column is-layout-flow wp-block-column-is-layout-flow\">\n<ol class=\"wp-block-list\">\n<li>Haz la Prueba de la Felicidad<\/li>\n\n\n\n<li>\u00danete a la Comunidad<\/li>\n\n\n\n<li>Preg\u00fantate \u00ab\u00bfQu\u00e9 te aporta el juego?\u00bb<\/li>\n\n\n\n<li>Lee a los dem\u00e1s y comparte tu historia<\/li>\n\n\n\n<li>Comienza a trabajar en tu Plan de Cambio<\/li>\n<\/ol>\n<\/div>\n<\/div>\n\n\n\n<div class=\"wp-block-buttons is-layout-flex wp-block-buttons-is-layout-flex\">\n<div class=\"wp-block-button aligncenter\"><a class=\"wp-block-button__link wp-element-button\" href=\"https:\/\/quitgamble.com\/register\/\">HAZTE MIEMBRO<\/a><\/div>\n<\/div>\n<\/section>\n\n\n\n<section class=\"wp-block-group is-layout-flow wp-block-group-is-layout-flow\">\n<h2 class=\"wp-block-heading\">Ponte en contacto<\/h2>\n\n\n<\/section>\n","protected":false},"excerpt":{"rendered":"<p>Bienvenido a la comunidad de QuitGamble.com. Como miembro, obtienes acceso exclusivo a varias herramientas poderosas que pueden ayudarte a dejar de apostar. Si Crees\u2026 Nosotros creemos que el dolor es [&hellip;]<\/p>\n","protected":false},"author":2,"featured_media":0,"parent":0,"menu_order":0,"comment_status":"closed","ping_status":"closed","template":"","meta":{"_acf_changed":false,"_crdt_document":"","inline_featured_image":false,"_themeisle_gutenberg_block_has_review":false,"footnotes":""},"coauthors":[100],"class_list":["post-68622","page","type-page","status-publish","hentry"],"acf":[],"_links":{"self":[{"href":"https:\/\/quitgamble.com\/es\/wp-json\/wp\/v2\/pages\/68622","targetHints":{"allow":["GET"]}}],"collection":[{"href":"https:\/\/quitgamble.com\/es\/wp-json\/wp\/v2\/pages"}],"about":[{"href":"https:\/\/quitgamble.com\/es\/wp-json\/wp\/v2\/types\/page"}],"author":[{"embeddable":true,"href":"https:\/\/quitgamble.com\/es\/wp-json\/wp\/v2\/users\/2"}],"replies":[{"embeddable":true,"href":"https:\/\/quitgamble.com\/es\/wp-json\/wp\/v2\/comments?post=68622"}],"version-history":[{"count":1,"href":"https:\/\/quitgamble.com\/es\/wp-json\/wp\/v2\/pages\/68622\/revisions"}],"predecessor-version":[{"id":75700,"href":"https:\/\/quitgamble.com\/es\/wp-json\/wp\/v2\/pages\/68622\/revisions\/75700"}],"wp:attachment":[{"href":"https:\/\/quitgamble.com\/es\/wp-json\/wp\/v2\/media?parent=68622"}],"wp:term":[{"taxonomy":"author","embeddable":true,"href":"https:\/\/quitgamble.com\/es\/wp-json\/wp\/v2\/coauthors?post=68622"}],"curies":[{"name":"wp","href":"https:\/\/api.w.org\/{rel}","templated":true}]}}