{"id":76208,"date":"2023-11-24T10:54:33","date_gmt":"2023-11-24T09:54:33","guid":{"rendered":"https:\/\/quitgamble.com\/br\/?page_id=76208"},"modified":"2025-07-15T14:21:42","modified_gmt":"2025-07-15T12:21:42","slug":"curva-do-vicio-em-jogos-de-azar","status":"publish","type":"page","link":"https:\/\/quitgamble.com\/br\/curva-do-vicio-em-jogos-de-azar\/","title":{"rendered":"A Curva do V\u00edcio em Jogos de Azar"},"content":{"rendered":"\n<section class=\"wp-block-group guide__hero is-layout-flow wp-block-group-is-layout-flow\">\n<div class=\"wp-block-columns is-layout-flex wp-block-columns-is-layout-flex\">\n<div class=\"wp-block-column is-layout-flow wp-block-column-is-layout-flow\" style=\"flex-basis:50%\">\n<div class=\"wp-block-group is-layout-flow wp-block-group-is-layout-flow\"><h1 class=\"wp-block-post-title\">A Curva do V\u00edcio em Jogos de Azar<\/h1>\n\n\n<p class=\"wp-block-paragraph\"><em>Vamos nos concentrar nos problemas relacionados aos jogos de azar e no v\u00edcio em jogos de azar. Existe algo como jogar de forma respons\u00e1vel? Na nossa opini\u00e3o, isso depende da sua defini\u00e7\u00e3o da palavra &#8220;jogar&#8221;.<\/em><\/p>\n\n\n\n<p class=\"is-style-swoosh wp-block-paragraph\">N\u00e3o tem vontade de ler? Assista ao v\u00eddeo em vez disso!<\/p>\n\n\n\n<div class=\"wp-block-group summary is-layout-flow wp-block-group-is-layout-flow\">\n<ul class=\"wp-block-list\">\n<li>Pode-se jogar de forma respons\u00e1vel?<\/li>\n\n\n\n<li>O risco de jogar para ganhar<\/li>\n\n\n\n<li>O que acontece no extremo da curva?<\/li>\n<\/ul>\n<\/div>\n<\/div>\n<\/div>\n\n\n\n<div class=\"wp-block-column is-layout-flow wp-block-column-is-layout-flow\" style=\"flex-basis:50%\">\n<figure class=\"wp-block-image size-full\"><a href=\"https:\/\/vimeo.com\/1109321938\" target=\"_blank\" rel=\"noopener\"><img loading=\"lazy\" decoding=\"async\" width=\"736\" height=\"562\" src=\"https:\/\/quitgamble.com\/sv\/wp-content\/uploads\/sites\/8\/2022\/03\/Gambling-addiction-curve-1.png\" alt=\"\" class=\"wp-image-69659\" srcset=\"https:\/\/quitgamble.com\/br\/wp-content\/uploads\/sites\/13\/2022\/03\/Gambling-addiction-curve-1.png 736w, https:\/\/quitgamble.com\/br\/wp-content\/uploads\/sites\/13\/2022\/03\/Gambling-addiction-curve-1-300x229.png 300w\" sizes=\"auto, (max-width: 736px) 100vw, 736px\" \/><\/a><figcaption class=\"wp-element-caption\">V\u00eddeo 1 &#8211; Como funciona a curva do v\u00edcio em jogos?<\/figcaption><\/figure>\n<\/div>\n<\/div>\n<\/section>\n\n\n\n<div class=\"wp-block-group funnel-entry__container more-space is-layout-constrained wp-block-group-is-layout-constrained\">\n<h2 class=\"wp-block-heading has-text-align-center has-foreground-color has-text-color has-link-color wp-elements-96af597039729fe02db9f9ef6674fb7f\">Como podemos te ajudar?<\/h2>\n\n\n\n<div class=\"wp-block-columns svg-buttons is-style-no-gap ticss-04e276f6 funnel-entry is-layout-flex wp-block-columns-is-layout-flex\">\n<div class=\"wp-block-column is-layout-flow wp-block-column-is-layout-flow\" style=\"flex-basis:33.33%\"><a href=\"https:\/\/br.quitgamble.com\/video\" aria-label=\"Stop Gambling\" title=\"Stop Gambling\" class=\"wp-block-tiptip-hyperlink-group-block\">\n<p class=\"wp-block-paragraph\">\ud83d\udd25<\/p>\n\n<div class=\"wp-block-group is-layout-constrained wp-block-group-is-layout-constrained\">\n<h3 class=\"wp-block-heading\">Quero parar de jogar<\/h3>\n\n\n\n<h4 class=\"wp-block-heading\">Estou cansado de reca\u00eddas \u2013 preciso de ajuda!<\/h4>\n<\/div>\n<\/a><\/div>\n\n\n\n<div class=\"wp-block-column is-layout-flow wp-block-column-is-layout-flow\" style=\"flex-basis:33.33%\"><a href=\"https:\/\/br.quitgamble.com\/coaching\" aria-label=\"Talk to someone\" title=\"Talk to someone\" class=\"wp-block-tiptip-hyperlink-group-block\">\n<p class=\"wp-block-paragraph\">\ud83d\udc4b<\/p>\n\n<div class=\"wp-block-group is-layout-constrained wp-block-group-is-layout-constrained\">\n<h3 class=\"wp-block-heading\">Preciso conversar com algu\u00e9m<\/h3>\n\n\n\n<h4 class=\"wp-block-heading\">N\u00e3o quero passar por isso sozinho.<\/h4>\n<\/div>\n<\/a><\/div>\n\n\n\n<div class=\"wp-block-column is-layout-flow wp-block-column-is-layout-flow\" style=\"flex-basis:33.33%\"><a href=\"https:\/\/br.quitgamble.com\/control\" aria-label=\"Responsible gambling\" title=\"Responsible gambling\" class=\"wp-block-tiptip-hyperlink-group-block\">\n<p class=\"wp-block-paragraph\">\ud83d\udca1<\/p>\n\n<div class=\"wp-block-group is-layout-grid wp-block-group-is-layout-grid\">\n<h3 class=\"wp-block-heading wp-container-content-69bc4bdf\">Quero ter mais controle<\/h3>\n\n\n\n<h4 class=\"wp-block-heading\">Quero jogar, mas preciso me controlar.<\/h4>\n<\/div>\n<\/a><\/div>\n<\/div>\n<\/div>\n\n\n\n<section class=\"wp-block-group is-layout-flow wp-block-group-is-layout-flow\">\n<h2 class=\"wp-block-heading\" id=\"gambling-addiction-curve\">Pode-se jogar de forma respons\u00e1vel?<\/h2>\n\n\n\n<div class=\"wp-block-columns is-layout-flex wp-block-columns-is-layout-flex\">\n<div class=\"wp-block-column is-layout-flow wp-block-column-is-layout-flow\">\n<figure class=\"wp-block-image size-full\"><img decoding=\"async\" src=\"https:\/\/quitgamble.com\/sv\/wp-content\/uploads\/sites\/8\/2023\/01\/Spela-ansvarsfullt.png\" alt=\"\" class=\"wp-image-72844\"\/><figcaption class=\"wp-element-caption\">Pode-se jogar de forma respons\u00e1vel?<\/figcaption><\/figure>\n<\/div>\n\n\n\n<div class=\"wp-block-column is-layout-flow wp-block-column-is-layout-flow\">\n<p class=\"wp-block-paragraph\">Se a defini\u00e7\u00e3o de jogar estiver principalmente focada em entretenimento, ent\u00e3o a resposta \u00e9 SIM. Nesse caso, voc\u00ea pode jogar de forma respons\u00e1vel. Quando dizemos &#8220;entretenimento&#8221;, nos referimos a jogar por divers\u00e3o ou por excita\u00e7\u00e3o, de vez em quando. Se a defini\u00e7\u00e3o de jogar, em vez disso, tiver como objetivo ganhar dinheiro, a resposta \u00e9 N\u00c3O. Ent\u00e3o, na nossa opini\u00e3o, voc\u00ea n\u00e3o pode jogar de forma respons\u00e1vel. Se voc\u00ea joga para ganhar, est\u00e1 mergulhando de cabe\u00e7a, esperando o melhor. E, n\u00e3o, o fato de voc\u00ea estar ganhando n\u00e3o muda essa realidade.<\/p>\n<\/div>\n<\/div>\n\n\n\n<div class=\"wp-block-columns is-layout-flex wp-block-columns-is-layout-flex\">\n<div class=\"wp-block-column is-layout-flow wp-block-column-is-layout-flow\">\n<p class=\"wp-block-paragraph\">Vamos tentar entender melhor os termos-problema com jogos de azar e v\u00edcio em jogos de azar.<\/p>\n\n\n\n<ul class=\"wp-block-list\">\n<li><strong>Problema com Jogos de Azar<\/strong>: as consequ\u00eancias negativas dos jogos de azar n\u00e3o superam as partes divertidas para um jogador problem\u00e1tico. Isso significa que \u00e9 relativamente f\u00e1cil lidar com o problema dos jogos de azar, pois ele n\u00e3o est\u00e1 causando danos maiores. Infelizmente, isso tamb\u00e9m significa que a pessoa pode ainda n\u00e3o ver os jogos de azar como um problema.<\/li>\n\n\n\n<li><strong>V\u00edcio em Jogos de Azar<\/strong>: um jogador compulsivo muitas vezes sabe que tem um problema, o que torna mais f\u00e1cil admitir e, assim, buscar ajuda. Infelizmente, nesse ponto, o v\u00edcio muitas vezes se tornou t\u00e3o forte que \u00e9 dif\u00edcil se libertar dele.<\/li>\n<\/ul>\n<\/div>\n\n\n\n<div class=\"wp-block-column is-layout-flow wp-block-column-is-layout-flow\">\n<p class=\"wp-block-paragraph\">A curva do v\u00edcio em jogos de azar vista acima \u00e9 dividida em tr\u00eas partes:<\/p>\n\n\n\n<ol class=\"wp-block-list\">\n<li>jogar por entretenimento;<\/li>\n\n\n\n<li>jogar para ganhar dinheiro;<\/li>\n\n\n\n<li>jogar para recuperar dinheiro.<\/li>\n<\/ol>\n\n\n\n<p class=\"wp-block-paragraph\">Vamos dar uma olhada em cada uma dessas partes. Voc\u00ea logo ver\u00e1 a conex\u00e3o entre o comportamento problem\u00e1tico dos jogos de azar e jogar para ganhar dinheiro, seguido pelo v\u00edcio em jogos de azar e a tentativa de recuperar dinheiro.<\/p>\n<\/div>\n<\/div>\n<\/section>\n\n\n\n<section class=\"wp-block-group is-layout-flow wp-block-group-is-layout-flow\">\n<h2 class=\"wp-block-heading\">Jogar por Entretenimento<\/h2>\n\n\n\n<div class=\"wp-block-columns is-layout-flex wp-block-columns-is-layout-flex\">\n<div class=\"wp-block-column is-layout-flow wp-block-column-is-layout-flow\">\n<p class=\"wp-block-paragraph\"><em>Estamos nos antecipando; ent\u00e3o, vamos voltar a jogar por entretenimento. Mesmo que aconselhemos contra todos os tipos de jogos de azar, especialmente se voc\u00ea estiver em risco de v\u00edcio, existem alguns jogos menos prejudiciais:<\/em><\/p>\n\n\n\n<ul class=\"wp-block-list\">\n<li>bilhetes de rifa apoiando uma caridade ou boa causa;<\/li>\n\n\n\n<li>um cart\u00e3o de raspadinha ocasional;<\/li>\n\n\n\n<li>jogar com apostas pequenas enquanto visita um cassino durante as f\u00e9rias.<\/li>\n<\/ul>\n\n\n\n<p class=\"wp-block-paragraph\">N\u00e3o recomendamos nenhum dos itens acima. Ao mesmo tempo, a vida \u00e9 feita de experi\u00eancias, e visitar Las Vegas est\u00e1 na lista de desejos de muitas pessoas.<\/p>\n\n\n\n<p class=\"wp-block-paragraph\">Voc\u00ea pode sonhar em apostar $100 no n\u00famero 13 na mesa de roleta em Las Vegas s\u00f3 para ver o que acontece. E se voc\u00ea estiver em Las Vegas, por que n\u00e3o tornar esse sonho realidade? Da mesma forma, apoiar o clube esportivo local ou outra boa causa comprando um cart\u00e3o de raspadinha n\u00e3o \u00e9 sobre ganhar dinheiro. Voc\u00ea faz isso pela experi\u00eancia e como um gesto de simpatia.<\/p>\n<\/div>\n\n\n\n<div class=\"wp-block-column is-layout-flow wp-block-column-is-layout-flow\">\n<figure class=\"wp-block-image size-full\"><img loading=\"lazy\" decoding=\"async\" width=\"824\" height=\"646\" src=\"https:\/\/quitgamble.com\/sv\/wp-content\/uploads\/sites\/8\/2022\/03\/Thin-ice.png\" alt=\"\" class=\"wp-image-69660\" srcset=\"https:\/\/quitgamble.com\/br\/wp-content\/uploads\/sites\/13\/2022\/03\/Thin-ice.png 824w, https:\/\/quitgamble.com\/br\/wp-content\/uploads\/sites\/13\/2022\/03\/Thin-ice-300x235.png 300w, https:\/\/quitgamble.com\/br\/wp-content\/uploads\/sites\/13\/2022\/03\/Thin-ice-768x602.png 768w\" sizes=\"auto, (max-width: 824px) 100vw, 824px\" \/><figcaption class=\"wp-element-caption\">Aviso \u2013 Pisando em Gelo Fino<\/figcaption><\/figure>\n\n\n\n<p class=\"wp-block-paragraph\"><strong>IMPORTANTE!<\/strong><\/p>\n\n\n\n<p class=\"wp-block-paragraph\">Um comportamento de jogo pode mudar rapidamente se algo acontecer na vida da pessoa. Se voc\u00ea sabe que algu\u00e9m pr\u00f3ximo a voc\u00ea est\u00e1 jogando, seja especialmente vigilante se algo que cause muita dor acontecer na vida dessa pessoa. O jogo como entretenimento pode rapidamente se transformar em um comportamento de fuga. Coisas t\u00edpicas podem ser: mudan\u00e7a, demiss\u00e3o do trabalho, licen\u00e7a m\u00e9dica, t\u00e9rmino de relacionamento, les\u00f5es f\u00edsicas e morte.<\/p>\n<\/div>\n<\/div>\n<\/section>\n\n\n\n<section class=\"wp-block-group is-layout-flow wp-block-group-is-layout-flow\">\n<h2 class=\"wp-block-heading\">Jogar para Ganhar Dinheiro<\/h2>\n\n\n\n<div class=\"wp-block-columns is-layout-flex wp-block-columns-is-layout-flex\">\n<div class=\"wp-block-column is-layout-flow wp-block-column-is-layout-flow\">\n<p class=\"wp-block-paragraph\">Naturalmente, voc\u00ea nunca compraria uma raspadinha se soubesse que n\u00e3o tem chance de ganhar algo. Uma pessoa que compra bilhetes de raspadinha pelo prazer da brincadeira faz isso por um minuto de emo\u00e7\u00e3o e pela possibilidade de, quem sabe, ganhar algo.<\/p>\n\n\n\n<p class=\"wp-block-paragraph\">Uma pessoa que joga para ganhar provavelmente comprar\u00e1 mais do que apenas um bilhete. \u00c9 mais prov\u00e1vel que compre dez (mesmo que o retorno ao jogador seja tipicamente menos de 50%. Isto est\u00e1 escrito no verso do bilhete. Em outras palavras, \u00e9 um suic\u00eddio matem\u00e1tico e logicamente n\u00e3o faz sentido).<\/p>\n\n\n\n<figure class=\"wp-block-image size-full\"><img loading=\"lazy\" decoding=\"async\" width=\"700\" height=\"494\" src=\"https:\/\/quitgamble.com\/sv\/wp-content\/uploads\/sites\/8\/2022\/03\/How-about-Gamble-To-Win-Money.png\" alt=\"\" class=\"wp-image-68940\" srcset=\"https:\/\/quitgamble.com\/br\/wp-content\/uploads\/sites\/13\/2022\/03\/How-about-Gamble-To-Win-Money.png 700w, https:\/\/quitgamble.com\/br\/wp-content\/uploads\/sites\/13\/2022\/03\/How-about-Gamble-To-Win-Money-300x212.png 300w\" sizes=\"auto, (max-width: 700px) 100vw, 700px\" \/><figcaption class=\"wp-element-caption\">Jogar para ganhar?<\/figcaption><\/figure>\n<\/div>\n\n\n\n<div class=\"wp-block-column is-layout-flow wp-block-column-is-layout-flow\">\n<p class=\"wp-block-paragraph\"><strong>Jogos focados em ganhar dinheiro:<\/strong><\/p>\n\n\n\n<ul class=\"wp-block-list\">\n<li>todos os jogos em cassinos on-line;<\/li>\n\n\n\n<li>apostas esportivas: quando voc\u00ea aposta em mais jogos do que assiste;<\/li>\n\n\n\n<li>p\u00f4quer: tanto o p\u00f4quer de cassino, quanto o p\u00f4quer entre pares;<\/li>\n\n\n\n<li>todos os jogos de mesa e outros jogos bancados pelo cassino;<\/li>\n\n\n\n<li>todas as m\u00e1quinas ca\u00e7a-n\u00edqueis.<\/li>\n<\/ul>\n\n\n\n<p class=\"wp-block-paragraph\"><strong>Quando uma pessoa joga para ganhar, frequentemente acontece o seguinte:<\/strong><\/p>\n\n\n\n<ul class=\"wp-block-list\">\n<li>os valores e as apostas aumentam;<\/li>\n\n\n\n<li>jogar ocupa mais tempo;<\/li>\n\n\n\n<li>existe um claro motivo para ganhar;<\/li>\n\n\n\n<li>o desejo de jogar cresce;<\/li>\n\n\n\n<li>pensa em jogar mesmo quando n\u00e3o est\u00e1 jogando.<\/li>\n<\/ul>\n\n\n\n<p class=\"wp-block-paragraph\">Quando voc\u00ea joga para ganhar, est\u00e1 brincando com fogo, especialmente se estiver na zona de risco de se tornar um(a) viciado(a). Isso soa familiar? A curva come\u00e7ou a se inclinar para baixo para voc\u00ea? Se voc\u00ea est\u00e1 pisando em gelo fino, \u00e9 melhor estar preparado(a) para se molhar.<\/p>\n<\/div>\n<\/div>\n\n\n\n<h3 class=\"wp-block-heading\">Onde Voc\u00ea Se V\u00ea na Curva?<\/h3>\n\n\n\n<div class=\"wp-block-columns is-layout-flex wp-block-columns-is-layout-flex\">\n<div class=\"wp-block-column is-layout-flow wp-block-column-is-layout-flow\">\n<figure class=\"wp-block-image size-large\"><img loading=\"lazy\" decoding=\"async\" width=\"858\" height=\"540\" src=\"https:\/\/quitgamble.com\/sv\/wp-content\/uploads\/sites\/8\/2022\/05\/chart-1.svg\" alt=\"\" class=\"wp-image-71132\"\/><figcaption class=\"wp-element-caption\">A ilustra\u00e7\u00e3o da curva do v\u00edcio em jogos de azar<\/figcaption><\/figure>\n<\/div>\n\n\n\n<div class=\"wp-block-column is-layout-flow wp-block-column-is-layout-flow\">\n<p class=\"wp-block-paragraph\">Presumimos que todos os jogos de cassino s\u00e3o sobre ganhar dinheiro. Todos os comerciais de jogos de azar enfatizam suas chances de ganhar \u2014 eles nunca dizem para voc\u00ea depositar dinheiro apenas para se divertir. \u00c9 sempre sobre ter a oportunidade de ganhar muito dinheiro&#8230;<\/p>\n\n\n\n<p class=\"wp-block-paragraph\">Claro, as m\u00e1quinas ca\u00e7a-n\u00edqueis podem ser divertidas, mas o risco de perder tudo \u00e9 significativo, especialmente se voc\u00ea ganhar inicialmente (leia mais sobre o que acontece quando voc\u00ea ganha aqui).<\/p>\n\n\n\n<p class=\"wp-block-paragraph\">A mesma coisa pode acontecer com apostas esportivas. Se voc\u00ea come\u00e7ar a apostar em muitos jogos ou aumentar as apostas por jogo, est\u00e1 rapidamente correndo o risco de perder o controle.<\/p>\n\n\n\n<hr class=\"wp-block-separator has-alpha-channel-opacity\"\/>\n\n\n\n<p class=\"wp-block-paragraph\"><a id=\"_msocom_1\"><\/a><\/p>\n<\/div>\n<\/div>\n\n\n\n<p class=\"wp-block-paragraph\">Da mesma forma, todos que jogam p\u00f4quer sabem que \u00e9 um jogo de ganhar ou perder dinheiro. P\u00f4quer n\u00e3o funciona sem apostas monet\u00e1rias.<\/p>\n\n\n\n<p class=\"wp-block-paragraph\">Mesmo jogadores profissionais de p\u00f4quer bem-sucedidos e apostadores esportivos podem ter problemas com jogos de azar. O que os diferencia dos outros 95% dos jogadores \u00e9 que eles ganham. Ainda assim, s\u00f3 porque est\u00e3o \u00e0 frente, isto n\u00e3o significa que n\u00e3o tenham problemas relacionados a jogar demais.<\/p>\n\n\n\n<p class=\"wp-block-paragraph\">Quando as apostas aumentam, as coisas podem sair do controle rapidamente. Um grande pr\u00eamio pode ter consequ\u00eancias catastr\u00f3ficas e mudar o comportamento em rela\u00e7\u00e3o aos jogos de azar. De repente, pequenas vit\u00f3rias n\u00e3o d\u00e3o mais a mesma sensa\u00e7\u00e3o positiva. A pessoa avan\u00e7a ainda mais na Curva do V\u00edcio \u00e0 medida que as apostas aumentam para manter a emo\u00e7\u00e3o.<\/p>\n\n\n\n<p class=\"wp-block-paragraph\">A pessoa passa mais tempo jogando. O desejo de jogar aumenta, e focar em outras coisas, exceto no pr\u00f3ximo jogo, se torna dif\u00edcil. Atividades antes prazerosas ou necess\u00e1rias, como trabalho, escola, etc., s\u00e3o deixadas de lado para liberar mais horas para jogar.<\/p>\n\n\n\n<p class=\"wp-block-paragraph\">Muitas vezes recebemos a pergunta de qu\u00e3o r\u00e1pido um v\u00edcio em jogos de azar pode se desenvolver. A maioria das pessoas diz que leva anos, mas, com base na teoria da fuga&nbsp; e no que voc\u00ea leu acima, a resposta \u00e9 que as pessoas podem desenvolver problemas com jogos de azar muito rapidamente se carregarem muita dor. Se voc\u00ea quiser saber mais, recomendamos o artigo seguinte.<\/p>\n\n\n\n<hr class=\"wp-block-separator has-alpha-channel-opacity\"\/>\n<\/section>\n\n\n\n<section class=\"wp-block-group is-layout-flow wp-block-group-is-layout-flow\">\n<h2 class=\"wp-block-heading\">Jogar Para Tentar Recuperar<\/h2>\n\n\n\n<div class=\"wp-block-columns is-layout-flex wp-block-columns-is-layout-flex\">\n<div class=\"wp-block-column is-style-right-border is-layout-flow wp-block-column-is-layout-flow\">\n<p class=\"wp-block-paragraph\">O jogo continua a escalar e a Curva do V\u00edcio est\u00e1 ficando mais \u00edngreme. O choque que se aproxima \u00e9 tudo, menos agrad\u00e1vel. N\u00e3o queremos assustar voc\u00ea, mas precisamos contar o que espera por voc\u00ea, se continuar jogando. O QuitGamble.com foi criado para lhe dar esperan\u00e7a e orienta\u00e7\u00e3o em sua situa\u00e7\u00e3o.<\/p>\n\n\n\n<figure class=\"wp-block-image size-full\"><img loading=\"lazy\" decoding=\"async\" width=\"677\" height=\"857\" src=\"https:\/\/quitgamble.com\/sv\/wp-content\/uploads\/sites\/8\/2022\/03\/Gamble-To-Win-Back.png\" alt=\"\" class=\"wp-image-68941\" srcset=\"https:\/\/quitgamble.com\/br\/wp-content\/uploads\/sites\/13\/2022\/03\/Gamble-To-Win-Back.png 677w, https:\/\/quitgamble.com\/br\/wp-content\/uploads\/sites\/13\/2022\/03\/Gamble-To-Win-Back-237x300.png 237w\" sizes=\"auto, (max-width: 677px) 100vw, 677px\" \/><figcaption class=\"wp-element-caption\">Jogar Para Tentar Recuperar<\/figcaption><\/figure>\n<\/div>\n\n\n\n<div class=\"wp-block-column is-layout-flow wp-block-column-is-layout-flow\">\n<p class=\"wp-block-paragraph\"><strong>Jogar para tentar recuperar:<\/strong><\/p>\n\n\n\n<ul class=\"wp-block-list\">\n<li>fal\u00eancia pessoal;<\/li>\n\n\n\n<li>div\u00f3rcio;<\/li>\n\n\n\n<li>pris\u00e3o;<\/li>\n\n\n\n<li>suic\u00eddio.<\/li>\n<\/ul>\n\n\n\n<p class=\"wp-block-paragraph\">Mesmo que as coisas possam parecer sombrias no momento, h\u00e1 maneiras de sair! Voc\u00ea n\u00e3o est\u00e1 sozinho(a). Existem centenas de milhares de pessoas na mesma situa\u00e7\u00e3o que voc\u00ea. Faremos tudo o que pudermos para ajud\u00e1-lo(a)!<\/p>\n\n\n\n<p class=\"wp-block-paragraph\"><strong>Aqui est\u00e3o algumas caracter\u00edsticas do comportamento no ponto mais distante da curva:<\/strong><\/p>\n\n\n\n<ul class=\"wp-block-list\">\n<li>a pessoa deixa o jogo controlar sua vida;<\/li>\n\n\n\n<li>a pessoa mente para as pessoas ao redor;<\/li>\n\n\n\n<li>a pessoa toma dinheiro emprestado de amigos, familiares e, possivelmente, at\u00e9 de pessoas n\u00e3o confi\u00e1veis, como agiotas;<\/li>\n\n\n\n<li>a pessoa n\u00e3o est\u00e1 mais se divertindo com o jogo;<\/li>\n\n\n\n<li>a pessoa est\u00e1 desesperada para recuperar as perdas anteriores;<\/li>\n\n\n\n<li>a pessoa est\u00e1 procurando novo dinheiro para continuar jogando;<\/li>\n\n\n\n<li>a pessoa procura uma sa\u00edda: o pensamento de suic\u00eddio \u00e9 comum.<\/li>\n<\/ul>\n\n\n\n<p class=\"wp-block-paragraph\"><strong>Isso parece familiar?<\/strong><\/p>\n\n\n\n<p class=\"wp-block-paragraph\">\u00c9 hora de fazer algo a respeito. \u00c9 hora de buscar ajuda. O momento de agir \u00e9 agora! Este site foi criado para voc\u00ea!<\/p>\n<\/div>\n<\/div>\n\n\n\n<h3 class=\"wp-block-heading\">Plano de A\u00e7\u00e3o: Pegue a Pr\u00f3xima Sa\u00edda!<\/h3>\n\n\n\n<div class=\"wp-block-columns is-layout-flex wp-block-columns-is-layout-flex\">\n<div class=\"wp-block-column is-layout-flow wp-block-column-is-layout-flow\">\n<p class=\"wp-block-paragraph\">Se voc\u00ea ainda est\u00e1 conosco, agora sabe que o jogo, em si, n\u00e3o \u00e9 um v\u00edcio. \u00c9 a fuga da realidade \u00e0 qual voc\u00ea est\u00e1 viciado(a). Portanto, uma grande parte do trabalho nos pr\u00f3ximos meses ser\u00e1 reduzir sua necessidade de fuga.<\/p>\n\n\n\n<p class=\"wp-block-paragraph\">A \u201cCurva do V\u00edcio\u201d foi feita para alertar voc\u00ea. \u00c9 hora de perceber a import\u00e2ncia da a\u00e7\u00e3o. Se voc\u00ea ainda n\u00e3o fez o Teste da Felicidade, fa\u00e7a-o agora! Este \u00e9 o primeiro passo para identificar sua pris\u00e3o.<\/p>\n\n\n\n<div class=\"wp-block-buttons is-layout-flex wp-block-buttons-is-layout-flex\">\n<div class=\"wp-block-button\"><a class=\"wp-block-button__link wp-element-button\" href=\"https:\/\/quitgamble.com\/br\/register\" target=\"_blank\" rel=\"noreferrer noopener\">TORNE-SE UM MEMBRO<\/a><\/div>\n\n\n\n<div class=\"wp-block-button\"><a class=\"wp-block-button__link has-green-background-color has-background wp-element-button\" href=\"https:\/\/quitgamble.com\/happiness-test\/\" target=\"_blank\" rel=\"noreferrer noopener\"><strong>FA\u00c7A O TESTE DA FELICIDADE<\/strong><\/a><\/div>\n<\/div>\n<\/div>\n\n\n\n<div class=\"wp-block-column is-layout-flow wp-block-column-is-layout-flow\">\n<ol style=\"list-style-type:1\" class=\"wp-block-list\">\n<li>Fa\u00e7a o Teste da Felicidade<\/li>\n\n\n\n<li>Torne-se membro da nossa Comunidade (Rede social, chat, cursos)<\/li>\n\n\n\n<li>Leia o guia &#8220;Jogando para ganhar muito?&#8221; (Exclusivo para membros)<\/li>\n\n\n\n<li>Compartilhe sua hist\u00f3ria e leia as de outros no f\u00f3rum<\/li>\n\n\n\n<li>Abra-se para um familiar. Leia o guia &#8220;Como ajudar algu\u00e9m com v\u00edcio em jogos?<\/li>\n\n\n\n<li>&#8220;Identifique os fatores subjacentes ao v\u00edcio em jogos<\/li>\n\n\n\n<li>Percorra os diferentes cursos<\/li>\n\n\n\n<li>Ajude a si mesmo ajudando os outros<\/li>\n<\/ol>\n<\/div>\n<\/div>\n<\/section>\n\n\n","protected":false},"excerpt":{"rendered":"<p>Vamos nos concentrar nos problemas relacionados aos jogos de azar e no v\u00edcio em jogos de azar. Existe algo como jogar de forma respons\u00e1vel? Na nossa opini\u00e3o, isso depende da [&hellip;]<\/p>\n","protected":false},"author":10,"featured_media":0,"parent":0,"menu_order":0,"comment_status":"closed","ping_status":"closed","template":"","meta":{"_acf_changed":false,"_crdt_document":"","inline_featured_image":false,"_themeisle_gutenberg_block_has_review":false,"footnotes":""},"coauthors":[100],"class_list":["post-76208","page","type-page","status-publish","hentry"],"acf":[],"_links":{"self":[{"href":"https:\/\/quitgamble.com\/br\/wp-json\/wp\/v2\/pages\/76208","targetHints":{"allow":["GET"]}}],"collection":[{"href":"https:\/\/quitgamble.com\/br\/wp-json\/wp\/v2\/pages"}],"about":[{"href":"https:\/\/quitgamble.com\/br\/wp-json\/wp\/v2\/types\/page"}],"author":[{"embeddable":true,"href":"https:\/\/quitgamble.com\/br\/wp-json\/wp\/v2\/users\/10"}],"replies":[{"embeddable":true,"href":"https:\/\/quitgamble.com\/br\/wp-json\/wp\/v2\/comments?post=76208"}],"version-history":[{"count":1,"href":"https:\/\/quitgamble.com\/br\/wp-json\/wp\/v2\/pages\/76208\/revisions"}],"predecessor-version":[{"id":76733,"href":"https:\/\/quitgamble.com\/br\/wp-json\/wp\/v2\/pages\/76208\/revisions\/76733"}],"wp:attachment":[{"href":"https:\/\/quitgamble.com\/br\/wp-json\/wp\/v2\/media?parent=76208"}],"wp:term":[{"taxonomy":"author","embeddable":true,"href":"https:\/\/quitgamble.com\/br\/wp-json\/wp\/v2\/coauthors?post=76208"}],"curies":[{"name":"wp","href":"https:\/\/api.w.org\/{rel}","templated":true}]}}