{"id":76205,"date":"2023-11-24T10:53:23","date_gmt":"2023-11-24T09:53:23","guid":{"rendered":"https:\/\/quitgamble.com\/br\/?page_id=76205"},"modified":"2025-07-15T14:21:32","modified_gmt":"2025-07-15T12:21:32","slug":"o-teste-da-felicidade","status":"publish","type":"page","link":"https:\/\/quitgamble.com\/br\/o-teste-da-felicidade\/","title":{"rendered":"O Teste da Felicidade: Identifique Sua Gaiola"},"content":{"rendered":"\n<section class=\"wp-block-group is-layout-flow wp-block-group-is-layout-flow\">\n<section class=\"wp-block-group guide__hero is-layout-flow wp-block-group-is-layout-flow\">\n<div class=\"wp-block-columns is-layout-flex wp-block-columns-is-layout-flex\">\n<div class=\"wp-block-column is-layout-flow wp-block-column-is-layout-flow\" style=\"flex-basis:50%\">\n<div class=\"wp-block-group is-layout-flow wp-block-group-is-layout-flow\"><h1 class=\"wp-block-post-title\">O Teste da Felicidade: Identifique Sua Gaiola<\/h1>\n\n\n<p class=\"wp-block-paragraph\">N\u00f3s n\u00e3o faremos um teste comum sobre v\u00edcio em jogos de azar. O resultado disso voc\u00ea j\u00e1 sabe&#8230; Em vez disso, faremos algo completamente diferente. Queremos identificar \u201csua gaiola\u201d e inspir\u00e1-lo(a) a pensar sobre por que voc\u00ea se tornou viciado(a) em jogos. Lembre-se, n\u00f3s n\u00e3o acreditamos que o jogo \u00e9 o problema real; \u00e9 simplesmente um sintoma.<\/p>\n\n\n\n<p class=\"is-style-swoosh wp-block-paragraph\"><strong>O Teste da Felicidade tem como objetivos:<\/strong><\/p>\n\n\n\n<div class=\"wp-block-group summary is-layout-flow wp-block-group-is-layout-flow\">\n<ul class=\"wp-block-list\">\n<li>ajudar voc\u00ea a entender por que voc\u00ea joga;<\/li>\n\n\n\n<li>ajudar voc\u00ea a compreender por que \u00e9 t\u00e3o dif\u00edcil parar de jogar;<\/li>\n\n\n\n<li>ajudar voc\u00ea a perceber em que voc\u00ea precisa se concentrar para deixar de jogar.<\/li>\n<\/ul>\n<\/div>\n<\/div>\n<\/div>\n\n\n\n<div class=\"wp-block-column is-layout-flow wp-block-column-is-layout-flow\" style=\"flex-basis:50%\">\n<figure class=\"wp-block-image size-full\"><a href=\"https:\/\/vimeo.com\/1109321911\" target=\"_blank\" rel=\"noopener\"><img loading=\"lazy\" decoding=\"async\" width=\"736\" height=\"562\" src=\"https:\/\/quitgamble.com\/sv\/wp-content\/uploads\/sites\/8\/2022\/03\/Happiness-Test.png\" alt=\"Take the Happiness Test or watch the video\" class=\"wp-image-69656\" srcset=\"https:\/\/quitgamble.com\/br\/wp-content\/uploads\/sites\/13\/2022\/03\/Happiness-Test.png 736w, https:\/\/quitgamble.com\/br\/wp-content\/uploads\/sites\/13\/2022\/03\/Happiness-Test-300x229.png 300w\" sizes=\"auto, (max-width: 736px) 100vw, 736px\" \/><\/a><figcaption class=\"wp-element-caption\"><strong>V\u00eddeo 1 <\/strong>\u2013 Explica\u00e7\u00e3o do Teste da Felicidade<\/figcaption><\/figure>\n<\/div>\n<\/div>\n<\/section>\n\n\n\n<div class=\"wp-block-group funnel-entry__container more-space is-layout-constrained wp-block-group-is-layout-constrained\">\n<h2 class=\"wp-block-heading has-text-align-center has-foreground-color has-text-color has-link-color wp-elements-96af597039729fe02db9f9ef6674fb7f\">Como podemos te ajudar?<\/h2>\n\n\n\n<div class=\"wp-block-columns svg-buttons is-style-no-gap ticss-04e276f6 funnel-entry is-layout-flex wp-block-columns-is-layout-flex\">\n<div class=\"wp-block-column is-layout-flow wp-block-column-is-layout-flow\" style=\"flex-basis:33.33%\"><a href=\"https:\/\/br.quitgamble.com\/video\" aria-label=\"Stop Gambling\" title=\"Stop Gambling\" class=\"wp-block-tiptip-hyperlink-group-block\">\n<p class=\"wp-block-paragraph\">\ud83d\udd25<\/p>\n\n<div class=\"wp-block-group is-layout-constrained wp-block-group-is-layout-constrained\">\n<h3 class=\"wp-block-heading\">Quero parar de jogar<\/h3>\n\n\n\n<h4 class=\"wp-block-heading\">Estou cansado de reca\u00eddas \u2013 preciso de ajuda!<\/h4>\n<\/div>\n<\/a><\/div>\n\n\n\n<div class=\"wp-block-column is-layout-flow wp-block-column-is-layout-flow\" style=\"flex-basis:33.33%\"><a href=\"https:\/\/br.quitgamble.com\/coaching\" aria-label=\"Talk to someone\" title=\"Talk to someone\" class=\"wp-block-tiptip-hyperlink-group-block\">\n<p class=\"wp-block-paragraph\">\ud83d\udc4b<\/p>\n\n<div class=\"wp-block-group is-layout-constrained wp-block-group-is-layout-constrained\">\n<h3 class=\"wp-block-heading\">Preciso conversar com algu\u00e9m<\/h3>\n\n\n\n<h4 class=\"wp-block-heading\">N\u00e3o quero passar por isso sozinho.<\/h4>\n<\/div>\n<\/a><\/div>\n\n\n\n<div class=\"wp-block-column is-layout-flow wp-block-column-is-layout-flow\" style=\"flex-basis:33.33%\"><a href=\"https:\/\/br.quitgamble.com\/control\" aria-label=\"Responsible gambling\" title=\"Responsible gambling\" class=\"wp-block-tiptip-hyperlink-group-block\">\n<p class=\"wp-block-paragraph\">\ud83d\udca1<\/p>\n\n<div class=\"wp-block-group is-layout-grid wp-block-group-is-layout-grid\">\n<h3 class=\"wp-block-heading wp-container-content-69bc4bdf\">Quero ter mais controle<\/h3>\n\n\n\n<h4 class=\"wp-block-heading\">Quero jogar, mas preciso me controlar.<\/h4>\n<\/div>\n<\/a><\/div>\n<\/div>\n<\/div>\n\n\n\n<section class=\"wp-block-group is-layout-flow wp-block-group-is-layout-flow\">\n<div class=\"wp-block-columns is-layout-flex wp-block-columns-is-layout-flex\">\n<div class=\"wp-block-column is-layout-flow wp-block-column-is-layout-flow\" style=\"flex-basis:50%\">\n<figure class=\"wp-block-image size-full\"><img decoding=\"async\" src=\"https:\/\/quitgamble.com\/sv\/wp-content\/uploads\/sites\/8\/2023\/01\/Happiness-test-bild-2-forstaelse.png\" alt=\"\" class=\"wp-image-72824\"\/><\/figure>\n<\/div>\n\n\n\n<div class=\"wp-block-column is-layout-flow wp-block-column-is-layout-flow\" style=\"flex-basis:50%\">\n<p class=\"wp-block-paragraph\">No QuitGamble.com, n\u00f3s n\u00e3o fazemos o teste comum de v\u00edcio em jogos. Nosso teste n\u00e3o responde \u00e0 pergunta: &#8220;eu tenho um problema com jogos?&#8221; Voc\u00ea provavelmente j\u00e1 sabe o resultado de um teste de problema com jogos. Em vez disso, fazemos algo completamente diferente. Ajudamos voc\u00ea a identificar &#8220;sua gaiola&#8221; e inspiramos voc\u00ea a pensar sobre por que voc\u00ea se tornou viciado em jogar. N\u00f3s n\u00e3o acreditamos que o jogo \u00e9 o verdadeiro problema. Jogar \u00e9 apenas um sintoma.<\/p>\n\n\n\n<p class=\"wp-block-paragraph\">Para ajud\u00e1-lo, desenvolvemos um teste \u00fanico. Chamamo-lo de Teste da Felicidade. Ao examinar qu\u00e3o bem suas necessidades de vida s\u00e3o atendidas, podemos entender melhor qu\u00e3o grande \u00e9 o risco de voc\u00ea desenvolver um problema com jogos.<\/p>\n<\/div>\n<\/div>\n\n\n\n<h3 class=\"wp-block-heading\">Hierarquia de Necessidades de Maslow<\/h3>\n\n\n\n<p class=\"wp-block-paragraph\">Nossa motiva\u00e7\u00e3o est\u00e1 fortemente conectada \u00e0s nossas necessidades. Se voc\u00ea estiver nadando e, de repente, se encontrar embaixo d&#8217;\u00e1gua, seu primeiro pensamento n\u00e3o ser\u00e1 como as pessoas v\u00e3o perceb\u00ea-lo(a) na \u00e1gua&#8230; Ser\u00e1: EU PRECISO RESPIRAR!<\/p>\n\n\n\n<p class=\"wp-block-paragraph\">De acordo com a Hierarquia de Necessidades, de Maslow, todos os seres humanos t\u00eam cinco n\u00edveis de necessidades. Existem algumas varia\u00e7\u00f5es individuais, mas, em geral, temos o seguinte:<\/p>\n\n\n\n<div class=\"wp-block-columns is-style-no-gap is-layout-flex wp-block-columns-is-layout-flex\">\n<div class=\"wp-block-column is-layout-flow wp-block-column-is-layout-flow\">\n<figure class=\"wp-block-image size-full\"><img loading=\"lazy\" decoding=\"async\" width=\"718\" height=\"450\" src=\"https:\/\/quitgamble.com\/sv\/wp-content\/uploads\/sites\/8\/2022\/05\/maslow-hierarchy1-1.png\" alt=\"\" class=\"wp-image-71068\" srcset=\"https:\/\/quitgamble.com\/br\/wp-content\/uploads\/sites\/13\/2022\/05\/maslow-hierarchy1-1.png 718w, https:\/\/quitgamble.com\/br\/wp-content\/uploads\/sites\/13\/2022\/05\/maslow-hierarchy1-1-300x188.png 300w\" sizes=\"auto, (max-width: 718px) 100vw, 718px\" \/><figcaption class=\"wp-element-caption\"><strong>Imagem &#8211; Hierarquia de necessidades de Maslow<\/strong><\/figcaption><\/figure>\n<\/div>\n\n\n\n<div class=\"wp-block-column is-layout-flow wp-block-column-is-layout-flow\">\n<figure class=\"wp-block-image size-full\"><img loading=\"lazy\" decoding=\"async\" width=\"719\" height=\"450\" src=\"https:\/\/quitgamble.com\/sv\/wp-content\/uploads\/sites\/8\/2022\/05\/maslow-hierarchy2-2.png\" alt=\"\" class=\"wp-image-71070\" srcset=\"https:\/\/quitgamble.com\/br\/wp-content\/uploads\/sites\/13\/2022\/05\/maslow-hierarchy2-2.png 719w, https:\/\/quitgamble.com\/br\/wp-content\/uploads\/sites\/13\/2022\/05\/maslow-hierarchy2-2-300x188.png 300w\" sizes=\"auto, (max-width: 719px) 100vw, 719px\" \/><\/figure>\n<\/div>\n<\/div>\n\n\n\n<p class=\"wp-block-paragraph\">Nossas necessidades fisiol\u00f3gicas s\u00e3o essenciais para a nossa sobreviv\u00eancia. Sem ar, um ser humano morrer\u00e1 em poucos minutos. Da mesma forma, \u00e9 mais importante ter paz do que satisfazer nossas necessidades sociais.<\/p>\n\n\n\n<p class=\"wp-block-paragraph\">Para uma fam\u00edlia fugindo de uma guerra, a sobreviv\u00eancia \u00e9 o principal incentivo. No momento da fuga, a seguran\u00e7a \u00e9 mais importante do que o sentimento de pertencimento \u00e0s pessoas ao redor.<\/p>\n\n\n\n<p class=\"wp-block-paragraph\">Os tr\u00eas primeiros n\u00edveis de necessidades est\u00e3o relacionados \u00e0 sobreviv\u00eancia. Eles s\u00e3o necessidades centrais, que fizeram os humanos persistirem. Pertencer a um grupo era vital quando viv\u00edamos na savana africana h\u00e1 50.000 anos. Ser exclu\u00eddo significava a morte certa. Nossa capacidade de colaborar \u00e9 a principal raz\u00e3o pela qual sobrevivemos.<\/p>\n\n\n\n<p class=\"wp-block-paragraph\">Agora, pela primeira vez na Hist\u00f3ria, os seres humanos podem viver sozinhos. No entanto, isso n\u00e3o significa que gostamos mentalmente disso. N\u00e3o nos sentiremos bem se n\u00e3o satisfizermos nossas necessidades sociais. \u00c9 isso que vamos trabalhar aqui, no QuitGamble.com.<\/p>\n\n\n\n<p class=\"wp-block-paragraph\">Voc\u00ea j\u00e1 ouviu falar de motiva\u00e7\u00e3o intr\u00ednseca e extr\u00ednseca? Se voc\u00ea toca piano todos os dias, porque ama tocar para si mesmo(a), voc\u00ea tem uma motiva\u00e7\u00e3o intr\u00ednseca para tocar piano. Se voc\u00ea \u00e9 um(a) pianista de concerto e precisa praticar para uma apresenta\u00e7\u00e3o, provavelmente \u00e9 a motiva\u00e7\u00e3o extr\u00ednseca que o(a) impulsiona.<\/p>\n\n\n\n<p class=\"wp-block-paragraph\">Simplificando, motiva\u00e7\u00e3o intr\u00ednseca s\u00e3o as coisas que voc\u00ea faz por si mesmo(a). Motiva\u00e7\u00e3o extr\u00ednseca s\u00e3o as coisas que voc\u00ea faz para que os outros gostem de voc\u00ea. Ganhar dinheiro \u00e9 frequentemente impulsionado por motiva\u00e7\u00e3o extr\u00ednseca; o mesmo vale para <em>status<\/em> e poder. No entanto, muitos estudos mostram que raramente ficamos mais felizes por motiva\u00e7\u00e3o extr\u00ednseca.<\/p>\n\n\n\n<p class=\"wp-block-paragraph\">Por outro lado, se fazemos coisas pelos outros (sem ganho pessoal), ou fazemos coisas porque amamos (motiva\u00e7\u00e3o intr\u00ednseca), nos sentimos bem e ficamos mais felizes.<\/p>\n\n\n\n<div class=\"wp-block-columns is-layout-flex wp-block-columns-is-layout-flex\">\n<div class=\"wp-block-column is-layout-flow wp-block-column-is-layout-flow\">\n<p class=\"wp-block-paragraph\"><strong>Por que estamos contando tudo isso? Claro, \u00e9 interessante; mas, qual \u00e9 o ponto?<\/strong><\/p>\n\n\n\n<p class=\"wp-block-paragraph\">ChatGPT<\/p>\n\n\n\n<p class=\"wp-block-paragraph\">O Teste da Felicidade \u00e9 baseado na conex\u00e3o entre o qu\u00e3o bem suas necessidades s\u00e3o atendidas e o seu n\u00edvel de felicidade. Por exemplo, se suas necessidades sociais est\u00e3o satisfeitas, voc\u00ea se sente feliz e contente. Quando suas necessidades sociais n\u00e3o est\u00e3o satisfeitas, voc\u00ea se sente solit\u00e1rio (doloroso).<\/p>\n\n\n\n<figure class=\"wp-block-image size-full\"><img loading=\"lazy\" decoding=\"async\" width=\"480\" height=\"381\" src=\"https:\/\/quitgamble.com\/br\/wp-content\/uploads\/sites\/13\/2023\/11\/VISION.png\" alt=\"\" class=\"wp-image-76216\" srcset=\"https:\/\/quitgamble.com\/br\/wp-content\/uploads\/sites\/13\/2023\/11\/VISION.png 480w, https:\/\/quitgamble.com\/br\/wp-content\/uploads\/sites\/13\/2023\/11\/VISION-300x238.png 300w\" sizes=\"auto, (max-width: 480px) 100vw, 480px\" \/><\/figure>\n<\/div>\n\n\n\n<div class=\"wp-block-column is-layout-flow wp-block-column-is-layout-flow\">\n<p class=\"wp-block-paragraph\">Nosso teste \u00fanico conecta suas necessidades satisfeitas e a felicidade. O Teste da Felicidade n\u00e3o vai dizer se voc\u00ea est\u00e1 viciado(a) em algo. No entanto, ele indicar\u00e1 se voc\u00ea est\u00e1 em risco de ser ou se tornar viciado(a). Ao mesmo tempo, o &#8216;Teste da Felicidade&#8217; \u00e9 uma ferramenta para identificar por onde devemos come\u00e7ar a ajudar voc\u00ea. Identificando a sua &#8220;gaiola&#8221;, podemos dar-lhe o suporte necess\u00e1rio para satisfazer suas necessidades atuais. Como membro do QuitGamble.com, voc\u00ea se tornar\u00e1 uma pe\u00e7a essencial em nossa comunidade on-line, o que significa que voc\u00ea tamb\u00e9m pode ajudar os outros. E ajudar os outros, como voc\u00ea agora sabe, tamb\u00e9m pode fazer com que voc\u00ea se sinta melhor consigo mesmo(a)!<\/p>\n<\/div>\n<\/div>\n\n\n\n<div class=\"wp-block-columns is-layout-flex wp-block-columns-is-layout-flex\">\n<div class=\"wp-block-column is-layout-flow wp-block-column-is-layout-flow\">\n<ol class=\"wp-block-list\">\n<li>Voc\u00ea recebe um plano individual para parar de jogar e chutar o traseiro do v\u00edcio.<\/li>\n\n\n\n<li>Voc\u00ea pode conversar e fazer novos amigos em nossa comunidade.<\/li>\n\n\n\n<li>Voc\u00ea pode compartilhar suas hist\u00f3rias e ler as hist\u00f3rias de outras pessoas.<\/li>\n\n\n\n<li>Voc\u00ea receber\u00e1 dicas sobre como falar e se comunicar com as pessoas ao seu redor.<\/li>\n\n\n\n<li>Voc\u00ea receber\u00e1 e-mails inspiradores e de apoio com dicas para seguir em frente.<\/li>\n<\/ol>\n\n\n\n<p class=\"has-text-align-center has-medium-font-size wp-block-paragraph\"><strong>N\u00f3s vamos desafiar voc\u00ea a se desafiar. E faremos tudo o que pudermos para apoiar voc\u00ea em sua jornada!<\/strong><\/p>\n<\/div>\n\n\n\n<div class=\"wp-block-column is-layout-flow wp-block-column-is-layout-flow\">\n<figure class=\"wp-block-image size-large\"><img loading=\"lazy\" decoding=\"async\" width=\"1024\" height=\"837\" src=\"https:\/\/quitgamble.com\/sv\/wp-content\/uploads\/sites\/8\/2022\/04\/Template042-1024x837.png\" alt=\"QuitGamble community  images\" class=\"wp-image-70731\" srcset=\"https:\/\/quitgamble.com\/br\/wp-content\/uploads\/sites\/13\/2022\/04\/Template042-1024x837.png 1024w, https:\/\/quitgamble.com\/br\/wp-content\/uploads\/sites\/13\/2022\/04\/Template042-300x245.png 300w, https:\/\/quitgamble.com\/br\/wp-content\/uploads\/sites\/13\/2022\/04\/Template042-768x628.png 768w, https:\/\/quitgamble.com\/br\/wp-content\/uploads\/sites\/13\/2022\/04\/Template042.png 1100w\" sizes=\"auto, (max-width: 1024px) 100vw, 1024px\" \/><figcaption class=\"wp-element-caption\">QuitGamble &#8211; Bilder fr\u00e5n communityn<\/figcaption><\/figure>\n<\/div>\n<\/div>\n\n\n\n<div class=\"wp-block-buttons is-content-justification-center is-layout-flex wp-block-buttons-is-layout-flex\">\n<div class=\"wp-block-button\"><a class=\"wp-block-button__link has-green-background-color has-background wp-element-button\" href=\"https:\/\/quitgamble.com\/happiness-test\/\" target=\"_blank\" rel=\"noreferrer noopener\">HAPPINESS TESTET  <\/a><\/div>\n\n\n\n<div class=\"wp-block-button\"><a class=\"wp-block-button__link has-primary-background-color has-background wp-element-button\" href=\"https:\/\/quitgamble.com\/br\/register\" target=\"_blank\" rel=\"noreferrer noopener\">ANS\u00d6K OM MEDLEMSKAP<\/a><\/div>\n<\/div>\n<\/section>\n\n\n\n<section class=\"wp-block-group is-layout-flow wp-block-group-is-layout-flow\">\t<div id=\"respond\" class=\"comment-respond wp-block-post-comments-form\">\n\t\t<h3 id=\"reply-title\" class=\"comment-reply-title\">Deixe um coment\u00e1rio <small><a rel=\"nofollow\" id=\"cancel-comment-reply-link\" href=\"\/br\/wp-json\/wp\/v2\/pages\/76205#respond\" style=\"display:none;\">Cancelar resposta<\/a><\/small><\/h3><form action=\"https:\/\/quitgamble.com\/br\/wp-comments-post.php\" method=\"post\" id=\"commentform\" class=\"comment-form\"><p class=\"comment-notes\"><span id=\"email-notes\">O seu endere\u00e7o de email n\u00e3o ser\u00e1 publicado.<\/span> <span class=\"required-field-message\">Campos obrigat\u00f3rios marcados com <span class=\"required\">*<\/span><\/span><\/p><p class=\"comment-form-comment\"><label for=\"comment\">Coment\u00e1rio <span class=\"required\">*<\/span><\/label> <textarea placeholder=\"comment\" id=\"comment\" name=\"comment\" cols=\"45\" rows=\"8\" maxlength=\"65525\" required><\/textarea placeholder=\"comment\"><\/p><p class=\"comment-form-author\"><label for=\"author\">Nome <span class=\"required\">*<\/span><\/label> <input id=\"author\" placeholder=\"name*\" name=\"author\" type=\"text\" value=\"\" size=\"30\" maxlength=\"245\" autocomplete=\"name\" required \/><\/p>\n<p class=\"comment-form-email\"><label for=\"email\">Email <span class=\"required\">*<\/span><\/label> <input id=\"email\" placeholder=\"email*\" name=\"email\" type=\"email\" value=\"\" size=\"30\" maxlength=\"100\" aria-describedby=\"email-notes\" autocomplete=\"email\" required \/><\/p>\n<p class=\"comment-form-cookies-consent\"><input id=\"wp-comment-cookies-consent\" name=\"wp-comment-cookies-consent\" type=\"checkbox\" value=\"yes\" \/><label for=\"wp-comment-cookies-consent\">Remember Me!<\/label><\/p>\n<p class=\"form-submit wp-block-button\"><input name=\"submit\" type=\"submit\" id=\"submit\" class=\"wp-block-button__link wp-element-button\" value=\"Publicar coment\u00e1rio\" \/> <input type='hidden' name='comment_post_ID' value='76205' id='comment_post_ID' \/>\n<input type='hidden' name='comment_parent' id='comment_parent' value='0' \/>\n<\/p><\/form>\t<\/div><!-- #respond -->\n\t<\/section>\n<\/section>\n\n\n","protected":false},"excerpt":{"rendered":"<p>N\u00f3s n\u00e3o faremos um teste comum sobre v\u00edcio em jogos de azar. O resultado disso voc\u00ea j\u00e1 sabe&#8230; Em vez disso, faremos algo completamente diferente. Queremos identificar \u201csua gaiola\u201d e [&hellip;]<\/p>\n","protected":false},"author":10,"featured_media":0,"parent":0,"menu_order":0,"comment_status":"open","ping_status":"closed","template":"","meta":{"_acf_changed":false,"_crdt_document":"","inline_featured_image":false,"_themeisle_gutenberg_block_has_review":false,"footnotes":""},"coauthors":[100],"class_list":["post-76205","page","type-page","status-publish","hentry"],"acf":[],"_links":{"self":[{"href":"https:\/\/quitgamble.com\/br\/wp-json\/wp\/v2\/pages\/76205","targetHints":{"allow":["GET"]}}],"collection":[{"href":"https:\/\/quitgamble.com\/br\/wp-json\/wp\/v2\/pages"}],"about":[{"href":"https:\/\/quitgamble.com\/br\/wp-json\/wp\/v2\/types\/page"}],"author":[{"embeddable":true,"href":"https:\/\/quitgamble.com\/br\/wp-json\/wp\/v2\/users\/10"}],"replies":[{"embeddable":true,"href":"https:\/\/quitgamble.com\/br\/wp-json\/wp\/v2\/comments?post=76205"}],"version-history":[{"count":1,"href":"https:\/\/quitgamble.com\/br\/wp-json\/wp\/v2\/pages\/76205\/revisions"}],"predecessor-version":[{"id":76732,"href":"https:\/\/quitgamble.com\/br\/wp-json\/wp\/v2\/pages\/76205\/revisions\/76732"}],"wp:attachment":[{"href":"https:\/\/quitgamble.com\/br\/wp-json\/wp\/v2\/media?parent=76205"}],"wp:term":[{"taxonomy":"author","embeddable":true,"href":"https:\/\/quitgamble.com\/br\/wp-json\/wp\/v2\/coauthors?post=76205"}],"curies":[{"name":"wp","href":"https:\/\/api.w.org\/{rel}","templated":true}]}}