{"id":72791,"date":"2023-01-23T13:49:40","date_gmt":"2023-01-23T12:49:40","guid":{"rendered":"https:\/\/quitgamble.com\/pt\/?page_id=72791"},"modified":"2026-03-31T23:58:30","modified_gmt":"2026-03-31T21:58:30","slug":"sitemap","status":"publish","type":"page","link":"https:\/\/quitgamble.com\/br\/sitemap\/","title":{"rendered":"Sitemap"},"content":{"rendered":"\n<section class=\"wp-block-group is-layout-constrained wp-block-group-is-layout-constrained\"><h2 class=\"wp-block-post-title\">Sitemap<\/h2>\n\n<div class=\"rank-math-html-sitemap\"><div class=\"rank-math-html-sitemap__section rank-math-html-sitemap__section--post-type rank-math-html-sitemap__section--post\"><h2 class=\"rank-math-html-sitemap__title\">Artigos<\/h2><ul class=\"rank-math-html-sitemap__list\"><li class=\"rank-math-html-sitemap__item\"><a href=\"https:\/\/quitgamble.com\/br\/aposta-para-ganhar-muito\/\" class=\"rank-math-html-sitemap__link\">Voc\u00ea aposta para ganhar muito?<\/a> <span class=\"rank-math-html-sitemap__date\">(Novembro 23, 2023)<\/span><\/li><li class=\"rank-math-html-sitemap__item\"><a href=\"https:\/\/quitgamble.com\/br\/o-que-acontece-quando-voce-aposta\/\" class=\"rank-math-html-sitemap__link\">O que acontece quando voc\u00ea aposta?<\/a> <span class=\"rank-math-html-sitemap__date\">(Novembro 23, 2023)<\/span><\/li><li class=\"rank-math-html-sitemap__item\"><a href=\"https:\/\/quitgamble.com\/br\/101-razoes-para-nao-parar-de-jogar\/\" class=\"rank-math-html-sitemap__link\">101 Raz\u00f5es para N\u00c3O parar de jogar<\/a> <span class=\"rank-math-html-sitemap__date\">(Fevereiro 22, 2025)<\/span><\/li><li class=\"rank-math-html-sitemap__item\"><a href=\"https:\/\/quitgamble.com\/br\/conexao-entre-sexo-e-dependencia-de-jogos-de-azar\/\" class=\"rank-math-html-sitemap__link\">Conex\u00e3o entre Sexo e Depend\u00eancia de Jogos de Azar<\/a> <span class=\"rank-math-html-sitemap__date\">(Maio 22, 2024)<\/span><\/li><li class=\"rank-math-html-sitemap__item\"><a href=\"https:\/\/quitgamble.com\/br\/melhores-testes-para-vicio-em-jogos-de-azar\/\" class=\"rank-math-html-sitemap__link\">Melhores Testes para V\u00edcio em Jogos de Azar 2025<\/a> <span class=\"rank-math-html-sitemap__date\">(Abril 4, 2025)<\/span><\/li><li class=\"rank-math-html-sitemap__item\"><a href=\"https:\/\/quitgamble.com\/br\/prazer-e-felicidade-no-vicio-em-apostas\/\" class=\"rank-math-html-sitemap__link\">Prazer e felicidade no v\u00edcio em apostas e jogos de azar<\/a> <span class=\"rank-math-html-sitemap__date\">(Novembro 23, 2023)<\/span><\/li><li class=\"rank-math-html-sitemap__item\"><a href=\"https:\/\/quitgamble.com\/br\/reabilitacao-para-jogadores\/\" class=\"rank-math-html-sitemap__link\">O Que Acontece em uma Reabilita\u00e7\u00e3o para Jogadores?<\/a> <span class=\"rank-math-html-sitemap__date\">(Junho 13, 2023)<\/span><\/li><li class=\"rank-math-html-sitemap__item\"><a href=\"https:\/\/quitgamble.com\/br\/revisao-do-gamban\/\" class=\"rank-math-html-sitemap__link\">Revis\u00e3o do Gamban | Leia Antes de Instalar<\/a> <span class=\"rank-math-html-sitemap__date\">(Junho 13, 2023)<\/span><\/li><li class=\"rank-math-html-sitemap__item\"><a href=\"https:\/\/quitgamble.com\/br\/jogo-responsavel-101\/\" class=\"rank-math-html-sitemap__link\">Jogo Respons\u00e1vel 101<\/a> <span class=\"rank-math-html-sitemap__date\">(Abril 7, 2023)<\/span><\/li><li class=\"rank-math-html-sitemap__item\"><a href=\"https:\/\/quitgamble.com\/br\/9-tipos-de-apostadores\/\" class=\"rank-math-html-sitemap__link\">Quais S\u00e3o os 9 Tipos de Apostadores?<\/a> <span class=\"rank-math-html-sitemap__date\">(Abril 4, 2025)<\/span><\/li><li class=\"rank-math-html-sitemap__item\"><a href=\"https:\/\/quitgamble.com\/br\/mitos-absurdos-sobre-jogos-de-azar\/\" class=\"rank-math-html-sitemap__link\">21 Mitos Absurdos sobre Jogos de Azar<\/a> <span class=\"rank-math-html-sitemap__date\">(Mar\u00e7o 22, 2023)<\/span><\/li><li class=\"rank-math-html-sitemap__item\"><a href=\"https:\/\/quitgamble.com\/br\/20-perguntas-do-jogadores-anonimos\/\" class=\"rank-math-html-sitemap__link\">20 Perguntas do Jogadores An\u00f4nimos<\/a> <span class=\"rank-math-html-sitemap__date\">(Abril 4, 2025)<\/span><\/li><li class=\"rank-math-html-sitemap__item\"><a href=\"https:\/\/quitgamble.com\/br\/reunioes-do-jogadores-anonimos\/\" class=\"rank-math-html-sitemap__link\">O que Acontece nas Reuni\u00f5es do Jogadores An\u00f4nimos? |<\/a> <span class=\"rank-math-html-sitemap__date\">(Mar\u00e7o 20, 2023)<\/span><\/li><li class=\"rank-math-html-sitemap__item\"><a href=\"https:\/\/quitgamble.com\/br\/12-passos-do-jogadores-anonimos\/\" class=\"rank-math-html-sitemap__link\">12 Passos do Jogadores An\u00f4nimos | Tudo o Que Voc\u00ea Precisa Saber<\/a> <span class=\"rank-math-html-sitemap__date\">(Mar\u00e7o 19, 2023)<\/span><\/li><li class=\"rank-math-html-sitemap__item\"><a href=\"https:\/\/quitgamble.com\/br\/sinais-de-vicio-em-apostas-esportivas\/\" class=\"rank-math-html-sitemap__link\">47 Sinais de V\u00edcio em Apostas Esportivas<\/a> <span class=\"rank-math-html-sitemap__date\">(Novembro 16, 2023)<\/span><\/li><li class=\"rank-math-html-sitemap__item\"><a href=\"https:\/\/quitgamble.com\/br\/sintomas-de-dependencia-em-jogos-de-azar\/\" class=\"rank-math-html-sitemap__link\">53 Sintomas Inesperados da Depend\u00eancia em Jogos de Azar s<\/a> <span class=\"rank-math-html-sitemap__date\">(Fevereiro 12, 2023)<\/span><\/li><li class=\"rank-math-html-sitemap__item\"><a href=\"https:\/\/quitgamble.com\/br\/betblocker\/\" class=\"rank-math-html-sitemap__link\">BetBlocker | Leia antes de Instalar | Avalia\u00e7\u00e3o do BetBlocker<\/a> <span class=\"rank-math-html-sitemap__date\">(Julho 4, 2023)<\/span><\/li><li class=\"rank-math-html-sitemap__item\"><a href=\"https:\/\/quitgamble.com\/br\/por-que-o-jogo-e-viciante\/\" class=\"rank-math-html-sitemap__link\">Por que o Jogo \u00e9 Viciante? | Explica\u00e7\u00e3o<\/a> <span class=\"rank-math-html-sitemap__date\">(Junho 30, 2023)<\/span><\/li><li class=\"rank-math-html-sitemap__item\"><a href=\"https:\/\/quitgamble.com\/br\/21-maneiras-de-se-proteger-de-um-conjuge-apostador\/\" class=\"rank-math-html-sitemap__link\">21 maneiras de se proteger de um c\u00f4njuge apostador<\/a> <span class=\"rank-math-html-sitemap__date\">(Maio 8, 2024)<\/span><\/li><li class=\"rank-math-html-sitemap__item\"><a href=\"https:\/\/quitgamble.com\/br\/um-aplicativo-para-parar-de-jogar\/\" class=\"rank-math-html-sitemap__link\">Melhores Aplicativos para Parar o V\u00edcio em Jogos de Azar 2023<\/a> <span class=\"rank-math-html-sitemap__date\">(Julho 4, 2023)<\/span><\/li><li class=\"rank-math-html-sitemap__item\"><a href=\"https:\/\/quitgamble.com\/br\/por-que-as-pessoas-jogam\/\" class=\"rank-math-html-sitemap__link\">Por Que as pessoas jogam?<\/a> <span class=\"rank-math-html-sitemap__date\">(Abril 4, 2025)<\/span><\/li><li class=\"rank-math-html-sitemap__item\"><a href=\"https:\/\/quitgamble.com\/br\/alternativa-ao-jogadores-anonimos\/\" class=\"rank-math-html-sitemap__link\">Alternativa ao Jogadores An\u00f4nimos |  Como parar de jogar<\/a> <span class=\"rank-math-html-sitemap__date\">(Maio 15, 2024)<\/span><\/li><li class=\"rank-math-html-sitemap__item\"><a href=\"https:\/\/quitgamble.com\/br\/guia-de-apoio-sobre-jogos-de-azar-on-line\/\" class=\"rank-math-html-sitemap__link\">Guia de Apoio Sobre Jogos de Azar On-line<\/a> <span class=\"rank-math-html-sitemap__date\">(Mar\u00e7o 14, 2023)<\/span><\/li><li class=\"rank-math-html-sitemap__item\"><a href=\"https:\/\/quitgamble.com\/br\/happiness-test-2\/\" class=\"rank-math-html-sitemap__link\">Teste de Felicidade | QuitGamble.com 2026<\/a> <span class=\"rank-math-html-sitemap__date\">(Janeiro 29, 2023)<\/span><\/li><\/ul><\/div><div class=\"rank-math-html-sitemap__section rank-math-html-sitemap__section--post-type rank-math-html-sitemap__section--page\"><h2 class=\"rank-math-html-sitemap__title\">P\u00e1ginas<\/h2><ul class=\"rank-math-html-sitemap__list\"><li class=\"rank-math-html-sitemap__item\"><a href=\"https:\/\/quitgamble.com\/br\/bloquear-sites-de-apostas\/\" class=\"rank-math-html-sitemap__link\">Bloqueie Sites de Apostas Guia de Ajuda para Parar de Jogar<\/a> <span class=\"rank-math-html-sitemap__date\">(Maio 19, 2023)<\/span><\/li><li class=\"rank-math-html-sitemap__item\"><a href=\"https:\/\/quitgamble.com\/br\/guia-para-dividas-de-jogo\/\" class=\"rank-math-html-sitemap__link\">Guia para D\u00edvidas de Jogo | Torne-se Livre de D\u00edvidas Hoje<\/a> <span class=\"rank-math-html-sitemap__date\">(Julho 24, 2023)<\/span><\/li><li class=\"rank-math-html-sitemap__item\"><a href=\"https:\/\/quitgamble.com\/br\/estatisticas-sobre-o-vicio-em-jogos-de-azar\/\" class=\"rank-math-html-sitemap__link\">Estat\u00edsticas sobre o V\u00edcio em Jogos de Azar 2025<\/a> <span class=\"rank-math-html-sitemap__date\">(Agosto 27, 2025)<\/span><\/li><li class=\"rank-math-html-sitemap__item\"><a href=\"https:\/\/quitgamble.com\/br\/recursos-de-ajuda-para-jogadores\/\" class=\"rank-math-html-sitemap__link\">Recursos de Ajuda para Jogadores | Lista Completa 2023<\/a> <span class=\"rank-math-html-sitemap__date\">(Mar\u00e7o 9, 2023)<\/span><\/li><li class=\"rank-math-html-sitemap__item\"><a href=\"https:\/\/quitgamble.com\/br\/voce-pode-vencer\/\" class=\"rank-math-html-sitemap__link\">A Chance Matem\u00e1tica de Ganhar nos Ca\u00e7a-n\u00edqueis<\/a> <span class=\"rank-math-html-sitemap__date\">(Fevereiro 28, 2023)<\/span><\/li><li class=\"rank-math-html-sitemap__item\"><a href=\"https:\/\/quitgamble.com\/br\/sobre-nos\/\" class=\"rank-math-html-sitemap__link\">Sobre N\u00f3s - As Pessoas por Tr\u00e1s do QuitGamble.com<\/a> <span class=\"rank-math-html-sitemap__date\">(Mar\u00e7o 24, 2022)<\/span><\/li><li class=\"rank-math-html-sitemap__item\"><a href=\"https:\/\/quitgamble.com\/br\/desafie-o-status-quo-do-vicio-em-jogos-de-azar\/\" class=\"rank-math-html-sitemap__link\">Desafie o Status Quo do V\u00edcio em Jogos de Azar<\/a> <span class=\"rank-math-html-sitemap__date\">(Novembro 24, 2022)<\/span><\/li><li class=\"rank-math-html-sitemap__item\"><a href=\"https:\/\/quitgamble.com\/br\/autoexclusao-de-jogos-de-azar\/\" class=\"rank-math-html-sitemap__link\">Autoexclus\u00e3o de Jogos de Azar em 2023 - Alternativas<\/a> <span class=\"rank-math-html-sitemap__date\">(Abril 19, 2023)<\/span><\/li><li class=\"rank-math-html-sitemap__item\"><a href=\"https:\/\/quitgamble.com\/br\/membro\/\" class=\"rank-math-html-sitemap__link\">Como Se Tornar um Membro em QuitGamble.com<\/a> <span class=\"rank-math-html-sitemap__date\">(Fevereiro 28, 2022)<\/span><\/li><li class=\"rank-math-html-sitemap__item\"><a href=\"https:\/\/quitgamble.com\/br\/poder-da-recaida\/\" class=\"rank-math-html-sitemap__link\">Reca\u00edda em Jogos de Azar? | V\u00eddeos | Por Favor, Confira este Guia!<\/a> <span class=\"rank-math-html-sitemap__date\">(Novembro 25, 2022)<\/span><\/li><li class=\"rank-math-html-sitemap__item\"><a href=\"https:\/\/quitgamble.com\/br\/como-ajudar-um-viciado-em-jogos-de-azar\/\" class=\"rank-math-html-sitemap__link\">Como Ajudar Um Viciado em Jogos de Azar<\/a> <span class=\"rank-math-html-sitemap__date\">(Setembro 8, 2023)<\/span><\/li><li class=\"rank-math-html-sitemap__item\"><a href=\"https:\/\/quitgamble.com\/br\/blog\/\" class=\"rank-math-html-sitemap__link\">Blog | QuitGamble.com 2026<\/a> <span class=\"rank-math-html-sitemap__date\">(Fevereiro 22, 2022)<\/span><\/li><li class=\"rank-math-html-sitemap__item\"><a href=\"https:\/\/quitgamble.com\/br\/\" class=\"rank-math-html-sitemap__link\">Ajuda para V\u00edcio em Jogos de Azar | QuitGamble.com<\/a> <span class=\"rank-math-html-sitemap__date\">(Abril 3, 2025)<\/span><\/li><li class=\"rank-math-html-sitemap__item\"><a href=\"https:\/\/quitgamble.com\/br\/como-parar-o-vicio-em-jogos-de-azar\/\" class=\"rank-math-html-sitemap__link\">Como Parar o V\u00edcio em Jogos de Azar<\/a> <span class=\"rank-math-html-sitemap__date\">(Julho 23, 2025)<\/span><\/li><li class=\"rank-math-html-sitemap__item\"><a href=\"https:\/\/quitgamble.com\/br\/sitemap\/\" class=\"rank-math-html-sitemap__link\">Sitemap | QuitGamble.com 2026<\/a> <span class=\"rank-math-html-sitemap__date\">(Janeiro 23, 2023)<\/span><\/li><li class=\"rank-math-html-sitemap__item\"><a href=\"https:\/\/quitgamble.com\/br\/privacy-policy\/\" class=\"rank-math-html-sitemap__link\">Privacy Policy | Quit Gamble 2023<\/a> <span class=\"rank-math-html-sitemap__date\">(Fevereiro 2, 2022)<\/span><\/li><li class=\"rank-math-html-sitemap__item\"><a href=\"https:\/\/quitgamble.com\/br\/curva-do-vicio-em-jogos-de-azar\/\" class=\"rank-math-html-sitemap__link\">Curva do V\u00edcio em Jogos de Azar<\/a> <span class=\"rank-math-html-sitemap__date\">(Novembro 24, 2023)<\/span><\/li><li class=\"rank-math-html-sitemap__item\"><a href=\"https:\/\/quitgamble.com\/br\/o-teste-da-felicidade\/\" class=\"rank-math-html-sitemap__link\">O Teste da Felicidade - Por Que Voc\u00ea Joga?<\/a> <span class=\"rank-math-html-sitemap__date\">(Novembro 24, 2023)<\/span><\/li><li class=\"rank-math-html-sitemap__item\"><a href=\"https:\/\/quitgamble.com\/br\/estatisticas-sobre-o-vicio-em-jogos-de-azar-2023\/\" class=\"rank-math-html-sitemap__link\">Estat\u00edsticas sobre o V\u00edcio em Jogos de Azar 2023 | QuitGamble.com 2026<\/a> <span class=\"rank-math-html-sitemap__date\">(Novembro 24, 2023)<\/span><\/li><\/ul><\/div><\/div>\n<\/section>\n","protected":false},"excerpt":{"rendered":"","protected":false},"author":2,"featured_media":0,"parent":0,"menu_order":0,"comment_status":"closed","ping_status":"closed","template":"","meta":{"_acf_changed":false,"_crdt_document":"","inline_featured_image":false,"_themeisle_gutenberg_block_has_review":false,"footnotes":""},"coauthors":[100],"class_list":["post-72791","page","type-page","status-publish","hentry"],"acf":[],"_links":{"self":[{"href":"https:\/\/quitgamble.com\/br\/wp-json\/wp\/v2\/pages\/72791","targetHints":{"allow":["GET"]}}],"collection":[{"href":"https:\/\/quitgamble.com\/br\/wp-json\/wp\/v2\/pages"}],"about":[{"href":"https:\/\/quitgamble.com\/br\/wp-json\/wp\/v2\/types\/page"}],"author":[{"embeddable":true,"href":"https:\/\/quitgamble.com\/br\/wp-json\/wp\/v2\/users\/2"}],"replies":[{"embeddable":true,"href":"https:\/\/quitgamble.com\/br\/wp-json\/wp\/v2\/comments?post=72791"}],"version-history":[{"count":1,"href":"https:\/\/quitgamble.com\/br\/wp-json\/wp\/v2\/pages\/72791\/revisions"}],"predecessor-version":[{"id":76823,"href":"https:\/\/quitgamble.com\/br\/wp-json\/wp\/v2\/pages\/72791\/revisions\/76823"}],"wp:attachment":[{"href":"https:\/\/quitgamble.com\/br\/wp-json\/wp\/v2\/media?parent=72791"}],"wp:term":[{"taxonomy":"author","embeddable":true,"href":"https:\/\/quitgamble.com\/br\/wp-json\/wp\/v2\/coauthors?post=72791"}],"curies":[{"name":"wp","href":"https:\/\/api.w.org\/{rel}","templated":true}]}}