{"id":69113,"date":"2022-03-24T17:02:15","date_gmt":"2022-03-24T17:02:15","guid":{"rendered":"https:\/\/quitgamble.com\/pt\/?page_id=69113"},"modified":"2026-04-01T14:50:15","modified_gmt":"2026-04-01T12:50:15","slug":"sobre-nos","status":"publish","type":"page","link":"https:\/\/quitgamble.com\/br\/sobre-nos\/","title":{"rendered":"Sobre N\u00f3s"},"content":{"rendered":"\n<section class=\"wp-block-group guide__hero is-layout-flow wp-block-group-is-layout-flow\">\n<div class=\"wp-block-columns is-layout-flex wp-block-columns-is-layout-flex\">\n<div class=\"wp-block-column is-layout-flow wp-block-column-is-layout-flow\" style=\"flex-basis:50%\">\n<div class=\"wp-block-group is-layout-flow wp-block-group-is-layout-flow\"><h1 class=\"wp-block-post-title\">Sobre N\u00f3s<\/h1>\n\n\n<p class=\"wp-block-paragraph\">Quem est\u00e1 por tr\u00e1s do QG? O que motiva o desenvolvimento do QG? Como ser\u00e1 o futuro? Quer colaborar? Nesta p\u00e1gina, voc\u00ea encontrar\u00e1 tudo o que precisa saber sobre n\u00f3s. Aqui est\u00e3o nossos principais desafios:<\/p>\n\n\n\n<div class=\"wp-block-group is-layout-flow wp-block-group-is-layout-flow\">\n<ul class=\"wp-block-list\">\n<li>criar uma ferramenta eficaz para ajudar as pessoas a se libertarem;<\/li>\n\n\n\n<li>tornar o processo divertido e envolvente;<\/li>\n\n\n\n<li>mais de 80% dos jogadores problem\u00e1ticos n\u00e3o procuram ajuda. Como alcan\u00e7\u00e1-los?<\/li>\n<\/ul>\n<\/div>\n<\/div>\n<\/div>\n\n\n\n<div class=\"wp-block-column is-layout-flow wp-block-column-is-layout-flow\" style=\"flex-basis:50%\">\n<figure class=\"wp-block-image size-full\"><img loading=\"lazy\" decoding=\"async\" width=\"933\" height=\"654\" src=\"https:\/\/quitgamble.com\/br\/wp-content\/uploads\/sites\/13\/2022\/03\/about-us-main.png\" alt=\"\" class=\"wp-image-69199\" srcset=\"https:\/\/quitgamble.com\/br\/wp-content\/uploads\/sites\/13\/2022\/03\/about-us-main.png 933w, https:\/\/quitgamble.com\/br\/wp-content\/uploads\/sites\/13\/2022\/03\/about-us-main-300x210.png 300w, https:\/\/quitgamble.com\/br\/wp-content\/uploads\/sites\/13\/2022\/03\/about-us-main-768x538.png 768w\" sizes=\"auto, (max-width: 933px) 100vw, 933px\" \/><\/figure>\n<\/div>\n<\/div>\n\n\n\n<div class=\"wp-block-columns is-layout-flex wp-block-columns-is-layout-flex\">\n<div class=\"wp-block-column is-layout-flow wp-block-column-is-layout-flow\">\n<figure class=\"wp-block-image size-full\"><img loading=\"lazy\" decoding=\"async\" width=\"770\" height=\"346\" src=\"https:\/\/quitgamble.com\/br\/wp-content\/uploads\/sites\/13\/2022\/04\/Quitgamble-MISSION.png\" alt=\"QuitGamble Mission:  We\u2019re challenging the status quo of addiction through an open mind and by embracing technology to make the process of stop gambling fun, engaging and about something more than just quitting. \" class=\"wp-image-70971\" srcset=\"https:\/\/quitgamble.com\/br\/wp-content\/uploads\/sites\/13\/2022\/04\/Quitgamble-MISSION.png 770w, https:\/\/quitgamble.com\/br\/wp-content\/uploads\/sites\/13\/2022\/04\/Quitgamble-MISSION-300x135.png 300w, https:\/\/quitgamble.com\/br\/wp-content\/uploads\/sites\/13\/2022\/04\/Quitgamble-MISSION-768x345.png 768w\" sizes=\"auto, (max-width: 770px) 100vw, 770px\" \/><\/figure>\n<\/div>\n\n\n\n<div class=\"wp-block-column is-layout-flow wp-block-column-is-layout-flow\">\n<figure class=\"wp-block-image size-full\"><img loading=\"lazy\" decoding=\"async\" width=\"770\" height=\"346\" src=\"https:\/\/quitgamble.com\/br\/wp-content\/uploads\/sites\/13\/2022\/04\/Quitgamble-VISION.png\" alt=\"QuitGamble Vision:  Through QG, we want to help people break free from gambling addiction by helping them reduce pain, and become happier. We aim to be the go-to platform people choose if they want to stop gambling. \" class=\"wp-image-70972\" srcset=\"https:\/\/quitgamble.com\/br\/wp-content\/uploads\/sites\/13\/2022\/04\/Quitgamble-VISION.png 770w, https:\/\/quitgamble.com\/br\/wp-content\/uploads\/sites\/13\/2022\/04\/Quitgamble-VISION-300x135.png 300w, https:\/\/quitgamble.com\/br\/wp-content\/uploads\/sites\/13\/2022\/04\/Quitgamble-VISION-768x345.png 768w\" sizes=\"auto, (max-width: 770px) 100vw, 770px\" \/><\/figure>\n<\/div>\n<\/div>\n\n\n\n<div class=\"wp-block-group funnel-entry__container more-space is-layout-constrained wp-block-group-is-layout-constrained\">\n<h2 class=\"wp-block-heading has-text-align-center has-foreground-color has-text-color has-link-color wp-elements-96af597039729fe02db9f9ef6674fb7f\">Como podemos te ajudar?<\/h2>\n\n\n\n<div class=\"wp-block-columns svg-buttons is-style-no-gap ticss-04e276f6 funnel-entry is-layout-flex wp-block-columns-is-layout-flex\">\n<div class=\"wp-block-column is-layout-flow wp-block-column-is-layout-flow\" style=\"flex-basis:33.33%\"><a href=\"https:\/\/br.quitgamble.com\/video\"  aria-label=\"Stop Gambling\" title=\"Stop Gambling\" class=\"wp-block-tiptip-hyperlink-group-block\" >\n<p class=\"wp-block-paragraph\">\ud83d\udd25<\/p>\n\n<div class=\"wp-block-group is-layout-constrained wp-block-group-is-layout-constrained\">\n<h3 class=\"wp-block-heading\">Quero parar de jogar<\/h3>\n\n\n\n<h4 class=\"wp-block-heading\">Estou cansado de reca\u00eddas \u2013 preciso de ajuda!<\/h4>\n<\/div>\n<\/a><\/div>\n\n\n\n<div class=\"wp-block-column is-layout-flow wp-block-column-is-layout-flow\" style=\"flex-basis:33.33%\"><a href=\"https:\/\/br.quitgamble.com\/coaching\"  aria-label=\"Talk to someone\" title=\"Talk to someone\" class=\"wp-block-tiptip-hyperlink-group-block\" >\n<p class=\"wp-block-paragraph\">\ud83d\udc4b<\/p>\n\n<div class=\"wp-block-group is-layout-constrained wp-block-group-is-layout-constrained\">\n<h3 class=\"wp-block-heading\">Preciso conversar com algu\u00e9m<\/h3>\n\n\n\n<h4 class=\"wp-block-heading\">N\u00e3o quero passar por isso sozinho.<\/h4>\n<\/div>\n<\/a><\/div>\n\n\n\n<div class=\"wp-block-column is-layout-flow wp-block-column-is-layout-flow\" style=\"flex-basis:33.33%\"><a href=\"https:\/\/br.quitgamble.com\/control\"  aria-label=\"Responsible gambling\" title=\"Responsible gambling\" class=\"wp-block-tiptip-hyperlink-group-block\" >\n<p class=\"wp-block-paragraph\">\ud83d\udca1<\/p>\n\n<div class=\"wp-block-group is-layout-grid wp-block-group-is-layout-grid\">\n<h3 class=\"wp-block-heading wp-container-content-69bc4bdf\">Quero ter mais controle<\/h3>\n\n\n\n<h4 class=\"wp-block-heading\">Quero jogar, mas preciso me controlar.<\/h4>\n<\/div>\n<\/a><\/div>\n<\/div>\n<\/div>\n\n\n\n<div class=\"wp-block-columns is-layout-flex wp-block-columns-is-layout-flex\">\n<div class=\"wp-block-column is-layout-flow wp-block-column-is-layout-flow\">\n<h2 class=\"wp-block-heading\">Eu N\u00e3o Sou&#8230;<\/h2>\n\n\n\n<ul class=\"wp-block-list\">\n<li>Eu n\u00e3o sou m\u00e9dico, nem tenho doutorado em psicologia. Tenho diplomas em engenharia e economia.<\/li>\n\n\n\n<li>Eu n\u00e3o venho de um lar desfeito. Tive uma inf\u00e2ncia fant\u00e1stica, com pais incr\u00edveis.<\/li>\n\n\n\n<li>Eu n\u00e3o sou um ex-viciado em jogos de azar e n\u00e3o trabalhei com viciados nos \u00faltimos vinte anos. Ok, meu pai me apresentou a jogos de cartas e roleta aos cinco anos, e eu provavelmente joguei p\u00f4quer on-line demais nos meus vinte anos. Mas nunca vi isso como um problema.<\/li>\n\n\n\n<li>Eu n\u00e3o sou financiado por doa\u00e7\u00f5es de uma institui\u00e7\u00e3o de caridade renomada, como a Gamble Aware. O QG \u00e9 financiado por dinheiro de jogos de azar. Trabalhei na ind\u00fastria de jogos de azar por sete anos. Minha empresa comparava cassinos on-line. Ainda temos alguns sites, mesmo que n\u00e3o trabalhemos mais com eles. A principal raz\u00e3o para manter os sites \u00e9 vender <em>backlinks<\/em> neles. \u00c9 assim que financiamos o desenvolvimento do QuitGamble.<\/li>\n\n\n\n<li>Eu n\u00e3o sou religioso. Acredito que &#8220;o poder superior&#8221; vem de dentro de n\u00f3s mesmos.<\/li>\n\n\n\n<li>Eu n\u00e3o sou a melhor pessoa do mundo. Eu fico com raiva, grito e uso palavras espec\u00edficas com muita frequ\u00eancia.<\/li>\n\n\n\n<li>Eu n\u00e3o tenho afilia\u00e7\u00e3o com o Jogadores An\u00f4nimos, nem com os 12 Passos.<\/li>\n\n\n\n<li>ChatGPT<\/li>\n\n\n\n<li>N\u00e3o sou portugu\u00eas nem brasileiro, ent\u00e3o sinta-se \u00e0 vontade para criticar o meu portugu\u00eas.<\/li>\n<\/ul>\n<\/div>\n\n\n\n<div class=\"wp-block-column is-layout-flow wp-block-column-is-layout-flow\">\n<h2 class=\"wp-block-heading\">Mas eu Acredito&#8230;<\/h2>\n\n\n\n<ul class=\"wp-block-list\">\n<li>Acredito que os jogos de azar est\u00e3o fazendo algo em n\u00f3s. A chave para uma recupera\u00e7\u00e3o bem-sucedida \u00e9 entender o que \u00e9 isso.<\/li>\n\n\n\n<li>Acredito que a dor \u00e9 a causa do v\u00edcio. \u00c9 a fuga da dor \u00e0 qual nos viciamos, n\u00e3o os meios que usamos como escape. Voc\u00ea consegue se identificar com isso?<\/li>\n\n\n\n<li>Acredito que uma pessoa feliz sente menos dor; logo, ela tem menos necessidade de achar um escape atrav\u00e9s de jogos de azar, bebida ou drogas.<\/li>\n\n\n\n<li>Acredito que h\u00e1 espa\u00e7o para uma alternativa \u00e0s reuni\u00f5es de apoio e sess\u00f5es caras com um psic\u00f3logo.<\/li>\n\n\n\n<li>Acredito que precisamos fazer do processo de parar de jogar algo mais do que \u201capenas parar\u201d.<\/li>\n\n\n\n<li>Acredito que temos algo \u00fanico a oferecer.<\/li>\n<\/ul>\n\n\n\n<div class=\"wp-block-columns is-layout-flex wp-block-columns-is-layout-flex\">\n<div class=\"wp-block-column is-layout-flow wp-block-column-is-layout-flow\">\n<p class=\"is-style-swoosh wp-block-paragraph\">Anders Bergman<br>Fundador do <strong>QuitGamble.com<\/strong><\/p>\n\n\n\n<figure class=\"wp-block-image alignright size-full hide-mobile\"><img loading=\"lazy\" decoding=\"async\" width=\"263\" height=\"118\" src=\"https:\/\/quitgamble.com\/br\/wp-content\/uploads\/sites\/13\/2022\/03\/arrow-right-top.png\" alt=\"\" class=\"wp-image-69114\"\/><\/figure>\n<\/div>\n\n\n\n<div class=\"wp-block-column is-layout-flow wp-block-column-is-layout-flow\">\n<figure class=\"wp-block-image size-full\"><img loading=\"lazy\" decoding=\"async\" width=\"300\" height=\"376\" src=\"https:\/\/quitgamble.com\/br\/wp-content\/uploads\/sites\/13\/2022\/04\/Anders-for-about-us.png\" alt=\"\" class=\"wp-image-70663\" srcset=\"https:\/\/quitgamble.com\/br\/wp-content\/uploads\/sites\/13\/2022\/04\/Anders-for-about-us.png 300w, https:\/\/quitgamble.com\/br\/wp-content\/uploads\/sites\/13\/2022\/04\/Anders-for-about-us-239x300.png 239w\" sizes=\"auto, (max-width: 300px) 100vw, 300px\" \/><\/figure>\n<\/div>\n<\/div>\n<\/div>\n<\/div>\n<\/section>\n\n\n\n<section class=\"wp-block-group gallery__horizonal is-style-wide-section is-layout-flow wp-block-group-is-layout-flow\">\n<h2 class=\"wp-block-heading\">Na M\u00eddia<\/h2>\n\n\n\n<div class=\"wp-block-group gallery__horizontal is-layout-flow wp-block-group-is-layout-flow\">\n<figure class=\"wp-block-gallery has-nested-images columns-3 wp-block-gallery-1 is-layout-flex wp-block-gallery-is-layout-flex\">\n<figure class=\"wp-block-image size-full\"><img loading=\"lazy\" decoding=\"async\" width=\"221\" height=\"45\" data-id=\"69238\" src=\"https:\/\/quitgamble.com\/br\/wp-content\/uploads\/sites\/13\/2022\/03\/sigma-logo.png\" alt=\"\" class=\"wp-image-69238\"\/><\/figure>\n\n\n\n<figure class=\"wp-block-image size-full\"><img loading=\"lazy\" decoding=\"async\" width=\"190\" height=\"30\" data-id=\"70584\" src=\"https:\/\/quitgamble.com\/br\/wp-content\/uploads\/sites\/13\/2022\/04\/sbc_logo.png\" alt=\"\" class=\"wp-image-70584\"\/><\/figure>\n<\/figure>\n\n\n\n<div class=\"wp-block-group gallery__horizontal__control is-layout-flow wp-block-group-is-layout-flow\">\n<div class=\"wp-block-buttons is-layout-flex wp-block-buttons-is-layout-flex\">\n<div class=\"wp-block-button is-style-outline gallery__horizontal__prev is-style-outline--2\"><a class=\"wp-block-button__link wp-element-button\">&lt;<\/a><\/div>\n\n\n\n<div class=\"wp-block-button is-style-outline gallery__horizontal__next is-style-outline--3\"><a class=\"wp-block-button__link wp-element-button\">&gt;<\/a><\/div>\n<\/div>\n\n\n\n<p class=\"is-style-default gallery__slider__show-all wp-block-paragraph\">See all<\/p>\n<\/div>\n<\/div>\n\n\n\n<div class=\"wp-block-columns is-style-narrow-columns is-layout-flex wp-block-columns-is-layout-flex\" style=\"padding-top:0px;padding-right:0px;padding-bottom:0px;padding-left:0px\">\n<div class=\"wp-block-column is-layout-flow wp-block-column-is-layout-flow\">\n<h3 class=\"wp-block-heading\">Quer escrever sobre n\u00f3s?<\/h3>\n\n\n\n<ul class=\"wp-block-list\">\n<li>Uma abordagem diferente para ajudar jogadores problem\u00e1ticos.<\/li>\n\n\n\n<li>O Teste da Felicidade.<\/li>\n\n\n\n<li>O que estamos tentando fazer?<\/li>\n\n\n\n<li>Como vemos o jogo respons\u00e1vel.<\/li>\n\n\n\n<li>O que \u00e9 o QuitGamble.com?<\/li>\n<\/ul>\n<\/div>\n\n\n\n<div class=\"wp-block-column is-layout-flow wp-block-column-is-layout-flow\">\n<h3 class=\"wp-block-heading\">Quer criticar?<\/h3>\n\n\n\n<ul class=\"wp-block-list\">\n<li>Leia novamente \u201cEu N\u00e3o Sou\u201d.<\/li>\n\n\n\n<li>Voc\u00ea ainda tem sites de compara\u00e7\u00e3o de cassinos.<\/li>\n\n\n\n<li>Voc\u00ea n\u00e3o tem provas cient\u00edficas para o seu m\u00e9todo.<\/li>\n\n\n\n<li>N\u00f3s n\u00e3o chamamos o v\u00edcio de doen\u00e7a.<\/li>\n<\/ul>\n<\/div>\n<\/div>\n<\/section>\n\n\n\n<section class=\"wp-block-group is-style-wide-section is-layout-flow wp-block-group-is-layout-flow\">\n<div class=\"wp-block-columns no-gap is-style-stack-medium is-layout-flex wp-block-columns-is-layout-flex\">\n<div class=\"wp-block-column is-layout-flow wp-block-column-is-layout-flow\" style=\"flex-basis:32%\">\n<h2 class=\"wp-block-heading has-text-align-center\">Colabora\u00e7\u00f5es<\/h2>\n\n\n\n<figure class=\"wp-block-image size-full hide-mobile\"><img loading=\"lazy\" decoding=\"async\" width=\"188\" height=\"208\" src=\"https:\/\/quitgamble.com\/br\/wp-content\/uploads\/sites\/13\/2022\/03\/arrow-right-down.png\" alt=\"\" class=\"wp-image-69119\"\/><\/figure>\n<\/div>\n\n\n\n<div class=\"wp-block-column is-layout-flow wp-block-column-is-layout-flow\" style=\"flex-basis:66.66%\">\n<div class=\"wp-block-group gallery__slider is-layout-flow wp-block-group-is-layout-flow\">\n<figure class=\"wp-block-gallery has-nested-images columns-3 wp-block-gallery-4 is-layout-flex wp-block-gallery-is-layout-flex\">\n<figure class=\"wp-block-image size-large\"><img decoding=\"async\" data-id=\"72300\" src=\"https:\/\/quitgamble.com\/br\/wp-content\/uploads\/sites\/13\/2022\/10\/gamcare-logo.svg\" alt=\"\" class=\"wp-image-72300\"\/><\/figure>\n\n\n\n<figure class=\"wp-block-image size-large\"><img loading=\"lazy\" decoding=\"async\" width=\"156\" height=\"16\" data-id=\"72298\" src=\"https:\/\/quitgamble.com\/br\/wp-content\/uploads\/sites\/13\/2022\/10\/begambleaware-logo.svg\" alt=\"\" class=\"wp-image-72298\"\/><\/figure>\n\n\n\n<figure class=\"wp-block-image size-full\"><img loading=\"lazy\" decoding=\"async\" width=\"214\" height=\"56\" data-id=\"69216\" src=\"https:\/\/quitgamble.com\/br\/wp-content\/uploads\/sites\/13\/2022\/03\/revansh-logo.png\" alt=\"\" class=\"wp-image-69216\"\/><\/figure>\n\n\n\n<figure class=\"wp-block-image size-full\"><img loading=\"lazy\" decoding=\"async\" width=\"113\" height=\"94\" data-id=\"69217\" src=\"https:\/\/quitgamble.com\/br\/wp-content\/uploads\/sites\/13\/2022\/03\/gamban-logo.png\" alt=\"\" class=\"wp-image-69217\"\/><\/figure>\n\n\n\n<figure class=\"wp-block-image size-full\"><img loading=\"lazy\" decoding=\"async\" width=\"221\" height=\"45\" data-id=\"69238\" src=\"https:\/\/quitgamble.com\/br\/wp-content\/uploads\/sites\/13\/2022\/03\/sigma-logo.png\" alt=\"\" class=\"wp-image-69238\"\/><\/figure>\n<\/figure>\n\n\n\n<div class=\"wp-block-group gallery__slider__control is-layout-flow wp-block-group-is-layout-flow\">\n<div class=\"wp-block-buttons is-layout-flex wp-block-buttons-is-layout-flex\">\n<div class=\"wp-block-button is-style-outline gallery__slider__prev is-style-outline--5\"><a class=\"wp-block-button__link wp-element-button\">&lt;<\/a><\/div>\n\n\n\n<div class=\"wp-block-button is-style-outline gallery__slider__next is-style-outline--6\"><a class=\"wp-block-button__link wp-element-button\">&gt;<\/a><\/div>\n<\/div>\n\n\n\n<p class=\"is-style-default gallery__slider__show-all wp-block-paragraph\">See all<\/p>\n<\/div>\n<\/div>\n\n\n\n<h3 class=\"wp-block-heading\">T\u00f3picos para discuss\u00e3o:<\/h3>\n\n\n\n<div class=\"wp-block-columns is-layout-flex wp-block-columns-is-layout-flex\">\n<div class=\"wp-block-column is-layout-flow wp-block-column-is-layout-flow\">\n<ul class=\"wp-block-list\">\n<li>Jogo respons\u00e1vel n\u00e3o \u00e9 apenas sobre dinheiro.<\/li>\n\n\n\n<li>20-30% dos jogadores de cassino t\u00eam problemas com jogos de azar.<\/li>\n\n\n\n<li>Como transformar uma reca\u00edda em jogos de azar em algo positivo?<\/li>\n\n\n\n<li>Como alcan\u00e7ar os 80% que n\u00e3o procuram ajuda?<\/li>\n<\/ul>\n<\/div>\n\n\n\n<div class=\"wp-block-column is-layout-flow wp-block-column-is-layout-flow\">\n<ul class=\"wp-block-list\">\n<li>O v\u00edcio \u00e9 uma doen\u00e7a?<\/li>\n\n\n\n<li>Pr\u00f3s e contras das regulamenta\u00e7\u00f5es.<\/li>\n\n\n\n<li>Por que dever\u00edamos proteger os cassinos?<\/li>\n\n\n\n<li>Quais qualidades um(a) viciado(a) em jogos possui e como elas podem ser usadas para algo positivo, em vez de ser prejudicial?<\/li>\n<\/ul>\n<\/div>\n<\/div>\n<\/div>\n<\/div>\n\n\n\n<p class=\"is-style-swoosh wp-block-paragraph\"><strong>Vamos Fazer do Mundo um Lugar Melhor Juntos<\/strong><\/p>\n<\/section>\n\n\n\n<section class=\"wp-block-group is-layout-flow wp-block-group-is-layout-flow\">\n<h2 class=\"wp-block-heading\">Minha Forma\u00e7\u00e3o<\/h2>\n\n\n\n<div class=\"wp-block-columns is-style-reverse-mobile-order is-layout-flex wp-block-columns-is-layout-flex\">\n<div class=\"wp-block-column is-layout-flow wp-block-column-is-layout-flow\">\n<figure class=\"wp-block-image size-full\"><img loading=\"lazy\" decoding=\"async\" width=\"736\" height=\"562\" src=\"https:\/\/quitgamble.com\/br\/wp-content\/uploads\/sites\/13\/2022\/03\/what-is-your-background.png\" alt=\"\" class=\"wp-image-69120\" srcset=\"https:\/\/quitgamble.com\/br\/wp-content\/uploads\/sites\/13\/2022\/03\/what-is-your-background.png 736w, https:\/\/quitgamble.com\/br\/wp-content\/uploads\/sites\/13\/2022\/03\/what-is-your-background-300x229.png 300w\" sizes=\"auto, (max-width: 736px) 100vw, 736px\" \/><\/figure>\n<\/div>\n\n\n\n<div class=\"wp-block-column is-layout-flow wp-block-column-is-layout-flow\">\n<p class=\"wp-block-paragraph\">Na universidade, estudei engenharia civil e economia. Paralelamente, me aprofundei em psicologia e desenvolvimento pessoal. Quando eu tinha entre quatro e cinco anos, comecei a jogar cartas e roleta em casa. N\u00e3o jog\u00e1vamos por dinheiro \u2014 era mais uma forma de aprender matem\u00e1tica de maneira divertida.<\/p>\n\n\n\n<p class=\"wp-block-paragraph\">Na casa dos vinte anos, me dediquei bastante ao p\u00f4quer on-line. Cheguei a tentar me profissionalizar, mas percebi que me faltavam habilidades e o temperamento necess\u00e1rio. Talvez eu tenha jogado demais, mas nunca vi meu h\u00e1bito de jogar como um problema, j\u00e1 que n\u00e3o estava perdendo dinheiro.<\/p>\n\n\n\n<p class=\"wp-block-paragraph\">Em 2013, ingressei no setor de jogos de azar, criando uma empresa especializada em comparar cassinos on-line. Com o tempo, acumulamos um vasto conhecimento em diversas \u00e1reas, como jogos de azar on-line, desenvolvimento web, programa\u00e7\u00e3o, marketing, SEO e trabalho remoto.<\/p>\n<\/div>\n<\/div>\n\n\n\n<p class=\"wp-block-paragraph\">Meu interesse por desenvolvimento pessoal e psicologia s\u00f3 fez crescer, e, quando enfrentei uma depress\u00e3o em 2018, decidimos mudar o foco da empresa. Desde ent\u00e3o, estamos dedicados a desenvolver uma plataforma para ajudar as pessoas a se libertarem do v\u00edcio.<\/p>\n\n\n\n<p class=\"wp-block-paragraph\">Para ser sincero, desafiar o <em>status quo<\/em> do v\u00edcio e encontrar maneiras de ajudar as pessoas a se libertarem combina muito mais com minha personalidade do que comparar cassinos.<\/p>\n<\/section>\n\n\n\n<section class=\"wp-block-group is-style-wide-section is-layout-flow wp-block-group-is-layout-flow\">\n<h2 class=\"wp-block-heading\">Como o QuitGamble.Com \u00e9 Financiado?<\/h2>\n\n\n\n<div class=\"wp-block-columns is-layout-flex wp-block-columns-is-layout-flex\">\n<div class=\"wp-block-column is-layout-flow wp-block-column-is-layout-flow\">\n<p class=\"wp-block-paragraph\">Nosso objetivo \u00e9 manter os custos o mais baixo poss\u00edvel. Atualmente, somos duas pessoas trabalhando em tempo integral na plataforma. O desenvolvimento do QG \u00e9 financiado pelas minhas economias e por alguma receita de nossos antigos sites afiliados.<\/p>\n\n\n\n<p class=\"wp-block-paragraph\">Nossa principal fonte de renda vem da venda de <em>backlinks<\/em>. Tamb\u00e9m temos alguma receita proveniente de usu\u00e1rios antigos. N\u00e3o trabalhamos mais ativamente com esses sites, mas eles nos ajudam a manter o projeto de p\u00e9.<\/p>\n\n\n\n<p class=\"wp-block-paragraph\">Algu\u00e9m pode pensar que somos hip\u00f3critas por tentar ajudar pessoas com problemas de jogo enquanto, ao mesmo tempo, geramos dinheiro da ind\u00fastria de jogos de azar. Eu entendo esta cr\u00edtica. Se eu tivesse um grande sal\u00e1rio, dirigisse um carro luxuoso e morasse em uma mans\u00e3o, provavelmente tamb\u00e9m me criticaria. Mas a verdade \u00e9 que investimos todo o dinheiro no QG, e se eu tivesse mais dinheiro, investiria ainda mais no desenvolvimento da plataforma. Vale ressaltar que quase todas as organiza\u00e7\u00f5es que trabalham com problemas de jogo s\u00e3o financiadas, direta ou indiretamente, por dinheiro proveniente do setor de jogos de azar.<\/p>\n<\/div>\n\n\n\n<div class=\"wp-block-column is-layout-flow wp-block-column-is-layout-flow\">\n<figure class=\"wp-block-image size-full\"><img loading=\"lazy\" decoding=\"async\" width=\"835\" height=\"648\" src=\"https:\/\/quitgamble.com\/br\/wp-content\/uploads\/sites\/13\/2022\/03\/how-is-qg-funded.png\" alt=\"\" class=\"wp-image-69121\" srcset=\"https:\/\/quitgamble.com\/br\/wp-content\/uploads\/sites\/13\/2022\/03\/how-is-qg-funded.png 835w, https:\/\/quitgamble.com\/br\/wp-content\/uploads\/sites\/13\/2022\/03\/how-is-qg-funded-300x233.png 300w, https:\/\/quitgamble.com\/br\/wp-content\/uploads\/sites\/13\/2022\/03\/how-is-qg-funded-768x596.png 768w\" sizes=\"auto, (max-width: 835px) 100vw, 835px\" \/><\/figure>\n<\/div>\n<\/div>\n\n\n\n<figure class=\"wp-block-image size-full is-resized is-style-full-width\"><img loading=\"lazy\" decoding=\"async\" width=\"1430\" height=\"364\" src=\"https:\/\/quitgamble.com\/br\/wp-content\/uploads\/sites\/13\/2022\/04\/be-gamble-aware-quote-1.png\" alt=\"\" class=\"wp-image-69903\" style=\"width:600px\" srcset=\"https:\/\/quitgamble.com\/br\/wp-content\/uploads\/sites\/13\/2022\/04\/be-gamble-aware-quote-1.png 1430w, https:\/\/quitgamble.com\/br\/wp-content\/uploads\/sites\/13\/2022\/04\/be-gamble-aware-quote-1-300x76.png 300w, https:\/\/quitgamble.com\/br\/wp-content\/uploads\/sites\/13\/2022\/04\/be-gamble-aware-quote-1-1024x261.png 1024w, https:\/\/quitgamble.com\/br\/wp-content\/uploads\/sites\/13\/2022\/04\/be-gamble-aware-quote-1-768x195.png 768w\" sizes=\"auto, (max-width: 1430px) 100vw, 1430px\" \/><\/figure>\n\n\n\n<p class=\"has-text-align-center wp-block-paragraph\">Toda organiza\u00e7\u00e3o depende de dinheiro de alguma forma; a \u00fanica diferen\u00e7a \u00e9 que n\u00f3s geramos parte da nossa receita diretamente.<\/p>\n<\/section>\n\n\n\n<section class=\"wp-block-group is-layout-flow wp-block-group-is-layout-flow\">\n<h2 class=\"wp-block-heading\">Entre em Contato<\/h2>\n\n\n<\/section>\n\n\n","protected":false},"excerpt":{"rendered":"<p>Quem est\u00e1 por tr\u00e1s do QG? O que motiva o desenvolvimento do QG? Como ser\u00e1 o futuro? Quer colaborar? Nesta p\u00e1gina, voc\u00ea encontrar\u00e1 tudo o que precisa saber sobre n\u00f3s. [&hellip;]<\/p>\n","protected":false},"author":2,"featured_media":0,"parent":0,"menu_order":0,"comment_status":"closed","ping_status":"closed","template":"","meta":{"_acf_changed":false,"_crdt_document":"","inline_featured_image":false,"_themeisle_gutenberg_block_has_review":false,"footnotes":""},"coauthors":[79],"class_list":["post-69113","page","type-page","status-publish","hentry"],"acf":[],"_links":{"self":[{"href":"https:\/\/quitgamble.com\/br\/wp-json\/wp\/v2\/pages\/69113","targetHints":{"allow":["GET"]}}],"collection":[{"href":"https:\/\/quitgamble.com\/br\/wp-json\/wp\/v2\/pages"}],"about":[{"href":"https:\/\/quitgamble.com\/br\/wp-json\/wp\/v2\/types\/page"}],"author":[{"embeddable":true,"href":"https:\/\/quitgamble.com\/br\/wp-json\/wp\/v2\/users\/2"}],"replies":[{"embeddable":true,"href":"https:\/\/quitgamble.com\/br\/wp-json\/wp\/v2\/comments?post=69113"}],"version-history":[{"count":1,"href":"https:\/\/quitgamble.com\/br\/wp-json\/wp\/v2\/pages\/69113\/revisions"}],"predecessor-version":[{"id":76731,"href":"https:\/\/quitgamble.com\/br\/wp-json\/wp\/v2\/pages\/69113\/revisions\/76731"}],"wp:attachment":[{"href":"https:\/\/quitgamble.com\/br\/wp-json\/wp\/v2\/media?parent=69113"}],"wp:term":[{"taxonomy":"author","embeddable":true,"href":"https:\/\/quitgamble.com\/br\/wp-json\/wp\/v2\/coauthors?post=69113"}],"curies":[{"name":"wp","href":"https:\/\/api.w.org\/{rel}","templated":true}]}}