{"id":68637,"date":"2022-11-24T15:15:19","date_gmt":"2022-11-24T14:15:19","guid":{"rendered":"https:\/\/quitgamble.com\/pt\/?page_id=68637"},"modified":"2026-04-01T14:49:46","modified_gmt":"2026-04-01T12:49:46","slug":"desafie-o-status-quo-do-vicio-em-jogos-de-azar","status":"publish","type":"page","link":"https:\/\/quitgamble.com\/br\/desafie-o-status-quo-do-vicio-em-jogos-de-azar\/","title":{"rendered":"Desafie o Status Quo do V\u00edcio em Jogos de Azar"},"content":{"rendered":"\n<section class=\"wp-block-group guide__hero is-layout-flow wp-block-group-is-layout-flow\">\n<div class=\"wp-block-columns is-layout-flex wp-block-columns-is-layout-flex\">\n<div class=\"wp-block-column is-layout-flow wp-block-column-is-layout-flow\" style=\"flex-basis:50%\">\n<div class=\"wp-block-group is-layout-flow wp-block-group-is-layout-flow\"><h1 class=\"wp-block-post-title\">Desafie o Status Quo do V\u00edcio em Jogos de Azar<\/h1>\n\n\n<p class=\"wp-block-paragraph\">O que \u00e9 depend\u00eancia? Por que nos tornamos dependentes? Ser\u00e1 que existe mais nessa quest\u00e3o do que voc\u00ea pensava anteriormente? J\u00e1 considerou a possibilidade de que parar de jogar \u00e9 dif\u00edcil porque o v\u00edcio est\u00e1 lhe proporcionando algo?<\/p>\n\n\n\n<div class=\"wp-block-group summary is-layout-flow wp-block-group-is-layout-flow\">\n<ul class=\"wp-block-list\">\n<li>E se os jogos de azar n\u00e3o forem viciantes?<\/li>\n\n\n\n<li>Qual \u00e9 o segredo da gaiola?<\/li>\n\n\n\n<li>O que \u00e9 o Teste da Felicidade?<\/li>\n<\/ul>\n<\/div>\n<\/div>\n<\/div>\n\n\n\n<div class=\"wp-block-column is-layout-flow wp-block-column-is-layout-flow\" style=\"flex-basis:50%\">\n<figure class=\"wp-block-image size-full\"><a href=\"https:\/\/vimeo.com\/1109321206\" target=\"_blank\" rel=\"noopener\"><img loading=\"lazy\" decoding=\"async\" width=\"925\" height=\"652\" src=\"https:\/\/quitgamble.com\/br\/wp-content\/uploads\/sites\/13\/2022\/03\/Top-image-addiction-page.png\" alt=\"Challenge the status quo of addiction\" class=\"wp-image-69650\" srcset=\"https:\/\/quitgamble.com\/br\/wp-content\/uploads\/sites\/13\/2022\/03\/Top-image-addiction-page.png 925w, https:\/\/quitgamble.com\/br\/wp-content\/uploads\/sites\/13\/2022\/03\/Top-image-addiction-page-300x211.png 300w, https:\/\/quitgamble.com\/br\/wp-content\/uploads\/sites\/13\/2022\/03\/Top-image-addiction-page-768x541.png 768w\" sizes=\"auto, (max-width: 925px) 100vw, 925px\" \/><\/a><figcaption class=\"wp-element-caption\"><strong>V\u00eddeo 1<\/strong> \u2013 O que \u00e9 depend\u00eancia?<\/figcaption><\/figure>\n<\/div>\n<\/div>\n<\/section>\n\n\n\n<section class=\"wp-block-group is-style-wide-section is-layout-flow wp-block-group-is-layout-flow\">\n<h2 class=\"wp-block-heading\">E se\u2026<\/h2>\n\n\n\n<div class=\"wp-block-columns is-style-no-gap is-layout-flex wp-block-columns-is-layout-flex\">\n<div class=\"wp-block-column is-layout-flow wp-block-column-is-layout-flow\">\n<ul class=\"wp-block-list\">\n<li><strong><em>\u2026a depend\u00eancia em jogos de azar n\u00e3o for uma doen\u00e7a?<\/em><\/strong><\/li>\n<\/ul>\n<\/div>\n\n\n\n<div class=\"wp-block-column is-layout-flow wp-block-column-is-layout-flow\">\n<ul class=\"wp-block-list\">\n<li><strong><em>\u2026a hero\u00edna n\u00e3o for viciante?<\/em><\/strong><\/li>\n<\/ul>\n<\/div>\n\n\n\n<div class=\"wp-block-column is-layout-flow wp-block-column-is-layout-flow\">\n<ul class=\"wp-block-list\">\n<li><strong><em>\u2026uma pessoa feliz for mais resistente \u00e0 depend\u00eancia?<\/em><\/strong><\/li>\n<\/ul>\n<\/div>\n<\/div>\n\n\n\n<div style=\"height:55px\" aria-hidden=\"true\" class=\"wp-block-spacer\"><\/div>\n\n\n\n<p class=\"has-text-align-center is-style-highlight wp-block-paragraph\">O QUE ISSO SIGNIFICARIA PARA VOC\u00ca?<\/p>\n\n\n\n<div class=\"wp-block-group funnel-entry__container more-space is-layout-constrained wp-block-group-is-layout-constrained\">\n<h2 class=\"wp-block-heading has-text-align-center has-foreground-color has-text-color has-link-color wp-elements-96af597039729fe02db9f9ef6674fb7f\">Como podemos te ajudar?<\/h2>\n\n\n\n<div class=\"wp-block-columns svg-buttons is-style-no-gap ticss-04e276f6 funnel-entry is-layout-flex wp-block-columns-is-layout-flex\">\n<div class=\"wp-block-column is-layout-flow wp-block-column-is-layout-flow\" style=\"flex-basis:33.33%\"><a href=\"https:\/\/br.quitgamble.com\/video\" aria-label=\"Stop Gambling\" title=\"Stop Gambling\" class=\"wp-block-tiptip-hyperlink-group-block\">\n<p class=\"wp-block-paragraph\">\ud83d\udd25<\/p>\n\n<div class=\"wp-block-group is-layout-constrained wp-block-group-is-layout-constrained\">\n<h3 class=\"wp-block-heading\">Quero parar de jogar<\/h3>\n\n\n\n<h4 class=\"wp-block-heading\">Estou cansado de reca\u00eddas \u2013 preciso de ajuda!<\/h4>\n<\/div>\n<\/a><\/div>\n\n\n\n<div class=\"wp-block-column is-layout-flow wp-block-column-is-layout-flow\" style=\"flex-basis:33.33%\"><a href=\"https:\/\/br.quitgamble.com\/coaching\" aria-label=\"Talk to someone\" title=\"Talk to someone\" class=\"wp-block-tiptip-hyperlink-group-block\">\n<p class=\"wp-block-paragraph\">\ud83d\udc4b<\/p>\n\n<div class=\"wp-block-group is-layout-constrained wp-block-group-is-layout-constrained\">\n<h3 class=\"wp-block-heading\">Preciso conversar com algu\u00e9m<\/h3>\n\n\n\n<h4 class=\"wp-block-heading\">N\u00e3o quero passar por isso sozinho.<\/h4>\n<\/div>\n<\/a><\/div>\n\n\n\n<div class=\"wp-block-column is-layout-flow wp-block-column-is-layout-flow\" style=\"flex-basis:33.33%\"><a href=\"https:\/\/br.quitgamble.com\/control\" aria-label=\"Responsible gambling\" title=\"Responsible gambling\" class=\"wp-block-tiptip-hyperlink-group-block\">\n<p class=\"wp-block-paragraph\">\ud83d\udca1<\/p>\n\n<div class=\"wp-block-group is-layout-grid wp-block-group-is-layout-grid\">\n<h3 class=\"wp-block-heading wp-container-content-69bc4bdf\">Quero ter mais controle<\/h3>\n\n\n\n<h4 class=\"wp-block-heading\">Quero jogar, mas preciso me controlar.<\/h4>\n<\/div>\n<\/a><\/div>\n<\/div>\n<\/div>\n\n\n\n<div class=\"wp-block-columns is-layout-flex wp-block-columns-is-layout-flex\">\n<div class=\"wp-block-column is-layout-flow wp-block-column-is-layout-flow\">\n<figure class=\"wp-block-image size-full\"><img loading=\"lazy\" decoding=\"async\" width=\"480\" height=\"304\" src=\"https:\/\/quitgamble.com\/br\/wp-content\/uploads\/sites\/13\/2022\/05\/addiction-definition.png\" alt=\"\" class=\"wp-image-71080\" srcset=\"https:\/\/quitgamble.com\/br\/wp-content\/uploads\/sites\/13\/2022\/05\/addiction-definition.png 480w, https:\/\/quitgamble.com\/br\/wp-content\/uploads\/sites\/13\/2022\/05\/addiction-definition-300x190.png 300w\" sizes=\"auto, (max-width: 480px) 100vw, 480px\" \/><figcaption class=\"wp-element-caption\">A vis\u00e3o geral sobre depend\u00eancia<\/figcaption><\/figure>\n<\/div>\n\n\n\n<div class=\"wp-block-column is-layout-flow wp-block-column-is-layout-flow\">\n<p class=\"wp-block-paragraph\">A vis\u00e3o t\u00edpica da depend\u00eancia \u00e9 que nos viciamos em uma subst\u00e2ncia e, em seguida, sentimos uma necessidade constante dela. Voc\u00ea se identifica com isso? De onde vem essa vis\u00e3o?<\/p>\n\n\n\n<p class=\"wp-block-paragraph\">\u00c9 hora de desafiar a maneira como voc\u00ea enxerga a depend\u00eancia. Este artigo pode ser percebido como provocativo, e alguns podem ach\u00e1-lo ofensivo. Seu prop\u00f3sito n\u00e3o \u00e9 ofender, mas, sim, oferecer uma nova perspectiva sobre a depend\u00eancia e como se livrar dela!<\/p>\n\n\n\n<p class=\"wp-block-paragraph\"><strong>D\u00ea 10 minutos e contaremos tudo sobre o Segredo da Gaiola.<\/strong><\/p>\n<\/div>\n<\/div>\n<\/section>\n\n\n\n<section class=\"wp-block-group is-layout-flow wp-block-group-is-layout-flow\">\n<h2 class=\"wp-block-heading\">Qual \u00e9 o Segredo da Gaiola?<\/h2>\n\n\n\n<div class=\"wp-block-columns is-layout-flex wp-block-columns-is-layout-flex\">\n<div class=\"wp-block-column is-layout-flow wp-block-column-is-layout-flow\" style=\"flex-basis:50%\">\n<figure class=\"wp-block-image size-full\"><img decoding=\"async\" src=\"https:\/\/quitgamble.com\/br\/wp-content\/uploads\/sites\/13\/2022\/03\/Secret-cage.png\" alt=\"The secret of the cage - gambling addiction escape\" class=\"wp-image-69652\"\/><figcaption class=\"wp-element-caption\">Adi\u00e7\u00e3o <a href=\"#_msocom_1\">[1]<\/a>&nbsp;\u2013 Segredo da Gaiola<\/figcaption><\/figure>\n<\/div>\n\n\n\n<div class=\"wp-block-column is-layout-flow wp-block-column-is-layout-flow\" style=\"flex-basis:50%\">\n<div class=\"wp-block-group is-layout-flow wp-block-group-is-layout-flow\">\n<p class=\"wp-block-paragraph\">Durante a d\u00e9cada de 1950, cientistas realizaram experimentos com ratos. Eles colocaram cada rato em gaiolas do tamanho de uma caixa de sapatos. Ent\u00e3o, os ratos tinham duas op\u00e7\u00f5es de \u00e1gua. Uma garrafa tinha \u00e1gua fresca e limpa. A outra garrafa continha \u00e1gua misturada com hero\u00edna.<\/p>\n\n\n\n<p class=\"wp-block-paragraph\">Em poucos dias, todos os ratos preferiram a \u00e1gua com hero\u00edna. Em breve, os ratos pararam de comer e estavam constantemente intoxicados. Como resultado, todos os ratos morreram, seja de fome ou overdose.<\/p>\n\n\n\n<p class=\"wp-block-paragraph\">Os pesquisadores conclu\u00edram que a hero\u00edna \u00e9 altamente viciante. T\u00e3o viciante que os ratos perderam toda a vontade de fazer qualquer coisa, exceto ficar drogados.<\/p>\n\n\n\n<p class=\"wp-block-paragraph\">Durante os piores dias da Guerra do Vietn\u00e3, centenas de milhares de soldados estadunidenses usaram hero\u00edna para lidar com todos os horrores. As autoridades temiam que as ruas dos EUA estivessem lotadas de viciados em hero\u00edna quando os soldados voltassem para casa.<\/p>\n\n\n\n<p class=\"wp-block-paragraph\"><strong><strong>Mas isso n\u00e3o aconteceu!<\/strong><\/strong><\/p>\n<\/div>\n<\/div>\n<\/div>\n\n\n\n<div class=\"wp-block-columns is-layout-flex wp-block-columns-is-layout-flex\">\n<div class=\"wp-block-column is-layout-flow wp-block-column-is-layout-flow\" style=\"flex-basis:50%\">\n<div class=\"wp-block-group is-layout-flow wp-block-group-is-layout-flow\">\n<p class=\"wp-block-paragraph\">Ao chegarem aos Estados Unidos, 95% dos soldados pararam de usar hero\u00edna, como se nunca a tivessem usado. Eles, certamente, sofreram pesadelos terr\u00edveis, mas nunca mais tocaram em hero\u00edna.<\/p>\n\n\n\n<p class=\"wp-block-paragraph\"><strong>Como eles puderam simplesmente parar?<\/strong><\/p>\n\n\n\n<p class=\"wp-block-paragraph\">Voc\u00ea sabia que, quando algu\u00e9m \u2014 por exemplo, sua av\u00f3 \u2014 quebra a perna e \u00e9 hospitalizada, ela receber\u00e1 inje\u00e7\u00f5es de hero\u00edna pura? \u00c9 verdade; a hero\u00edna \u00e9 comumente usada como um analg\u00e9sico. No entanto, voc\u00ea pode conhec\u00ea-la melhor por um nome diferente: MORFINA.<\/p>\n\n\n\n<p class=\"wp-block-paragraph\">Se algu\u00e9m \u00e9 tratado com morfina por tr\u00eas semanas, deveria, por toda a l\u00f3gica, tornar-se viciado. Mas a maioria n\u00e3o se vicia. <strong>Por que isso acontece?<\/strong><\/p>\n\n\n\n<hr class=\"wp-block-separator has-alpha-channel-opacity\"\/>\n\n\n\n<p class=\"wp-block-paragraph\"><a id=\"_msocom_1\"><\/a><\/p>\n<\/div>\n<\/div>\n\n\n\n<div class=\"wp-block-column is-layout-flow wp-block-column-is-layout-flow\" style=\"flex-basis:50%\">\n<figure class=\"wp-block-image size-full\"><img loading=\"lazy\" decoding=\"async\" width=\"736\" height=\"562\" src=\"https:\/\/quitgamble.com\/br\/wp-content\/uploads\/sites\/13\/2022\/03\/How-could-they-stop.png\" alt=\"How could they just stop taking morphine?\" class=\"wp-image-69653\" srcset=\"https:\/\/quitgamble.com\/br\/wp-content\/uploads\/sites\/13\/2022\/03\/How-could-they-stop.png 736w, https:\/\/quitgamble.com\/br\/wp-content\/uploads\/sites\/13\/2022\/03\/How-could-they-stop-300x229.png 300w\" sizes=\"auto, (max-width: 736px) 100vw, 736px\" \/><figcaption class=\"wp-element-caption\">Como eles conseguiram se libertar?<\/figcaption><\/figure>\n<\/div>\n<\/div>\n\n\n\n<p class=\"is-style-highlight wp-block-paragraph\"><strong>H\u00c1 ALGO DE ESTRANHO AQUI&#8230;<\/strong><\/p>\n\n\n\n<div class=\"wp-block-columns is-layout-flex wp-block-columns-is-layout-flex\">\n<div class=\"wp-block-column is-layout-flow wp-block-column-is-layout-flow\" style=\"flex-basis:50%\">\n<figure class=\"wp-block-image size-full\"><img loading=\"lazy\" decoding=\"async\" width=\"736\" height=\"562\" src=\"https:\/\/quitgamble.com\/br\/wp-content\/uploads\/sites\/13\/2022\/03\/Bruce-alexander.png\" alt=\"Bruce alexander and his ratpark experiments\" class=\"wp-image-69654\" srcset=\"https:\/\/quitgamble.com\/br\/wp-content\/uploads\/sites\/13\/2022\/03\/Bruce-alexander.png 736w, https:\/\/quitgamble.com\/br\/wp-content\/uploads\/sites\/13\/2022\/03\/Bruce-alexander-300x229.png 300w\" sizes=\"auto, (max-width: 736px) 100vw, 736px\" \/><figcaption class=\"wp-element-caption\">Bruce Alexander &#8211; Ratpark<\/figcaption><\/figure>\n<\/div>\n\n\n\n<div class=\"wp-block-column is-layout-flow wp-block-column-is-layout-flow\" style=\"flex-basis:50%\">\n<p class=\"wp-block-paragraph\"><strong>O professor Bruce Alexander, da Universidade de Vancouver, teve esses mesmos pensamentos na d\u00e9cada de 1970.<\/strong><\/p>\n\n\n\n<p class=\"wp-block-paragraph\">Talvez o problema n\u00e3o seja a droga. Talvez seja a gaiola&#8230; Imagine que voc\u00ea \u00e9 for\u00e7ado(a) a entrar em um espa\u00e7o extremamente apertado \u2014 sozinho(a). Voc\u00ea n\u00e3o tem nada para fazer, exceto escolher entre beber \u00e1gua normal ou algo que faz voc\u00ea se sentir como se tivesse asas!<\/p>\n\n\n\n<p class=\"has-text-align-center has-medium-font-size wp-block-paragraph\"><strong><strong>Qual \u00e1gua voc\u00ea escolheria?<\/strong><\/strong><\/p>\n<\/div>\n<\/div>\n\n\n\n<div class=\"wp-block-columns is-layout-flex wp-block-columns-is-layout-flex\">\n<div class=\"wp-block-column is-layout-flow wp-block-column-is-layout-flow\" style=\"flex-basis:50%\">\n<p class=\"wp-block-paragraph\">O professor Bruce Alexander redesenhou o experimento. Ele criou um parque para ratos. Como em qualquer para\u00edso para ratos, havia muito queijo, rodas de exerc\u00edcio, brinquedos e outros ratos para brincar. Ele, ent\u00e3o, apresentou aos ratos as mesmas duas op\u00e7\u00f5es de \u00e1gua. E algo peculiar aconteceu! Nenhum dos ratos preferiu a \u00e1gua com hero\u00edna. Claro, eles podem ter dado um ou dois goles ocasionais, mas nenhum deles mostrou quaisquer sintomas de v\u00edcio. Nenhum deles morreu. A mudan\u00e7a na gaiola e nos arredores reduziu a taxa de mortalidade de 100% para 0%!<\/p>\n\n\n\n<p class=\"wp-block-paragraph\"><strong>Bruce Alexander concluiu que n\u00e3o \u00e9 a hero\u00edna que vicia. A gaiola fez com que os ratos a usassem para escapar de sua realidade mon\u00f3tona.<\/strong><\/p>\n<\/div>\n\n\n\n<div class=\"wp-block-column is-layout-flow wp-block-column-is-layout-flow\" style=\"flex-basis:50%\">\n<figure class=\"wp-block-image size-large\"><img loading=\"lazy\" decoding=\"async\" width=\"690\" height=\"733\" src=\"https:\/\/quitgamble.com\/br\/wp-content\/uploads\/sites\/13\/2022\/04\/rat-park.svg\" alt=\"Rat park illustration\" class=\"wp-image-70786\"\/><figcaption class=\"wp-element-caption\">Ilustra\u00e7\u00e3o do parque para ratos<\/figcaption><\/figure>\n<\/div>\n<\/div>\n\n\n\n<p class=\"wp-block-paragraph\">Como \u00e9 a sua gaiola? Em um minuto, ajudaremos voc\u00ea a descobrir. Antes de chegarmos l\u00e1, por\u00e9m, vamos visitar um pa\u00eds quase t\u00e3o louco por queijo quanto o rato mais maluco: a Su\u00ed\u00e7a!<\/p>\n\n\n\n<p class=\"wp-block-paragraph\">Na d\u00e9cada de 1990, a Su\u00ed\u00e7a tinha enormes problemas com o v\u00edcio em hero\u00edna. O governo escolheu legalizar a hero\u00edna e abriu cl\u00ednicas onde os viciados podiam obter hero\u00edna limpa e gratuita para combater o problema (n\u00e3o alguma porcaria que eles encontrariam na rua).<\/p>\n\n\n\n<p class=\"wp-block-paragraph\">Cada pessoa podia determinar sua dose di\u00e1ria. Ap\u00f3s a dose de hero\u00edna pela manh\u00e3, cada viciado ia trabalhar. E essa \u00e9 uma das chaves! Al\u00e9m de hero\u00edna pura, os viciados recebiam um lugar para morar e um emprego!<\/p>\n\n\n\n<p class=\"wp-block-paragraph\">Novamente, algo peculiar aconteceu! A maioria dos viciados come\u00e7ou a reduzir suas doses. Muitos pararam completamente. As mortes por overdose ca\u00edram para quase zero!<\/p>\n\n\n\n<div class=\"wp-block-columns is-layout-flex wp-block-columns-is-layout-flex\">\n<div class=\"wp-block-column is-layout-flow wp-block-column-is-layout-flow\">\n<figure class=\"wp-block-image size-full\"><img loading=\"lazy\" decoding=\"async\" width=\"480\" height=\"356\" src=\"https:\/\/quitgamble.com\/br\/wp-content\/uploads\/sites\/13\/2022\/05\/This-is-the-key-on-QuitGamble-1.png\" alt=\"Pain is the cause of addiction. When reality is too painful, we look for a way to escape. We become addicted to the escape, not the means used to accomplish that. \" class=\"wp-image-71074\" srcset=\"https:\/\/quitgamble.com\/br\/wp-content\/uploads\/sites\/13\/2022\/05\/This-is-the-key-on-QuitGamble-1.png 480w, https:\/\/quitgamble.com\/br\/wp-content\/uploads\/sites\/13\/2022\/05\/This-is-the-key-on-QuitGamble-1-300x223.png 300w\" sizes=\"auto, (max-width: 480px) 100vw, 480px\" \/><figcaption class=\"wp-element-caption\">Nossa vis\u00e3o sobre o v\u00edcio<\/figcaption><\/figure>\n<\/div>\n\n\n\n<div class=\"wp-block-column is-layout-flow wp-block-column-is-layout-flow\">\n<p class=\"wp-block-paragraph\">Ao n\u00e3o julgar os viciados, mas, sim, criar um novo significado em suas vidas, a demanda por hero\u00edna quase desapareceu. Estar s\u00f3brio, de repente, se tornou mais tentador do que estar intoxicado. Considere isso, porque uma gaiola pode n\u00e3o ser semelhante a uma pequena caixa de sapatos, e as barras podem ser invis\u00edveis&#8230; <strong>Como \u00e9 a sua gaiola?<\/strong><\/p>\n<\/div>\n<\/div>\n<\/section>\n\n\n\n<div class=\"wp-block-group is-layout-constrained wp-block-group-is-layout-constrained\">\n<div class=\"wp-block-buttons is-layout-flex wp-block-buttons-is-layout-flex\">\n<div class=\"wp-block-button\"><a class=\"wp-block-button__link wp-element-button\" href=\"https:\/\/quitgamble.com\/register\/\" target=\"_blank\" rel=\"noreferrer noopener\">SOLICITE ACESSO<\/a><\/div>\n\n\n\n<div class=\"wp-block-button\"><a class=\"wp-block-button__link has-green-background-color has-background wp-element-button\" href=\"https:\/\/quitgamble.com\/happiness-test\/\" target=\"_blank\" rel=\"noreferrer noopener\">TESTE DA fFELICIDADE<\/a><\/div>\n<\/div>\n<\/div>\n\n\n","protected":false},"excerpt":{"rendered":"<p>O que \u00e9 depend\u00eancia? Por que nos tornamos dependentes? Ser\u00e1 que existe mais nessa quest\u00e3o do que voc\u00ea pensava anteriormente? J\u00e1 considerou a possibilidade de que parar de jogar \u00e9 [&hellip;]<\/p>\n","protected":false},"author":2,"featured_media":69650,"parent":0,"menu_order":0,"comment_status":"closed","ping_status":"closed","template":"","meta":{"_acf_changed":false,"_crdt_document":"","inline_featured_image":false,"_themeisle_gutenberg_block_has_review":false,"footnotes":""},"coauthors":[79,177],"class_list":["post-68637","page","type-page","status-publish","has-post-thumbnail","hentry"],"acf":[],"_links":{"self":[{"href":"https:\/\/quitgamble.com\/br\/wp-json\/wp\/v2\/pages\/68637","targetHints":{"allow":["GET"]}}],"collection":[{"href":"https:\/\/quitgamble.com\/br\/wp-json\/wp\/v2\/pages"}],"about":[{"href":"https:\/\/quitgamble.com\/br\/wp-json\/wp\/v2\/types\/page"}],"author":[{"embeddable":true,"href":"https:\/\/quitgamble.com\/br\/wp-json\/wp\/v2\/users\/2"}],"replies":[{"embeddable":true,"href":"https:\/\/quitgamble.com\/br\/wp-json\/wp\/v2\/comments?post=68637"}],"version-history":[{"count":1,"href":"https:\/\/quitgamble.com\/br\/wp-json\/wp\/v2\/pages\/68637\/revisions"}],"predecessor-version":[{"id":76723,"href":"https:\/\/quitgamble.com\/br\/wp-json\/wp\/v2\/pages\/68637\/revisions\/76723"}],"wp:featuredmedia":[{"embeddable":true,"href":"https:\/\/quitgamble.com\/br\/wp-json\/wp\/v2\/media\/69650"}],"wp:attachment":[{"href":"https:\/\/quitgamble.com\/br\/wp-json\/wp\/v2\/media?parent=68637"}],"wp:term":[{"taxonomy":"author","embeddable":true,"href":"https:\/\/quitgamble.com\/br\/wp-json\/wp\/v2\/coauthors?post=68637"}],"curies":[{"name":"wp","href":"https:\/\/api.w.org\/{rel}","templated":true}]}}