{"id":68626,"date":"2023-04-19T12:47:39","date_gmt":"2023-04-19T10:47:39","guid":{"rendered":"https:\/\/quitgamble.com\/pt\/?page_id=68626"},"modified":"2026-04-01T14:49:25","modified_gmt":"2026-04-01T12:49:25","slug":"autoexclusao-de-jogos-de-azar","status":"publish","type":"page","link":"https:\/\/quitgamble.com\/br\/autoexclusao-de-jogos-de-azar\/","title":{"rendered":"Autoexclus\u00e3o de Jogos de Azar"},"content":{"rendered":"\n<section class=\"wp-block-group guide__hero is-layout-flow wp-block-group-is-layout-flow\">\n<div class=\"wp-block-columns guide__hero is-layout-flex wp-block-columns-is-layout-flex\">\n<div class=\"wp-block-column is-layout-flow wp-block-column-is-layout-flow\" style=\"flex-basis:50%\">\n<div class=\"wp-block-group is-layout-flow wp-block-group-is-layout-flow\"><h1 class=\"wp-block-post-title\">Autoexclus\u00e3o de Jogos de Azar<\/h1>\n\n\n<p class=\"wp-block-paragraph\"><em>Se voc\u00ea quer parar de jogar, n\u00f3s recomendamos que se autoexclua de cassinos. Este artigo discute softwares de bloqueio de cassinos, como funciona a autoexclus\u00e3o de jogos de azar e quais s\u00e3o suas op\u00e7\u00f5es.<\/em><\/p>\n\n\n\n<div class=\"wp-block-group summary is-layout-flow wp-block-group-is-layout-flow\">\n<h3 class=\"wp-block-heading\" id=\"summary\">Resumo:<\/h3>\n\n\n\n<ul class=\"wp-block-list\">\n<li>Queremos mostrar como se autoexcluir.<\/li>\n\n\n\n<li>Como isso ajuda voc\u00ea a parar de jogar.<\/li>\n\n\n\n<li>Mostramos quais alternativas voc\u00ea tem.<\/li>\n<\/ul>\n<\/div>\n<\/div>\n<\/div>\n\n\n\n<div class=\"wp-block-column is-layout-flow wp-block-column-is-layout-flow\" style=\"flex-basis:70%\">\n<figure class=\"wp-block-image size-full\"><img loading=\"lazy\" decoding=\"async\" width=\"925\" height=\"652\" src=\"https:\/\/quitgamble.com\/br\/wp-content\/uploads\/sites\/13\/2022\/07\/top-image-self-exclusion.png\" alt=\"\" class=\"wp-image-72018\" srcset=\"https:\/\/quitgamble.com\/br\/wp-content\/uploads\/sites\/13\/2022\/07\/top-image-self-exclusion.png 925w, https:\/\/quitgamble.com\/br\/wp-content\/uploads\/sites\/13\/2022\/07\/top-image-self-exclusion-300x211.png 300w, https:\/\/quitgamble.com\/br\/wp-content\/uploads\/sites\/13\/2022\/07\/top-image-self-exclusion-768x541.png 768w, https:\/\/quitgamble.com\/br\/wp-content\/uploads\/sites\/13\/2022\/07\/top-image-self-exclusion-600x423.png 600w\" sizes=\"auto, (max-width: 925px) 100vw, 925px\" \/><\/figure>\n<\/div>\n<\/div>\n<\/section>\n\n\n\n<div class=\"wp-block-group funnel-entry__container more-space is-layout-constrained wp-block-group-is-layout-constrained\">\n<h2 class=\"wp-block-heading has-text-align-center has-foreground-color has-text-color has-link-color wp-elements-96af597039729fe02db9f9ef6674fb7f\">Como podemos te ajudar?<\/h2>\n\n\n\n<div class=\"wp-block-columns svg-buttons is-style-no-gap ticss-04e276f6 funnel-entry is-layout-flex wp-block-columns-is-layout-flex\">\n<div class=\"wp-block-column is-layout-flow wp-block-column-is-layout-flow\" style=\"flex-basis:33.33%\"><a href=\"https:\/\/br.quitgamble.com\/video\"  aria-label=\"Stop Gambling\" title=\"Stop Gambling\" class=\"wp-block-tiptip-hyperlink-group-block\" >\n<p class=\"wp-block-paragraph\">\ud83d\udd25<\/p>\n\n<div class=\"wp-block-group is-layout-constrained wp-block-group-is-layout-constrained\">\n<h3 class=\"wp-block-heading\">Quero parar de jogar<\/h3>\n\n\n\n<h4 class=\"wp-block-heading\">Estou cansado de reca\u00eddas \u2013 preciso de ajuda!<\/h4>\n<\/div>\n<\/a><\/div>\n\n\n\n<div class=\"wp-block-column is-layout-flow wp-block-column-is-layout-flow\" style=\"flex-basis:33.33%\"><a href=\"https:\/\/br.quitgamble.com\/coaching\"  aria-label=\"Talk to someone\" title=\"Talk to someone\" class=\"wp-block-tiptip-hyperlink-group-block\" >\n<p class=\"wp-block-paragraph\">\ud83d\udc4b<\/p>\n\n<div class=\"wp-block-group is-layout-constrained wp-block-group-is-layout-constrained\">\n<h3 class=\"wp-block-heading\">Preciso conversar com algu\u00e9m<\/h3>\n\n\n\n<h4 class=\"wp-block-heading\">N\u00e3o quero passar por isso sozinho.<\/h4>\n<\/div>\n<\/a><\/div>\n\n\n\n<div class=\"wp-block-column is-layout-flow wp-block-column-is-layout-flow\" style=\"flex-basis:33.33%\"><a href=\"https:\/\/br.quitgamble.com\/control\"  aria-label=\"Responsible gambling\" title=\"Responsible gambling\" class=\"wp-block-tiptip-hyperlink-group-block\" >\n<p class=\"wp-block-paragraph\">\ud83d\udca1<\/p>\n\n<div class=\"wp-block-group is-layout-grid wp-block-group-is-layout-grid\">\n<h3 class=\"wp-block-heading wp-container-content-69bc4bdf\">Quero ter mais controle<\/h3>\n\n\n\n<h4 class=\"wp-block-heading\">Quero jogar, mas preciso me controlar.<\/h4>\n<\/div>\n<\/a><\/div>\n<\/div>\n<\/div>\n\n\n\n<section class=\"wp-block-group is-layout-flow wp-block-group-is-layout-flow\">\n<h2 class=\"wp-block-heading has-text-align-center\" id=\"Introduction\">Autoexcluindo-se de Cassinos<\/h2>\n\n\n\n<p class=\"has-text-align-center wp-block-paragraph\">No QuitGamble.com, queremos ajudar voc\u00ea a parar de jogar. Uma ferramenta que recomendamos que voc\u00ea explore \u00e9 limitar o acesso a tantas oportunidades de jogos quanto poss\u00edvel. N\u00e3o \u00e9 a solu\u00e7\u00e3o para um problema de jogo. Mas se autoexcluir de cassinos tornar\u00e1 mais dif\u00edcil encontrar lugares para jogar.<\/p>\n\n\n\n<figure class=\"wp-block-image aligncenter size-large\"><img loading=\"lazy\" decoding=\"async\" width=\"1024\" height=\"534\" src=\"https:\/\/quitgamble.com\/br\/wp-content\/uploads\/sites\/13\/2022\/07\/self-exclusion-main-image-1024x534.png\" alt=\"\" class=\"wp-image-72020\" srcset=\"https:\/\/quitgamble.com\/br\/wp-content\/uploads\/sites\/13\/2022\/07\/self-exclusion-main-image-1024x534.png 1024w, https:\/\/quitgamble.com\/br\/wp-content\/uploads\/sites\/13\/2022\/07\/self-exclusion-main-image-300x157.png 300w, https:\/\/quitgamble.com\/br\/wp-content\/uploads\/sites\/13\/2022\/07\/self-exclusion-main-image-768x401.png 768w, https:\/\/quitgamble.com\/br\/wp-content\/uploads\/sites\/13\/2022\/07\/self-exclusion-main-image-600x313.png 600w, https:\/\/quitgamble.com\/br\/wp-content\/uploads\/sites\/13\/2022\/07\/self-exclusion-main-image.png 1100w\" sizes=\"auto, (max-width: 1024px) 100vw, 1024px\" \/><figcaption class=\"wp-element-caption\">Existem 3 maneiras de voc\u00ea bloquear os jogos:<\/figcaption><\/figure>\n\n\n\n<div class=\"wp-block-columns columns__alternative is-layout-flex wp-block-columns-is-layout-flex\">\n<div class=\"wp-block-column is-style-wider is-layout-flow wp-block-column-is-layout-flow\">\n<ol class=\"wp-block-list\">\n<li>inscreva-se em um programa nacional\/estadual de bloqueio de jogos;<\/li>\n\n\n\n<li>baixe um software de bloqueio de cassinos on-line;<\/li>\n\n\n\n<li>visite o local\/site e preencha um formul\u00e1rio de autoexclus\u00e3o por conta pr\u00f3pria.<\/li>\n<\/ol>\n\n\n\n<div class=\"wp-block-buttons is-layout-flex wp-block-buttons-is-layout-flex\">\n<div class=\"wp-block-button\"><a class=\"wp-block-button__link wp-element-button\" href=\"https:\/\/quitgamble.com\/register\/\"><strong>PARTICIPE DA COMUNIDADE<\/strong><\/a><\/div>\n<\/div>\n<\/div>\n\n\n\n<div class=\"wp-block-column is-layout-flow wp-block-column-is-layout-flow\" style=\"flex-basis:35%\">\n<p class=\"wp-block-paragraph\">Neste guia, mostraremos como bloquear jogos de azar em diferentes pa\u00edses e daremos outras dicas que podem ajudar voc\u00ea a ficar longe do jogo.<\/p>\n<\/div>\n<\/div>\n<\/section>\n\n\n\n<section class=\"wp-block-group is-layout-flow wp-block-group-is-layout-flow\">\n<div class=\"wp-block-columns is-style-default is-layout-flex wp-block-columns-is-layout-flex\">\n<div class=\"wp-block-column is-layout-flow wp-block-column-is-layout-flow\">\n<h2 class=\"wp-block-heading\">Vantagens da Autoexclus\u00e3o de Jogos de Azar<\/h2>\n\n\n\n<p class=\"wp-block-paragraph\">Acreditamos que usamos o jogo como uma forma de escape. Nossos c\u00e9rebros s\u00e3o incr\u00edveis, mas t\u00eam suas falhas. Um c\u00e9rebro viciado em jogos sentir\u00e1 vontade de jogar toda vez que sentir alguma dor. Pode ser estresse, solid\u00e3o, ansiedade ou qualquer outro sentimento que n\u00e3o queremos sentir.<\/p>\n\n\n\n<ul class=\"wp-block-list\">\n<li>Voc\u00ea n\u00e3o pode jogar em um lugar do qual se autoexcluiu.<\/li>\n\n\n\n<li>O local\/cassino n\u00e3o deve enviar nenhuma propaganda para voc\u00ea.<\/li>\n\n\n\n<li>\u00c9 um passo em dire\u00e7\u00e3o \u00e0 liberdade dos jogos de azar. Uma conquista da qual voc\u00ea pode se orgulhar.<\/li>\n\n\n\n<li>Ajuda voc\u00ea a relaxar.<\/li>\n\n\n\n<li>Voc\u00ea n\u00e3o pode &#8220;desfazer&#8221; uma autoexclus\u00e3o de jogos de azar at\u00e9 que o per\u00edodo tenha expirado.<\/li>\n<\/ul>\n\n\n\n<p class=\"wp-block-paragraph\">Ou, como disse um usu\u00e1rio do Gamstop: <em>\u201cOn-line era minha fraqueza. Me inscrevi no Gamstop h\u00e1 quase 4 anos atr\u00e1s e isso me parou imediatamente. Se eu pudesse me inscrever para a vida, eu faria\u201d.<\/em><\/p>\n<\/div>\n\n\n\n<div class=\"wp-block-column is-layout-flow wp-block-column-is-layout-flow\">\n<figure class=\"wp-block-image size-full\"><img loading=\"lazy\" decoding=\"async\" width=\"677\" height=\"858\" src=\"https:\/\/quitgamble.com\/br\/wp-content\/uploads\/sites\/13\/2022\/07\/Self-exclusion-advantages.png\" alt=\"\" class=\"wp-image-72022\" srcset=\"https:\/\/quitgamble.com\/br\/wp-content\/uploads\/sites\/13\/2022\/07\/Self-exclusion-advantages.png 677w, https:\/\/quitgamble.com\/br\/wp-content\/uploads\/sites\/13\/2022\/07\/Self-exclusion-advantages-237x300.png 237w, https:\/\/quitgamble.com\/br\/wp-content\/uploads\/sites\/13\/2022\/07\/Self-exclusion-advantages-600x760.png 600w\" sizes=\"auto, (max-width: 677px) 100vw, 677px\" \/><figcaption class=\"wp-element-caption\">Exemplos de aplicativos m\u00f3veis de cassino e <\/figcaption><\/figure>\n<\/div>\n<\/div>\n<\/section>\n\n\n\n<section class=\"wp-block-group is-layout-flow wp-block-group-is-layout-flow\">\n<h2 class=\"wp-block-heading\">Como Funciona a Autoexclus\u00e3o do Jogo On-line<\/h2>\n\n\n\n<p class=\"wp-block-paragraph\">O jogo nunca foi t\u00e3o acess\u00edvel. Antigamente, t\u00ednhamos que ir a um local de jogo. Hoje, tudo o que precisamos fazer \u00e9 desbloquear a tela do nosso celular. Se voc\u00ea joga on-line, uma autoexclus\u00e3o do jogo on-line pode apoiar seus esfor\u00e7os para parar de jogar.<\/p>\n\n\n\n<p class=\"wp-block-paragraph\">Dependendo de onde voc\u00ea mora, h\u00e1 diferentes op\u00e7\u00f5es para banir o jogo na Internet. Em mercados regulamentados, como Su\u00e9cia, Reino Unido, Alemanha, Holanda, Dinamarca e alguns Estados dos EUA, voc\u00ea pode se inscrever em um programa nacional que bloqueia sites de jogos de acordo com essa jurisdi\u00e7\u00e3o. Exemplos: <em>Comiss\u00e3o de Jogo do Reino Unido, Comiss\u00e3o de Jogo da Holanda, Autoridade de Jogo da Su\u00e9cia e Comiss\u00e3o de Controle de Cassinos de Nova Jersey.<\/em><\/p>\n\n\n\n<p class=\"wp-block-paragraph\">Ao se inscrever em qualquer um desses programas, voc\u00ea receber\u00e1 automaticamente um banimento de jogo on-line por um per\u00edodo espec\u00edfico. Suas contas de cassino ser\u00e3o bloqueadas e voc\u00ea n\u00e3o poder\u00e1 abrir uma nova conta em nenhum cassino licenciado naquele pa\u00eds.<\/p>\n\n\n\n<p class=\"wp-block-paragraph\">Para saber se voc\u00ea pode fazer a autoexclus\u00e3o do jogo on-line em seu pa\u00eds\/Estado, use um dos seguintes termos de pesquisa no Google:<\/p>\n\n\n\n<ul class=\"wp-block-list\">\n<li>autoexclus\u00e3o do jogo on-line (sua localiza\u00e7\u00e3o);<\/li>\n\n\n\n<li>sua localiza\u00e7\u00e3o para a comiss\u00e3o de jogo (conselho de controle de cassinos).<\/li>\n<\/ul>\n\n\n\n<p class=\"wp-block-paragraph\">Infelizmente, apenas alguns pa\u00edses oferecem esquemas de autoexclus\u00e3o de jogos. Uma alternativa \u00e9 instalar um aplicativo de bloqueio de cassinos on-line. Estes aplicativos especializam-se em bloquear sites e aplicativos de jogos. Aqui est\u00e3o tr\u00eas softwares populares de bloqueio de cassinos:<\/p>\n\n\n\n<ul class=\"wp-block-list\">\n<li>Gamban;<\/li>\n\n\n\n<li>Gamblock;<\/li>\n\n\n\n<li>Betblocker.<\/li>\n<\/ul>\n\n\n\n<p class=\"wp-block-paragraph\">Tem curiosidade sobre o Gamban? Voc\u00ea pode ler mais em nossa an\u00e1lise do <a href=\"https:\/\/quitgamble.com\/br\/revisao-do-gamban\/\" data-type=\"post\" data-id=\"74993\">Gamban<\/a> e an\u00e1lises do <a href=\"https:\/\/quitgamble.com\/br\/betblocker\/\" data-type=\"post\" data-id=\"72501\">BetBlocker<\/a>.<\/p>\n\n\n\n<hr class=\"wp-block-separator has-alpha-channel-opacity\"\/>\n<\/section>\n\n\n\n<div class=\"wp-block-group funnel-entry__container more-space is-layout-constrained wp-block-group-is-layout-constrained\">\n<h2 class=\"wp-block-heading has-text-align-center has-foreground-color has-text-color has-link-color wp-elements-96af597039729fe02db9f9ef6674fb7f\">Como podemos te ajudar?<\/h2>\n\n\n\n<div class=\"wp-block-columns svg-buttons is-style-no-gap ticss-04e276f6 funnel-entry is-layout-flex wp-block-columns-is-layout-flex\">\n<div class=\"wp-block-column is-layout-flow wp-block-column-is-layout-flow\" style=\"flex-basis:33.33%\"><a href=\"https:\/\/br.quitgamble.com\/video\"  aria-label=\"Stop Gambling\" title=\"Stop Gambling\" class=\"wp-block-tiptip-hyperlink-group-block\" >\n<p class=\"wp-block-paragraph\">\ud83d\udd25<\/p>\n\n<div class=\"wp-block-group is-layout-constrained wp-block-group-is-layout-constrained\">\n<h3 class=\"wp-block-heading\">Quero parar de jogar<\/h3>\n\n\n\n<h4 class=\"wp-block-heading\">Estou cansado de reca\u00eddas \u2013 preciso de ajuda!<\/h4>\n<\/div>\n<\/a><\/div>\n\n\n\n<div class=\"wp-block-column is-layout-flow wp-block-column-is-layout-flow\" style=\"flex-basis:33.33%\"><a href=\"https:\/\/br.quitgamble.com\/coaching\"  aria-label=\"Talk to someone\" title=\"Talk to someone\" class=\"wp-block-tiptip-hyperlink-group-block\" >\n<p class=\"wp-block-paragraph\">\ud83d\udc4b<\/p>\n\n<div class=\"wp-block-group is-layout-constrained wp-block-group-is-layout-constrained\">\n<h3 class=\"wp-block-heading\">Preciso conversar com algu\u00e9m<\/h3>\n\n\n\n<h4 class=\"wp-block-heading\">N\u00e3o quero passar por isso sozinho.<\/h4>\n<\/div>\n<\/a><\/div>\n\n\n\n<div class=\"wp-block-column is-layout-flow wp-block-column-is-layout-flow\" style=\"flex-basis:33.33%\"><a href=\"https:\/\/br.quitgamble.com\/control\"  aria-label=\"Responsible gambling\" title=\"Responsible gambling\" class=\"wp-block-tiptip-hyperlink-group-block\" >\n<p class=\"wp-block-paragraph\">\ud83d\udca1<\/p>\n\n<div class=\"wp-block-group is-layout-grid wp-block-group-is-layout-grid\">\n<h3 class=\"wp-block-heading wp-container-content-69bc4bdf\">Quero ter mais controle<\/h3>\n\n\n\n<h4 class=\"wp-block-heading\">Quero jogar, mas preciso me controlar.<\/h4>\n<\/div>\n<\/a><\/div>\n<\/div>\n<\/div>\n\n\n\n<div id=\"wp-block-themeisle-blocks-popup-76d9443d\" class=\"wp-block-themeisle-blocks-popup is-front ticss-25709875\" data-dismiss=\"\" data-time=\"60\" data-anchor=\"\" data-offset=\"\" data-outside=\"true\" data-anchorclose=\"\" data-lock-scrolling=\"1\"><div class=\"otter-popup__modal_wrap\"><div role=\"presentation\" class=\"otter-popup__modal_wrap_overlay\"><\/div><div class=\"otter-popup__modal_content\"><div class=\"otter-popup__modal_header\"><button type=\"button\" class=\"components-button has-icon\"><svg width=\"24\" height=\"24\" xmlns=\"https:\/\/www.w3.org\/2000\/svg\" viewBox=\"0 0 24 24\" role=\"img\" aria-hidden=\"true\"><path d=\"M12 13.06l3.712 3.713 1.061-1.06L13.061 12l3.712-3.712-1.06-1.06L12 10.938 8.288 7.227l-1.061 1.06L10.939 12l-3.712 3.712 1.06 1.061L12 13.061z\"><\/path><\/svg><\/button><\/div><div class=\"otter-popup__modal_body\">\n<div class=\"wp-block-columns is-layout-flex wp-block-columns-is-layout-flex\">\n<div class=\"wp-block-column is-layout-flow wp-block-column-is-layout-flow\">\n<figure class=\"wp-block-image size-full is-resized expressen-logo\"><img decoding=\"async\" src=\"https:\/\/quitgamble.com\/wp-content\/uploads\/2025\/03\/QuitGamble.png\" alt=\"\" class=\"wp-image-80561\" style=\"aspect-ratio:5.154375;width:174px;height:auto\"\/><\/figure>\n\n\n\n<h3 class=\"wp-block-heading has-text-align-left expressen-headline\"><strong><strong>Bloquear o jogo \u00e9 bom, mas n\u00e3o \u00e9 suficiente<\/strong><\/strong>!<\/h3>\n\n\n\n<p class=\"wp-block-paragraph\" style=\"font-size:19px\">Combine a autoexclus\u00e3o com o nosso poderoso <strong>curso em v\u00eddeo de 12 semanas<\/strong> para parar de jogar. Aproveite nossa <strong>SUPER OFERTA!<\/strong><\/p>\n<\/div>\n\n\n\n<div class=\"wp-block-column is-layout-flow wp-block-column-is-layout-flow\">\n<figure class=\"wp-block-image size-full has-custom-border expressen-image ticss-41729108\"><img loading=\"lazy\" decoding=\"async\" width=\"765\" height=\"820\" src=\"https:\/\/quitgamble.com\/br\/wp-content\/uploads\/sites\/13\/2025\/04\/Start-page-PORT-stop-gambling-1.png\" alt=\"\" class=\"wp-image-76642\" style=\"border-style:none;border-width:0px;border-radius:0px;aspect-ratio:0.9902455432223344;object-fit:contain\" srcset=\"https:\/\/quitgamble.com\/br\/wp-content\/uploads\/sites\/13\/2025\/04\/Start-page-PORT-stop-gambling-1.png 765w, https:\/\/quitgamble.com\/br\/wp-content\/uploads\/sites\/13\/2025\/04\/Start-page-PORT-stop-gambling-1-280x300.png 280w\" sizes=\"auto, (max-width: 765px) 100vw, 765px\" \/><\/figure>\n<\/div>\n<\/div>\n\n\n\n<div class=\"wp-block-buttons expressen-button is-nowrap is-layout-flex wp-block-buttons-is-layout-flex\">\n<div class=\"wp-block-button\"><a class=\"wp-block-button__link wp-element-button\" href=\"https:\/\/va.quitgamble.com\/\">Saiba Mais<\/a><\/div>\n\n\n\n<div class=\"wp-block-button is-style-outline is-style-outline--1\" id=\"close_modal\"><a class=\"wp-block-button__link wp-element-button\" href=\"#\">Agora N\u00e3o<\/a><\/div>\n<\/div>\n<\/div><\/div><\/div><\/div>\n","protected":false},"excerpt":{"rendered":"<p>Se voc\u00ea quer parar de jogar, n\u00f3s recomendamos que se autoexclua de cassinos. Este artigo discute softwares de bloqueio de cassinos, como funciona a autoexclus\u00e3o de jogos de azar e [&hellip;]<\/p>\n","protected":false},"author":2,"featured_media":0,"parent":0,"menu_order":0,"comment_status":"closed","ping_status":"closed","template":"","meta":{"_acf_changed":false,"_crdt_document":"","inline_featured_image":false,"_themeisle_gutenberg_block_has_review":false,"footnotes":""},"coauthors":[79,177],"class_list":["post-68626","page","type-page","status-publish","hentry"],"acf":[],"_links":{"self":[{"href":"https:\/\/quitgamble.com\/br\/wp-json\/wp\/v2\/pages\/68626","targetHints":{"allow":["GET"]}}],"collection":[{"href":"https:\/\/quitgamble.com\/br\/wp-json\/wp\/v2\/pages"}],"about":[{"href":"https:\/\/quitgamble.com\/br\/wp-json\/wp\/v2\/types\/page"}],"author":[{"embeddable":true,"href":"https:\/\/quitgamble.com\/br\/wp-json\/wp\/v2\/users\/2"}],"replies":[{"embeddable":true,"href":"https:\/\/quitgamble.com\/br\/wp-json\/wp\/v2\/comments?post=68626"}],"version-history":[{"count":1,"href":"https:\/\/quitgamble.com\/br\/wp-json\/wp\/v2\/pages\/68626\/revisions"}],"predecessor-version":[{"id":76727,"href":"https:\/\/quitgamble.com\/br\/wp-json\/wp\/v2\/pages\/68626\/revisions\/76727"}],"wp:attachment":[{"href":"https:\/\/quitgamble.com\/br\/wp-json\/wp\/v2\/media?parent=68626"}],"wp:term":[{"taxonomy":"author","embeddable":true,"href":"https:\/\/quitgamble.com\/br\/wp-json\/wp\/v2\/coauthors?post=68626"}],"curies":[{"name":"wp","href":"https:\/\/api.w.org\/{rel}","templated":true}]}}