{"id":68622,"date":"2022-02-28T09:02:19","date_gmt":"2022-02-28T09:02:19","guid":{"rendered":"https:\/\/quitgamble.com\/pt\/?page_id=68622"},"modified":"2026-04-01T14:49:04","modified_gmt":"2026-04-01T12:49:04","slug":"membro","status":"publish","type":"page","link":"https:\/\/quitgamble.com\/br\/membro\/","title":{"rendered":"Junte-se \u00e0 Comunidade"},"content":{"rendered":"\n<section class=\"wp-block-group is-layout-flow wp-block-group-is-layout-flow\">\n<div class=\"wp-block-columns is-layout-flex wp-block-columns-is-layout-flex\">\n<div class=\"wp-block-column is-layout-flow wp-block-column-is-layout-flow\" style=\"flex-basis:50%\">\n<div class=\"wp-block-group is-layout-flow wp-block-group-is-layout-flow\"><h1 class=\"wp-block-post-title\">Junte-se \u00e0 Comunidade<\/h1>\n\n\n<p class=\"wp-block-paragraph\"><strong><strong>Bem-vindo(a) \u00e0 comunidade do QuitGamble.com. Como membro, voc\u00ea tem acesso exclusivo a v\u00e1rias ferramentas poderosas que podem ajudar a parar de jogar.<\/strong><\/strong><\/p>\n\n\n\n<div class=\"wp-block-group summary is-layout-flow wp-block-group-is-layout-flow\">\n<ul class=\"wp-block-list\">\n<li>Voc\u00ea deveria se tornar um membro?<\/li>\n\n\n\n<li>Recursos exclusivos do QuitGamble.com.<\/li>\n\n\n\n<li>Vamos come\u00e7ar!<\/li>\n<\/ul>\n<\/div>\n<\/div>\n<\/div>\n\n\n\n<div class=\"wp-block-column is-layout-flow wp-block-column-is-layout-flow\" style=\"flex-basis:65%\">\n<figure class=\"wp-block-image size-full\"><a href=\"https:\/\/www.youtube.com\/watch?v=0UcIYElZBVo&amp;t=7s\" target=\"_blank\" rel=\"noopener\"><img loading=\"lazy\" decoding=\"async\" width=\"900\" height=\"635\" src=\"https:\/\/quitgamble.com\/br\/wp-content\/uploads\/sites\/13\/2022\/04\/Quit-gamble-community.png\" alt=\"\" class=\"wp-image-70457\" srcset=\"https:\/\/quitgamble.com\/br\/wp-content\/uploads\/sites\/13\/2022\/04\/Quit-gamble-community.png 900w, https:\/\/quitgamble.com\/br\/wp-content\/uploads\/sites\/13\/2022\/04\/Quit-gamble-community-300x212.png 300w, https:\/\/quitgamble.com\/br\/wp-content\/uploads\/sites\/13\/2022\/04\/Quit-gamble-community-768x542.png 768w\" sizes=\"auto, (max-width: 900px) 100vw, 900px\" \/><\/a><\/figure>\n<\/div>\n<\/div>\n<\/section>\n\n\n\n<div class=\"wp-block-group funnel-entry__container more-space is-layout-constrained wp-block-group-is-layout-constrained\">\n<h2 class=\"wp-block-heading has-text-align-center has-foreground-color has-text-color has-link-color wp-elements-96af597039729fe02db9f9ef6674fb7f\">Como podemos te ajudar?<\/h2>\n\n\n\n<div class=\"wp-block-columns svg-buttons is-style-no-gap ticss-04e276f6 funnel-entry is-layout-flex wp-block-columns-is-layout-flex\">\n<div class=\"wp-block-column is-layout-flow wp-block-column-is-layout-flow\" style=\"flex-basis:33.33%\"><a href=\"https:\/\/br.quitgamble.com\/video\" aria-label=\"Stop Gambling\" title=\"Stop Gambling\" class=\"wp-block-tiptip-hyperlink-group-block\">\n<p class=\"wp-block-paragraph\">\ud83d\udd25<\/p>\n\n<div class=\"wp-block-group is-layout-constrained wp-block-group-is-layout-constrained\">\n<h3 class=\"wp-block-heading\">Quero parar de jogar<\/h3>\n\n\n\n<h4 class=\"wp-block-heading\">Estou cansado de reca\u00eddas \u2013 preciso de ajuda!<\/h4>\n<\/div>\n<\/a><\/div>\n\n\n\n<div class=\"wp-block-column is-layout-flow wp-block-column-is-layout-flow\" style=\"flex-basis:33.33%\"><a href=\"https:\/\/br.quitgamble.com\/coaching\" aria-label=\"Talk to someone\" title=\"Talk to someone\" class=\"wp-block-tiptip-hyperlink-group-block\">\n<p class=\"wp-block-paragraph\">\ud83d\udc4b<\/p>\n\n<div class=\"wp-block-group is-layout-constrained wp-block-group-is-layout-constrained\">\n<h3 class=\"wp-block-heading\">Preciso conversar com algu\u00e9m<\/h3>\n\n\n\n<h4 class=\"wp-block-heading\">N\u00e3o quero passar por isso sozinho.<\/h4>\n<\/div>\n<\/a><\/div>\n\n\n\n<div class=\"wp-block-column is-layout-flow wp-block-column-is-layout-flow\" style=\"flex-basis:33.33%\"><a href=\"https:\/\/br.quitgamble.com\/control\" aria-label=\"Responsible gambling\" title=\"Responsible gambling\" class=\"wp-block-tiptip-hyperlink-group-block\">\n<p class=\"wp-block-paragraph\">\ud83d\udca1<\/p>\n\n<div class=\"wp-block-group is-layout-grid wp-block-group-is-layout-grid\">\n<h3 class=\"wp-block-heading wp-container-content-69bc4bdf\">Quero ter mais controle<\/h3>\n\n\n\n<h4 class=\"wp-block-heading\">Quero jogar, mas preciso me controlar.<\/h4>\n<\/div>\n<\/a><\/div>\n<\/div>\n<\/div>\n\n\n\n<section class=\"wp-block-group is-layout-flow wp-block-group-is-layout-flow\">\n<div class=\"wp-block-columns is-layout-flex wp-block-columns-is-layout-flex\">\n<div class=\"wp-block-column is-layout-flow wp-block-column-is-layout-flow\">\n<h2 class=\"wp-block-heading\">Se Voc\u00ea Acredita&#8230;<\/h2>\n\n\n\n<p class=\"is-style-right-border wp-block-paragraph\"><strong>N\u00f3s acreditamos que a dor \u00e9 a causa do v\u00edcio. Jogar \u00e9 apenas uma maneira de escapar dessa dor. \u00c9 pela fuga da dor que nos tornamos viciados. Voc\u00ea se identifica com isso?<\/strong><\/p>\n\n\n\n<figure class=\"wp-block-image size-full\"><img loading=\"lazy\" decoding=\"async\" width=\"615\" height=\"434\" src=\"https:\/\/quitgamble.com\/br\/wp-content\/uploads\/sites\/13\/2022\/03\/if-you-believe.png\" alt=\"\" class=\"wp-image-69166\" srcset=\"https:\/\/quitgamble.com\/br\/wp-content\/uploads\/sites\/13\/2022\/03\/if-you-believe.png 615w, https:\/\/quitgamble.com\/br\/wp-content\/uploads\/sites\/13\/2022\/03\/if-you-believe-300x212.png 300w\" sizes=\"auto, (max-width: 615px) 100vw, 615px\" \/><\/figure>\n<\/div>\n\n\n\n<div class=\"wp-block-column is-layout-flow wp-block-column-is-layout-flow\">\n<p class=\"wp-block-paragraph\">Voc\u00ea acha que jogaria menos se n\u00e3o se sentisse sozinho(a)? Ou se n\u00e3o estivesse entediado(a)? Voc\u00ea jogaria menos se tivesse uma autoestima melhor ou se sentisse menos ansioso(a)? No QuitGamble.com, n\u00f3s ajudaremos voc\u00ea a combater a dor de v\u00e1rias formas. <strong>Se voc\u00ea acredita no que n\u00f3s acreditamos, ent\u00e3o o QuitGamble.com \u00e9 a ferramenta certa para voc\u00ea.<\/strong><\/p>\n\n\n\n<p class=\"wp-block-paragraph\">Voc\u00ea j\u00e1 fez o Teste da Felicidade? Se n\u00e3o, fa\u00e7a agora. Caso contr\u00e1rio, solicite acesso gratuito ou continue lendo.<\/p>\n\n\n\n<div class=\"wp-block-buttons is-layout-flex wp-block-buttons-is-layout-flex\">\n<div class=\"wp-block-button\"><a class=\"wp-block-button__link has-green-background-color has-background wp-element-button\" href=\"https:\/\/quitgamble.com\/happiness-test\/\" target=\"_blank\" rel=\"noreferrer noopener\">TESTE DA FELICIDADE<\/a><\/div>\n\n\n\n<div class=\"wp-block-button\"><a class=\"wp-block-button__link wp-element-button\" href=\"https:\/\/quitgamble.com\/register\/\">SOLICITE ACESSO<\/a><\/div>\n<\/div>\n<\/div>\n<\/div>\n<\/section>\n\n\n\n<section class=\"wp-block-group is-layout-flow wp-block-group-is-layout-flow\">\n<h2 class=\"wp-block-heading\">O Que Voc\u00ea Pode Esperar&#8230;<\/h2>\n\n\n\n<p class=\"has-text-align-center wp-block-paragraph\"><strong>Desenvolvemos o QuitGamble.com para ajudar voc\u00ea a parar de jogar. Acesso 24\/7, no conforto da sua casa. Pegue o celular ou use o computador para entrar na comunidade on-line.<\/strong><\/p>\n\n\n\n<figure class=\"wp-block-image aligncenter size-large\"><img loading=\"lazy\" decoding=\"async\" width=\"1024\" height=\"549\" src=\"https:\/\/quitgamble.com\/br\/wp-content\/uploads\/sites\/13\/2022\/03\/what-can-you-expect-1024x549.png\" alt=\"\" class=\"wp-image-69167\" srcset=\"https:\/\/quitgamble.com\/br\/wp-content\/uploads\/sites\/13\/2022\/03\/what-can-you-expect-1024x549.png 1024w, https:\/\/quitgamble.com\/br\/wp-content\/uploads\/sites\/13\/2022\/03\/what-can-you-expect-300x161.png 300w, https:\/\/quitgamble.com\/br\/wp-content\/uploads\/sites\/13\/2022\/03\/what-can-you-expect-768x412.png 768w, https:\/\/quitgamble.com\/br\/wp-content\/uploads\/sites\/13\/2022\/03\/what-can-you-expect.png 1100w\" sizes=\"auto, (max-width: 1024px) 100vw, 1024px\" \/><\/figure>\n\n\n\n<div class=\"wp-block-columns columns__alternative is-layout-flex wp-block-columns-is-layout-flex\">\n<div class=\"wp-block-column is-layout-flow wp-block-column-is-layout-flow\">\n<p class=\"has-text-align-center wp-block-paragraph\">O QuitGamble.com \u00e9 uma alternativa \u00e0s sonolentas reuni\u00f5es de apoio ou consultas caras com psic\u00f3logos. Voc\u00ea pode ser completamente an\u00f4nimo(a) e n\u00e3o precisa admitir nenhum problema com jogos de azar.<\/p>\n\n\n\n<p class=\"is-style-swoosh wp-block-paragraph\"><strong><strong>Confira nossos recursos:<\/strong><\/strong><\/p>\n<\/div>\n\n\n\n<div class=\"wp-block-column is-layout-flow wp-block-column-is-layout-flow\">\n<ul class=\"wp-block-list\">\n<li>V\u00eddeos animados.<\/li>\n\n\n\n<li>Cursos em v\u00eddeo.<\/li>\n\n\n\n<li>Aplicativos m\u00f3veis.<\/li>\n\n\n\n<li>Comunidade social.<\/li>\n<\/ul>\n<\/div>\n\n\n\n<div class=\"wp-block-column is-layout-flow wp-block-column-is-layout-flow\">\n<ul class=\"wp-block-list\">\n<li>Grupos de apoio\/f\u00f3runs.<\/li>\n\n\n\n<li>O Teste da Felicidade.<\/li>\n\n\n\n<li>Guias.<\/li>\n\n\n\n<li>E-mails.<\/li>\n<\/ul>\n<\/div>\n<\/div>\n\n\n\n<div class=\"wp-block-buttons is-layout-flex wp-block-buttons-is-layout-flex\">\n<div class=\"wp-block-button aligncenter\"><a class=\"wp-block-button__link wp-element-button\" href=\"https:\/\/quitgamble.com\/register\/\">ASSINE HOJE<\/a><\/div>\n<\/div>\n<\/section>\n\n\n\n<section class=\"wp-block-group is-layout-flow wp-block-group-is-layout-flow\">\n<h2 class=\"wp-block-heading\">Vamos Come\u00e7ar!<\/h2>\n\n\n\n<figure class=\"wp-block-image aligncenter size-large\"><img loading=\"lazy\" decoding=\"async\" width=\"1024\" height=\"515\" src=\"https:\/\/quitgamble.com\/br\/wp-content\/uploads\/sites\/13\/2022\/03\/lets-get-started-1024x515.png\" alt=\"\" class=\"wp-image-69168\" srcset=\"https:\/\/quitgamble.com\/br\/wp-content\/uploads\/sites\/13\/2022\/03\/lets-get-started-1024x515.png 1024w, https:\/\/quitgamble.com\/br\/wp-content\/uploads\/sites\/13\/2022\/03\/lets-get-started-300x151.png 300w, https:\/\/quitgamble.com\/br\/wp-content\/uploads\/sites\/13\/2022\/03\/lets-get-started-768x386.png 768w, https:\/\/quitgamble.com\/br\/wp-content\/uploads\/sites\/13\/2022\/03\/lets-get-started.png 1100w\" sizes=\"auto, (max-width: 1024px) 100vw, 1024px\" \/><\/figure>\n\n\n\n<div class=\"wp-block-columns columns__alternative is-layout-flex wp-block-columns-is-layout-flex\">\n<div class=\"wp-block-column is-layout-flow wp-block-column-is-layout-flow\">\n<p class=\"wp-block-paragraph\">N\u00e3o \u00e9 f\u00e1cil parar de jogar. \u00c9 uma longa jornada, mas se voc\u00ea trabalhar em si mesmo(a), n\u00e3o s\u00f3 aumentar\u00e1 suas chances de parar de jogar, como tamb\u00e9m se tornar\u00e1 uma pessoa mais feliz.<\/p>\n\n\n\n<p class=\"wp-block-paragraph\"><em>&#8220;A defini\u00e7\u00e3o de insanidade \u00e9 fazer a mesma coisa repetidamente e esperar resultados diferentes.&#8221;<\/em> \/\/ Albert Einstein<\/p>\n\n\n\n<p class=\"wp-block-paragraph\">Vamos criar a mudan\u00e7a de que voc\u00ea precisa para parar de jogar. As ferramentas e o curso do QuitGamble.com v\u00e3o ajudar voc\u00ea nisso. <strong>Aqui est\u00e1 como voc\u00ea pode come\u00e7ar!<\/strong><\/p>\n\n\n\n<figure class=\"wp-block-image alignright size-full hide-mobile\"><img loading=\"lazy\" decoding=\"async\" width=\"263\" height=\"118\" src=\"https:\/\/quitgamble.com\/br\/wp-content\/uploads\/sites\/13\/2022\/03\/arrow-right-top.png\" alt=\"\" class=\"wp-image-69114\"\/><\/figure>\n<\/div>\n\n\n\n<div class=\"wp-block-column is-layout-flow wp-block-column-is-layout-flow\">\n<ol class=\"wp-block-list\">\n<li>Fa\u00e7a o Teste da Felicidade.<\/li>\n\n\n\n<li>Junte-se \u00e0 Comunidade.<\/li>\n\n\n\n<li>Pergunte a si mesmo(a): &#8220;O que o jogo est\u00e1 fazendo por voc\u00ea?&#8221;<\/li>\n\n\n\n<li>Leia hist\u00f3rias de outras pessoas e compartilhe a sua.<\/li>\n\n\n\n<li>Comece a trabalhar no seu Plano de Mudan\u00e7a.<\/li>\n<\/ol>\n<\/div>\n<\/div>\n\n\n\n<div class=\"wp-block-buttons is-layout-flex wp-block-buttons-is-layout-flex\">\n<div class=\"wp-block-button aligncenter\"><a class=\"wp-block-button__link wp-element-button\" href=\"https:\/\/quitgamble.com\/register\/\">TORNE-SE UM MEMBRO<\/a><\/div>\n<\/div>\n<\/section>\n\n\n\n<section class=\"wp-block-group is-layout-flow wp-block-group-is-layout-flow\">\n<h2 class=\"wp-block-heading\">Entre em Contato<\/h2>\n\n\n<\/section>\n\n\n","protected":false},"excerpt":{"rendered":"<p>Bem-vindo(a) \u00e0 comunidade do QuitGamble.com. Como membro, voc\u00ea tem acesso exclusivo a v\u00e1rias ferramentas poderosas que podem ajudar a parar de jogar. Se Voc\u00ea Acredita&#8230; N\u00f3s acreditamos que a dor [&hellip;]<\/p>\n","protected":false},"author":2,"featured_media":0,"parent":0,"menu_order":0,"comment_status":"closed","ping_status":"closed","template":"","meta":{"_acf_changed":false,"_crdt_document":"","inline_featured_image":false,"_themeisle_gutenberg_block_has_review":false,"footnotes":""},"coauthors":[100],"class_list":["post-68622","page","type-page","status-publish","hentry"],"acf":[],"_links":{"self":[{"href":"https:\/\/quitgamble.com\/br\/wp-json\/wp\/v2\/pages\/68622","targetHints":{"allow":["GET"]}}],"collection":[{"href":"https:\/\/quitgamble.com\/br\/wp-json\/wp\/v2\/pages"}],"about":[{"href":"https:\/\/quitgamble.com\/br\/wp-json\/wp\/v2\/types\/page"}],"author":[{"embeddable":true,"href":"https:\/\/quitgamble.com\/br\/wp-json\/wp\/v2\/users\/2"}],"replies":[{"embeddable":true,"href":"https:\/\/quitgamble.com\/br\/wp-json\/wp\/v2\/comments?post=68622"}],"version-history":[{"count":1,"href":"https:\/\/quitgamble.com\/br\/wp-json\/wp\/v2\/pages\/68622\/revisions"}],"predecessor-version":[{"id":76720,"href":"https:\/\/quitgamble.com\/br\/wp-json\/wp\/v2\/pages\/68622\/revisions\/76720"}],"wp:attachment":[{"href":"https:\/\/quitgamble.com\/br\/wp-json\/wp\/v2\/media?parent=68622"}],"wp:term":[{"taxonomy":"author","embeddable":true,"href":"https:\/\/quitgamble.com\/br\/wp-json\/wp\/v2\/coauthors?post=68622"}],"curies":[{"name":"wp","href":"https:\/\/api.w.org\/{rel}","templated":true}]}}